{"id":1215,"date":"2024-05-15T05:33:44","date_gmt":"2024-05-15T05:33:44","guid":{"rendered":"https:\/\/lfidelhi.org\/?page_id=1215"},"modified":"2024-07-02T06:47:07","modified_gmt":"2024-07-02T06:47:07","slug":"word-from-the-principal","status":"publish","type":"page","link":"https:\/\/lfidelhi.org\/fr\/word-from-the-principal\/","title":{"rendered":"Mot du Proviseur"},"content":{"rendered":"<div data-elementor-type=\"wp-page\" data-elementor-id=\"1215\" class=\"elementor elementor-1215\" data-elementor-post-type=\"page\">\n\t\t\t\t<div class=\"elementor-element elementor-element-ee1bbf5 overflow-hidden e-flex e-con-boxed e-con e-parent\" data-id=\"ee1bbf5\" data-element_type=\"container\" data-e-type=\"container\" data-settings=\"{&quot;background_background&quot;:&quot;classic&quot;}\">\n\t\t\t\t\t<div class=\"e-con-inner\">\n\t\t\t\t\t<\/div>\n\t\t\t\t<\/div>\n\t\t<div class=\"elementor-element elementor-element-cc1743c e-flex e-con-boxed e-con e-parent\" data-id=\"cc1743c\" data-element_type=\"container\" data-e-type=\"container\">\n\t\t\t\t\t<div class=\"e-con-inner\">\n\t\t\t\t<div class=\"elementor-element elementor-element-926e1a7 elementor-widget elementor-widget-button\" data-id=\"926e1a7\" data-element_type=\"widget\" data-e-type=\"widget\" data-widget_type=\"button.default\">\n\t\t\t\t\t\t\t\t\t\t<a class=\"elementor-button elementor-button-link elementor-size-sm\" href=\"https:\/\/lfidelhi.org\/fr\">\n\t\t\t\t\t\t<span class=\"elementor-button-content-wrapper\">\n\t\t\t\t\t\t\t\t\t<span class=\"elementor-button-text\">Accueil<\/span>\n\t\t\t\t\t<\/span>\n\t\t\t\t\t<\/a>\n\t\t\t\t\t\t\t\t<\/div>\n\t\t\t\t<div class=\"elementor-element elementor-element-2b3caee elementor-widget__width-auto elementor-view-default elementor-widget elementor-widget-icon\" data-id=\"2b3caee\" data-element_type=\"widget\" data-e-type=\"widget\" data-widget_type=\"icon.default\">\n\t\t\t\t\t\t\t<div class=\"elementor-icon-wrapper\">\n\t\t\t<div class=\"elementor-icon\">\n\t\t\t<svg xmlns=\"http:\/\/www.w3.org\/2000\/svg\" width=\"6\" height=\"14\" viewbox=\"0 0 6 14\" fill=\"none\"><path d=\"M5.72337 7.00008L2.1626 0.27417L0.836914 0.976005L4.02612 7.00008L0.836914 13.0242L2.1626 13.726L5.72337 7.00008Z\" fill=\"#383838\"><\/path><\/svg>\t\t\t<\/div>\n\t\t<\/div>\n\t\t\t\t\t\t<\/div>\n\t\t\t\t<div class=\"elementor-element elementor-element-4d676fe elementor-widget elementor-widget-button\" data-id=\"4d676fe\" data-element_type=\"widget\" data-e-type=\"widget\" data-widget_type=\"button.default\">\n\t\t\t\t\t\t\t\t\t\t<a class=\"elementor-button elementor-button-link elementor-size-sm\" href=\"#\">\n\t\t\t\t\t\t<span class=\"elementor-button-content-wrapper\">\n\t\t\t\t\t\t\t\t\t<span class=\"elementor-button-text\">\u00c0 propos<\/span>\n\t\t\t\t\t<\/span>\n\t\t\t\t\t<\/a>\n\t\t\t\t\t\t\t\t<\/div>\n\t\t\t\t<div class=\"elementor-element elementor-element-1fb04ee elementor-widget__width-auto elementor-view-default elementor-widget elementor-widget-icon\" data-id=\"1fb04ee\" data-element_type=\"widget\" data-e-type=\"widget\" data-widget_type=\"icon.default\">\n\t\t\t\t\t\t\t<div class=\"elementor-icon-wrapper\">\n\t\t\t<div class=\"elementor-icon\">\n\t\t\t<svg xmlns=\"http:\/\/www.w3.org\/2000\/svg\" width=\"6\" height=\"14\" viewbox=\"0 0 6 14\" fill=\"none\"><path d=\"M5.72337 7.00008L2.1626 0.27417L0.836914 0.976005L4.02612 7.00008L0.836914 13.0242L2.1626 13.726L5.72337 7.00008Z\" fill=\"#383838\"><\/path><\/svg>\t\t\t<\/div>\n\t\t<\/div>\n\t\t\t\t\t\t<\/div>\n\t\t\t\t<div class=\"elementor-element elementor-element-54b535c elementor-widget elementor-widget-button\" data-id=\"54b535c\" data-element_type=\"widget\" data-e-type=\"widget\" data-widget_type=\"button.default\">\n\t\t\t\t\t\t\t\t\t\t<a class=\"elementor-button elementor-button-link elementor-size-sm\" href=\"#\">\n\t\t\t\t\t\t<span class=\"elementor-button-content-wrapper\">\n\t\t\t\t\t\t\t\t\t<span class=\"elementor-button-text\">Bienvenue de la direction<\/span>\n\t\t\t\t\t<\/span>\n\t\t\t\t\t<\/a>\n\t\t\t\t\t\t\t\t<\/div>\n\t\t\t\t<div class=\"elementor-element elementor-element-c1bacf4 elementor-widget__width-auto elementor-view-default elementor-widget elementor-widget-icon\" data-id=\"c1bacf4\" data-element_type=\"widget\" data-e-type=\"widget\" data-widget_type=\"icon.default\">\n\t\t\t\t\t\t\t<div class=\"elementor-icon-wrapper\">\n\t\t\t<div class=\"elementor-icon\">\n\t\t\t<svg xmlns=\"http:\/\/www.w3.org\/2000\/svg\" width=\"6\" height=\"14\" viewbox=\"0 0 6 14\" fill=\"none\"><path d=\"M5.72337 7.00008L2.1626 0.27417L0.836914 0.976005L4.02612 7.00008L0.836914 13.0242L2.1626 13.726L5.72337 7.00008Z\" fill=\"#383838\"><\/path><\/svg>\t\t\t<\/div>\n\t\t<\/div>\n\t\t\t\t\t\t<\/div>\n\t\t\t\t<div class=\"elementor-element elementor-element-72113bf elementor-widget elementor-widget-button\" data-id=\"72113bf\" data-element_type=\"widget\" data-e-type=\"widget\" data-widget_type=\"button.default\">\n\t\t\t\t\t\t\t\t\t\t<a class=\"elementor-button elementor-button-link elementor-size-sm\" href=\"#\">\n\t\t\t\t\t\t<span class=\"elementor-button-content-wrapper\">\n\t\t\t\t\t\t\t\t\t<span class=\"elementor-button-text\">Mot du Proviseur<\/span>\n\t\t\t\t\t<\/span>\n\t\t\t\t\t<\/a>\n\t\t\t\t\t\t\t\t<\/div>\n\t\t\t\t\t<\/div>\n\t\t\t\t<\/div>\n\t\t<div class=\"elementor-element elementor-element-6207e34 e-flex e-con-boxed e-con e-parent\" data-id=\"6207e34\" data-element_type=\"container\" data-e-type=\"container\">\n\t\t\t\t\t<div class=\"e-con-inner\">\n\t\t\t\t<div class=\"elementor-element elementor-element-61c1c05 elementor-widget elementor-widget-heading\" data-id=\"61c1c05\" data-element_type=\"widget\" data-e-type=\"widget\" data-widget_type=\"heading.default\">\n\t\t\t\t\t<h1 class=\"elementor-heading-title elementor-size-default\">Mot du Proviseur<\/h1>\t\t\t\t<\/div>\n\t\t\t\t\t<\/div>\n\t\t\t\t<\/div>\n\t\t<div class=\"elementor-element elementor-element-160cb37 e-flex e-con-boxed e-con e-parent\" data-id=\"160cb37\" data-element_type=\"container\" data-e-type=\"container\">\n\t\t\t\t\t<div class=\"e-con-inner\">\n\t\t\t\t<div class=\"elementor-element elementor-element-d5894ba floatimg elementor-widget elementor-widget-text-editor\" data-id=\"d5894ba\" data-element_type=\"widget\" data-e-type=\"widget\" data-widget_type=\"text-editor.default\">\n\t\t\t\t\t\t\t\t\t<p><img decoding=\"async\" style=\"float: right;\" src=\"\/wp-content\/uploads\/2024\/06\/DSC4266-1-1_result.webp\" alt=\"\" \/>Madame, Monsieur, chers parents d\u2019\u00e9l\u00e8ves,<\/p><p>En inscrivant votre enfant au Lyc\u00e9e Fran\u00e7ais International de Delhi (LFID), vous le faites entrer dans le r\u00e9seau de l\u2019Agence pour l\u2019Enseignement Fran\u00e7ais \u00e0 l\u2019Etranger (AEFE). Ce r\u00e9seau, qui regroupe, presque 600 \u00e9tablissements scolaires dans plus de 130 pays, propose un enseignement homologu\u00e9 par le Minist\u00e8re de l\u2019Education Nationale fran\u00e7ais. L\u2019homologation certifie la conformit\u00e9 de l\u2019enseignement aux exigences, programmes, objectifs p\u00e9dagogiques et r\u00e8gles d\u2019organisation du syst\u00e8me \u00e9ducatif fran\u00e7ais.<\/p><p>L\u2019enseignement au LFID est dispens\u00e9 par des enseignants bienveillants, \u00e0 la formation professionnelle solide. Exigeant, cet enseignement a pour objectif le d\u00e9veloppement de l\u2019esprit critique et la promotion des valeurs d\u2019\u00e9galit\u00e9, de libert\u00e9 et de fraternit\u00e9 qui se d\u00e9clinent sous diff\u00e9rentes formes dans la vie de l\u2019\u00e9tablissement.<\/p><p>Le Lyc\u00e9e Fran\u00e7ais International de Delhi est un \u00e9tablissement la\u00efque : les \u00e9l\u00e8ves de toute confession ou sans religion y sont trait\u00e9s avec la m\u00eame consid\u00e9ration et le m\u00eame respect. Le pros\u00e9lytisme religieux n'y est pas autoris\u00e9.<\/p><p>Ce dernier est aussi tourn\u00e9 vers son pays d\u2019accueil : l\u2019Inde. En faire d\u00e9couvrir la culture, la grandeur et les richesses rel\u00e8ve de nos missions, aussi bien dans le cadre des enseignements que dans celui des activit\u00e9s p\u00e9ri-\u00e9ducatives qui seront \u00e0 nouveau propos\u00e9es cette ann\u00e9e aux \u00e9l\u00e8ves.<\/p><p>Le LFID offre aussi des parcours linguistiques riches et vari\u00e9s, v\u00e9ritables garanties de l\u2019ouverture au monde de votre enfant. Si le fran\u00e7ais demeure la principale langue d\u2019enseignement au LFID, des parcours renforc\u00e9s en anglais sont propos\u00e9s aux \u00e9l\u00e8ves du CP \u00e0 la terminale. S\u2019y ajoute l\u2019enseignement de l\u2019hindi en \u00e9l\u00e9mentaire et au coll\u00e8ge, de l\u2019espagnol et de l\u2019allemand au secondaire, sans oublier le latin.<\/p><p>A la fin du parcours scolaire fran\u00e7ais, l\u2019obtention du baccalaur\u00e9at permet d\u2019int\u00e9grer les plus prestigieuses universit\u00e9s, aussi bien en France que dans le reste du monde. Les \u00e9quipes du LFID travailleront cette ann\u00e9e encore, de fa\u00e7on individualis\u00e9e, \u00e0 l\u2019accompagnement des \u00e9l\u00e8ves dans leur parcours d\u2019admission post-bac.<\/p><p>Toutes les \u00e9quipes du LFID sont totalement mobilis\u00e9es pour travailler \u00e0 l\u2019\u00e9panouissement et \u00e0 la r\u00e9ussite de chacun de nos \u00e9l\u00e8ves et de chacun de nos personnels.<\/p><p>Tr\u00e8s respectueusement,<br \/>Fran\u00e7ois PAV\u00c9<br \/>Proviseur du LFID<\/p>\t\t\t\t\t\t\t\t<\/div>\n\t\t\t\t\t<\/div>\n\t\t\t\t<\/div>\n\t\t\t\t<\/div>","protected":false},"excerpt":{"rendered":"<p>Home About Us Welcome from the leadership Word from the Principal Word from the Principal Dear Parents, By enrolling your child at the Lyc\u00e9e Fran\u00e7ais International de Delhi (LFID), you are becoming a part of the network of the Agency for French Education Abroad (AEFE). This network comprises nearly 600 educational institutions in over 130 [&hellip;]<\/p>\n","protected":false},"author":2,"featured_media":0,"parent":0,"menu_order":0,"comment_status":"closed","ping_status":"closed","template":"elementor_header_footer","meta":{"_seopress_robots_primary_cat":"","_seopress_titles_title":"","_seopress_titles_desc":"","_seopress_robots_index":"","footnotes":""},"class_list":["post-1215","page","type-page","status-publish","hentry"],"_links":{"self":[{"href":"https:\/\/lfidelhi.org\/fr\/wp-json\/wp\/v2\/pages\/1215","targetHints":{"allow":["GET"]}}],"collection":[{"href":"https:\/\/lfidelhi.org\/fr\/wp-json\/wp\/v2\/pages"}],"about":[{"href":"https:\/\/lfidelhi.org\/fr\/wp-json\/wp\/v2\/types\/page"}],"author":[{"embeddable":true,"href":"https:\/\/lfidelhi.org\/fr\/wp-json\/wp\/v2\/users\/2"}],"replies":[{"embeddable":true,"href":"https:\/\/lfidelhi.org\/fr\/wp-json\/wp\/v2\/comments?post=1215"}],"version-history":[{"count":62,"href":"https:\/\/lfidelhi.org\/fr\/wp-json\/wp\/v2\/pages\/1215\/revisions"}],"predecessor-version":[{"id":6177,"href":"https:\/\/lfidelhi.org\/fr\/wp-json\/wp\/v2\/pages\/1215\/revisions\/6177"}],"wp:attachment":[{"href":"https:\/\/lfidelhi.org\/fr\/wp-json\/wp\/v2\/media?parent=1215"}],"curies":[{"name":"wp","href":"https:\/\/api.w.org\/{rel}","templated":true}]}}