{"id":1225,"date":"2024-05-15T07:15:12","date_gmt":"2024-05-15T07:15:12","guid":{"rendered":"https:\/\/lfidelhi.org\/?page_id=1225"},"modified":"2025-05-16T12:39:56","modified_gmt":"2025-05-16T07:09:56","slug":"welcome-from-the-leadership","status":"publish","type":"page","link":"https:\/\/lfidelhi.org\/fr\/welcome-from-the-leadership\/","title":{"rendered":"Mot de la Directrice"},"content":{"rendered":"<div data-elementor-type=\"wp-page\" data-elementor-id=\"1225\" class=\"elementor elementor-1225\" data-elementor-post-type=\"page\">\n\t\t\t\t<div class=\"elementor-element elementor-element-d4268ba overflow-hidden e-flex e-con-boxed e-con e-parent\" data-id=\"d4268ba\" data-element_type=\"container\" data-e-type=\"container\" data-settings=\"{&quot;background_background&quot;:&quot;classic&quot;}\">\n\t\t\t\t\t<div class=\"e-con-inner\">\n\t\t\t\t\t<\/div>\n\t\t\t\t<\/div>\n\t\t<div class=\"elementor-element elementor-element-3ce093e e-flex e-con-boxed e-con e-parent\" data-id=\"3ce093e\" data-element_type=\"container\" data-e-type=\"container\">\n\t\t\t\t\t<div class=\"e-con-inner\">\n\t\t\t\t<div class=\"elementor-element elementor-element-f4a940e elementor-widget elementor-widget-button\" data-id=\"f4a940e\" data-element_type=\"widget\" data-e-type=\"widget\" data-widget_type=\"button.default\">\n\t\t\t\t\t\t\t\t\t\t<a class=\"elementor-button elementor-button-link elementor-size-sm\" href=\"https:\/\/lfidelhi.org\/fr\">\n\t\t\t\t\t\t<span class=\"elementor-button-content-wrapper\">\n\t\t\t\t\t\t\t\t\t<span class=\"elementor-button-text\">Accueil<\/span>\n\t\t\t\t\t<\/span>\n\t\t\t\t\t<\/a>\n\t\t\t\t\t\t\t\t<\/div>\n\t\t\t\t<div class=\"elementor-element elementor-element-3ad82fe elementor-widget__width-auto elementor-view-default elementor-widget elementor-widget-icon\" data-id=\"3ad82fe\" data-element_type=\"widget\" data-e-type=\"widget\" data-widget_type=\"icon.default\">\n\t\t\t\t\t\t\t<div class=\"elementor-icon-wrapper\">\n\t\t\t<div class=\"elementor-icon\">\n\t\t\t<svg xmlns=\"http:\/\/www.w3.org\/2000\/svg\" width=\"6\" height=\"14\" viewbox=\"0 0 6 14\" fill=\"none\"><path d=\"M5.72337 7.00008L2.1626 0.27417L0.836914 0.976005L4.02612 7.00008L0.836914 13.0242L2.1626 13.726L5.72337 7.00008Z\" fill=\"#383838\"><\/path><\/svg>\t\t\t<\/div>\n\t\t<\/div>\n\t\t\t\t\t\t<\/div>\n\t\t\t\t<div class=\"elementor-element elementor-element-5bd56d2 elementor-widget elementor-widget-button\" data-id=\"5bd56d2\" data-element_type=\"widget\" data-e-type=\"widget\" data-widget_type=\"button.default\">\n\t\t\t\t\t\t\t\t\t\t<a class=\"elementor-button elementor-button-link elementor-size-sm\" href=\"#\">\n\t\t\t\t\t\t<span class=\"elementor-button-content-wrapper\">\n\t\t\t\t\t\t\t\t\t<span class=\"elementor-button-text\">\u00c0 propos<\/span>\n\t\t\t\t\t<\/span>\n\t\t\t\t\t<\/a>\n\t\t\t\t\t\t\t\t<\/div>\n\t\t\t\t<div class=\"elementor-element elementor-element-ac87359 elementor-widget__width-auto elementor-view-default elementor-widget elementor-widget-icon\" data-id=\"ac87359\" data-element_type=\"widget\" data-e-type=\"widget\" data-widget_type=\"icon.default\">\n\t\t\t\t\t\t\t<div class=\"elementor-icon-wrapper\">\n\t\t\t<div class=\"elementor-icon\">\n\t\t\t<svg xmlns=\"http:\/\/www.w3.org\/2000\/svg\" width=\"6\" height=\"14\" viewbox=\"0 0 6 14\" fill=\"none\"><path d=\"M5.72337 7.00008L2.1626 0.27417L0.836914 0.976005L4.02612 7.00008L0.836914 13.0242L2.1626 13.726L5.72337 7.00008Z\" fill=\"#383838\"><\/path><\/svg>\t\t\t<\/div>\n\t\t<\/div>\n\t\t\t\t\t\t<\/div>\n\t\t\t\t<div class=\"elementor-element elementor-element-12b8ebc elementor-widget elementor-widget-button\" data-id=\"12b8ebc\" data-element_type=\"widget\" data-e-type=\"widget\" data-widget_type=\"button.default\">\n\t\t\t\t\t\t\t\t\t\t<a class=\"elementor-button elementor-button-link elementor-size-sm\" href=\"#\">\n\t\t\t\t\t\t<span class=\"elementor-button-content-wrapper\">\n\t\t\t\t\t\t\t\t\t<span class=\"elementor-button-text\">Bienvenue de la direction<\/span>\n\t\t\t\t\t<\/span>\n\t\t\t\t\t<\/a>\n\t\t\t\t\t\t\t\t<\/div>\n\t\t\t\t\t<\/div>\n\t\t\t\t<\/div>\n\t\t<div class=\"elementor-element elementor-element-f0d9de0 e-flex e-con-boxed e-con e-parent\" data-id=\"f0d9de0\" data-element_type=\"container\" data-e-type=\"container\">\n\t\t\t\t\t<div class=\"e-con-inner\">\n\t\t\t\t<div class=\"elementor-element elementor-element-fe96bfb elementor-widget elementor-widget-heading\" data-id=\"fe96bfb\" data-element_type=\"widget\" data-e-type=\"widget\" data-widget_type=\"heading.default\">\n\t\t\t\t\t<h2 class=\"elementor-heading-title elementor-size-default\">Mot du Proviseur<\/h2>\t\t\t\t<\/div>\n\t\t\t\t<div class=\"elementor-element elementor-element-23d2cb1 floatimg elementor-widget__width-initial elementor-hidden-mobile elementor-widget elementor-widget-text-editor\" data-id=\"23d2cb1\" data-element_type=\"widget\" data-e-type=\"widget\" data-widget_type=\"text-editor.default\">\n\t\t\t\t\t\t\t\t\t<p><img fetchpriority=\"high\" decoding=\"async\" class=\"size-medium wp-image-5654 alignright\" src=\"https:\/\/lfidelhi.org\/wp-content\/uploads\/2024\/10\/IMG_9189-1-3-scaled.jpg\" alt=\"\" width=\"263\" height=\"300\" \/>Madame, Monsieur, chers parents d\u2019\u00e9l\u00e8ves,<\/p><p>En inscrivant votre enfant au Lyc\u00e9e Fran\u00e7ais International de Delhi (LFID), vous le faites entrer dans le r\u00e9seau de l\u2019Agence pour l\u2019Enseignement Fran\u00e7ais \u00e0 l\u2019Etranger (AEFE). Ce r\u00e9seau, qui regroupe, presque 600 \u00e9tablissements scolaires dans plus de 130 pays, propose un enseignement homologu\u00e9 par le Minist\u00e8re de l\u2019Education Nationale fran\u00e7ais. L\u2019homologation certifie la conformit\u00e9 de l\u2019enseignement aux exigences, programmes, objectifs p\u00e9dagogiques et r\u00e8gles d\u2019organisation du syst\u00e8me \u00e9ducatif fran\u00e7ais.<\/p><p>L\u2019enseignement au LFID est dispens\u00e9 par des enseignants bienveillants, \u00e0 la formation professionnelle solide. Exigeant, cet enseignement a pour objectif le d\u00e9veloppement de l\u2019esprit critique et la promotion des valeurs d\u2019\u00e9galit\u00e9, de libert\u00e9 et de fraternit\u00e9 qui se d\u00e9clinent sous diff\u00e9rentes formes dans la vie de l\u2019\u00e9tablissement.<\/p><p>Le Lyc\u00e9e Fran\u00e7ais International de Delhi est un \u00e9tablissement la\u00efque : les \u00e9l\u00e8ves de toute confession ou sans religion y sont trait\u00e9s avec la m\u00eame consid\u00e9ration et le m\u00eame respect. Le pros\u00e9lytisme religieux n'y est pas autoris\u00e9.<\/p><p>Ce dernier est aussi tourn\u00e9 vers son pays d\u2019accueil : l\u2019Inde. En faire d\u00e9couvrir la culture, la grandeur et les richesses rel\u00e8ve de nos missions, aussi bien dans le cadre des enseignements que dans celui des activit\u00e9s p\u00e9ri-\u00e9ducatives qui seront \u00e0 nouveau propos\u00e9es cette ann\u00e9e aux \u00e9l\u00e8ves.<\/p><p>Le LFID offre aussi des parcours linguistiques riches et vari\u00e9s, v\u00e9ritables garanties de l\u2019ouverture au monde de votre enfant. Si le fran\u00e7ais demeure la principale langue d\u2019enseignement au LFID, des parcours renforc\u00e9s en anglais sont propos\u00e9s aux \u00e9l\u00e8ves du CP \u00e0 la terminale. S\u2019y ajoute l\u2019enseignement de l\u2019hindi en \u00e9l\u00e9mentaire et au coll\u00e8ge, de l\u2019espagnol et de l\u2019allemand au secondaire, sans oublier le latin.<\/p><p>A la fin du parcours scolaire fran\u00e7ais, l\u2019obtention du baccalaur\u00e9at permet d\u2019int\u00e9grer les plus prestigieuses universit\u00e9s, aussi bien en France que dans le reste du monde. Les \u00e9quipes du LFID travailleront cette ann\u00e9e encore, de fa\u00e7on individualis\u00e9e, \u00e0 l\u2019accompagnement des \u00e9l\u00e8ves dans leur parcours d\u2019admission post-bac.<\/p><p><span style=\"color: var( --e-global-color-text ); font-size: 1.125rem;\">Toutes les \u00e9quipes du LFID sont totalement mobilis\u00e9es pour travailler \u00e0 l\u2019\u00e9panouissement et \u00e0 la r\u00e9ussite de chacun de nos \u00e9l\u00e8ves et de chacun de nos personnels.<\/span><\/p><p>Tr\u00e8s respectueusement,<br \/>Fran\u00e7ois PAV\u00c9<br \/>Proviseur du LFID<\/p>\t\t\t\t\t\t\t\t<\/div>\n\t\t\t\t<div class=\"elementor-element elementor-element-c30a446 elementor-hidden-desktop elementor-hidden-tablet elementor-widget elementor-widget-image\" data-id=\"c30a446\" data-element_type=\"widget\" data-e-type=\"widget\" data-widget_type=\"image.default\">\n\t\t\t\t\t\t\t\t\t\t\t\t\t\t\t<img decoding=\"async\" width=\"699\" height=\"1024\" src=\"https:\/\/lfidelhi.org\/wp-content\/uploads\/2024\/10\/IMG_9189-1-3-699x1024.jpg\" class=\"attachment-large size-large wp-image-7026\" alt=\"\" srcset=\"https:\/\/lfidelhi.org\/wp-content\/uploads\/2024\/10\/IMG_9189-1-3-699x1024.jpg 699w, https:\/\/lfidelhi.org\/wp-content\/uploads\/2024\/10\/IMG_9189-1-3-205x300.jpg 205w, https:\/\/lfidelhi.org\/wp-content\/uploads\/2024\/10\/IMG_9189-1-3-768x1125.jpg 768w, https:\/\/lfidelhi.org\/wp-content\/uploads\/2024\/10\/IMG_9189-1-3-1049x1536.jpg 1049w, https:\/\/lfidelhi.org\/wp-content\/uploads\/2024\/10\/IMG_9189-1-3-1398x2048.jpg 1398w, https:\/\/lfidelhi.org\/wp-content\/uploads\/2024\/10\/IMG_9189-1-3-8x12.jpg 8w, https:\/\/lfidelhi.org\/wp-content\/uploads\/2024\/10\/IMG_9189-1-3-scaled.jpg 1748w\" sizes=\"(max-width: 699px) 100vw, 699px\" \/>\t\t\t\t\t\t\t\t\t\t\t\t\t\t\t<\/div>\n\t\t\t\t<div class=\"elementor-element elementor-element-314875d floatimg elementor-widget__width-initial elementor-hidden-desktop elementor-hidden-tablet elementor-widget elementor-widget-text-editor\" data-id=\"314875d\" data-element_type=\"widget\" data-e-type=\"widget\" data-widget_type=\"text-editor.default\">\n\t\t\t\t\t\t\t\t\t<p>Madame, Monsieur, chers parents d\u2019\u00e9l\u00e8ves,<\/p><p>En inscrivant votre enfant au Lyc\u00e9e Fran\u00e7ais International de Delhi (LFID), vous le faites entrer dans le r\u00e9seau de l\u2019Agence pour l\u2019Enseignement Fran\u00e7ais \u00e0 l\u2019Etranger (AEFE). Ce r\u00e9seau, qui regroupe, presque 600 \u00e9tablissements scolaires dans plus de 130 pays, propose un enseignement homologu\u00e9 par le Minist\u00e8re de l\u2019Education Nationale fran\u00e7ais. L\u2019homologation certifie la conformit\u00e9 de l\u2019enseignement aux exigences, programmes, objectifs p\u00e9dagogiques et r\u00e8gles d\u2019organisation du syst\u00e8me \u00e9ducatif fran\u00e7ais.<\/p><p>L\u2019enseignement au LFID est dispens\u00e9 par des enseignants bienveillants, \u00e0 la formation professionnelle solide. Exigeant, cet enseignement a pour objectif le d\u00e9veloppement de l\u2019esprit critique et la promotion des valeurs d\u2019\u00e9galit\u00e9, de libert\u00e9 et de fraternit\u00e9 qui se d\u00e9clinent sous diff\u00e9rentes formes dans la vie de l\u2019\u00e9tablissement.<\/p><p>Le Lyc\u00e9e Fran\u00e7ais International de Delhi est un \u00e9tablissement la\u00efque : les \u00e9l\u00e8ves de toute confession ou sans religion y sont trait\u00e9s avec la m\u00eame consid\u00e9ration et le m\u00eame respect. Le pros\u00e9lytisme religieux n'y est pas autoris\u00e9.<\/p><p>Ce dernier est aussi tourn\u00e9 vers son pays d\u2019accueil : l\u2019Inde. En faire d\u00e9couvrir la culture, la grandeur et les richesses rel\u00e8ve de nos missions, aussi bien dans le cadre des enseignements que dans celui des activit\u00e9s p\u00e9ri-\u00e9ducatives qui seront \u00e0 nouveau propos\u00e9es cette ann\u00e9e aux \u00e9l\u00e8ves.<\/p><p>Le LFID offre aussi des parcours linguistiques riches et vari\u00e9s, v\u00e9ritables garanties de l\u2019ouverture au monde de votre enfant. Si le fran\u00e7ais demeure la principale langue d\u2019enseignement au LFID, des parcours renforc\u00e9s en anglais sont propos\u00e9s aux \u00e9l\u00e8ves du CP \u00e0 la terminale. S\u2019y ajoute l\u2019enseignement de l\u2019hindi en \u00e9l\u00e9mentaire et au coll\u00e8ge, de l\u2019espagnol et de l\u2019allemand au secondaire, sans oublier le latin.<\/p><p>A la fin du parcours scolaire fran\u00e7ais, l\u2019obtention du baccalaur\u00e9at permet d\u2019int\u00e9grer les plus prestigieuses universit\u00e9s, aussi bien en France que dans le reste du monde. Les \u00e9quipes du LFID travailleront cette ann\u00e9e encore, de fa\u00e7on individualis\u00e9e, \u00e0 l\u2019accompagnement des \u00e9l\u00e8ves dans leur parcours d\u2019admission post-bac.<\/p><p><span style=\"color: var( --e-global-color-text ); font-size: 1.125rem;\">Toutes les \u00e9quipes du LFID sont totalement mobilis\u00e9es pour travailler \u00e0 l\u2019\u00e9panouissement et \u00e0 la r\u00e9ussite de chacun de nos \u00e9l\u00e8ves et de chacun de nos personnels.<\/span><\/p><p>Tr\u00e8s respectueusement,<br \/>Fran\u00e7ois PAV\u00c9<br \/>Proviseur du LFID<\/p>\t\t\t\t\t\t\t\t<\/div>\n\t\t\t\t\t<\/div>\n\t\t\t\t<\/div>\n\t\t<div class=\"elementor-element elementor-element-b1587ef e-flex e-con-boxed e-con e-parent\" data-id=\"b1587ef\" data-element_type=\"container\" data-e-type=\"container\">\n\t\t\t\t\t<div class=\"e-con-inner\">\n\t\t\t\t<div class=\"elementor-element elementor-element-8e5b7dd elementor-widget elementor-widget-heading\" data-id=\"8e5b7dd\" data-element_type=\"widget\" data-e-type=\"widget\" data-widget_type=\"heading.default\">\n\t\t\t\t\t<h2 class=\"elementor-heading-title elementor-size-default\">Mot de la Directrice<\/h2>\t\t\t\t<\/div>\n\t\t\t\t\t<\/div>\n\t\t\t\t<\/div>\n\t\t<div class=\"elementor-element elementor-element-e3a4140 e-flex e-con-boxed e-con e-parent\" data-id=\"e3a4140\" data-element_type=\"container\" data-e-type=\"container\">\n\t\t\t\t\t<div class=\"e-con-inner\">\n\t\t\t\t<div class=\"elementor-element elementor-element-c5edb0f floatimg elementor-widget elementor-widget-text-editor\" data-id=\"c5edb0f\" data-element_type=\"widget\" data-e-type=\"widget\" data-widget_type=\"text-editor.default\">\n\t\t\t\t\t\t\t\t\t<p><img decoding=\"async\" class=\"alignnone\" style=\"float: right;\" src=\"\/wp-content\/uploads\/2024\/05\/IMG_9227.jpg\" alt=\"\" width=\"900\" height=\"888\" \/><\/p><p>Nous sommes tr\u00e8s heureux d\u2019accueillir les \u00e9l\u00e8ves et leurs parents au sein de notre \u00e9tablissement. Nous avons en partage une d\u00e9marche r\u00e9solument humaniste qui promeut la diversit\u00e9 des cultures et les enrichissements mutuels.<\/p><p>D\u00e8s leur plus jeune \u00e2ge, les \u00e9l\u00e8ves \u00e9voluent dans un environnement international, qui vont leur permettre une ouverture vers le monde. La culture du bien-vivre ensemble et le respect d\u2019autrui sont des comp\u00e9tences fondamentales. Notre \u00e9cole les aidera aussi \u00e0 d\u00e9velopper des comp\u00e9tences qui leur seront indispensables tout au long de la vie pour devenir des citoyens \u00e9clair\u00e9s.<\/p><p>Enfin, la connaissance de la langue et de la culture fran\u00e7aises jouera un r\u00f4le d\u00e9terminant dans l\u2019avenir de nos \u00e9l\u00e8ves.<\/p><p>Andy SOUDIER<br \/>Directrice du primaire<\/p>\t\t\t\t\t\t\t\t<\/div>\n\t\t\t\t\t<\/div>\n\t\t\t\t<\/div>\n\t\t\t\t<\/div>","protected":false},"excerpt":{"rendered":"<p>Home About Us Welcome from the leadership Word from the Principal Dear Parents, By enrolling your child at the Lyc\u00e9e Fran\u00e7ais International de Delhi (LFID), you are becoming a part of the network of the Agency for French Education Abroad (AEFE). This network comprises nearly 600 educational institutions in over 130 countries, all offering education [&hellip;]<\/p>\n","protected":false},"author":2,"featured_media":0,"parent":0,"menu_order":0,"comment_status":"closed","ping_status":"closed","template":"elementor_header_footer","meta":{"_seopress_robots_primary_cat":"","_seopress_titles_title":"","_seopress_titles_desc":"","_seopress_robots_index":"","footnotes":""},"class_list":["post-1225","page","type-page","status-publish","hentry"],"_links":{"self":[{"href":"https:\/\/lfidelhi.org\/fr\/wp-json\/wp\/v2\/pages\/1225","targetHints":{"allow":["GET"]}}],"collection":[{"href":"https:\/\/lfidelhi.org\/fr\/wp-json\/wp\/v2\/pages"}],"about":[{"href":"https:\/\/lfidelhi.org\/fr\/wp-json\/wp\/v2\/types\/page"}],"author":[{"embeddable":true,"href":"https:\/\/lfidelhi.org\/fr\/wp-json\/wp\/v2\/users\/2"}],"replies":[{"embeddable":true,"href":"https:\/\/lfidelhi.org\/fr\/wp-json\/wp\/v2\/comments?post=1225"}],"version-history":[{"count":112,"href":"https:\/\/lfidelhi.org\/fr\/wp-json\/wp\/v2\/pages\/1225\/revisions"}],"predecessor-version":[{"id":8913,"href":"https:\/\/lfidelhi.org\/fr\/wp-json\/wp\/v2\/pages\/1225\/revisions\/8913"}],"wp:attachment":[{"href":"https:\/\/lfidelhi.org\/fr\/wp-json\/wp\/v2\/media?parent=1225"}],"curies":[{"name":"wp","href":"https:\/\/api.w.org\/{rel}","templated":true}]}}