{"id":1745,"date":"2024-05-29T11:13:51","date_gmt":"2024-05-29T11:13:51","guid":{"rendered":"https:\/\/lfidelhi.org\/?page_id=1745"},"modified":"2025-05-22T16:38:14","modified_gmt":"2025-05-22T11:08:14","slug":"aefe","status":"publish","type":"page","link":"https:\/\/lfidelhi.org\/fr\/aefe\/","title":{"rendered":"THE AEFE NETWORK"},"content":{"rendered":"<div data-elementor-type=\"wp-page\" data-elementor-id=\"1745\" class=\"elementor elementor-1745\" data-elementor-post-type=\"page\">\n\t\t\t\t<div class=\"elementor-element elementor-element-87b018f overflow-hidden e-flex e-con-boxed e-con e-parent\" data-id=\"87b018f\" data-element_type=\"container\" data-e-type=\"container\" id=\"aefebanner\" data-settings=\"{&quot;background_background&quot;:&quot;classic&quot;}\">\n\t\t\t\t\t<div class=\"e-con-inner\">\n\t\t\t\t\t<\/div>\n\t\t\t\t<\/div>\n\t\t<div class=\"elementor-element elementor-element-5eaf573 e-flex e-con-boxed e-con e-parent\" data-id=\"5eaf573\" data-element_type=\"container\" data-e-type=\"container\">\n\t\t\t\t\t<div class=\"e-con-inner\">\n\t\t\t\t<div class=\"elementor-element elementor-element-73341b4 elementor-widget elementor-widget-button\" data-id=\"73341b4\" data-element_type=\"widget\" data-e-type=\"widget\" data-widget_type=\"button.default\">\n\t\t\t\t\t\t\t\t\t\t<a class=\"elementor-button elementor-button-link elementor-size-sm\" href=\"https:\/\/lfidelhi.org\/fr\">\n\t\t\t\t\t\t<span class=\"elementor-button-content-wrapper\">\n\t\t\t\t\t\t\t\t\t<span class=\"elementor-button-text\">Accueil<\/span>\n\t\t\t\t\t<\/span>\n\t\t\t\t\t<\/a>\n\t\t\t\t\t\t\t\t<\/div>\n\t\t\t\t<div class=\"elementor-element elementor-element-bfff9d2 elementor-widget__width-auto elementor-view-default elementor-widget elementor-widget-icon\" data-id=\"bfff9d2\" data-element_type=\"widget\" data-e-type=\"widget\" data-widget_type=\"icon.default\">\n\t\t\t\t\t\t\t<div class=\"elementor-icon-wrapper\">\n\t\t\t<div class=\"elementor-icon\">\n\t\t\t<svg xmlns=\"http:\/\/www.w3.org\/2000\/svg\" width=\"6\" height=\"14\" viewbox=\"0 0 6 14\" fill=\"none\"><path d=\"M5.72337 7.00008L2.1626 0.27417L0.836914 0.976005L4.02612 7.00008L0.836914 13.0242L2.1626 13.726L5.72337 7.00008Z\" fill=\"#383838\"><\/path><\/svg>\t\t\t<\/div>\n\t\t<\/div>\n\t\t\t\t\t\t<\/div>\n\t\t\t\t<div class=\"elementor-element elementor-element-6789615 elementor-widget elementor-widget-button\" data-id=\"6789615\" data-element_type=\"widget\" data-e-type=\"widget\" data-widget_type=\"button.default\">\n\t\t\t\t\t\t\t\t\t\t<a class=\"elementor-button elementor-button-link elementor-size-sm\" href=\"#\">\n\t\t\t\t\t\t<span class=\"elementor-button-content-wrapper\">\n\t\t\t\t\t\t\t\t\t<span class=\"elementor-button-text\">\u00c0 propos<\/span>\n\t\t\t\t\t<\/span>\n\t\t\t\t\t<\/a>\n\t\t\t\t\t\t\t\t<\/div>\n\t\t\t\t<div class=\"elementor-element elementor-element-81a26eb elementor-widget__width-auto elementor-view-default elementor-widget elementor-widget-icon\" data-id=\"81a26eb\" data-element_type=\"widget\" data-e-type=\"widget\" data-widget_type=\"icon.default\">\n\t\t\t\t\t\t\t<div class=\"elementor-icon-wrapper\">\n\t\t\t<div class=\"elementor-icon\">\n\t\t\t<svg xmlns=\"http:\/\/www.w3.org\/2000\/svg\" width=\"6\" height=\"14\" viewbox=\"0 0 6 14\" fill=\"none\"><path d=\"M5.72337 7.00008L2.1626 0.27417L0.836914 0.976005L4.02612 7.00008L0.836914 13.0242L2.1626 13.726L5.72337 7.00008Z\" fill=\"#383838\"><\/path><\/svg>\t\t\t<\/div>\n\t\t<\/div>\n\t\t\t\t\t\t<\/div>\n\t\t\t\t<div class=\"elementor-element elementor-element-b61dfaa elementor-widget elementor-widget-button\" data-id=\"b61dfaa\" data-element_type=\"widget\" data-e-type=\"widget\" data-widget_type=\"button.default\">\n\t\t\t\t\t\t\t\t\t\t<a class=\"elementor-button elementor-button-link elementor-size-sm\" href=\"#\">\n\t\t\t\t\t\t<span class=\"elementor-button-content-wrapper\">\n\t\t\t\t\t\t\t\t\t<span class=\"elementor-button-text\">AEFE<\/span>\n\t\t\t\t\t<\/span>\n\t\t\t\t\t<\/a>\n\t\t\t\t\t\t\t\t<\/div>\n\t\t\t\t\t<\/div>\n\t\t\t\t<\/div>\n\t\t<div class=\"elementor-element elementor-element-a81ecc1 e-flex e-con-boxed e-con e-parent\" data-id=\"a81ecc1\" data-element_type=\"container\" data-e-type=\"container\">\n\t\t\t\t\t<div class=\"e-con-inner\">\n\t\t\t\t<div class=\"elementor-element elementor-element-24b38d3 elementor-widget elementor-widget-heading\" data-id=\"24b38d3\" data-element_type=\"widget\" data-e-type=\"widget\" data-widget_type=\"heading.default\">\n\t\t\t\t\t<h1 class=\"elementor-heading-title elementor-size-default\">AEFE<\/h1>\t\t\t\t<\/div>\n\t\t\t\t\t<\/div>\n\t\t\t\t<\/div>\n\t\t<div class=\"elementor-element elementor-element-f8f0087 e-flex e-con-boxed e-con e-parent\" data-id=\"f8f0087\" data-element_type=\"container\" data-e-type=\"container\">\n\t\t\t\t\t<div class=\"e-con-inner\">\n\t\t\t\t<div class=\"elementor-element elementor-element-9890630 elementor-widget__width-initial elementor-widget elementor-widget-heading\" data-id=\"9890630\" data-element_type=\"widget\" data-e-type=\"widget\" data-widget_type=\"heading.default\">\n\t\t\t\t\t<h4 class=\"elementor-heading-title elementor-size-default\">Un lyc\u00e9e int\u00e9gr\u00e9 dans le r\u00e9seau mondial de l\u2019Agence pour l\u2019Enseignement Fran\u00e7ais \u00e0 l\u2019\u00c9tranger (AEFE)<\/h4>\t\t\t\t<\/div>\n\t\t\t\t\t<\/div>\n\t\t\t\t<\/div>\n\t\t<div class=\"elementor-element elementor-element-978d969 e-flex e-con-boxed e-con e-parent\" data-id=\"978d969\" data-element_type=\"container\" data-e-type=\"container\">\n\t\t\t\t\t<div class=\"e-con-inner\">\n\t\t<div class=\"elementor-element elementor-element-0f899d0 e-con-full e-flex e-con e-child\" data-id=\"0f899d0\" data-element_type=\"container\" data-e-type=\"container\">\n\t\t\t\t<div class=\"elementor-element elementor-element-efac190 elementor-widget elementor-widget-text-editor\" data-id=\"efac190\" data-element_type=\"widget\" data-e-type=\"widget\" data-widget_type=\"text-editor.default\">\n\t\t\t\t\t\t\t\t\t<p>Le Lyc\u00e9e Fran\u00e7ais International de Delhi est g\u00e9r\u00e9 par une Association de Parents d\u2019El\u00e8ves (APE) qui a pass\u00e9 une convention avec l\u2019Agence pour l\u2019Enseignement Fran\u00e7ais \u00e0 l\u2019Etranger en 2002. L\u2019agence, qui op\u00e8re pour le compte du Minist\u00e8re des Affaires Etrang\u00e8res, confie une mission de service public au LFID, et, moyennant une participation, apporte son soutien par les actions suivantes :<\/p>\t\t\t\t\t\t\t\t<\/div>\n\t\t\t\t<div class=\"elementor-element elementor-element-58dbba0 elementor-icon-list--layout-traditional elementor-list-item-link-full_width elementor-widget elementor-widget-icon-list\" data-id=\"58dbba0\" data-element_type=\"widget\" data-e-type=\"widget\" data-widget_type=\"icon-list.default\">\n\t\t\t\t\t\t\t<ul class=\"elementor-icon-list-items\">\n\t\t\t\t\t\t\t<li class=\"elementor-icon-list-item\">\n\t\t\t\t\t\t\t\t\t\t\t<span class=\"elementor-icon-list-icon\">\n\t\t\t\t\t\t\t<svg xmlns=\"http:\/\/www.w3.org\/2000\/svg\" width=\"14\" height=\"16\" viewbox=\"0 0 14 16\" fill=\"none\"><path d=\"M13.6062 7.92031L0.441406 0.320312L3.24941 7.92031L0.441406 15.5203L13.6062 7.92031Z\" fill=\"#7B7575\"><\/path><\/svg>\t\t\t\t\t\t<\/span>\n\t\t\t\t\t\t\t\t\t\t<span class=\"elementor-icon-list-text\">Le recrutement et la mise \u00e0 disposition d\u2019un chef d\u2019\u00e9tablissement et d\u2019un directeur du primaire expatri\u00e9s<\/span>\n\t\t\t\t\t\t\t\t\t<\/li>\n\t\t\t\t\t\t\t\t<li class=\"elementor-icon-list-item\">\n\t\t\t\t\t\t\t\t\t\t\t<span class=\"elementor-icon-list-icon\">\n\t\t\t\t\t\t\t<svg xmlns=\"http:\/\/www.w3.org\/2000\/svg\" width=\"14\" height=\"16\" viewbox=\"0 0 14 16\" fill=\"none\"><path d=\"M13.6062 7.92031L0.441406 0.320312L3.24941 7.92031L0.441406 15.5203L13.6062 7.92031Z\" fill=\"#7B7575\"><\/path><\/svg>\t\t\t\t\t\t<\/span>\n\t\t\t\t\t\t\t\t\t\t<span class=\"elementor-icon-list-text\">Le recrutement et la mise \u00e0 disposition, contre participation, d\u2019enseignants d\u00e9tach\u00e9s au primaire et au secondaire<\/span>\n\t\t\t\t\t\t\t\t\t<\/li>\n\t\t\t\t\t\t\t\t<li class=\"elementor-icon-list-item\">\n\t\t\t\t\t\t\t\t\t\t\t<span class=\"elementor-icon-list-icon\">\n\t\t\t\t\t\t\t<svg xmlns=\"http:\/\/www.w3.org\/2000\/svg\" width=\"14\" height=\"16\" viewbox=\"0 0 14 16\" fill=\"none\"><path d=\"M13.6062 7.92031L0.441406 0.320312L3.24941 7.92031L0.441406 15.5203L13.6062 7.92031Z\" fill=\"#7B7575\"><\/path><\/svg>\t\t\t\t\t\t<\/span>\n\t\t\t\t\t\t\t\t\t\t<span class=\"elementor-icon-list-text\">Un accompagnement p\u00e9dagogique sous la forme de visites de l\u2019Inspecteur de l\u2019Education Nationale implant\u00e9 dans la zone et d\u2019enseignants conseillers p\u00e9dagogiques<\/span>\n\t\t\t\t\t\t\t\t\t<\/li>\n\t\t\t\t\t\t\t\t<li class=\"elementor-icon-list-item\">\n\t\t\t\t\t\t\t\t\t\t\t<span class=\"elementor-icon-list-icon\">\n\t\t\t\t\t\t\t<svg xmlns=\"http:\/\/www.w3.org\/2000\/svg\" width=\"14\" height=\"16\" viewbox=\"0 0 14 16\" fill=\"none\"><path d=\"M13.6062 7.92031L0.441406 0.320312L3.24941 7.92031L0.441406 15.5203L13.6062 7.92031Z\" fill=\"#7B7575\"><\/path><\/svg>\t\t\t\t\t\t<\/span>\n\t\t\t\t\t\t\t\t\t\t<span class=\"elementor-icon-list-text\">L\u2019acc\u00e8s aux personnels du LFID, d\u00e9tach\u00e9s ou recrut\u00e9s locaux, au plan de formation continue de la zone<\/span>\n\t\t\t\t\t\t\t\t\t<\/li>\n\t\t\t\t\t\t\t\t<li class=\"elementor-icon-list-item\">\n\t\t\t\t\t\t\t\t\t\t\t<span class=\"elementor-icon-list-icon\">\n\t\t\t\t\t\t\t<svg xmlns=\"http:\/\/www.w3.org\/2000\/svg\" width=\"14\" height=\"16\" viewbox=\"0 0 14 16\" fill=\"none\"><path d=\"M13.6062 7.92031L0.441406 0.320312L3.24941 7.92031L0.441406 15.5203L13.6062 7.92031Z\" fill=\"#7B7575\"><\/path><\/svg>\t\t\t\t\t\t<\/span>\n\t\t\t\t\t\t\t\t\t\t<span class=\"elementor-icon-list-text\">Des bourses scolaires pour les \u00e9l\u00e8ves fran\u00e7ais \u00e9ligibles<\/span>\n\t\t\t\t\t\t\t\t\t<\/li>\n\t\t\t\t\t\t\t\t<li class=\"elementor-icon-list-item\">\n\t\t\t\t\t\t\t\t\t\t\t<span class=\"elementor-icon-list-icon\">\n\t\t\t\t\t\t\t<svg xmlns=\"http:\/\/www.w3.org\/2000\/svg\" width=\"14\" height=\"16\" viewbox=\"0 0 14 16\" fill=\"none\"><path d=\"M13.6062 7.92031L0.441406 0.320312L3.24941 7.92031L0.441406 15.5203L13.6062 7.92031Z\" fill=\"#7B7575\"><\/path><\/svg>\t\t\t\t\t\t<\/span>\n\t\t\t\t\t\t\t\t\t\t<span class=\"elementor-icon-list-text\">Des subventions \u00e0 des actions \u00e9ducatives int\u00e9gr\u00e9es dans un r\u00e9seau de pr\u00e8s de 600 \u00e9tablissements install\u00e9s dans plus de 130 pays, le Lyc\u00e9e Fran\u00e7ais de Delhi appartient \u00e0 la zone Asie Pacifique de l'AEFE. Le Coordonnateur D\u00e9l\u00e9gu\u00e9 de la Direction de l'AEFE (CDAEFE) repr\u00e9sente l\u2019Agence dans la zone. En Inde, l\u2019AEFE est repr\u00e9sent\u00e9e par le Conseiller de Coop\u00e9ration et d\u2019Action Culturelle haut fonctionnaire de l'Ambassade de France.<\/span>\n\t\t\t\t\t\t\t\t\t<\/li>\n\t\t\t\t\t\t<\/ul>\n\t\t\t\t\t\t<\/div>\n\t\t\t\t<div class=\"elementor-element elementor-element-4ff723a textlinkstyle elementor-widget elementor-widget-text-editor\" data-id=\"4ff723a\" data-element_type=\"widget\" data-e-type=\"widget\" data-widget_type=\"text-editor.default\">\n\t\t\t\t\t\t\t\t\t<p>Si vous souhaitez avoir une compr\u00e9hension plus d\u00e9taill\u00e9e de l'AEFE, en savoir plus <a href=\"https:\/\/aefe.gouv.fr\/\">ici.<\/a><\/p>\t\t\t\t\t\t\t\t<\/div>\n\t\t\t\t<\/div>\n\t\t<div class=\"elementor-element elementor-element-b52049d e-con-full videoboxc e-flex e-con e-child\" data-id=\"b52049d\" data-element_type=\"container\" data-e-type=\"container\">\n\t\t\t\t<div class=\"elementor-element elementor-element-4dbf152 englishvideo elementor-widget elementor-widget-html\" data-id=\"4dbf152\" data-element_type=\"widget\" data-e-type=\"widget\" data-widget_type=\"html.default\">\n\t\t\t\t\t<div style=\"position:relative;padding-bottom:56.25%;height:0;overflow:hidden;\"> <iframe style=\"width:100%;height:100%;position:absolute;left:0px;top:0px;overflow:hidden\" frameborder=\"0\" type=\"text\/html\" src=\"https:\/\/www.youtube.com\/embed\/NcNHkkqwU8I?si=g8W4XD6WPsf3aJr5\" width=\"100%\" height=\"100%\" allowfullscreen title=\"Dailymotion Video Player\" > <\/iframe> <\/div>\n\t\t\t\t<\/div>\n\t\t\t\t<div class=\"elementor-element elementor-element-2d78197 francevideo elementor-widget elementor-widget-html\" data-id=\"2d78197\" data-element_type=\"widget\" data-e-type=\"widget\" data-widget_type=\"html.default\">\n\t\t\t\t\t<div style=\"position:relative;padding-bottom:56.25%;height:0;overflow:hidden;\"> <iframe style=\"width:100%;height:100%;position:absolute;left:0px;top:0px;overflow:hidden\" frameborder=\"0\" type=\"text\/html\" src=\"https:\/\/www.youtube.com\/embed\/vNS-pDlN3u0?si=1Z1hgz7ZSD5PYf0D\" width=\"100%\" height=\"100%\" allowfullscreen title=\"Dailymotion Video Player\" > <\/iframe> <\/div>\n\t\t\t\t<\/div>\n\t\t\t\t<\/div>\n\t\t\t\t\t<\/div>\n\t\t\t\t<\/div>\n\t\t<div class=\"elementor-element elementor-element-09b8145 overhidden e-flex e-con-boxed e-con e-parent\" data-id=\"09b8145\" data-element_type=\"container\" data-e-type=\"container\">\n\t\t\t\t\t<div class=\"e-con-inner\">\n\t\t<div class=\"elementor-element elementor-element-2dc94fc e-con-full increasescale e-flex e-con e-child\" data-id=\"2dc94fc\" data-element_type=\"container\" data-e-type=\"container\">\n\t\t\t\t<div class=\"elementor-element elementor-element-c6bdc91 elementor-widget elementor-widget-image\" data-id=\"c6bdc91\" data-element_type=\"widget\" data-e-type=\"widget\" data-widget_type=\"image.default\">\n\t\t\t\t\t\t\t\t\t\t\t\t\t\t\t<img fetchpriority=\"high\" decoding=\"async\" width=\"2560\" height=\"1817\" src=\"https:\/\/lfidelhi.org\/wp-content\/uploads\/2024\/06\/AEFE-Map_page-0001_result-scaled.webp\" class=\"attachment-full size-full wp-image-5775\" alt=\"\" srcset=\"https:\/\/lfidelhi.org\/wp-content\/uploads\/2024\/06\/AEFE-Map_page-0001_result-scaled.webp 2560w, https:\/\/lfidelhi.org\/wp-content\/uploads\/2024\/06\/AEFE-Map_page-0001_result-300x213.webp 300w, https:\/\/lfidelhi.org\/wp-content\/uploads\/2024\/06\/AEFE-Map_page-0001_result-1024x727.webp 1024w, https:\/\/lfidelhi.org\/wp-content\/uploads\/2024\/06\/AEFE-Map_page-0001_result-768x545.webp 768w, https:\/\/lfidelhi.org\/wp-content\/uploads\/2024\/06\/AEFE-Map_page-0001_result-1536x1090.webp 1536w, https:\/\/lfidelhi.org\/wp-content\/uploads\/2024\/06\/AEFE-Map_page-0001_result-2048x1453.webp 2048w, https:\/\/lfidelhi.org\/wp-content\/uploads\/2024\/06\/AEFE-Map_page-0001_result-18x12.webp 18w\" sizes=\"(max-width: 2560px) 100vw, 2560px\" \/>\t\t\t\t\t\t\t\t\t\t\t\t\t\t\t<\/div>\n\t\t\t\t<\/div>\n\t\t\t\t\t<\/div>\n\t\t\t\t<\/div>\n\t\t\t\t<\/div>","protected":false},"excerpt":{"rendered":"<p>Home About Us AEFE The AEFE Network A School Integrated into the global network of the agency for French Education Abroad (AEFE) The Lyc\u00e9e Fran\u00e7ais International de Delhi is managed by the Parents&#8217; Association, which entered into an agreement with the Agency for French Education Abroad (AEFE) in 2002. Acting on behalf of the Ministry [&hellip;]<\/p>\n","protected":false},"author":2,"featured_media":0,"parent":0,"menu_order":0,"comment_status":"closed","ping_status":"closed","template":"elementor_header_footer","meta":{"_seopress_robots_primary_cat":"","_seopress_titles_title":"","_seopress_titles_desc":"","_seopress_robots_index":"","footnotes":""},"class_list":["post-1745","page","type-page","status-publish","hentry"],"_links":{"self":[{"href":"https:\/\/lfidelhi.org\/fr\/wp-json\/wp\/v2\/pages\/1745","targetHints":{"allow":["GET"]}}],"collection":[{"href":"https:\/\/lfidelhi.org\/fr\/wp-json\/wp\/v2\/pages"}],"about":[{"href":"https:\/\/lfidelhi.org\/fr\/wp-json\/wp\/v2\/types\/page"}],"author":[{"embeddable":true,"href":"https:\/\/lfidelhi.org\/fr\/wp-json\/wp\/v2\/users\/2"}],"replies":[{"embeddable":true,"href":"https:\/\/lfidelhi.org\/fr\/wp-json\/wp\/v2\/comments?post=1745"}],"version-history":[{"count":85,"href":"https:\/\/lfidelhi.org\/fr\/wp-json\/wp\/v2\/pages\/1745\/revisions"}],"predecessor-version":[{"id":8968,"href":"https:\/\/lfidelhi.org\/fr\/wp-json\/wp\/v2\/pages\/1745\/revisions\/8968"}],"wp:attachment":[{"href":"https:\/\/lfidelhi.org\/fr\/wp-json\/wp\/v2\/media?parent=1745"}],"curies":[{"name":"wp","href":"https:\/\/api.w.org\/{rel}","templated":true}]}}