{"id":1992,"date":"2024-05-30T10:30:26","date_gmt":"2024-05-30T10:30:26","guid":{"rendered":"https:\/\/lfidelhi.org\/?page_id=1992"},"modified":"2026-02-03T12:27:35","modified_gmt":"2026-02-03T06:57:35","slug":"contact-admissions","status":"publish","type":"page","link":"https:\/\/lfidelhi.org\/fr\/contact-admissions\/","title":{"rendered":"Contactez-nous"},"content":{"rendered":"<div data-elementor-type=\"wp-page\" data-elementor-id=\"1992\" class=\"elementor elementor-1992\" data-elementor-post-type=\"page\">\n\t\t\t\t<div class=\"elementor-element elementor-element-575d609 overflow-hidden e-flex e-con-boxed e-con e-parent\" data-id=\"575d609\" data-element_type=\"container\" data-e-type=\"container\" data-settings=\"{&quot;background_background&quot;:&quot;classic&quot;}\">\n\t\t\t\t\t<div class=\"e-con-inner\">\n\t\t\t\t\t<\/div>\n\t\t\t\t<\/div>\n\t\t<div class=\"elementor-element elementor-element-267949e e-flex e-con-boxed e-con e-parent\" data-id=\"267949e\" data-element_type=\"container\" data-e-type=\"container\">\n\t\t\t\t\t<div class=\"e-con-inner\">\n\t\t\t\t<div class=\"elementor-element elementor-element-17fdab6 elementor-widget elementor-widget-button\" data-id=\"17fdab6\" data-element_type=\"widget\" data-e-type=\"widget\" data-widget_type=\"button.default\">\n\t\t\t\t\t\t\t\t\t\t<a class=\"elementor-button elementor-button-link elementor-size-sm\" href=\"https:\/\/lfidelhi.org\/fr\">\n\t\t\t\t\t\t<span class=\"elementor-button-content-wrapper\">\n\t\t\t\t\t\t\t\t\t<span class=\"elementor-button-text\">Accueil<\/span>\n\t\t\t\t\t<\/span>\n\t\t\t\t\t<\/a>\n\t\t\t\t\t\t\t\t<\/div>\n\t\t\t\t<div class=\"elementor-element elementor-element-ddee6dd elementor-widget__width-auto elementor-view-default elementor-widget elementor-widget-icon\" data-id=\"ddee6dd\" data-element_type=\"widget\" data-e-type=\"widget\" data-widget_type=\"icon.default\">\n\t\t\t\t\t\t\t<div class=\"elementor-icon-wrapper\">\n\t\t\t<div class=\"elementor-icon\">\n\t\t\t<svg xmlns=\"http:\/\/www.w3.org\/2000\/svg\" width=\"6\" height=\"14\" viewbox=\"0 0 6 14\" fill=\"none\"><path d=\"M5.72337 7.00008L2.1626 0.27417L0.836914 0.976005L4.02612 7.00008L0.836914 13.0242L2.1626 13.726L5.72337 7.00008Z\" fill=\"#383838\"><\/path><\/svg>\t\t\t<\/div>\n\t\t<\/div>\n\t\t\t\t\t\t<\/div>\n\t\t\t\t<div class=\"elementor-element elementor-element-cee70c0 elementor-widget elementor-widget-button\" data-id=\"cee70c0\" data-element_type=\"widget\" data-e-type=\"widget\" data-widget_type=\"button.default\">\n\t\t\t\t\t\t\t\t\t\t<a class=\"elementor-button elementor-button-link elementor-size-sm\" href=\"\/fr\/admissions\/\">\n\t\t\t\t\t\t<span class=\"elementor-button-content-wrapper\">\n\t\t\t\t\t\t\t\t\t<span class=\"elementor-button-text\">Admissions<\/span>\n\t\t\t\t\t<\/span>\n\t\t\t\t\t<\/a>\n\t\t\t\t\t\t\t\t<\/div>\n\t\t\t\t<div class=\"elementor-element elementor-element-2c22a87 elementor-widget__width-auto elementor-view-default elementor-widget elementor-widget-icon\" data-id=\"2c22a87\" data-element_type=\"widget\" data-e-type=\"widget\" data-widget_type=\"icon.default\">\n\t\t\t\t\t\t\t<div class=\"elementor-icon-wrapper\">\n\t\t\t<div class=\"elementor-icon\">\n\t\t\t<svg xmlns=\"http:\/\/www.w3.org\/2000\/svg\" width=\"6\" height=\"14\" viewbox=\"0 0 6 14\" fill=\"none\"><path d=\"M5.72337 7.00008L2.1626 0.27417L0.836914 0.976005L4.02612 7.00008L0.836914 13.0242L2.1626 13.726L5.72337 7.00008Z\" fill=\"#383838\"><\/path><\/svg>\t\t\t<\/div>\n\t\t<\/div>\n\t\t\t\t\t\t<\/div>\n\t\t\t\t<div class=\"elementor-element elementor-element-e834681 elementor-widget elementor-widget-button\" data-id=\"e834681\" data-element_type=\"widget\" data-e-type=\"widget\" data-widget_type=\"button.default\">\n\t\t\t\t\t\t\t\t\t\t<a class=\"elementor-button elementor-button-link elementor-size-sm\" href=\"#\">\n\t\t\t\t\t\t<span class=\"elementor-button-content-wrapper\">\n\t\t\t\t\t\t\t\t\t<span class=\"elementor-button-text\">Contactez-nous<\/span>\n\t\t\t\t\t<\/span>\n\t\t\t\t\t<\/a>\n\t\t\t\t\t\t\t\t<\/div>\n\t\t\t\t\t<\/div>\n\t\t\t\t<\/div>\n\t\t<div class=\"elementor-element elementor-element-cc37001 e-flex e-con-boxed e-con e-parent\" data-id=\"cc37001\" data-element_type=\"container\" data-e-type=\"container\">\n\t\t\t\t\t<div class=\"e-con-inner\">\n\t\t<div class=\"elementor-element elementor-element-79cfbdd e-con-full e-flex e-con e-child\" data-id=\"79cfbdd\" data-element_type=\"container\" data-e-type=\"container\">\n\t\t\t\t<div class=\"elementor-element elementor-element-c894945 elementor-widget elementor-widget-heading\" data-id=\"c894945\" data-element_type=\"widget\" data-e-type=\"widget\" data-widget_type=\"heading.default\">\n\t\t\t\t\t<h1 class=\"elementor-heading-title elementor-size-default\">Contactez-nous<\/h1>\t\t\t\t<\/div>\n\t\t\t\t<div class=\"elementor-element elementor-element-c0a898e textlinkstyle elementor-widget elementor-widget-text-editor\" data-id=\"c0a898e\" data-element_type=\"widget\" data-e-type=\"widget\" data-widget_type=\"text-editor.default\">\n\t\t\t\t\t\t\t\t\t<p>Le bureau des admissions est ouvert du lundi au vendredi pendant les heures de classe. Nous offrons un soutien \u00e0 la fois en personne et en ligne pour vous accompagner dans votre r\u00e9flexion sur une transition vers le LFID. De nombreuses familles ont soulign\u00e9 que leur premi\u00e8re visite sur le campus et leur rencontre avec le chef d'\u00e9tablissement du primaire\/secondaire ont \u00e9t\u00e9 des moments d\u00e9terminants dans leur d\u00e9cision scolaire.<\/p><p>N'h\u00e9sitez pas \u00e0 consulter le <a href=\"https:\/\/lfidelhi.org\/wp-content\/uploads\/2025\/07\/CALENDRIER-SCOLAIRE-2025-2026.pdf\">calendrier scolaire !<\/a><\/p>\t\t\t\t\t\t\t\t<\/div>\n\t\t\t\t<div class=\"elementor-element elementor-element-d8abd61 textlinkstyle elementor-widget elementor-widget-text-editor\" data-id=\"d8abd61\" data-element_type=\"widget\" data-e-type=\"widget\" data-widget_type=\"text-editor.default\">\n\t\t\t\t\t\t\t\t\t<p>N'h\u00e9sitez pas \u00e0 nous contacter si vous avez des questions. Nous sommes l\u00e0 pour vous aider !<\/p>\t\t\t\t\t\t\t\t<\/div>\n\t\t\t\t<\/div>\n\t\t<div class=\"elementor-element elementor-element-14c66b5 e-con-full e-flex e-con e-child\" data-id=\"14c66b5\" data-element_type=\"container\" data-e-type=\"container\">\n\t\t\t\t<div class=\"elementor-element elementor-element-b7ac8ff elementor-widget__width-initial elementor-widget-mobile__width-inherit elementor-position-top elementor-widget elementor-widget-image-box\" data-id=\"b7ac8ff\" data-element_type=\"widget\" data-e-type=\"widget\" data-widget_type=\"image-box.default\">\n\t\t\t\t\t<div class=\"elementor-image-box-wrapper\"><figure class=\"elementor-image-box-img\"><img fetchpriority=\"high\" decoding=\"async\" width=\"1000\" height=\"1000\" src=\"https:\/\/lfidelhi.org\/wp-content\/uploads\/2024\/06\/Shoma-min.jpg\" class=\"attachment-full size-full wp-image-3049\" alt=\"\" srcset=\"https:\/\/lfidelhi.org\/wp-content\/uploads\/2024\/06\/Shoma-min.jpg 1000w, https:\/\/lfidelhi.org\/wp-content\/uploads\/2024\/06\/Shoma-min-300x300.jpg 300w, https:\/\/lfidelhi.org\/wp-content\/uploads\/2024\/06\/Shoma-min-150x150.jpg 150w, https:\/\/lfidelhi.org\/wp-content\/uploads\/2024\/06\/Shoma-min-768x768.jpg 768w, https:\/\/lfidelhi.org\/wp-content\/uploads\/2024\/06\/Shoma-min-12x12.jpg 12w\" sizes=\"(max-width: 1000px) 100vw, 1000px\" \/><\/figure><div class=\"elementor-image-box-content\"><h3 class=\"elementor-image-box-title\">Shoma Chakraborty<\/h3><p class=\"elementor-image-box-description\">Assistante de direction<\/p><\/div><\/div>\t\t\t\t<\/div>\n\t\t\t\t<\/div>\n\t\t\t\t\t<\/div>\n\t\t\t\t<\/div>\n\t\t<div class=\"elementor-element elementor-element-304b5b2 e-flex e-con-boxed e-con e-parent\" data-id=\"304b5b2\" data-element_type=\"container\" data-e-type=\"container\">\n\t\t\t\t\t<div class=\"e-con-inner\">\n\t\t<div class=\"elementor-element elementor-element-47017a9 e-con-full e-flex e-con e-child\" data-id=\"47017a9\" data-element_type=\"container\" data-e-type=\"container\">\n\t\t<div class=\"elementor-element elementor-element-614826f e-con-full e-flex e-con e-child\" data-id=\"614826f\" data-element_type=\"container\" data-e-type=\"container\">\n\t\t\t\t<div class=\"elementor-element elementor-element-566d6af elementor-position-inline-start contacticonbox elementor-mobile-position-inline-start elementor-view-default elementor-widget elementor-widget-icon-box\" data-id=\"566d6af\" data-element_type=\"widget\" data-e-type=\"widget\" data-widget_type=\"icon-box.default\">\n\t\t\t\t\t\t\t<div class=\"elementor-icon-box-wrapper\">\n\n\t\t\t\t\t\t<div class=\"elementor-icon-box-icon\">\n\t\t\t\t<span  class=\"elementor-icon\">\n\t\t\t\t<svg xmlns=\"http:\/\/www.w3.org\/2000\/svg\" width=\"20\" height=\"20\" viewbox=\"0 0 20 20\" fill=\"none\"><path d=\"M10 20C4.47715 20 0 15.5228 0 10C0 4.47715 4.47715 0 10 0C15.5228 0 20 4.47715 20 10C20 15.5228 15.5228 20 10 20ZM10 18C14.4183 18 18 14.4183 18 10C18 5.58172 14.4183 2 10 2C5.58172 2 2 5.58172 2 10C2 14.4183 5.58172 18 10 18ZM11 10H15V12H9V5H11V10Z\" fill=\"#33509E\"><\/path><\/svg>\t\t\t\t<\/span>\n\t\t\t<\/div>\n\t\t\t\n\t\t\t\t\t\t<div class=\"elementor-icon-box-content\">\n\n\t\t\t\t\t\t\t\t\t<h3 class=\"elementor-icon-box-title\">\n\t\t\t\t\t\t<span  >\n\t\t\t\t\t\t\tHoraires d'ouverture\t\t\t\t\t\t<\/span>\n\t\t\t\t\t<\/h3>\n\t\t\t\t\n\t\t\t\t\t\t\t\t\t<p class=\"elementor-icon-box-description\">\n\t\t\t\t\t\t8h00 \u00e0 16h00\t\t\t\t\t<\/p>\n\t\t\t\t\n\t\t\t<\/div>\n\t\t\t\n\t\t<\/div>\n\t\t\t\t\t\t<\/div>\n\t\t\t\t<div class=\"elementor-element elementor-element-015b404 elementor-position-inline-start contacticonbox elementor-mobile-position-inline-start elementor-view-default elementor-widget elementor-widget-icon-box\" data-id=\"015b404\" data-element_type=\"widget\" data-e-type=\"widget\" data-widget_type=\"icon-box.default\">\n\t\t\t\t\t\t\t<div class=\"elementor-icon-box-wrapper\">\n\n\t\t\t\t\t\t<div class=\"elementor-icon-box-icon\">\n\t\t\t\t<a href=\"tel:+911130419550\" class=\"elementor-icon\" tabindex=\"-1\" aria-label=\"T\u00e9l\u00e9phone\">\n\t\t\t\t<svg xmlns=\"http:\/\/www.w3.org\/2000\/svg\" width=\"18\" height=\"18\" viewbox=\"0 0 18 18\" fill=\"none\"><path d=\"M6.36556 7.6821C7.302 9.3288 8.6712 10.698 10.3179 11.6344L11.2024 10.3961C11.4965 9.9845 12.0516 9.8573 12.4956 10.0998C13.9024 10.8683 15.4571 11.3353 17.0789 11.4637C17.599 11.5049 18 11.9389 18 12.4606V16.9234C18 17.4361 17.6122 17.8657 17.1022 17.9181C16.5723 17.9726 16.0377 18 15.5 18C6.93959 18 0 11.0604 0 2.5C0 1.96227 0.0274201 1.42771 0.0818901 0.89776C0.1343 0.38775 0.56394 0 1.07665 0H5.53942C6.0611 0 6.49513 0.40104 6.5363 0.92109C6.66467 2.54288 7.1317 4.09764 7.9002 5.50444C8.1427 5.9484 8.0155 6.50354 7.6039 6.79757L6.36556 7.6821ZM3.84425 7.0252L5.7442 5.66809C5.20547 4.50514 4.83628 3.27183 4.64727 2H2.00907C2.00303 2.16632 2 2.333 2 2.5C2 9.9558 8.0442 16 15.5 16C15.667 16 15.8337 15.997 16 15.9909V13.3527C14.7282 13.1637 13.4949 12.7945 12.3319 12.2558L10.9748 14.1558C10.4258 13.9425 9.8956 13.6915 9.3874 13.4061L9.3293 13.373C7.3697 12.2587 5.74134 10.6303 4.627 8.6707L4.59394 8.6126C4.30849 8.1044 4.05754 7.5742 3.84425 7.0252Z\" fill=\"#33509E\"><\/path><\/svg>\t\t\t\t<\/a>\n\t\t\t<\/div>\n\t\t\t\n\t\t\t\t\t\t<div class=\"elementor-icon-box-content\">\n\n\t\t\t\t\t\t\t\t\t<h3 class=\"elementor-icon-box-title\">\n\t\t\t\t\t\t<a href=\"tel:+911130419550\" >\n\t\t\t\t\t\t\tT\u00e9l\u00e9phone\t\t\t\t\t\t<\/a>\n\t\t\t\t\t<\/h3>\n\t\t\t\t\n\t\t\t\t\t\t\t\t\t<p class=\"elementor-icon-box-description\">\n\t\t\t\t\t\t<a style=\"color:#7B7575\" href=\"tel:+911130419550\" \/>+91 113041 9550<\/a>\t\t\t\t\t<\/p>\n\t\t\t\t\n\t\t\t<\/div>\n\t\t\t\n\t\t<\/div>\n\t\t\t\t\t\t<\/div>\n\t\t\t\t<div class=\"elementor-element elementor-element-408c579 elementor-position-inline-start contacticonbox elementor-mobile-position-inline-start elementor-view-default elementor-widget elementor-widget-icon-box\" data-id=\"408c579\" data-element_type=\"widget\" data-e-type=\"widget\" data-widget_type=\"icon-box.default\">\n\t\t\t\t\t\t\t<div class=\"elementor-icon-box-wrapper\">\n\n\t\t\t\t\t\t<div class=\"elementor-icon-box-icon\">\n\t\t\t\t<a href=\"mailto:contact@lfidelhi.org%20mailto:admission@lfidelhi.org\" class=\"elementor-icon\" tabindex=\"-1\" aria-label=\"E-mail\">\n\t\t\t\t<svg xmlns=\"http:\/\/www.w3.org\/2000\/svg\" width=\"20\" height=\"18\" viewbox=\"0 0 20 18\" fill=\"none\"><path d=\"M1 0H19C19.5523 0 20 0.44772 20 1V17C20 17.5523 19.5523 18 19 18H1C0.44772 18 0 17.5523 0 17V1C0 0.44772 0.44772 0 1 0ZM18 4.23792L10.0718 11.338L2 4.21594V16H18V4.23792ZM2.51146 2L10.0619 8.662L17.501 2H2.51146Z\" fill=\"#33509E\"><\/path><\/svg>\t\t\t\t<\/a>\n\t\t\t<\/div>\n\t\t\t\n\t\t\t\t\t\t<div class=\"elementor-icon-box-content\">\n\n\t\t\t\t\t\t\t\t\t<h3 class=\"elementor-icon-box-title\">\n\t\t\t\t\t\t<a href=\"mailto:contact@lfidelhi.org%20mailto:admission@lfidelhi.org\" >\n\t\t\t\t\t\t\tE-mail\t\t\t\t\t\t<\/a>\n\t\t\t\t\t<\/h3>\n\t\t\t\t\n\t\t\t\t\t\t\t\t\t<p class=\"elementor-icon-box-description\">\n\t\t\t\t\t\t<a style=\"color:#7B7575\" href=\"mailto:admission@lfidelhi.org\" \/>admission@lfidelhi.org<\/a>\t\t\t\t\t<\/p>\n\t\t\t\t\n\t\t\t<\/div>\n\t\t\t\n\t\t<\/div>\n\t\t\t\t\t\t<\/div>\n\t\t\t\t<div class=\"elementor-element elementor-element-5d0e2d0 elementor-position-inline-start contacticonbox elementor-mobile-position-inline-start elementor-view-default elementor-widget elementor-widget-icon-box\" data-id=\"5d0e2d0\" data-element_type=\"widget\" data-e-type=\"widget\" data-widget_type=\"icon-box.default\">\n\t\t\t\t\t\t\t<div class=\"elementor-icon-box-wrapper\">\n\n\t\t\t\t\t\t<div class=\"elementor-icon-box-icon\">\n\t\t\t\t<a href=\"https:\/\/maps.app.goo.gl\/9i1anVwY56NvFfow9\" class=\"elementor-icon\" tabindex=\"-1\" aria-label=\"Address\">\n\t\t\t\t<svg xmlns=\"http:\/\/www.w3.org\/2000\/svg\" width=\"22\" height=\"21\" viewbox=\"0 0 22 21\" fill=\"none\"><path d=\"M11 0.585693L17 6.58569V9H21V19H22V21H0V19H1V9H5V6.58569L11 0.585693ZM17 19H19V11H17V19ZM5 11H3V19H5V11ZM7 7.41412V18.9999H10V12H12V18.9999H15V7.41412L11 3.41412L7 7.41412Z\" fill=\"#33509E\"><\/path><\/svg>\t\t\t\t<\/a>\n\t\t\t<\/div>\n\t\t\t\n\t\t\t\t\t\t<div class=\"elementor-icon-box-content\">\n\n\t\t\t\t\t\t\t\t\t<h3 class=\"elementor-icon-box-title\">\n\t\t\t\t\t\t<a href=\"https:\/\/maps.app.goo.gl\/9i1anVwY56NvFfow9\" >\n\t\t\t\t\t\t\tAddress\t\t\t\t\t\t<\/a>\n\t\t\t\t\t<\/h3>\n\t\t\t\t\n\t\t\t\t\t\t\t\t\t<p class=\"elementor-icon-box-description\">\n\t\t\t\t\t\t<a style=\"color:#7B7575\" href=\"https:\/\/maps.app.goo.gl\/9i1anVwY56NvFfow9\" \/>Lyc\u00e9e Fran\u00e7ais International de Delhi<\/br>\n2, Dr APJ Abdul Kalam Rd, ancienne route Aurangzeb, <\/br>New Delhi, Delhi 110011<\/a>\t\t\t\t\t<\/p>\n\t\t\t\t\n\t\t\t<\/div>\n\t\t\t\n\t\t<\/div>\n\t\t\t\t\t\t<\/div>\n\t\t\t\t<\/div>\n\t\t<div class=\"elementor-element elementor-element-5b3832e e-con-full e-flex e-con e-child\" data-id=\"5b3832e\" data-element_type=\"container\" data-e-type=\"container\">\n\t\t\t\t<div class=\"elementor-element elementor-element-42f7304 elementor-widget__width-inherit elementor-widget elementor-widget-google_maps\" data-id=\"42f7304\" data-element_type=\"widget\" data-e-type=\"widget\" data-widget_type=\"google_maps.default\">\n\t\t\t\t\t\t\t<div class=\"elementor-custom-embed\">\n\t\t\t<iframe loading=\"lazy\"\n\t\t\t\t\tsrc=\"https:\/\/maps.google.com\/maps?q=Lyc%C3%A9e%20Fran%C3%A7ais%20International%20de%20Delhi%202%2C%20Dr%20APJ%20Abdul%20Kalam%20Rd%2C%20former%2C%20Aurangzeb%20Road%2C%20New%20Delhi%2C%20Delhi%20110011&#038;t=m&#038;z=10&#038;output=embed&#038;iwloc=near\"\n\t\t\t\t\ttitle=\"Lyc\u00e9e Fran\u00e7ais International de Delhi 2, Dr APJ Abdul Kalam Rd, former, Aurangzeb Road, New Delhi, Delhi 110011\"\n\t\t\t\t\taria-label=\"Lyc\u00e9e Fran\u00e7ais International de Delhi 2, Dr APJ Abdul Kalam Rd, former, Aurangzeb Road, New Delhi, Delhi 110011\"\n\t\t\t><\/iframe>\n\t\t<\/div>\n\t\t\t\t\t\t<\/div>\n\t\t\t\t<\/div>\n\t\t\t\t<\/div>\n\t\t\t\t\t<\/div>\n\t\t\t\t<\/div>\n\t\t<div class=\"elementor-element elementor-element-ddb3968 elementor-hidden-desktop elementor-hidden-tablet elementor-hidden-mobile e-flex e-con-boxed e-con e-parent\" data-id=\"ddb3968\" data-element_type=\"container\" data-e-type=\"container\">\n\t\t\t\t\t<div class=\"e-con-inner\">\n\t\t\t\t<div class=\"elementor-element elementor-element-7ca4d78 elementor-widget__width-initial elementor-widget elementor-widget-heading\" data-id=\"7ca4d78\" data-element_type=\"widget\" data-e-type=\"widget\" data-widget_type=\"heading.default\">\n\t\t\t\t\t<h5 class=\"elementor-heading-title elementor-size-default\">Pour plus d'informations sur le LFID, veuillez remplir le formulaire ci-dessous avec vos coordonn\u00e9es, et notre \u00e9quipe vous contactera dans les plus brefs d\u00e9lais<\/h5>\t\t\t\t<\/div>\n\t\t\t\t<div class=\"elementor-element elementor-element-7231928 parentform elementor-widget__width-initial elementor-widget elementor-widget-ws-form\" data-id=\"7231928\" data-element_type=\"widget\" data-e-type=\"widget\" data-widget_type=\"ws-form.default\">\n\t\t\t\t<div class=\"elementor-widget-container\">\n\t\t\t\t\t<form action=\"https:\/\/lfidelhi.org\/fr\/wp-json\/ws-form\/v1\/submit\" class=\"wsf-form wsf-form-canvas\" id=\"ws-form-1\" data-id=\"1\" method=\"POST\" data-instance-id=\"1\" data-wsf-style-id=\"1\" data-trp-original-action=\"https:\/\/lfidelhi.org\/fr\/wp-json\/ws-form\/v1\/submit\"><input\n                    class=\"apbct_special_field apbct_email_id__elementor_form\"\n                    name=\"apbct__email_id__elementor_form\"\n                    aria-label=\"apbct__label_id__elementor_form\"\n                    type=\"text\" size=\"30\" maxlength=\"200\" autocomplete=\"off\"\n                    value=\"\"\n                \/><input type=\"hidden\" name=\"trp-form-language\" value=\"fr\"\/><\/form>\t\t\t\t<\/div>\n\t\t\t\t<\/div>\n\t\t\t\t\t<\/div>\n\t\t\t\t<\/div>\n\t\t<div class=\"elementor-element elementor-element-f8268ee e-flex e-con-boxed e-con e-parent\" data-id=\"f8268ee\" data-element_type=\"container\" data-e-type=\"container\">\n\t\t\t\t\t<div class=\"e-con-inner\">\n\t\t\t\t<div class=\"elementor-element elementor-element-0e70084 elementor-widget elementor-widget-heading\" data-id=\"0e70084\" data-element_type=\"widget\" data-e-type=\"widget\" data-widget_type=\"heading.default\">\n\t\t\t\t\t<h2 class=\"elementor-heading-title elementor-size-default\">Nos partenaires en Inde<\/h2>\t\t\t\t<\/div>\n\t\t\t\t\t<\/div>\n\t\t\t\t<\/div>\n\t\t<div class=\"elementor-element elementor-element-a5840b8 e-flex e-con-boxed e-con e-parent\" data-id=\"a5840b8\" data-element_type=\"container\" data-e-type=\"container\">\n\t\t\t\t\t<div class=\"e-con-inner\">\n\t\t\t\t<div class=\"elementor-element elementor-element-882a6fd elementor-widget__width-auto elementor-widget elementor-widget-image\" data-id=\"882a6fd\" data-element_type=\"widget\" data-e-type=\"widget\" data-widget_type=\"image.default\">\n\t\t\t\t\t\t\t\t\t\t\t\t\t\t\t\t<a href=\"https:\/\/lfim.in\/\" target=\"_blank\">\n\t\t\t\t\t\t\t<img decoding=\"async\" width=\"383\" height=\"122\" src=\"https:\/\/lfidelhi.org\/wp-content\/uploads\/2024\/05\/Lycee_Francais_International_de_Mumbai_logo-1.jpg\" class=\"attachment-full size-full wp-image-2017\" alt=\"\" srcset=\"https:\/\/lfidelhi.org\/wp-content\/uploads\/2024\/05\/Lycee_Francais_International_de_Mumbai_logo-1.jpg 383w, https:\/\/lfidelhi.org\/wp-content\/uploads\/2024\/05\/Lycee_Francais_International_de_Mumbai_logo-1-300x96.jpg 300w, https:\/\/lfidelhi.org\/wp-content\/uploads\/2024\/05\/Lycee_Francais_International_de_Mumbai_logo-1-18x6.jpg 18w\" sizes=\"(max-width: 383px) 100vw, 383px\" \/>\t\t\t\t\t\t\t\t<\/a>\n\t\t\t\t\t\t\t\t\t\t\t\t\t\t\t<\/div>\n\t\t\t\t<div class=\"elementor-element elementor-element-69c4b5a elementor-widget__width-auto elementor-widget elementor-widget-image\" data-id=\"69c4b5a\" data-element_type=\"widget\" data-e-type=\"widget\" data-widget_type=\"image.default\">\n\t\t\t\t\t\t\t\t\t\t\t\t\t\t\t\t<a href=\"https:\/\/in.ambafrance.org\/\" target=\"_blank\">\n\t\t\t\t\t\t\t<img decoding=\"async\" width=\"363\" height=\"386\" src=\"https:\/\/lfidelhi.org\/wp-content\/uploads\/2024\/05\/Screenshot-2024-05-30-163023.jpg\" class=\"attachment-full size-full wp-image-2018\" alt=\"\" srcset=\"https:\/\/lfidelhi.org\/wp-content\/uploads\/2024\/05\/Screenshot-2024-05-30-163023.jpg 363w, https:\/\/lfidelhi.org\/wp-content\/uploads\/2024\/05\/Screenshot-2024-05-30-163023-282x300.jpg 282w, https:\/\/lfidelhi.org\/wp-content\/uploads\/2024\/05\/Screenshot-2024-05-30-163023-11x12.jpg 11w\" sizes=\"(max-width: 363px) 100vw, 363px\" \/>\t\t\t\t\t\t\t\t<\/a>\n\t\t\t\t\t\t\t\t\t\t\t\t\t\t\t<\/div>\n\t\t\t\t<div class=\"elementor-element elementor-element-4eab2d4 elementor-widget__width-auto elementor-widget elementor-widget-image\" data-id=\"4eab2d4\" data-element_type=\"widget\" data-e-type=\"widget\" data-widget_type=\"image.default\">\n\t\t\t\t\t\t\t\t\t\t\t\t\t\t\t\t<a href=\"https:\/\/www.ifindia.in\/\" target=\"_blank\">\n\t\t\t\t\t\t\t<img loading=\"lazy\" decoding=\"async\" width=\"329\" height=\"230\" src=\"https:\/\/lfidelhi.org\/wp-content\/uploads\/2024\/05\/IF_Logo_Sans_Bleu_RVB-1-1.jpg\" class=\"attachment-full size-full wp-image-2019\" alt=\"\" srcset=\"https:\/\/lfidelhi.org\/wp-content\/uploads\/2024\/05\/IF_Logo_Sans_Bleu_RVB-1-1.jpg 329w, https:\/\/lfidelhi.org\/wp-content\/uploads\/2024\/05\/IF_Logo_Sans_Bleu_RVB-1-1-300x210.jpg 300w, https:\/\/lfidelhi.org\/wp-content\/uploads\/2024\/05\/IF_Logo_Sans_Bleu_RVB-1-1-18x12.jpg 18w\" sizes=\"(max-width: 329px) 100vw, 329px\" \/>\t\t\t\t\t\t\t\t<\/a>\n\t\t\t\t\t\t\t\t\t\t\t\t\t\t\t<\/div>\n\t\t\t\t<div class=\"elementor-element elementor-element-618e03b elementor-widget__width-auto elementor-widget elementor-widget-image\" data-id=\"618e03b\" data-element_type=\"widget\" data-e-type=\"widget\" data-widget_type=\"image.default\">\n\t\t\t\t\t\t\t\t\t\t\t\t\t\t\t\t<a href=\"https:\/\/delhi.afindia.org\/\" target=\"_blank\">\n\t\t\t\t\t\t\t<img loading=\"lazy\" decoding=\"async\" width=\"300\" height=\"206\" src=\"https:\/\/lfidelhi.org\/wp-content\/uploads\/2024\/05\/Embassy-1-1.jpg\" class=\"attachment-full size-full wp-image-2020\" alt=\"\" srcset=\"https:\/\/lfidelhi.org\/wp-content\/uploads\/2024\/05\/Embassy-1-1.jpg 300w, https:\/\/lfidelhi.org\/wp-content\/uploads\/2024\/05\/Embassy-1-1-18x12.jpg 18w\" sizes=\"(max-width: 300px) 100vw, 300px\" \/>\t\t\t\t\t\t\t\t<\/a>\n\t\t\t\t\t\t\t\t\t\t\t\t\t\t\t<\/div>\n\t\t\t\t<div class=\"elementor-element elementor-element-ab8bdb1 elementor-widget__width-auto elementor-widget-mobile__width-auto elementor-widget elementor-widget-image\" data-id=\"ab8bdb1\" data-element_type=\"widget\" data-e-type=\"widget\" data-widget_type=\"image.default\">\n\t\t\t\t\t\t\t\t\t\t\t\t\t\t\t\t<a href=\"https:\/\/lfim.in\/\" target=\"_blank\">\n\t\t\t\t\t\t\t<img loading=\"lazy\" decoding=\"async\" width=\"405\" height=\"158\" src=\"https:\/\/lfidelhi.org\/wp-content\/uploads\/2024\/05\/logo-lycee-francais-vf-1.jpg\" class=\"attachment-full size-full wp-image-2021\" alt=\"\" srcset=\"https:\/\/lfidelhi.org\/wp-content\/uploads\/2024\/05\/logo-lycee-francais-vf-1.jpg 405w, https:\/\/lfidelhi.org\/wp-content\/uploads\/2024\/05\/logo-lycee-francais-vf-1-300x117.jpg 300w, https:\/\/lfidelhi.org\/wp-content\/uploads\/2024\/05\/logo-lycee-francais-vf-1-18x7.jpg 18w\" sizes=\"(max-width: 405px) 100vw, 405px\" \/>\t\t\t\t\t\t\t\t<\/a>\n\t\t\t\t\t\t\t\t\t\t\t\t\t\t\t<\/div>\n\t\t\t\t\t<\/div>\n\t\t\t\t<\/div>\n\t\t\t\t<\/div>","protected":false},"excerpt":{"rendered":"<p>Home Admissions Contact Admissions Contact Admissions The Admissions Office is open Monday through Friday during school hours. We offer both in-person and online support to assist you in considering a transition to LFID. Many families have found that their first campus visit and meeting with the head of the primary\/secondary school were the most influential [&hellip;]<\/p>\n","protected":false},"author":2,"featured_media":0,"parent":0,"menu_order":0,"comment_status":"closed","ping_status":"closed","template":"elementor_header_footer","meta":{"_seopress_robots_primary_cat":"","_seopress_titles_title":"","_seopress_titles_desc":"The Admissions Office is open Monday through Friday during school hours. We offer both in-person and online support to assist you in considering a transition to LFID.","_seopress_robots_index":"","footnotes":""},"class_list":["post-1992","page","type-page","status-publish","hentry"],"_links":{"self":[{"href":"https:\/\/lfidelhi.org\/fr\/wp-json\/wp\/v2\/pages\/1992","targetHints":{"allow":["GET"]}}],"collection":[{"href":"https:\/\/lfidelhi.org\/fr\/wp-json\/wp\/v2\/pages"}],"about":[{"href":"https:\/\/lfidelhi.org\/fr\/wp-json\/wp\/v2\/types\/page"}],"author":[{"embeddable":true,"href":"https:\/\/lfidelhi.org\/fr\/wp-json\/wp\/v2\/users\/2"}],"replies":[{"embeddable":true,"href":"https:\/\/lfidelhi.org\/fr\/wp-json\/wp\/v2\/comments?post=1992"}],"version-history":[{"count":142,"href":"https:\/\/lfidelhi.org\/fr\/wp-json\/wp\/v2\/pages\/1992\/revisions"}],"predecessor-version":[{"id":12255,"href":"https:\/\/lfidelhi.org\/fr\/wp-json\/wp\/v2\/pages\/1992\/revisions\/12255"}],"wp:attachment":[{"href":"https:\/\/lfidelhi.org\/fr\/wp-json\/wp\/v2\/media?parent=1992"}],"curies":[{"name":"wp","href":"https:\/\/api.w.org\/{rel}","templated":true}]}}