{"id":2542,"date":"2024-06-05T09:12:23","date_gmt":"2024-06-05T09:12:23","guid":{"rendered":"https:\/\/lfidelhi.org\/?page_id=2542"},"modified":"2024-09-27T14:51:27","modified_gmt":"2024-09-27T09:21:27","slug":"it-services","status":"publish","type":"page","link":"https:\/\/lfidelhi.org\/fr\/it-services\/","title":{"rendered":"Service informatique"},"content":{"rendered":"<div data-elementor-type=\"wp-page\" data-elementor-id=\"2542\" class=\"elementor elementor-2542\" data-elementor-post-type=\"page\">\n\t\t\t\t<div class=\"elementor-element elementor-element-dfa26ec overflow-hidden e-flex e-con-boxed e-con e-parent\" data-id=\"dfa26ec\" data-element_type=\"container\" data-e-type=\"container\" data-settings=\"{&quot;background_background&quot;:&quot;classic&quot;}\">\n\t\t\t\t\t<div class=\"e-con-inner\">\n\t\t\t\t\t<\/div>\n\t\t\t\t<\/div>\n\t\t<div class=\"elementor-element elementor-element-e11e90c e-flex e-con-boxed e-con e-parent\" data-id=\"e11e90c\" data-element_type=\"container\" data-e-type=\"container\">\n\t\t\t\t\t<div class=\"e-con-inner\">\n\t\t\t\t<div class=\"elementor-element elementor-element-4cb283e elementor-widget elementor-widget-button\" data-id=\"4cb283e\" data-element_type=\"widget\" data-e-type=\"widget\" data-widget_type=\"button.default\">\n\t\t\t\t\t\t\t\t\t\t<a class=\"elementor-button elementor-button-link elementor-size-sm\" href=\"https:\/\/lfidelhi.org\/fr\">\n\t\t\t\t\t\t<span class=\"elementor-button-content-wrapper\">\n\t\t\t\t\t\t\t\t\t<span class=\"elementor-button-text\">Accueil<\/span>\n\t\t\t\t\t<\/span>\n\t\t\t\t\t<\/a>\n\t\t\t\t\t\t\t\t<\/div>\n\t\t\t\t<div class=\"elementor-element elementor-element-28271f0 elementor-widget__width-auto elementor-view-default elementor-widget elementor-widget-icon\" data-id=\"28271f0\" data-element_type=\"widget\" data-e-type=\"widget\" data-widget_type=\"icon.default\">\n\t\t\t\t\t\t\t<div class=\"elementor-icon-wrapper\">\n\t\t\t<div class=\"elementor-icon\">\n\t\t\t<svg xmlns=\"http:\/\/www.w3.org\/2000\/svg\" width=\"6\" height=\"14\" viewbox=\"0 0 6 14\" fill=\"none\"><path d=\"M5.72337 7.00008L2.1626 0.27417L0.836914 0.976005L4.02612 7.00008L0.836914 13.0242L2.1626 13.726L5.72337 7.00008Z\" fill=\"#383838\"><\/path><\/svg>\t\t\t<\/div>\n\t\t<\/div>\n\t\t\t\t\t\t<\/div>\n\t\t\t\t<div class=\"elementor-element elementor-element-2d7e5c9 elementor-widget elementor-widget-button\" data-id=\"2d7e5c9\" data-element_type=\"widget\" data-e-type=\"widget\" data-widget_type=\"button.default\">\n\t\t\t\t\t\t\t\t\t\t<a class=\"elementor-button elementor-button-link elementor-size-sm\" href=\"#\">\n\t\t\t\t\t\t<span class=\"elementor-button-content-wrapper\">\n\t\t\t\t\t\t\t\t\t<span class=\"elementor-button-text\">Vie au lyc\u00e9e<\/span>\n\t\t\t\t\t<\/span>\n\t\t\t\t\t<\/a>\n\t\t\t\t\t\t\t\t<\/div>\n\t\t\t\t<div class=\"elementor-element elementor-element-da1dedb elementor-widget__width-auto elementor-view-default elementor-widget elementor-widget-icon\" data-id=\"da1dedb\" data-element_type=\"widget\" data-e-type=\"widget\" data-widget_type=\"icon.default\">\n\t\t\t\t\t\t\t<div class=\"elementor-icon-wrapper\">\n\t\t\t<div class=\"elementor-icon\">\n\t\t\t<svg xmlns=\"http:\/\/www.w3.org\/2000\/svg\" width=\"6\" height=\"14\" viewbox=\"0 0 6 14\" fill=\"none\"><path d=\"M5.72337 7.00008L2.1626 0.27417L0.836914 0.976005L4.02612 7.00008L0.836914 13.0242L2.1626 13.726L5.72337 7.00008Z\" fill=\"#383838\"><\/path><\/svg>\t\t\t<\/div>\n\t\t<\/div>\n\t\t\t\t\t\t<\/div>\n\t\t\t\t<div class=\"elementor-element elementor-element-64ed832 elementor-widget elementor-widget-button\" data-id=\"64ed832\" data-element_type=\"widget\" data-e-type=\"widget\" data-widget_type=\"button.default\">\n\t\t\t\t\t\t\t\t\t\t<a class=\"elementor-button elementor-button-link elementor-size-sm\" href=\"#\">\n\t\t\t\t\t\t<span class=\"elementor-button-content-wrapper\">\n\t\t\t\t\t\t\t\t\t<span class=\"elementor-button-text\">Service informatique<\/span>\n\t\t\t\t\t<\/span>\n\t\t\t\t\t<\/a>\n\t\t\t\t\t\t\t\t<\/div>\n\t\t\t\t\t<\/div>\n\t\t\t\t<\/div>\n\t\t<div class=\"elementor-element elementor-element-99a0343 e-flex e-con-boxed e-con e-parent\" data-id=\"99a0343\" data-element_type=\"container\" data-e-type=\"container\">\n\t\t\t\t\t<div class=\"e-con-inner\">\n\t\t<div class=\"elementor-element elementor-element-cc3fc76 e-con-full e-flex e-con e-child\" data-id=\"cc3fc76\" data-element_type=\"container\" data-e-type=\"container\">\n\t\t<div class=\"elementor-element elementor-element-dd0c816 e-flex e-con-boxed e-con e-child\" data-id=\"dd0c816\" data-element_type=\"container\" data-e-type=\"container\">\n\t\t\t\t\t<div class=\"e-con-inner\">\n\t\t\t\t<div class=\"elementor-element elementor-element-2769b0e elementor-widget elementor-widget-heading\" data-id=\"2769b0e\" data-element_type=\"widget\" data-e-type=\"widget\" data-widget_type=\"heading.default\">\n\t\t\t\t\t<h1 class=\"elementor-heading-title elementor-size-default\">Service informatique<\/h1>\t\t\t\t<\/div>\n\t\t\t\t<div class=\"elementor-element elementor-element-cd4bfd6 elementor-widget elementor-widget-text-editor\" data-id=\"cd4bfd6\" data-element_type=\"widget\" data-e-type=\"widget\" data-widget_type=\"text-editor.default\">\n\t\t\t\t\t\t\t\t\t<p>Au LFID, notre d\u00e9partement d'informatique est essentiel au bon fonctionnement de nos activit\u00e9s \u00e9ducatives et administratives. Voici un aper\u00e7u des responsabilit\u00e9s cl\u00e9s adapt\u00e9es au contexte du LFID<\/p>\t\t\t\t\t\t\t\t<\/div>\n\t\t\t\t\t<\/div>\n\t\t\t\t<\/div>\n\t\t\t\t<div class=\"elementor-element elementor-element-dc0a0ae elementor-widget elementor-widget-heading\" data-id=\"dc0a0ae\" data-element_type=\"widget\" data-e-type=\"widget\" data-widget_type=\"heading.default\">\n\t\t\t\t\t<h2 class=\"elementor-heading-title elementor-size-default\">D\u00e9partement informatique<\/h2>\t\t\t\t<\/div>\n\t\t\t\t<\/div>\n\t\t\t\t\t<\/div>\n\t\t\t\t<\/div>\n\t\t<div class=\"elementor-element elementor-element-f78a332 e-flex e-con-boxed e-con e-parent\" data-id=\"f78a332\" data-element_type=\"container\" data-e-type=\"container\">\n\t\t\t\t\t<div class=\"e-con-inner\">\n\t\t<div class=\"elementor-element elementor-element-8026ff9 e-con-full e-flex e-con e-child\" data-id=\"8026ff9\" data-element_type=\"container\" data-e-type=\"container\">\n\t\t\t\t<div class=\"elementor-element elementor-element-c02d096 elementor-widget elementor-widget-heading\" data-id=\"c02d096\" data-element_type=\"widget\" data-e-type=\"widget\" data-widget_type=\"heading.default\">\n\t\t\t\t\t<h4 class=\"elementor-heading-title elementor-size-default\">Infrastructure r\u00e9seau<\/h4>\t\t\t\t<\/div>\n\t\t\t\t<div class=\"elementor-element elementor-element-3b5f92f elementor-widget elementor-widget-text-editor\" data-id=\"3b5f92f\" data-element_type=\"widget\" data-e-type=\"widget\" data-widget_type=\"text-editor.default\">\n\t\t\t\t\t\t\t\t\t<p>Le d\u00e9partement d'informatique con\u00e7oit, met en \u0153uvre et entretient les r\u00e9seaux filaires et sans fil au LFID, assurant une connectivit\u00e9 Internet \u00e0 haut d\u00e9bit et une s\u00e9curit\u00e9 r\u00e9seau robuste.<\/p>\t\t\t\t\t\t\t\t<\/div>\n\t\t\t\t<\/div>\n\t\t<div class=\"elementor-element elementor-element-08f825e e-con-full e-flex e-con e-child\" data-id=\"08f825e\" data-element_type=\"container\" data-e-type=\"container\">\n\t\t\t\t<div class=\"elementor-element elementor-element-ff899d9 elementor-widget elementor-widget-heading\" data-id=\"ff899d9\" data-element_type=\"widget\" data-e-type=\"widget\" data-widget_type=\"heading.default\">\n\t\t\t\t\t<h4 class=\"elementor-heading-title elementor-size-default\">Gestion du mat\u00e9riel et des logiciels<\/h4>\t\t\t\t<\/div>\n\t\t\t\t<div class=\"elementor-element elementor-element-93177ec elementor-widget elementor-widget-text-editor\" data-id=\"93177ec\" data-element_type=\"widget\" data-e-type=\"widget\" data-widget_type=\"text-editor.default\">\n\t\t\t\t\t\t\t\t\t<p>Pour soutenir l'environnement acad\u00e9mique unique au LFID, le d\u00e9partement acquiert, installe et entretient une gamme vari\u00e9e de mat\u00e9riels et logiciels informatiques, comprenant des ordinateurs de bureau, des ordinateurs portables, des serveurs, des imprimantes et des logiciels \u00e9ducatifs.<\/p>\t\t\t\t\t\t\t\t<\/div>\n\t\t\t\t<\/div>\n\t\t<div class=\"elementor-element elementor-element-4e017a4 e-con-full e-flex e-con e-child\" data-id=\"4e017a4\" data-element_type=\"container\" data-e-type=\"container\">\n\t\t\t\t<div class=\"elementor-element elementor-element-fc4b124 elementor-widget elementor-widget-heading\" data-id=\"fc4b124\" data-element_type=\"widget\" data-e-type=\"widget\" data-widget_type=\"heading.default\">\n\t\t\t\t\t<h4 class=\"elementor-heading-title elementor-size-default\">Support utilisateur<\/h4>\t\t\t\t<\/div>\n\t\t\t\t<div class=\"elementor-element elementor-element-3da4831 elementor-widget elementor-widget-text-editor\" data-id=\"3da4831\" data-element_type=\"widget\" data-e-type=\"widget\" data-widget_type=\"text-editor.default\">\n\t\t\t\t\t\t\t\t\t<p>Fournit un support technique personnalis\u00e9, r\u00e9sout les probl\u00e8mes et offre une formation \u00e0 nos enseignants d\u00e9vou\u00e9s, aux \u00e9tudiants et au personnel administratif.<\/p>\t\t\t\t\t\t\t\t<\/div>\n\t\t\t\t<\/div>\n\t\t\t\t\t<\/div>\n\t\t\t\t<\/div>\n\t\t<div class=\"elementor-element elementor-element-d9e390a e-flex e-con-boxed e-con e-parent\" data-id=\"d9e390a\" data-element_type=\"container\" data-e-type=\"container\">\n\t\t\t\t\t<div class=\"e-con-inner\">\n\t\t<div class=\"elementor-element elementor-element-e81f0d0 e-con-full e-flex e-con e-child\" data-id=\"e81f0d0\" data-element_type=\"container\" data-e-type=\"container\">\n\t\t\t\t<div class=\"elementor-element elementor-element-a40f832 elementor-widget elementor-widget-heading\" data-id=\"a40f832\" data-element_type=\"widget\" data-e-type=\"widget\" data-widget_type=\"heading.default\">\n\t\t\t\t\t<h4 class=\"elementor-heading-title elementor-size-default\">Gestion des donn\u00e9es<\/h4>\t\t\t\t<\/div>\n\t\t\t\t<div class=\"elementor-element elementor-element-b6f637f elementor-widget elementor-widget-text-editor\" data-id=\"b6f637f\" data-element_type=\"widget\" data-e-type=\"widget\" data-widget_type=\"text-editor.default\">\n\t\t\t\t\t\t\t\t\t<p>Assure la gestion et la s\u00e9curit\u00e9 des donn\u00e9es du LFID, y compris les comptes de messagerie des \u00e9tudiants, gr\u00e2ce \u00e0 des sauvegardes diligentes, des syst\u00e8mes de r\u00e9cup\u00e9ration et le respect des r\u00e9glementations sur la protection des donn\u00e9es.<\/p>\t\t\t\t\t\t\t\t<\/div>\n\t\t\t\t<\/div>\n\t\t<div class=\"elementor-element elementor-element-99d4811 e-con-full e-flex e-con e-child\" data-id=\"99d4811\" data-element_type=\"container\" data-e-type=\"container\">\n\t\t\t\t<div class=\"elementor-element elementor-element-b67e473 elementor-widget elementor-widget-heading\" data-id=\"b67e473\" data-element_type=\"widget\" data-e-type=\"widget\" data-widget_type=\"heading.default\">\n\t\t\t\t\t<h4 class=\"elementor-heading-title elementor-size-default\">Cybers\u00e9curit\u00e9<\/h4>\t\t\t\t<\/div>\n\t\t\t\t<div class=\"elementor-element elementor-element-4f9ef4c elementor-widget elementor-widget-text-editor\" data-id=\"4f9ef4c\" data-element_type=\"widget\" data-e-type=\"widget\" data-widget_type=\"text-editor.default\">\n\t\t\t\t\t\t\t\t\t<p>Met en place des mesures sp\u00e9cifiques pour prot\u00e9ger l'infrastructure informatique du LFID contre les menaces cybern\u00e9tiques, en mettant l'accent sur la d\u00e9fense contre les logiciels malveillants, les attaques de phishing et les acc\u00e8s non autoris\u00e9s. Le d\u00e9partement d'informatique veille \u00e9galement \u00e0 un environnement num\u00e9rique s\u00e9curis\u00e9, incluant le filtrage du contenu, des identifiants de connexion s\u00e9curis\u00e9s et des protocoles robustes. Des examens r\u00e9guliers abordent de mani\u00e8re proactive les menaces \u00e9mergentes, assurant une am\u00e9lioration continue de notre s\u00e9curit\u00e9 num\u00e9rique.<\/p>\t\t\t\t\t\t\t\t<\/div>\n\t\t\t\t<\/div>\n\t\t\t\t\t<\/div>\n\t\t\t\t<\/div>\n\t\t<div class=\"elementor-element elementor-element-723532e e-flex e-con-boxed e-con e-parent\" data-id=\"723532e\" data-element_type=\"container\" data-e-type=\"container\">\n\t\t\t\t\t<div class=\"e-con-inner\">\n\t\t\t\t<div class=\"elementor-element elementor-element-ea09f94 elementor-widget elementor-widget-heading\" data-id=\"ea09f94\" data-element_type=\"widget\" data-e-type=\"widget\" data-widget_type=\"heading.default\">\n\t\t\t\t\t<h2 class=\"elementor-heading-title elementor-size-default\">Infrastructures et installations<\/h2>\t\t\t\t<\/div>\n\t\t\t\t\t<\/div>\n\t\t\t\t<\/div>\n\t\t<div class=\"elementor-element elementor-element-d5274de e-flex e-con-boxed e-con e-parent\" data-id=\"d5274de\" data-element_type=\"container\" data-e-type=\"container\">\n\t\t\t\t\t<div class=\"e-con-inner\">\n\t\t<div class=\"elementor-element elementor-element-f87ebf4 e-con-full e-flex e-con e-child\" data-id=\"f87ebf4\" data-element_type=\"container\" data-e-type=\"container\">\n\t\t\t\t<div class=\"elementor-element elementor-element-477a5e5 elementor-widget elementor-widget-heading\" data-id=\"477a5e5\" data-element_type=\"widget\" data-e-type=\"widget\" data-widget_type=\"heading.default\">\n\t\t\t\t\t<h4 class=\"elementor-heading-title elementor-size-default\">Laboratoire informatique d\u00e9di\u00e9<\/h4>\t\t\t\t<\/div>\n\t\t\t\t<div class=\"elementor-element elementor-element-71f2213 elementor-widget elementor-widget-text-editor\" data-id=\"71f2213\" data-element_type=\"widget\" data-e-type=\"widget\" data-widget_type=\"text-editor.default\">\n\t\t\t\t\t\t\t\t\t<p>Comprend un laboratoire informatique de pointe \u00e9quip\u00e9 de 16 ordinateurs et d'\u00e9quipements r\u00e9seau d\u00e9di\u00e9s, favorisant un environnement propice \u00e0 des activit\u00e9s pratiques, des exercices de codage et des projets.<\/p>\t\t\t\t\t\t\t\t<\/div>\n\t\t\t\t<\/div>\n\t\t<div class=\"elementor-element elementor-element-485d465 e-con-full e-flex e-con e-child\" data-id=\"485d465\" data-element_type=\"container\" data-e-type=\"container\">\n\t\t\t\t<div class=\"elementor-element elementor-element-c792286 elementor-widget elementor-widget-heading\" data-id=\"c792286\" data-element_type=\"widget\" data-e-type=\"widget\" data-widget_type=\"heading.default\">\n\t\t\t\t\t<h4 class=\"elementor-heading-title elementor-size-default\">Biblioth\u00e8que avec ordinateurs portables<\/h4>\t\t\t\t<\/div>\n\t\t\t\t<div class=\"elementor-element elementor-element-f8776ce elementor-widget elementor-widget-text-editor\" data-id=\"f8776ce\" data-element_type=\"widget\" data-e-type=\"widget\" data-widget_type=\"text-editor.default\">\n\t\t\t\t\t\t\t\t\t<p>Offre aux \u00e9tudiants et aux enseignants des opportunit\u00e9s d'apprentissage flexibles et un acc\u00e8s pratique aux ressources num\u00e9riques.<\/p>\t\t\t\t\t\t\t\t<\/div>\n\t\t\t\t<\/div>\n\t\t<div class=\"elementor-element elementor-element-6441907 e-con-full e-flex e-con e-child\" data-id=\"6441907\" data-element_type=\"container\" data-e-type=\"container\">\n\t\t\t\t<div class=\"elementor-element elementor-element-de130d2 elementor-widget elementor-widget-heading\" data-id=\"de130d2\" data-element_type=\"widget\" data-e-type=\"widget\" data-widget_type=\"heading.default\">\n\t\t\t\t\t<h4 class=\"elementor-heading-title elementor-size-default\">Technologie en classe<\/h4>\t\t\t\t<\/div>\n\t\t\t\t<div class=\"elementor-element elementor-element-23fa693 elementor-widget elementor-widget-text-editor\" data-id=\"23fa693\" data-element_type=\"widget\" data-e-type=\"widget\" data-widget_type=\"text-editor.default\">\n\t\t\t\t\t\t\t\t\t<p data-pm-slice=\"0 0 []\">Chaque classe du LFID est \u00e9quip\u00e9e d'au moins un ordinateur et d'un projecteur, permettant aux enseignants de proposer des pr\u00e9sentations dynamiques et multim\u00e9dias ainsi que des le\u00e7ons interactives. Les ordinateurs du LFID disposent d'une s\u00e9lection soigneusement choisie de logiciels \u00e9ducatifs adapt\u00e9s \u00e0 notre programme, couvrant une vari\u00e9t\u00e9 de mati\u00e8res et de styles d'apprentissage.<\/p>\t\t\t\t\t\t\t\t<\/div>\n\t\t\t\t<\/div>\n\t\t\t\t\t<\/div>\n\t\t\t\t<\/div>\n\t\t\t\t<\/div>","protected":false},"excerpt":{"rendered":"<p>Home Campus Life IT Services IT Services At LFID, our Information Technology (IT) Department is integral to the seamless operation of our educational and administrative functions. Here&#8217;s an overview of the key responsibilities tailored to LFID&#8217;s context: Overview of the IT Department Network Infrastructure The IT department designs, implements, and maintains LFID&#8217;s wired and wireless [&hellip;]<\/p>\n","protected":false},"author":2,"featured_media":0,"parent":0,"menu_order":0,"comment_status":"closed","ping_status":"closed","template":"elementor_header_footer","meta":{"_seopress_robots_primary_cat":"","_seopress_titles_title":"","_seopress_titles_desc":"","_seopress_robots_index":"","footnotes":""},"class_list":["post-2542","page","type-page","status-publish","hentry"],"_links":{"self":[{"href":"https:\/\/lfidelhi.org\/fr\/wp-json\/wp\/v2\/pages\/2542","targetHints":{"allow":["GET"]}}],"collection":[{"href":"https:\/\/lfidelhi.org\/fr\/wp-json\/wp\/v2\/pages"}],"about":[{"href":"https:\/\/lfidelhi.org\/fr\/wp-json\/wp\/v2\/types\/page"}],"author":[{"embeddable":true,"href":"https:\/\/lfidelhi.org\/fr\/wp-json\/wp\/v2\/users\/2"}],"replies":[{"embeddable":true,"href":"https:\/\/lfidelhi.org\/fr\/wp-json\/wp\/v2\/comments?post=2542"}],"version-history":[{"count":40,"href":"https:\/\/lfidelhi.org\/fr\/wp-json\/wp\/v2\/pages\/2542\/revisions"}],"predecessor-version":[{"id":6890,"href":"https:\/\/lfidelhi.org\/fr\/wp-json\/wp\/v2\/pages\/2542\/revisions\/6890"}],"wp:attachment":[{"href":"https:\/\/lfidelhi.org\/fr\/wp-json\/wp\/v2\/media?parent=2542"}],"curies":[{"name":"wp","href":"https:\/\/api.w.org\/{rel}","templated":true}]}}