{"id":2559,"date":"2024-06-05T10:43:06","date_gmt":"2024-06-05T10:43:06","guid":{"rendered":"https:\/\/lfidelhi.org\/?page_id=2559"},"modified":"2024-09-27T14:26:13","modified_gmt":"2024-09-27T08:56:13","slug":"cantine","status":"publish","type":"page","link":"https:\/\/lfidelhi.org\/fr\/cantine\/","title":{"rendered":"Cantine"},"content":{"rendered":"<div data-elementor-type=\"wp-page\" data-elementor-id=\"2559\" class=\"elementor elementor-2559\" data-elementor-post-type=\"page\">\n\t\t\t\t<div class=\"elementor-element elementor-element-abcba49 overflow-hidden e-flex e-con-boxed e-con e-parent\" data-id=\"abcba49\" data-element_type=\"container\" data-e-type=\"container\" data-settings=\"{&quot;background_background&quot;:&quot;classic&quot;}\">\n\t\t\t\t\t<div class=\"e-con-inner\">\n\t\t\t\t\t<\/div>\n\t\t\t\t<\/div>\n\t\t<div class=\"elementor-element elementor-element-f745983 e-flex e-con-boxed e-con e-parent\" data-id=\"f745983\" data-element_type=\"container\" data-e-type=\"container\">\n\t\t\t\t\t<div class=\"e-con-inner\">\n\t\t\t\t<div class=\"elementor-element elementor-element-7846f79 elementor-widget elementor-widget-button\" data-id=\"7846f79\" data-element_type=\"widget\" data-e-type=\"widget\" data-widget_type=\"button.default\">\n\t\t\t\t\t\t\t\t\t\t<a class=\"elementor-button elementor-button-link elementor-size-sm\" href=\"https:\/\/lfidelhi.org\/fr\">\n\t\t\t\t\t\t<span class=\"elementor-button-content-wrapper\">\n\t\t\t\t\t\t\t\t\t<span class=\"elementor-button-text\">Accueil<\/span>\n\t\t\t\t\t<\/span>\n\t\t\t\t\t<\/a>\n\t\t\t\t\t\t\t\t<\/div>\n\t\t\t\t<div class=\"elementor-element elementor-element-4830458 elementor-widget__width-auto elementor-view-default elementor-widget elementor-widget-icon\" data-id=\"4830458\" data-element_type=\"widget\" data-e-type=\"widget\" data-widget_type=\"icon.default\">\n\t\t\t\t\t\t\t<div class=\"elementor-icon-wrapper\">\n\t\t\t<div class=\"elementor-icon\">\n\t\t\t<svg xmlns=\"http:\/\/www.w3.org\/2000\/svg\" width=\"6\" height=\"14\" viewbox=\"0 0 6 14\" fill=\"none\"><path d=\"M5.72337 7.00008L2.1626 0.27417L0.836914 0.976005L4.02612 7.00008L0.836914 13.0242L2.1626 13.726L5.72337 7.00008Z\" fill=\"#383838\"><\/path><\/svg>\t\t\t<\/div>\n\t\t<\/div>\n\t\t\t\t\t\t<\/div>\n\t\t\t\t<div class=\"elementor-element elementor-element-e2f01fa elementor-widget elementor-widget-button\" data-id=\"e2f01fa\" data-element_type=\"widget\" data-e-type=\"widget\" data-widget_type=\"button.default\">\n\t\t\t\t\t\t\t\t\t\t<a class=\"elementor-button elementor-button-link elementor-size-sm\" href=\"#\">\n\t\t\t\t\t\t<span class=\"elementor-button-content-wrapper\">\n\t\t\t\t\t\t\t\t\t<span class=\"elementor-button-text\">Vie au lyc\u00e9e<\/span>\n\t\t\t\t\t<\/span>\n\t\t\t\t\t<\/a>\n\t\t\t\t\t\t\t\t<\/div>\n\t\t\t\t<div class=\"elementor-element elementor-element-8001485 elementor-widget__width-auto elementor-view-default elementor-widget elementor-widget-icon\" data-id=\"8001485\" data-element_type=\"widget\" data-e-type=\"widget\" data-widget_type=\"icon.default\">\n\t\t\t\t\t\t\t<div class=\"elementor-icon-wrapper\">\n\t\t\t<div class=\"elementor-icon\">\n\t\t\t<svg xmlns=\"http:\/\/www.w3.org\/2000\/svg\" width=\"6\" height=\"14\" viewbox=\"0 0 6 14\" fill=\"none\"><path d=\"M5.72337 7.00008L2.1626 0.27417L0.836914 0.976005L4.02612 7.00008L0.836914 13.0242L2.1626 13.726L5.72337 7.00008Z\" fill=\"#383838\"><\/path><\/svg>\t\t\t<\/div>\n\t\t<\/div>\n\t\t\t\t\t\t<\/div>\n\t\t\t\t<div class=\"elementor-element elementor-element-ef06971 elementor-widget elementor-widget-button\" data-id=\"ef06971\" data-element_type=\"widget\" data-e-type=\"widget\" data-widget_type=\"button.default\">\n\t\t\t\t\t\t\t\t\t\t<a class=\"elementor-button elementor-button-link elementor-size-sm\" href=\"#\">\n\t\t\t\t\t\t<span class=\"elementor-button-content-wrapper\">\n\t\t\t\t\t\t\t\t\t<span class=\"elementor-button-text\">Cantine<\/span>\n\t\t\t\t\t<\/span>\n\t\t\t\t\t<\/a>\n\t\t\t\t\t\t\t\t<\/div>\n\t\t\t\t\t<\/div>\n\t\t\t\t<\/div>\n\t\t<div class=\"elementor-element elementor-element-2013905 e-flex e-con-boxed e-con e-parent\" data-id=\"2013905\" data-element_type=\"container\" data-e-type=\"container\">\n\t\t\t\t\t<div class=\"e-con-inner\">\n\t\t<div class=\"elementor-element elementor-element-6567434 e-con-full e-flex e-con e-child\" data-id=\"6567434\" data-element_type=\"container\" data-e-type=\"container\">\n\t\t\t\t<div class=\"elementor-element elementor-element-a7fc07c elementor-widget elementor-widget-heading\" data-id=\"a7fc07c\" data-element_type=\"widget\" data-e-type=\"widget\" data-widget_type=\"heading.default\">\n\t\t\t\t\t<h1 class=\"elementor-heading-title elementor-size-default\">Cantine<\/h1>\t\t\t\t<\/div>\n\t\t\t\t<div class=\"elementor-element elementor-element-054e2b8 elementor-widget elementor-widget-text-editor\" data-id=\"054e2b8\" data-element_type=\"widget\" data-e-type=\"widget\" data-widget_type=\"text-editor.default\">\n\t\t\t\t\t\t\t\t\t<p>La cantine du Lyc\u00e9e Fran\u00e7ais International de Delhi est un espace central de l\u2019\u00e9tablissement. Situ\u00e9e entre les deux terrains de sport, elle offre un cadre chaleureux et lumineux pour les repas. <br \/>Les enfants trouveront sur leurs plateaux repas un menu cuisin\u00e9 exclusivement avec des produits frais et constitu\u00e9 d\u2019une entr\u00e9e de crudit\u00e9s, de l\u00e9gumes avec des f\u00e9culents, de prot\u00e9ines, d\u2019un laitage et d\u2019un dessert. Nous mettons notre priorit\u00e9 sur l\u2019\u00e9quilibre alimentaire et les besoins en fonction des saisons. <br \/>Les produits consid\u00e9r\u00e9s en Inde comme \u00ab \u00e0 risque \u00bb (tels que le poisson ou le porc) ou \u00ab import\u00e9s \u00bb donc trop chers ne sont pas propos\u00e9s. Tout au long de l\u2019ann\u00e9e des expositions et des animations y sont effectu\u00e9s afin de lier la d\u00e9tente et la culture.<\/p>\t\t\t\t\t\t\t\t<\/div>\n\t\t\t\t<\/div>\n\t\t<div class=\"elementor-element elementor-element-c6d844c e-con-full e-flex e-con e-child\" data-id=\"c6d844c\" data-element_type=\"container\" data-e-type=\"container\">\n\t\t\t\t<div class=\"elementor-element elementor-element-b6d08ec imgcaro-pagination elementor-pagination-position-outside elementor-widget elementor-widget-image-carousel\" data-id=\"b6d08ec\" data-element_type=\"widget\" data-e-type=\"widget\" data-settings=\"{&quot;slides_to_show&quot;:&quot;1&quot;,&quot;navigation&quot;:&quot;dots&quot;,&quot;autoplay&quot;:&quot;yes&quot;,&quot;pause_on_hover&quot;:&quot;yes&quot;,&quot;pause_on_interaction&quot;:&quot;yes&quot;,&quot;autoplay_speed&quot;:5000,&quot;infinite&quot;:&quot;yes&quot;,&quot;effect&quot;:&quot;slide&quot;,&quot;speed&quot;:500}\" data-widget_type=\"image-carousel.default\">\n\t\t\t\t\t\t\t<div class=\"elementor-image-carousel-wrapper swiper\" role=\"region\" aria-roledescription=\"carousel\" aria-label=\"Carrousel d\u2019images\" dir=\"ltr\">\n\t\t\t<div class=\"elementor-image-carousel swiper-wrapper\" aria-live=\"off\">\n\t\t\t\t\t\t\t\t<div class=\"swiper-slide\" role=\"group\" aria-roledescription=\"slide\" aria-label=\"1 sur 3\"><figure class=\"swiper-slide-inner\"><img decoding=\"async\" class=\"swiper-slide-image\" src=\"https:\/\/lfidelhi.org\/wp-content\/uploads\/2024\/06\/IMG_8299-2-min.jpg\" alt=\"IMG_8299-2-min\" \/><\/figure><\/div><div class=\"swiper-slide\" role=\"group\" aria-roledescription=\"slide\" aria-label=\"2 sur 3\"><figure class=\"swiper-slide-inner\"><img decoding=\"async\" class=\"swiper-slide-image\" src=\"https:\/\/lfidelhi.org\/wp-content\/uploads\/2024\/06\/IMG_8287-min.jpg\" alt=\"IMG_8287-min\" \/><\/figure><\/div><div class=\"swiper-slide\" role=\"group\" aria-roledescription=\"slide\" aria-label=\"3 sur 3\"><figure class=\"swiper-slide-inner\"><img decoding=\"async\" class=\"swiper-slide-image\" src=\"https:\/\/lfidelhi.org\/wp-content\/uploads\/2024\/06\/IMG_8390-min.jpg\" alt=\"IMG_8390-min\" \/><\/figure><\/div>\t\t\t<\/div>\n\t\t\t\t\t\t\t\n\t\t\t\t\t\t\t\t\t<div class=\"swiper-pagination\"><\/div>\n\t\t\t\t\t\t\t\t\t<\/div>\n\t\t\t\t\t\t<\/div>\n\t\t\t\t<\/div>\n\t\t\t\t\t<\/div>\n\t\t\t\t<\/div>\n\t\t<div class=\"elementor-element elementor-element-93e61e2 e-flex e-con-boxed e-con e-parent\" data-id=\"93e61e2\" data-element_type=\"container\" data-e-type=\"container\" data-settings=\"{&quot;background_background&quot;:&quot;classic&quot;}\">\n\t\t\t\t\t<div class=\"e-con-inner\">\n\t\t<div class=\"elementor-element elementor-element-a0b2e39 e-con-full e-flex e-con e-child\" data-id=\"a0b2e39\" data-element_type=\"container\" data-e-type=\"container\">\n\t\t\t\t<div class=\"elementor-element elementor-element-6e909eb elementor-widget elementor-widget-heading\" data-id=\"6e909eb\" data-element_type=\"widget\" data-e-type=\"widget\" data-widget_type=\"heading.default\">\n\t\t\t\t\t<h2 class=\"elementor-heading-title elementor-size-default\">Notre prestataire<\/h2>\t\t\t\t<\/div>\n\t\t\t\t<div class=\"elementor-element elementor-element-81fec09 elementor-widget elementor-widget-text-editor\" data-id=\"81fec09\" data-element_type=\"widget\" data-e-type=\"widget\" data-widget_type=\"text-editor.default\">\n\t\t\t\t\t\t\t\t\t<p>La cantine est g\u00e9r\u00e9e par le Lyc\u00e9e Fran\u00e7ais International de Delhi assist\u00e9 par la commission cantine, constitu\u00e9e de parents d\u2019\u00e9l\u00e8ves b\u00e9n\u00e9voles. Le personnel du LFID assure la surveillance des services successifs dans le r\u00e9fectoire.<\/p><p>Victor et l\u2019\u00e9quipe de Bon App\u00e9tit est notre prestataire cantine depuis septembre 2014. Ils sont aux commandes de la cuisine et de l\u2019\u00e9laboration des repas des \u00e9l\u00e8ves du LFID. Les \u00e9tapes majeures de pr\u00e9paration, comme le nettoyage des l\u00e9gumes et la pr\u00e9-cuisson se font dans la cuisine principale bas\u00e9e \u00e0 Chattarpur. Les derni\u00e8res \u00e9tapes de pr\u00e9paration des plats est fait au sein m\u00eame de l\u2019\u00e9tablissement.<\/p><p>L\u2019\u00e9quipe de Bon App\u00e9tit a \u00e9t\u00e9 s\u00e9lectionn\u00e9e et retenue lors des tests en situation effectu\u00e9s en juin 2014 dans le cadre de l\u2019appel d\u2019offres pour le choix d\u2019un nouveau prestataire de restauration. La qualit\u00e9 gustative de sa cuisine internationale et des normes d\u2019hygi\u00e8ne tr\u00e8s satisfaisantes ont \u00e9t\u00e9 particuli\u00e8rement appr\u00e9ci\u00e9es lors de cette s\u00e9lection.<\/p>\t\t\t\t\t\t\t\t<\/div>\n\t\t\t\t<\/div>\n\t\t<div class=\"elementor-element elementor-element-4b423d4 e-con-full e-flex e-con e-child\" data-id=\"4b423d4\" data-element_type=\"container\" data-e-type=\"container\">\n\t\t\t\t<div class=\"elementor-element elementor-element-1d48f7a elementor-widget elementor-widget-image\" data-id=\"1d48f7a\" data-element_type=\"widget\" data-e-type=\"widget\" data-widget_type=\"image.default\">\n\t\t\t\t\t\t\t\t\t\t\t\t\t\t\t<img fetchpriority=\"high\" decoding=\"async\" width=\"800\" height=\"534\" src=\"https:\/\/lfidelhi.org\/wp-content\/uploads\/2024\/07\/DSC_7138-min-1024x683.jpg\" class=\"attachment-large size-large wp-image-6058\" alt=\"\" srcset=\"https:\/\/lfidelhi.org\/wp-content\/uploads\/2024\/07\/DSC_7138-min-1024x683.jpg 1024w, https:\/\/lfidelhi.org\/wp-content\/uploads\/2024\/07\/DSC_7138-min-300x200.jpg 300w, https:\/\/lfidelhi.org\/wp-content\/uploads\/2024\/07\/DSC_7138-min-768x512.jpg 768w, https:\/\/lfidelhi.org\/wp-content\/uploads\/2024\/07\/DSC_7138-min-1536x1024.jpg 1536w, https:\/\/lfidelhi.org\/wp-content\/uploads\/2024\/07\/DSC_7138-min-18x12.jpg 18w, https:\/\/lfidelhi.org\/wp-content\/uploads\/2024\/07\/DSC_7138-min.jpg 2048w\" sizes=\"(max-width: 800px) 100vw, 800px\" \/>\t\t\t\t\t\t\t\t\t\t\t\t\t\t\t<\/div>\n\t\t\t\t<\/div>\n\t\t\t\t\t<\/div>\n\t\t\t\t<\/div>\n\t\t<div class=\"elementor-element elementor-element-9782979 e-flex e-con-boxed e-con e-parent\" data-id=\"9782979\" data-element_type=\"container\" data-e-type=\"container\" data-settings=\"{&quot;background_background&quot;:&quot;classic&quot;}\">\n\t\t\t\t\t<div class=\"e-con-inner\">\n\t\t<div class=\"elementor-element elementor-element-93a1282 e-con-full e-flex e-con e-child\" data-id=\"93a1282\" data-element_type=\"container\" data-e-type=\"container\">\n\t\t\t\t<div class=\"elementor-element elementor-element-f344abe elementor-widget elementor-widget-heading\" data-id=\"f344abe\" data-element_type=\"widget\" data-e-type=\"widget\" data-widget_type=\"heading.default\">\n\t\t\t\t\t<h4 class=\"elementor-heading-title elementor-size-default\">L\u2019\u00e9ducation nutritionnelle et l\u2019\u00e9ducation au go\u00fbt<\/h4>\t\t\t\t<\/div>\n\t\t\t\t<div class=\"elementor-element elementor-element-494ba25 elementor-widget elementor-widget-text-editor\" data-id=\"494ba25\" data-element_type=\"widget\" data-e-type=\"widget\" data-widget_type=\"text-editor.default\">\n\t\t\t\t\t\t\t\t\t<p>L\u2019\u00e9ducation nutritionnelle \u00e0 l\u2019\u00e9cole doit \u00eatre reli\u00e9e \u00e0 la vie sociale et tenir compte de la diversit\u00e9 des mod\u00e8les dans les diff\u00e9rentes cultures. Le go\u00fbt s\u2019apprend, s\u2019\u00e9duque, s\u2019acquiert dans le temps.<\/p><p>La cantine est donc le lieu de nombreuses activit\u00e9s organis\u00e9es soit par la responsable cantine, soit par les professeurs:<\/p><p>S\u00e9ance de cuisine<br \/>Organisation d\u2019animations dans le cadre d\u2019ateliers de d\u00e9couverte<br \/>Repas \u00e0 th\u00e8mes<br \/>Semaine \u00e0 th\u00e8mes<br \/>Promotion des produits de bonne qualit\u00e9<\/p>\t\t\t\t\t\t\t\t<\/div>\n\t\t\t\t<\/div>\n\t\t<div class=\"elementor-element elementor-element-2e9e916 e-con-full e-flex e-con e-child\" data-id=\"2e9e916\" data-element_type=\"container\" data-e-type=\"container\">\n\t\t\t\t<div class=\"elementor-element elementor-element-75cf7a8 elementor-widget elementor-widget-heading\" data-id=\"75cf7a8\" data-element_type=\"widget\" data-e-type=\"widget\" data-widget_type=\"heading.default\">\n\t\t\t\t\t<h4 class=\"elementor-heading-title elementor-size-default\">Les allergies alimentaires<\/h4>\t\t\t\t<\/div>\n\t\t\t\t<div class=\"elementor-element elementor-element-299988e elementor-widget elementor-widget-text-editor\" data-id=\"299988e\" data-element_type=\"widget\" data-e-type=\"widget\" data-widget_type=\"text-editor.default\">\n\t\t\t\t\t\t\t\t\t<p>Si votre enfant est confront\u00e9 \u00e0 une allergie alimentaire, ou doit suivre un r\u00e9gime particulier (sans gluten, sans viande etc) nous vous demandons de contacter le directeur et de remplir un projet d\u2019accueil individualis\u00e9 transmis \u00e0 l\u2019infirmi\u00e8re. Seuls les \u00e9l\u00e8ves avec une d\u00e9rogation sp\u00e9ciale auront l\u2019autorisation d\u2019emmener un panier repas (voir les conditions avec la responsable cantine).<\/p>\t\t\t\t\t\t\t\t<\/div>\n\t\t\t\t<\/div>\n\t\t\t\t\t<\/div>\n\t\t\t\t<\/div>\n\t\t<div class=\"elementor-element elementor-element-ae1526a e-flex e-con-boxed e-con e-parent\" data-id=\"ae1526a\" data-element_type=\"container\" data-e-type=\"container\">\n\t\t\t\t\t<div class=\"e-con-inner\">\n\t\t\t\t<div class=\"elementor-element elementor-element-dc45893 elementor-widget elementor-widget-heading\" data-id=\"dc45893\" data-element_type=\"widget\" data-e-type=\"widget\" data-widget_type=\"heading.default\">\n\t\t\t\t\t<h2 class=\"elementor-heading-title elementor-size-default\">Activit\u00e9s des \u00e9l\u00e8ves<\/h2>\t\t\t\t<\/div>\n\t\t\t\t<div class=\"elementor-element elementor-element-93ce9dd image-caro-effect elementor-arrows-position-outside elementor-widget elementor-widget-image-carousel\" data-id=\"93ce9dd\" data-element_type=\"widget\" data-e-type=\"widget\" data-settings=\"{&quot;slides_to_show&quot;:&quot;3&quot;,&quot;slides_to_show_tablet&quot;:&quot;3&quot;,&quot;slides_to_show_mobile&quot;:&quot;1&quot;,&quot;navigation&quot;:&quot;arrows&quot;,&quot;autoplay&quot;:&quot;yes&quot;,&quot;pause_on_hover&quot;:&quot;yes&quot;,&quot;pause_on_interaction&quot;:&quot;yes&quot;,&quot;autoplay_speed&quot;:5000,&quot;infinite&quot;:&quot;yes&quot;,&quot;speed&quot;:500,&quot;image_spacing_custom&quot;:{&quot;unit&quot;:&quot;px&quot;,&quot;size&quot;:20,&quot;sizes&quot;:[]},&quot;image_spacing_custom_tablet&quot;:{&quot;unit&quot;:&quot;px&quot;,&quot;size&quot;:&quot;&quot;,&quot;sizes&quot;:[]}}\" data-widget_type=\"image-carousel.default\">\n\t\t\t\t\t\t\t<div class=\"elementor-image-carousel-wrapper swiper\" role=\"region\" aria-roledescription=\"carousel\" aria-label=\"Carrousel d\u2019images\" dir=\"ltr\">\n\t\t\t<div class=\"elementor-image-carousel swiper-wrapper\" aria-live=\"off\">\n\t\t\t\t\t\t\t\t<div class=\"swiper-slide\" role=\"group\" aria-roledescription=\"slide\" aria-label=\"1 sur 6\"><figure class=\"swiper-slide-inner\"><img decoding=\"async\" class=\"swiper-slide-image\" src=\"https:\/\/lfidelhi.org\/wp-content\/uploads\/2024\/06\/DSC6015-min.jpg\" alt=\"_DSC6015-min\" \/><\/figure><\/div><div class=\"swiper-slide\" role=\"group\" aria-roledescription=\"slide\" aria-label=\"2 sur 6\"><figure class=\"swiper-slide-inner\"><img decoding=\"async\" class=\"swiper-slide-image\" src=\"https:\/\/lfidelhi.org\/wp-content\/uploads\/2024\/06\/DSC6670-min.jpg\" alt=\"_DSC6670-min\" \/><\/figure><\/div><div class=\"swiper-slide\" role=\"group\" aria-roledescription=\"slide\" aria-label=\"3 sur 6\"><figure class=\"swiper-slide-inner\"><img decoding=\"async\" class=\"swiper-slide-image\" src=\"https:\/\/lfidelhi.org\/wp-content\/uploads\/2024\/06\/DSC6749-min.jpg\" alt=\"_DSC6749-min\" \/><\/figure><\/div><div class=\"swiper-slide\" role=\"group\" aria-roledescription=\"slide\" aria-label=\"4 sur 6\"><figure class=\"swiper-slide-inner\"><img decoding=\"async\" class=\"swiper-slide-image\" src=\"https:\/\/lfidelhi.org\/wp-content\/uploads\/2024\/06\/DSC6803-min.jpg\" alt=\"_DSC6803-min\" \/><\/figure><\/div><div class=\"swiper-slide\" role=\"group\" aria-roledescription=\"slide\" aria-label=\"5 sur 6\"><figure class=\"swiper-slide-inner\"><img decoding=\"async\" class=\"swiper-slide-image\" src=\"https:\/\/lfidelhi.org\/wp-content\/uploads\/2024\/06\/DSC5935-min.jpg\" alt=\"_DSC5935-min\" \/><\/figure><\/div><div class=\"swiper-slide\" role=\"group\" aria-roledescription=\"slide\" aria-label=\"6 sur 6\"><figure class=\"swiper-slide-inner\"><img decoding=\"async\" class=\"swiper-slide-image\" src=\"https:\/\/lfidelhi.org\/wp-content\/uploads\/2024\/06\/DSC5975-min.jpg\" alt=\"_DSC5975-min\" \/><\/figure><\/div>\t\t\t<\/div>\n\t\t\t\t\t\t\t\t\t\t\t\t<div class=\"elementor-swiper-button elementor-swiper-button-prev\" role=\"button\" tabindex=\"0\">\n\t\t\t\t\t\t<svg xmlns=\"http:\/\/www.w3.org\/2000\/svg\" width=\"13\" height=\"34\" viewbox=\"0 0 13 34\" fill=\"none\"><path d=\"M0.34243 17L9.04655 0.558838L12.2871 2.27443L4.49126 17L12.2871 31.7255L9.04655 33.4411L0.34243 17Z\" fill=\"#EB611B\"><\/path><\/svg>\t\t\t\t\t<\/div>\n\t\t\t\t\t<div class=\"elementor-swiper-button elementor-swiper-button-next\" role=\"button\" tabindex=\"0\">\n\t\t\t\t\t\t<svg xmlns=\"http:\/\/www.w3.org\/2000\/svg\" width=\"13\" height=\"34\" viewbox=\"0 0 13 34\" fill=\"none\"><path d=\"M12.6576 17L3.95345 0.558838L0.712891 2.27443L8.50874 17L0.712891 31.7255L3.95345 33.4411L12.6576 17Z\" fill=\"#EB611B\"><\/path><\/svg>\t\t\t\t\t<\/div>\n\t\t\t\t\n\t\t\t\t\t\t\t\t\t<\/div>\n\t\t\t\t\t\t<\/div>\n\t\t\t\t\t<\/div>\n\t\t\t\t<\/div>\n\t\t\t\t<\/div>","protected":false},"excerpt":{"rendered":"<p>Home Campus Life Canteen Canteen The canteen of the Lyc\u00e9e Fran\u00e7ais International de Delhi is a central space in the establishment. Located between the two sports fields, it provides a warm and bright setting for meals. Children will find on their trays a menu exclusively prepared with fresh products, consisting of a salad starter, vegetables [&hellip;]<\/p>\n","protected":false},"author":2,"featured_media":0,"parent":0,"menu_order":0,"comment_status":"closed","ping_status":"closed","template":"elementor_header_footer","meta":{"_seopress_robots_primary_cat":"","_seopress_titles_title":"","_seopress_titles_desc":"","_seopress_robots_index":"","footnotes":""},"class_list":["post-2559","page","type-page","status-publish","hentry"],"_links":{"self":[{"href":"https:\/\/lfidelhi.org\/fr\/wp-json\/wp\/v2\/pages\/2559","targetHints":{"allow":["GET"]}}],"collection":[{"href":"https:\/\/lfidelhi.org\/fr\/wp-json\/wp\/v2\/pages"}],"about":[{"href":"https:\/\/lfidelhi.org\/fr\/wp-json\/wp\/v2\/types\/page"}],"author":[{"embeddable":true,"href":"https:\/\/lfidelhi.org\/fr\/wp-json\/wp\/v2\/users\/2"}],"replies":[{"embeddable":true,"href":"https:\/\/lfidelhi.org\/fr\/wp-json\/wp\/v2\/comments?post=2559"}],"version-history":[{"count":94,"href":"https:\/\/lfidelhi.org\/fr\/wp-json\/wp\/v2\/pages\/2559\/revisions"}],"predecessor-version":[{"id":6882,"href":"https:\/\/lfidelhi.org\/fr\/wp-json\/wp\/v2\/pages\/2559\/revisions\/6882"}],"wp:attachment":[{"href":"https:\/\/lfidelhi.org\/fr\/wp-json\/wp\/v2\/media?parent=2559"}],"curies":[{"name":"wp","href":"https:\/\/api.w.org\/{rel}","templated":true}]}}