{"id":2771,"date":"2024-06-11T06:02:26","date_gmt":"2024-06-11T06:02:26","guid":{"rendered":"https:\/\/lfidelhi.org\/?page_id=2771"},"modified":"2024-12-13T13:32:26","modified_gmt":"2024-12-13T08:02:26","slug":"library","status":"publish","type":"page","link":"https:\/\/lfidelhi.org\/fr\/library\/","title":{"rendered":"Biblioth\u00e8que"},"content":{"rendered":"<div data-elementor-type=\"wp-page\" data-elementor-id=\"2771\" class=\"elementor elementor-2771\" data-elementor-post-type=\"page\">\n\t\t\t\t<div class=\"elementor-element elementor-element-23a7c83 overflow-hidden e-flex e-con-boxed e-con e-parent\" data-id=\"23a7c83\" data-element_type=\"container\" data-e-type=\"container\" data-settings=\"{&quot;background_background&quot;:&quot;classic&quot;}\">\n\t\t\t\t\t<div class=\"e-con-inner\">\n\t\t\t\t\t<\/div>\n\t\t\t\t<\/div>\n\t\t<div class=\"elementor-element elementor-element-dcc2391 e-flex e-con-boxed e-con e-parent\" data-id=\"dcc2391\" data-element_type=\"container\" data-e-type=\"container\">\n\t\t\t\t\t<div class=\"e-con-inner\">\n\t\t\t\t<div class=\"elementor-element elementor-element-ab3f180 elementor-widget elementor-widget-button\" data-id=\"ab3f180\" data-element_type=\"widget\" data-e-type=\"widget\" data-widget_type=\"button.default\">\n\t\t\t\t\t\t\t\t\t\t<a class=\"elementor-button elementor-button-link elementor-size-sm\" href=\"https:\/\/lfidelhi.org\/fr\">\n\t\t\t\t\t\t<span class=\"elementor-button-content-wrapper\">\n\t\t\t\t\t\t\t\t\t<span class=\"elementor-button-text\">Accueil<\/span>\n\t\t\t\t\t<\/span>\n\t\t\t\t\t<\/a>\n\t\t\t\t\t\t\t\t<\/div>\n\t\t\t\t<div class=\"elementor-element elementor-element-e86f673 elementor-widget__width-auto elementor-view-default elementor-widget elementor-widget-icon\" data-id=\"e86f673\" data-element_type=\"widget\" data-e-type=\"widget\" data-widget_type=\"icon.default\">\n\t\t\t\t\t\t\t<div class=\"elementor-icon-wrapper\">\n\t\t\t<div class=\"elementor-icon\">\n\t\t\t<svg xmlns=\"http:\/\/www.w3.org\/2000\/svg\" width=\"6\" height=\"14\" viewbox=\"0 0 6 14\" fill=\"none\"><path d=\"M5.72337 7.00008L2.1626 0.27417L0.836914 0.976005L4.02612 7.00008L0.836914 13.0242L2.1626 13.726L5.72337 7.00008Z\" fill=\"#383838\"><\/path><\/svg>\t\t\t<\/div>\n\t\t<\/div>\n\t\t\t\t\t\t<\/div>\n\t\t\t\t<div class=\"elementor-element elementor-element-2dd506d elementor-widget elementor-widget-button\" data-id=\"2dd506d\" data-element_type=\"widget\" data-e-type=\"widget\" data-widget_type=\"button.default\">\n\t\t\t\t\t\t\t\t\t\t<a class=\"elementor-button elementor-button-link elementor-size-sm\" href=\"#\">\n\t\t\t\t\t\t<span class=\"elementor-button-content-wrapper\">\n\t\t\t\t\t\t\t\t\t<span class=\"elementor-button-text\">Vie au lyc\u00e9e<\/span>\n\t\t\t\t\t<\/span>\n\t\t\t\t\t<\/a>\n\t\t\t\t\t\t\t\t<\/div>\n\t\t\t\t<div class=\"elementor-element elementor-element-7a24cb7 elementor-widget__width-auto elementor-view-default elementor-widget elementor-widget-icon\" data-id=\"7a24cb7\" data-element_type=\"widget\" data-e-type=\"widget\" data-widget_type=\"icon.default\">\n\t\t\t\t\t\t\t<div class=\"elementor-icon-wrapper\">\n\t\t\t<div class=\"elementor-icon\">\n\t\t\t<svg xmlns=\"http:\/\/www.w3.org\/2000\/svg\" width=\"6\" height=\"14\" viewbox=\"0 0 6 14\" fill=\"none\"><path d=\"M5.72337 7.00008L2.1626 0.27417L0.836914 0.976005L4.02612 7.00008L0.836914 13.0242L2.1626 13.726L5.72337 7.00008Z\" fill=\"#383838\"><\/path><\/svg>\t\t\t<\/div>\n\t\t<\/div>\n\t\t\t\t\t\t<\/div>\n\t\t\t\t<div class=\"elementor-element elementor-element-502bbe0 elementor-widget elementor-widget-button\" data-id=\"502bbe0\" data-element_type=\"widget\" data-e-type=\"widget\" data-widget_type=\"button.default\">\n\t\t\t\t\t\t\t\t\t\t<a class=\"elementor-button elementor-button-link elementor-size-sm\" href=\"#\">\n\t\t\t\t\t\t<span class=\"elementor-button-content-wrapper\">\n\t\t\t\t\t\t\t\t\t<span class=\"elementor-button-text\">Biblioth\u00e8que<\/span>\n\t\t\t\t\t<\/span>\n\t\t\t\t\t<\/a>\n\t\t\t\t\t\t\t\t<\/div>\n\t\t\t\t\t<\/div>\n\t\t\t\t<\/div>\n\t\t<div class=\"elementor-element elementor-element-c6a5341 e-flex e-con-boxed e-con e-parent\" data-id=\"c6a5341\" data-element_type=\"container\" data-e-type=\"container\">\n\t\t\t\t\t<div class=\"e-con-inner\">\n\t\t<div class=\"elementor-element elementor-element-a27d01f e-con-full e-flex e-con e-child\" data-id=\"a27d01f\" data-element_type=\"container\" data-e-type=\"container\">\n\t\t\t\t<div class=\"elementor-element elementor-element-fb4f7b3 elementor-widget elementor-widget-heading\" data-id=\"fb4f7b3\" data-element_type=\"widget\" data-e-type=\"widget\" data-widget_type=\"heading.default\">\n\t\t\t\t\t<h1 class=\"elementor-heading-title elementor-size-default\">Biblioth\u00e8que<\/h1>\t\t\t\t<\/div>\n\t\t\t\t<div class=\"elementor-element elementor-element-48f3582 elementor-widget elementor-widget-text-editor\" data-id=\"48f3582\" data-element_type=\"widget\" data-e-type=\"widget\" data-widget_type=\"text-editor.default\">\n\t\t\t\t\t\t\t\t\t<p>Bienvenue \u00e0 la biblioth\u00e8que scolaire de LFID, un centre dynamique con\u00e7u pour r\u00e9pondre aux besoins divers de nos \u00e9l\u00e8ves. Voici un aper\u00e7u de nos installations et de nos offres biblioth\u00e9caires<\/p>\t\t\t\t\t\t\t\t<\/div>\n\t\t\t\t<div class=\"elementor-element elementor-element-a567eba elementor-widget elementor-widget-heading\" data-id=\"a567eba\" data-element_type=\"widget\" data-e-type=\"widget\" data-widget_type=\"heading.default\">\n\t\t\t\t\t<h5 class=\"elementor-heading-title elementor-size-default\">Installations de la biblioth\u00e8que<\/h5>\t\t\t\t<\/div>\n\t\t\t\t<div class=\"elementor-element elementor-element-3608e54 elementor-widget elementor-widget-text-editor\" data-id=\"3608e54\" data-element_type=\"widget\" data-e-type=\"widget\" data-widget_type=\"text-editor.default\">\n\t\t\t\t\t\t\t\t\t<p>Notre biblioth\u00e8que collabore activement avec les salles de classe, offrant des ressources sp\u00e9cifiques par mati\u00e8re pour soutenir divers projets et devoirs. Cet effort collaboratif garantit que la biblioth\u00e8que fait partie du parcours acad\u00e9mique des \u00e9l\u00e8ves de diff\u00e9rentes classes.<\/p>\t\t\t\t\t\t\t\t<\/div>\n\t\t\t\t<div class=\"elementor-element elementor-element-4920bcd elementor-widget elementor-widget-heading\" data-id=\"4920bcd\" data-element_type=\"widget\" data-e-type=\"widget\" data-widget_type=\"heading.default\">\n\t\t\t\t\t<h5 class=\"elementor-heading-title elementor-size-default\">Collection<\/h5>\t\t\t\t<\/div>\n\t\t\t\t<div class=\"elementor-element elementor-element-a77912d elementor-widget elementor-widget-text-editor\" data-id=\"a77912d\" data-element_type=\"widget\" data-e-type=\"widget\" data-widget_type=\"text-editor.default\">\n\t\t\t\t\t\t\t\t\t<p>Nous disposons d'une grande vari\u00e9t\u00e9 de livres, de revues et de magazines.<\/p>\t\t\t\t\t\t\t\t<\/div>\n\t\t\t\t<div class=\"elementor-element elementor-element-d246315 elementor-widget elementor-widget-heading\" data-id=\"d246315\" data-element_type=\"widget\" data-e-type=\"widget\" data-widget_type=\"heading.default\">\n\t\t\t\t\t<h5 class=\"elementor-heading-title elementor-size-default\">Ressources multilingues<\/h5>\t\t\t\t<\/div>\n\t\t\t\t<div class=\"elementor-element elementor-element-d95253d elementor-widget elementor-widget-text-editor\" data-id=\"d95253d\" data-element_type=\"widget\" data-e-type=\"widget\" data-widget_type=\"text-editor.default\">\n\t\t\t\t\t\t\t\t\t<p>Conform\u00e9ment \u00e0 notre engagement envers le multilinguisme, notre biblioth\u00e8que propose non seulement des documents en fran\u00e7ais et en anglais, mais offre \u00e9galement une s\u00e9lection de livres en espagnol et en allemand.<\/p>\t\t\t\t\t\t\t\t<\/div>\n\t\t\t\t<\/div>\n\t\t<div class=\"elementor-element elementor-element-27d9172 e-con-full e-flex e-con e-child\" data-id=\"27d9172\" data-element_type=\"container\" data-e-type=\"container\">\n\t\t\t\t<div class=\"elementor-element elementor-element-7c7f8e5 elementor-widget elementor-widget-image\" data-id=\"7c7f8e5\" data-element_type=\"widget\" data-e-type=\"widget\" data-widget_type=\"image.default\">\n\t\t\t\t\t\t\t\t\t\t\t\t\t\t\t<img fetchpriority=\"high\" decoding=\"async\" width=\"1200\" height=\"800\" src=\"https:\/\/lfidelhi.org\/wp-content\/uploads\/2024\/06\/IMG_8164-min.jpg\" class=\"attachment-full size-full wp-image-2787\" alt=\"\" srcset=\"https:\/\/lfidelhi.org\/wp-content\/uploads\/2024\/06\/IMG_8164-min.jpg 1200w, https:\/\/lfidelhi.org\/wp-content\/uploads\/2024\/06\/IMG_8164-min-300x200.jpg 300w, https:\/\/lfidelhi.org\/wp-content\/uploads\/2024\/06\/IMG_8164-min-1024x683.jpg 1024w, https:\/\/lfidelhi.org\/wp-content\/uploads\/2024\/06\/IMG_8164-min-768x512.jpg 768w, https:\/\/lfidelhi.org\/wp-content\/uploads\/2024\/06\/IMG_8164-min-18x12.jpg 18w\" sizes=\"(max-width: 1200px) 100vw, 1200px\" \/>\t\t\t\t\t\t\t\t\t\t\t\t\t\t\t<\/div>\n\t\t\t\t<\/div>\n\t\t\t\t\t<\/div>\n\t\t\t\t<\/div>\n\t\t<div class=\"elementor-element elementor-element-6bc0796 e-flex e-con-boxed e-con e-parent\" data-id=\"6bc0796\" data-element_type=\"container\" data-e-type=\"container\">\n\t\t\t\t\t<div class=\"e-con-inner\">\n\t\t<div class=\"elementor-element elementor-element-56b9ca8 e-con-full e-flex e-con e-child\" data-id=\"56b9ca8\" data-element_type=\"container\" data-e-type=\"container\">\n\t\t\t\t<div class=\"elementor-element elementor-element-d8189c4 elementor-widget elementor-widget-image\" data-id=\"d8189c4\" data-element_type=\"widget\" data-e-type=\"widget\" data-widget_type=\"image.default\">\n\t\t\t\t\t\t\t\t\t\t\t\t\t\t\t<img decoding=\"async\" width=\"800\" height=\"534\" src=\"https:\/\/lfidelhi.org\/wp-content\/uploads\/2024\/06\/IMG_8227-min-1024x683.jpg\" class=\"attachment-large size-large wp-image-2789\" alt=\"\" srcset=\"https:\/\/lfidelhi.org\/wp-content\/uploads\/2024\/06\/IMG_8227-min-1024x683.jpg 1024w, https:\/\/lfidelhi.org\/wp-content\/uploads\/2024\/06\/IMG_8227-min-300x200.jpg 300w, https:\/\/lfidelhi.org\/wp-content\/uploads\/2024\/06\/IMG_8227-min-768x512.jpg 768w, https:\/\/lfidelhi.org\/wp-content\/uploads\/2024\/06\/IMG_8227-min-18x12.jpg 18w, https:\/\/lfidelhi.org\/wp-content\/uploads\/2024\/06\/IMG_8227-min.jpg 1200w\" sizes=\"(max-width: 800px) 100vw, 800px\" \/>\t\t\t\t\t\t\t\t\t\t\t\t\t\t\t<\/div>\n\t\t\t\t<\/div>\n\t\t<div class=\"elementor-element elementor-element-328a76c e-con-full e-flex e-con e-child\" data-id=\"328a76c\" data-element_type=\"container\" data-e-type=\"container\">\n\t\t\t\t<div class=\"elementor-element elementor-element-5911de7 elementor-widget elementor-widget-heading\" data-id=\"5911de7\" data-element_type=\"widget\" data-e-type=\"widget\" data-widget_type=\"heading.default\">\n\t\t\t\t\t<h5 class=\"elementor-heading-title elementor-size-default\">Ressources num\u00e9riques<\/h5>\t\t\t\t<\/div>\n\t\t\t\t<div class=\"elementor-element elementor-element-e13e65b elementor-widget elementor-widget-text-editor\" data-id=\"e13e65b\" data-element_type=\"widget\" data-e-type=\"widget\" data-widget_type=\"text-editor.default\">\n\t\t\t\t\t\t\t\t\t<p>D\u00e9couvrez la facilit\u00e9 d'utilisation de notre catalogue en ligne, int\u00e9gr\u00e9 de mani\u00e8re transparente dans le portail \u00e9tudiant du site web de l'\u00e9cole, rehaussant l'exp\u00e9rience de la recherche et de l'exploration.<\/p>\t\t\t\t\t\t\t\t<\/div>\n\t\t\t\t<div class=\"elementor-element elementor-element-6773f35 elementor-widget elementor-widget-heading\" data-id=\"6773f35\" data-element_type=\"widget\" data-e-type=\"widget\" data-widget_type=\"heading.default\">\n\t\t\t\t\t<h5 class=\"elementor-heading-title elementor-size-default\">Programmes de lecture<\/h5>\t\t\t\t<\/div>\n\t\t\t\t<div class=\"elementor-element elementor-element-ef71f8a elementor-widget elementor-widget-text-editor\" data-id=\"ef71f8a\" data-element_type=\"widget\" data-e-type=\"widget\" data-widget_type=\"text-editor.default\">\n\t\t\t\t\t\t\t\t\t<p>Cultivez l'amour de la litt\u00e9rature d\u00e8s le plus jeune \u00e2ge gr\u00e2ce \u00e0 nos s\u00e9ances captivantes de contes, con\u00e7ues de mani\u00e8re strat\u00e9gique pour captiver l'imagination de nos jeunes lecteurs et instiller une passion pour la lecture.<\/p>\t\t\t\t\t\t\t\t<\/div>\n\t\t\t\t<div class=\"elementor-element elementor-element-fef856e elementor-widget elementor-widget-heading\" data-id=\"fef856e\" data-element_type=\"widget\" data-e-type=\"widget\" data-widget_type=\"heading.default\">\n\t\t\t\t\t<h5 class=\"elementor-heading-title elementor-size-default\">\u00c9v\u00e9nements et ateliers<\/h5>\t\t\t\t<\/div>\n\t\t\t\t<div class=\"elementor-element elementor-element-5304625 elementor-widget elementor-widget-text-editor\" data-id=\"5304625\" data-element_type=\"widget\" data-e-type=\"widget\" data-widget_type=\"text-editor.default\">\n\t\t\t\t\t\t\t\t\t<p>Des visites occasionnelles d'auteurs sont organis\u00e9es, offrant aux \u00e9l\u00e8ves l'opportunit\u00e9 de rencontrer et d'interagir avec leurs \u00e9crivains pr\u00e9f\u00e9r\u00e9s.<\/p>\t\t\t\t\t\t\t\t<\/div>\n\t\t\t\t<div class=\"elementor-element elementor-element-66d77d7 elementor-widget elementor-widget-heading\" data-id=\"66d77d7\" data-element_type=\"widget\" data-e-type=\"widget\" data-widget_type=\"heading.default\">\n\t\t\t\t\t<h5 class=\"elementor-heading-title elementor-size-default\">Technologie<\/h5>\t\t\t\t<\/div>\n\t\t\t\t<div class=\"elementor-element elementor-element-41c49a4 elementor-widget elementor-widget-text-editor\" data-id=\"41c49a4\" data-element_type=\"widget\" data-e-type=\"widget\" data-widget_type=\"text-editor.default\">\n\t\t\t\t\t\t\t\t\t<p>La biblioth\u00e8que est \u00e9quip\u00e9e de 6 ordinateurs et 16 ordinateurs portables, am\u00e9liorant les capacit\u00e9s de recherche des \u00e9l\u00e8ves et soutenant diverses activit\u00e9s li\u00e9es au travail.<\/p>\t\t\t\t\t\t\t\t<\/div>\n\t\t\t\t<\/div>\n\t\t\t\t\t<\/div>\n\t\t\t\t<\/div>\n\t\t<div class=\"elementor-element elementor-element-87a9564 e-flex e-con-boxed e-con e-parent\" data-id=\"87a9564\" data-element_type=\"container\" data-e-type=\"container\">\n\t\t\t\t\t<div class=\"e-con-inner\">\n\t\t<div class=\"elementor-element elementor-element-e4616ad e-con-full e-flex e-con e-child\" data-id=\"e4616ad\" data-element_type=\"container\" data-e-type=\"container\">\n\t\t\t\t<div class=\"elementor-element elementor-element-ed3d850 elementor-widget elementor-widget-heading\" data-id=\"ed3d850\" data-element_type=\"widget\" data-e-type=\"widget\" data-widget_type=\"heading.default\">\n\t\t\t\t\t<h5 class=\"elementor-heading-title elementor-size-default\">Collaboration avec les salles de classe<\/h5>\t\t\t\t<\/div>\n\t\t\t\t<div class=\"elementor-element elementor-element-263bd4d elementor-widget elementor-widget-text-editor\" data-id=\"263bd4d\" data-element_type=\"widget\" data-e-type=\"widget\" data-widget_type=\"text-editor.default\">\n\t\t\t\t\t\t\t\t\t<p>Notre biblioth\u00e8que collabore activement avec les salles de classe, offrant des ressources sp\u00e9cifiques par mati\u00e8re pour soutenir divers projets et devoirs. Cet effort collaboratif garantit que la biblioth\u00e8que fait partie du parcours acad\u00e9mique des \u00e9l\u00e8ves de diff\u00e9rentes classes.<\/p>\t\t\t\t\t\t\t\t<\/div>\n\t\t\t\t<div class=\"elementor-element elementor-element-e76fe57 elementor-widget elementor-widget-heading\" data-id=\"e76fe57\" data-element_type=\"widget\" data-e-type=\"widget\" data-widget_type=\"heading.default\">\n\t\t\t\t\t<h5 class=\"elementor-heading-title elementor-size-default\">Politiques de la biblioth\u00e8que<\/h5>\t\t\t\t<\/div>\n\t\t\t\t<div class=\"elementor-element elementor-element-76a600b elementor-widget elementor-widget-text-editor\" data-id=\"76a600b\" data-element_type=\"widget\" data-e-type=\"widget\" data-widget_type=\"text-editor.default\">\n\t\t\t\t\t\t\t\t\t<p>Nous croyons en l'accessibilit\u00e9 de la litt\u00e9rature pour tous. Les \u00e9l\u00e8ves de l'\u00e9cole primaire peuvent emprunter jusqu'\u00e0 3 livres pour une dur\u00e9e de 2 semaines, tandis que les \u00e9l\u00e8ves du secondaire peuvent emprunter 5 livres pour la m\u00eame p\u00e9riode. Notre biblioth\u00e8que suit \u00e9galement des heures d'ouverture sp\u00e9cifiques pour accommoder les horaires de chacun. L'acc\u00e8s est cependant limit\u00e9 aux \u00e9l\u00e8ves et au personnel de l'\u00e9cole. La biblioth\u00e8que est ouverte de 8h15 \u00e0 17h00 le lundi et le mardi, de 8h15 \u00e0 14h00 le mercredi, et de 8h15 \u00e0 16h00 le jeudi et le vendredi.<\/p>\t\t\t\t\t\t\t\t<\/div>\n\t\t\t\t<div class=\"elementor-element elementor-element-02e720c elementor-widget elementor-widget-heading\" data-id=\"02e720c\" data-element_type=\"widget\" data-e-type=\"widget\" data-widget_type=\"heading.default\">\n\t\t\t\t\t<h5 class=\"elementor-heading-title elementor-size-default\">Liens vers le catalogue en ligne<\/h5>\t\t\t\t<\/div>\n\t\t\t\t<div class=\"elementor-element elementor-element-0c98d1b text-hyperlink-clr elementor-widget elementor-widget-text-editor\" data-id=\"0c98d1b\" data-element_type=\"widget\" data-e-type=\"widget\" data-widget_type=\"text-editor.default\">\n\t\t\t\t\t\t\t\t\t<p>Le catalogue en ligne est exclusivement accessible aux \u00e9l\u00e8ves et au personnel de l'\u00e9cole via le <a href=\"https:\/\/2230003s.esidoc.fr\">lien\u00a0<\/a><\/p>\t\t\t\t\t\t\t\t<\/div>\n\t\t\t\t<div class=\"elementor-element elementor-element-670efcb elementor-align-left elementor-widget__width-inherit elementor-widget elementor-widget-button\" data-id=\"670efcb\" data-element_type=\"widget\" data-e-type=\"widget\" data-widget_type=\"button.default\">\n\t\t\t\t\t\t\t\t\t\t<a class=\"elementor-button elementor-button-link elementor-size-sm\" href=\"https:\/\/lfidelhi.org\/fr\/student-portal\/\" target=\"_blank\">\n\t\t\t\t\t\t<span class=\"elementor-button-content-wrapper\">\n\t\t\t\t\t\t\t\t\t<span class=\"elementor-button-text\">Portail \u00e9l\u00e8ves<\/span>\n\t\t\t\t\t<\/span>\n\t\t\t\t\t<\/a>\n\t\t\t\t\t\t\t\t<\/div>\n\t\t\t\t<\/div>\n\t\t<div class=\"elementor-element elementor-element-4a2b6f6 e-con-full e-flex e-con e-child\" data-id=\"4a2b6f6\" data-element_type=\"container\" data-e-type=\"container\">\n\t\t\t\t<div class=\"elementor-element elementor-element-f4067c6 elementor-widget elementor-widget-image\" data-id=\"f4067c6\" data-element_type=\"widget\" data-e-type=\"widget\" data-widget_type=\"image.default\">\n\t\t\t\t\t\t\t\t\t\t\t\t\t\t\t<img decoding=\"async\" width=\"800\" height=\"534\" src=\"https:\/\/lfidelhi.org\/wp-content\/uploads\/2024\/06\/IMG_8836-min-1024x683.jpg\" class=\"attachment-large size-large wp-image-2788\" alt=\"\" srcset=\"https:\/\/lfidelhi.org\/wp-content\/uploads\/2024\/06\/IMG_8836-min-1024x683.jpg 1024w, https:\/\/lfidelhi.org\/wp-content\/uploads\/2024\/06\/IMG_8836-min-300x200.jpg 300w, https:\/\/lfidelhi.org\/wp-content\/uploads\/2024\/06\/IMG_8836-min-768x512.jpg 768w, https:\/\/lfidelhi.org\/wp-content\/uploads\/2024\/06\/IMG_8836-min-18x12.jpg 18w, https:\/\/lfidelhi.org\/wp-content\/uploads\/2024\/06\/IMG_8836-min.jpg 1200w\" sizes=\"(max-width: 800px) 100vw, 800px\" \/>\t\t\t\t\t\t\t\t\t\t\t\t\t\t\t<\/div>\n\t\t\t\t<\/div>\n\t\t\t\t\t<\/div>\n\t\t\t\t<\/div>\n\t\t\t\t<\/div>","protected":false},"excerpt":{"rendered":"<p>Home Campus Life Library Library Welcome to LFID&#8217;s School Library, a dynamic hub designed to cater to the diverse needs of our students. Here&#8217;s an overview of our library facilities and offerings Library Facilities Our library is thoughtfully divided into two sections, one exclusively dedicated to primary students and the other to secondary students. Collection [&hellip;]<\/p>\n","protected":false},"author":2,"featured_media":0,"parent":0,"menu_order":0,"comment_status":"closed","ping_status":"closed","template":"elementor_header_footer","meta":{"_seopress_robots_primary_cat":"","_seopress_titles_title":"","_seopress_titles_desc":"","_seopress_robots_index":"","footnotes":""},"class_list":["post-2771","page","type-page","status-publish","hentry"],"_links":{"self":[{"href":"https:\/\/lfidelhi.org\/fr\/wp-json\/wp\/v2\/pages\/2771","targetHints":{"allow":["GET"]}}],"collection":[{"href":"https:\/\/lfidelhi.org\/fr\/wp-json\/wp\/v2\/pages"}],"about":[{"href":"https:\/\/lfidelhi.org\/fr\/wp-json\/wp\/v2\/types\/page"}],"author":[{"embeddable":true,"href":"https:\/\/lfidelhi.org\/fr\/wp-json\/wp\/v2\/users\/2"}],"replies":[{"embeddable":true,"href":"https:\/\/lfidelhi.org\/fr\/wp-json\/wp\/v2\/comments?post=2771"}],"version-history":[{"count":58,"href":"https:\/\/lfidelhi.org\/fr\/wp-json\/wp\/v2\/pages\/2771\/revisions"}],"predecessor-version":[{"id":7616,"href":"https:\/\/lfidelhi.org\/fr\/wp-json\/wp\/v2\/pages\/2771\/revisions\/7616"}],"wp:attachment":[{"href":"https:\/\/lfidelhi.org\/fr\/wp-json\/wp\/v2\/media?parent=2771"}],"curies":[{"name":"wp","href":"https:\/\/api.w.org\/{rel}","templated":true}]}}