{"id":3115,"date":"2024-06-13T09:49:47","date_gmt":"2024-06-13T09:49:47","guid":{"rendered":"https:\/\/lfidelhi.org\/?page_id=3115"},"modified":"2024-09-13T17:33:19","modified_gmt":"2024-09-13T12:03:19","slug":"artistic-education","status":"publish","type":"page","link":"https:\/\/lfidelhi.org\/fr\/artistic-education\/","title":{"rendered":"L'\u00e9ducation artistique"},"content":{"rendered":"<div data-elementor-type=\"wp-page\" data-elementor-id=\"3115\" class=\"elementor elementor-3115\" data-elementor-post-type=\"page\">\n\t\t\t\t<div class=\"elementor-element elementor-element-04d3821 overflow-hidden e-flex e-con-boxed e-con e-parent\" data-id=\"04d3821\" data-element_type=\"container\" data-e-type=\"container\" data-settings=\"{&quot;background_background&quot;:&quot;classic&quot;}\">\n\t\t\t\t\t<div class=\"e-con-inner\">\n\t\t\t\t\t<\/div>\n\t\t\t\t<\/div>\n\t\t<div class=\"elementor-element elementor-element-28e2043 e-flex e-con-boxed e-con e-parent\" data-id=\"28e2043\" data-element_type=\"container\" data-e-type=\"container\">\n\t\t\t\t\t<div class=\"e-con-inner\">\n\t\t\t\t<div class=\"elementor-element elementor-element-83c6633 elementor-widget elementor-widget-button\" data-id=\"83c6633\" data-element_type=\"widget\" data-e-type=\"widget\" data-widget_type=\"button.default\">\n\t\t\t\t\t\t\t\t\t\t<a class=\"elementor-button elementor-button-link elementor-size-sm\" href=\"https:\/\/lfidelhi.org\/fr\">\n\t\t\t\t\t\t<span class=\"elementor-button-content-wrapper\">\n\t\t\t\t\t\t\t\t\t<span class=\"elementor-button-text\">Accueil<\/span>\n\t\t\t\t\t<\/span>\n\t\t\t\t\t<\/a>\n\t\t\t\t\t\t\t\t<\/div>\n\t\t\t\t<div class=\"elementor-element elementor-element-c50526d elementor-widget__width-auto elementor-view-default elementor-widget elementor-widget-icon\" data-id=\"c50526d\" data-element_type=\"widget\" data-e-type=\"widget\" data-widget_type=\"icon.default\">\n\t\t\t\t\t\t\t<div class=\"elementor-icon-wrapper\">\n\t\t\t<div class=\"elementor-icon\">\n\t\t\t<svg xmlns=\"http:\/\/www.w3.org\/2000\/svg\" width=\"6\" height=\"14\" viewbox=\"0 0 6 14\" fill=\"none\"><path d=\"M5.72337 7.00008L2.1626 0.27417L0.836914 0.976005L4.02612 7.00008L0.836914 13.0242L2.1626 13.726L5.72337 7.00008Z\" fill=\"#383838\"><\/path><\/svg>\t\t\t<\/div>\n\t\t<\/div>\n\t\t\t\t\t\t<\/div>\n\t\t\t\t<div class=\"elementor-element elementor-element-7093e06 elementor-widget elementor-widget-button\" data-id=\"7093e06\" data-element_type=\"widget\" data-e-type=\"widget\" data-widget_type=\"button.default\">\n\t\t\t\t\t\t\t\t\t\t<a class=\"elementor-button elementor-button-link elementor-size-sm\" href=\"#\">\n\t\t\t\t\t\t<span class=\"elementor-button-content-wrapper\">\n\t\t\t\t\t\t\t\t\t<span class=\"elementor-button-text\">Apprentissage<\/span>\n\t\t\t\t\t<\/span>\n\t\t\t\t\t<\/a>\n\t\t\t\t\t\t\t\t<\/div>\n\t\t\t\t<div class=\"elementor-element elementor-element-0c7a4d4 elementor-widget__width-auto elementor-view-default elementor-widget elementor-widget-icon\" data-id=\"0c7a4d4\" data-element_type=\"widget\" data-e-type=\"widget\" data-widget_type=\"icon.default\">\n\t\t\t\t\t\t\t<div class=\"elementor-icon-wrapper\">\n\t\t\t<div class=\"elementor-icon\">\n\t\t\t<svg xmlns=\"http:\/\/www.w3.org\/2000\/svg\" width=\"6\" height=\"14\" viewbox=\"0 0 6 14\" fill=\"none\"><path d=\"M5.72337 7.00008L2.1626 0.27417L0.836914 0.976005L4.02612 7.00008L0.836914 13.0242L2.1626 13.726L5.72337 7.00008Z\" fill=\"#383838\"><\/path><\/svg>\t\t\t<\/div>\n\t\t<\/div>\n\t\t\t\t\t\t<\/div>\n\t\t\t\t<div class=\"elementor-element elementor-element-451c099 elementor-widget elementor-widget-button\" data-id=\"451c099\" data-element_type=\"widget\" data-e-type=\"widget\" data-widget_type=\"button.default\">\n\t\t\t\t\t\t\t\t\t\t<a class=\"elementor-button elementor-button-link elementor-size-sm\" href=\"#\">\n\t\t\t\t\t\t<span class=\"elementor-button-content-wrapper\">\n\t\t\t\t\t\t\t\t\t<span class=\"elementor-button-text\">Les arts<\/span>\n\t\t\t\t\t<\/span>\n\t\t\t\t\t<\/a>\n\t\t\t\t\t\t\t\t<\/div>\n\t\t\t\t<div class=\"elementor-element elementor-element-2c296b3 elementor-widget__width-auto elementor-view-default elementor-widget elementor-widget-icon\" data-id=\"2c296b3\" data-element_type=\"widget\" data-e-type=\"widget\" data-widget_type=\"icon.default\">\n\t\t\t\t\t\t\t<div class=\"elementor-icon-wrapper\">\n\t\t\t<div class=\"elementor-icon\">\n\t\t\t<svg xmlns=\"http:\/\/www.w3.org\/2000\/svg\" width=\"6\" height=\"14\" viewbox=\"0 0 6 14\" fill=\"none\"><path d=\"M5.72337 7.00008L2.1626 0.27417L0.836914 0.976005L4.02612 7.00008L0.836914 13.0242L2.1626 13.726L5.72337 7.00008Z\" fill=\"#383838\"><\/path><\/svg>\t\t\t<\/div>\n\t\t<\/div>\n\t\t\t\t\t\t<\/div>\n\t\t\t\t<div class=\"elementor-element elementor-element-9c3ebb8 elementor-widget elementor-widget-button\" data-id=\"9c3ebb8\" data-element_type=\"widget\" data-e-type=\"widget\" data-widget_type=\"button.default\">\n\t\t\t\t\t\t\t\t\t\t<a class=\"elementor-button elementor-button-link elementor-size-sm\" href=\"#\">\n\t\t\t\t\t\t<span class=\"elementor-button-content-wrapper\">\n\t\t\t\t\t\t\t\t\t<span class=\"elementor-button-text\">L'\u00e9ducation artistique<\/span>\n\t\t\t\t\t<\/span>\n\t\t\t\t\t<\/a>\n\t\t\t\t\t\t\t\t<\/div>\n\t\t\t\t\t<\/div>\n\t\t\t\t<\/div>\n\t\t<div class=\"elementor-element elementor-element-0063d44 e-flex e-con-boxed e-con e-parent\" data-id=\"0063d44\" data-element_type=\"container\" data-e-type=\"container\">\n\t\t\t\t\t<div class=\"e-con-inner\">\n\t\t\t\t<div class=\"elementor-element elementor-element-98e40e6 elementor-widget elementor-widget-heading\" data-id=\"98e40e6\" data-element_type=\"widget\" data-e-type=\"widget\" data-widget_type=\"heading.default\">\n\t\t\t\t\t<h1 class=\"elementor-heading-title elementor-size-default\">L'\u00e9ducation artistique\n<\/h1>\t\t\t\t<\/div>\n\t\t\t\t<div class=\"elementor-element elementor-element-bc2363f elementor-widget elementor-widget-heading\" data-id=\"bc2363f\" data-element_type=\"widget\" data-e-type=\"widget\" data-widget_type=\"heading.default\">\n\t\t\t\t\t<h5 class=\"elementor-heading-title elementor-size-default\">Cultiver l'excellence : Les objectifs doubles de l'\u00e9ducation artistique et culturelle<\/h5>\t\t\t\t<\/div>\n\t\t\t\t<div class=\"elementor-element elementor-element-064074a elementor-widget elementor-widget-text-editor\" data-id=\"064074a\" data-element_type=\"widget\" data-e-type=\"widget\" data-widget_type=\"text-editor.default\">\n\t\t\t\t\t\t\t\t\t<p>Le LFID, propose une approche inclusive de l'\u00e9ducation artistique et culturelle. L'\u00e9ducation artistique et culturelle \u00e0 LFID est con\u00e7ue pour cultiver la sensibilit\u00e9, la cr\u00e9ativit\u00e9 et la pens\u00e9e critique chez chaque \u00e9l\u00e8ve.<\/p>\t\t\t\t\t\t\t\t<\/div>\n\t\t\t\t\t<\/div>\n\t\t\t\t<\/div>\n\t\t<div class=\"elementor-element elementor-element-3ab92db e-flex e-con-boxed e-con e-parent\" data-id=\"3ab92db\" data-element_type=\"container\" data-e-type=\"container\">\n\t\t\t\t\t<div class=\"e-con-inner\">\n\t\t<div class=\"elementor-element elementor-element-a33057c e-con-full e-flex e-con e-child\" data-id=\"a33057c\" data-element_type=\"container\" data-e-type=\"container\">\n\t\t\t\t<div class=\"elementor-element elementor-element-6b9127e elementor-widget elementor-widget-heading\" data-id=\"6b9127e\" data-element_type=\"widget\" data-e-type=\"widget\" data-widget_type=\"heading.default\">\n\t\t\t\t\t<h2 class=\"elementor-heading-title elementor-size-default\">L'\u00e9ducation artistique et culturelle au LFID permet de :\n<\/h2>\t\t\t\t<\/div>\n\t\t<div class=\"elementor-element elementor-element-7a3d331 e-flex e-con-boxed e-con e-child\" data-id=\"7a3d331\" data-element_type=\"container\" data-e-type=\"container\">\n\t\t\t\t\t<div class=\"e-con-inner\">\n\t\t\t\t<div class=\"elementor-element elementor-element-956ac3c elementor-widget elementor-widget-heading\" data-id=\"956ac3c\" data-element_type=\"widget\" data-e-type=\"widget\" data-widget_type=\"heading.default\">\n\t\t\t\t\t<h5 class=\"elementor-heading-title elementor-size-default\">Acqu\u00e9rir des connaissances<\/h5>\t\t\t\t<\/div>\n\t\t\t\t<div class=\"elementor-element elementor-element-1e7e587 elementor-widget elementor-widget-text-editor\" data-id=\"1e7e587\" data-element_type=\"widget\" data-e-type=\"widget\" data-widget_type=\"text-editor.default\">\n\t\t\t\t\t\t\t\t\t<p>Donner aux \u00e9tudiants une compr\u00e9hension approfondie des principes artistiques, culturels et scientifiques.<\/p>\t\t\t\t\t\t\t\t<\/div>\n\t\t\t\t\t<\/div>\n\t\t\t\t<\/div>\n\t\t<div class=\"elementor-element elementor-element-9cf9564 e-flex e-con-boxed e-con e-child\" data-id=\"9cf9564\" data-element_type=\"container\" data-e-type=\"container\">\n\t\t\t\t\t<div class=\"e-con-inner\">\n\t\t\t\t<div class=\"elementor-element elementor-element-527a96b elementor-widget elementor-widget-heading\" data-id=\"527a96b\" data-element_type=\"widget\" data-e-type=\"widget\" data-widget_type=\"heading.default\">\n\t\t\t\t\t<h5 class=\"elementor-heading-title elementor-size-default\">Pratique artistique et scientifique<\/h5>\t\t\t\t<\/div>\n\t\t\t\t<div class=\"elementor-element elementor-element-d0219a3 elementor-widget elementor-widget-text-editor\" data-id=\"d0219a3\" data-element_type=\"widget\" data-e-type=\"widget\" data-widget_type=\"text-editor.default\">\n\t\t\t\t\t\t\t\t\t<p>Favoriser l'exp\u00e9rience pratique dans les domaines de l'art, en encourageant les \u00e9l\u00e8ves \u00e0 appliquer leurs connaissances dans des entreprises cr\u00e9atives.<\/p>\t\t\t\t\t\t\t\t<\/div>\n\t\t\t\t\t<\/div>\n\t\t\t\t<\/div>\n\t\t<div class=\"elementor-element elementor-element-eee1bfd e-flex e-con-boxed e-con e-child\" data-id=\"eee1bfd\" data-element_type=\"container\" data-e-type=\"container\">\n\t\t\t\t\t<div class=\"e-con-inner\">\n\t\t\t\t<div class=\"elementor-element elementor-element-a1ffed3 elementor-widget elementor-widget-heading\" data-id=\"a1ffed3\" data-element_type=\"widget\" data-e-type=\"widget\" data-widget_type=\"heading.default\">\n\t\t\t\t\t<h5 class=\"elementor-heading-title elementor-size-default\">Cultiver la cr\u00e9ativit\u00e9<\/h5>\t\t\t\t<\/div>\n\t\t\t\t<div class=\"elementor-element elementor-element-919f31b elementor-widget elementor-widget-text-editor\" data-id=\"919f31b\" data-element_type=\"widget\" data-e-type=\"widget\" data-widget_type=\"text-editor.default\">\n\t\t\t\t\t\t\t\t\t<p>L'initiative de LFID dans l'exploration artistique et culturelle<\/p>\t\t\t\t\t\t\t\t<\/div>\n\t\t\t\t\t<\/div>\n\t\t\t\t<\/div>\n\t\t\t\t<\/div>\n\t\t<div class=\"elementor-element elementor-element-3203553 e-con-full e-flex e-con e-child\" data-id=\"3203553\" data-element_type=\"container\" data-e-type=\"container\">\n\t\t\t\t<div class=\"elementor-element elementor-element-15d85a8 elementor-widget elementor-widget-image\" data-id=\"15d85a8\" data-element_type=\"widget\" data-e-type=\"widget\" data-widget_type=\"image.default\">\n\t\t\t\t\t\t\t\t\t\t\t\t\t\t\t<img fetchpriority=\"high\" decoding=\"async\" width=\"800\" height=\"534\" src=\"https:\/\/lfidelhi.org\/wp-content\/uploads\/2024\/06\/IMG_8524-min-1024x683.jpg\" class=\"attachment-large size-large wp-image-3148\" alt=\"\" srcset=\"https:\/\/lfidelhi.org\/wp-content\/uploads\/2024\/06\/IMG_8524-min-1024x683.jpg 1024w, https:\/\/lfidelhi.org\/wp-content\/uploads\/2024\/06\/IMG_8524-min-300x200.jpg 300w, https:\/\/lfidelhi.org\/wp-content\/uploads\/2024\/06\/IMG_8524-min-768x512.jpg 768w, https:\/\/lfidelhi.org\/wp-content\/uploads\/2024\/06\/IMG_8524-min-18x12.jpg 18w, https:\/\/lfidelhi.org\/wp-content\/uploads\/2024\/06\/IMG_8524-min.jpg 1200w\" sizes=\"(max-width: 800px) 100vw, 800px\" \/>\t\t\t\t\t\t\t\t\t\t\t\t\t\t\t<\/div>\n\t\t\t\t<\/div>\n\t\t\t\t\t<\/div>\n\t\t\t\t<\/div>\n\t\t<div class=\"elementor-element elementor-element-69f2edd e-flex e-con-boxed e-con e-parent\" data-id=\"69f2edd\" data-element_type=\"container\" data-e-type=\"container\">\n\t\t\t\t\t<div class=\"e-con-inner\">\n\t\t\t\t<div class=\"elementor-element elementor-element-b408df9 elementor-widget elementor-widget-heading\" data-id=\"b408df9\" data-element_type=\"widget\" data-e-type=\"widget\" data-widget_type=\"heading.default\">\n\t\t\t\t\t<h4 class=\"elementor-heading-title elementor-size-default\">L'engagement du LFID \u00e0 nourrir la cr\u00e9ativit\u00e9 des \u00e9l\u00e8ves va au-del\u00e0 de la salle de classe, offrant aux \u00e9l\u00e8ves des exp\u00e9riences diverses et immersives. En voici quelques exemples :<\/h4>\t\t\t\t<\/div>\n\t\t\t\t\t<\/div>\n\t\t\t\t<\/div>\n\t\t<div class=\"elementor-element elementor-element-cb7bc8d e-flex e-con-boxed e-con e-parent\" data-id=\"cb7bc8d\" data-element_type=\"container\" data-e-type=\"container\">\n\t\t\t\t\t<div class=\"e-con-inner\">\n\t\t<div class=\"elementor-element elementor-element-2efb3c6 e-con-full e-flex e-con e-child\" data-id=\"2efb3c6\" data-element_type=\"container\" data-e-type=\"container\">\n\t\t\t\t<div class=\"elementor-element elementor-element-49af61c elementor-widget elementor-widget-heading\" data-id=\"49af61c\" data-element_type=\"widget\" data-e-type=\"widget\" data-widget_type=\"heading.default\">\n\t\t\t\t\t<h5 class=\"elementor-heading-title elementor-size-default\">Semaine indienne<\/h5>\t\t\t\t<\/div>\n\t\t\t\t<div class=\"elementor-element elementor-element-13bf46e elementor-widget elementor-widget-text-editor\" data-id=\"13bf46e\" data-element_type=\"widget\" data-e-type=\"widget\" data-widget_type=\"text-editor.default\">\n\t\t\t\t\t\t\t\t\t<p>Exploration des arts traditionnels de l'Inde. Rencontre avec les artisans et r\u00e9alisation de projets artistiques sur l'art Gond, le Madhubani, l'art populaire et les designs, ainsi que sur les masques traditionnels.<\/p>\t\t\t\t\t\t\t\t<\/div>\n\t\t\t\t<\/div>\n\t\t<div class=\"elementor-element elementor-element-a91659c e-con-full e-flex e-con e-child\" data-id=\"a91659c\" data-element_type=\"container\" data-e-type=\"container\">\n\t\t\t\t<div class=\"elementor-element elementor-element-a672e69 elementor-widget elementor-widget-heading\" data-id=\"a672e69\" data-element_type=\"widget\" data-e-type=\"widget\" data-widget_type=\"heading.default\">\n\t\t\t\t\t<h5 class=\"elementor-heading-title elementor-size-default\">Visites de mus\u00e9es et ateliers pratiques \u00e0 Delhi<\/h5>\t\t\t\t<\/div>\n\t\t\t\t<div class=\"elementor-element elementor-element-f15175f elementor-widget elementor-widget-text-editor\" data-id=\"f15175f\" data-element_type=\"widget\" data-e-type=\"widget\" data-widget_type=\"text-editor.default\">\n\t\t\t\t\t\t\t\t\t<p>Visites de mus\u00e9es de Delhi pour observer diverses formes d'art. Participation \u00e0 des ateliers artistiques pratiques au sein de galeries de mus\u00e9es, con\u00e7us pour am\u00e9liorer les comp\u00e9tences artistiques.<\/p>\t\t\t\t\t\t\t\t<\/div>\n\t\t\t\t<\/div>\n\t\t<div class=\"elementor-element elementor-element-fc9ff7a e-con-full e-flex e-con e-child\" data-id=\"fc9ff7a\" data-element_type=\"container\" data-e-type=\"container\">\n\t\t\t\t<div class=\"elementor-element elementor-element-20ee2c0 elementor-widget elementor-widget-heading\" data-id=\"20ee2c0\" data-element_type=\"widget\" data-e-type=\"widget\" data-widget_type=\"heading.default\">\n\t\t\t\t\t<h5 class=\"elementor-heading-title elementor-size-default\">Exp\u00e9riences artistiques en plein air<\/h5>\t\t\t\t<\/div>\n\t\t\t\t<div class=\"elementor-element elementor-element-2fb2cbe elementor-widget elementor-widget-text-editor\" data-id=\"2fb2cbe\" data-element_type=\"widget\" data-e-type=\"widget\" data-widget_type=\"text-editor.default\">\n\t\t\t\t\t\t\t\t\t<p>Exp\u00e9riences artistiques en plein air pour favoriser une connexion plus profonde avec l'art en ext\u00e9rieur.<\/p>\t\t\t\t\t\t\t\t<\/div>\n\t\t\t\t<\/div>\n\t\t\t\t\t<\/div>\n\t\t\t\t<\/div>\n\t\t<div class=\"elementor-element elementor-element-75cf5a3 e-flex e-con-boxed e-con e-parent\" data-id=\"75cf5a3\" data-element_type=\"container\" data-e-type=\"container\">\n\t\t\t\t\t<div class=\"e-con-inner\">\n\t\t<div class=\"elementor-element elementor-element-31d7c81 e-con-full e-flex e-con e-child\" data-id=\"31d7c81\" data-element_type=\"container\" data-e-type=\"container\">\n\t\t\t\t<div class=\"elementor-element elementor-element-3e2534f elementor-widget elementor-widget-heading\" data-id=\"3e2534f\" data-element_type=\"widget\" data-e-type=\"widget\" data-widget_type=\"heading.default\">\n\t\t\t\t\t<h5 class=\"elementor-heading-title elementor-size-default\">Cr\u00e9ation d'art \u00e0 partir de mat\u00e9riaux recycl\u00e9s<\/h5>\t\t\t\t<\/div>\n\t\t\t\t<div class=\"elementor-element elementor-element-716e12f elementor-widget elementor-widget-text-editor\" data-id=\"716e12f\" data-element_type=\"widget\" data-e-type=\"widget\" data-widget_type=\"text-editor.default\">\n\t\t\t\t\t\t\t\t\t<p>Projet d'art recycl\u00e9 pour cr\u00e9er \u00e0 partir d'objets recycl\u00e9s tels que des bouteilles en plastique, du papier, etc.<\/p>\t\t\t\t\t\t\t\t<\/div>\n\t\t\t\t<\/div>\n\t\t<div class=\"elementor-element elementor-element-30c982f e-con-full e-flex e-con e-child\" data-id=\"30c982f\" data-element_type=\"container\" data-e-type=\"container\">\n\t\t\t\t<div class=\"elementor-element elementor-element-e9c29d5 elementor-widget elementor-widget-heading\" data-id=\"e9c29d5\" data-element_type=\"widget\" data-e-type=\"widget\" data-widget_type=\"heading.default\">\n\t\t\t\t\t<h5 class=\"elementor-heading-title elementor-size-default\">Semaine de la po\u00e9sie<\/h5>\t\t\t\t<\/div>\n\t\t\t\t<div class=\"elementor-element elementor-element-e58a8a7 elementor-widget elementor-widget-text-editor\" data-id=\"e58a8a7\" data-element_type=\"widget\" data-e-type=\"widget\" data-widget_type=\"text-editor.default\">\n\t\t\t\t\t\t\t\t\t<p>Caract\u00e9ris\u00e9e  par des cours interdisciplinaires o\u00f9 les cours d'art sont int\u00e9gr\u00e9s \u00e0 la litt\u00e9rature et \u00e0 la po\u00e9sie.<\/p>\t\t\t\t\t\t\t\t<\/div>\n\t\t\t\t<\/div>\n\t\t<div class=\"elementor-element elementor-element-d7f759b e-con-full e-flex e-con e-child\" data-id=\"d7f759b\" data-element_type=\"container\" data-e-type=\"container\">\n\t\t\t\t<div class=\"elementor-element elementor-element-926e614 elementor-widget elementor-widget-heading\" data-id=\"926e614\" data-element_type=\"widget\" data-e-type=\"widget\" data-widget_type=\"heading.default\">\n\t\t\t\t\t<h5 class=\"elementor-heading-title elementor-size-default\">Exposition art du monde 2024<\/h5>\t\t\t\t<\/div>\n\t\t\t\t<div class=\"elementor-element elementor-element-349932e elementor-widget elementor-widget-text-editor\" data-id=\"349932e\" data-element_type=\"widget\" data-e-type=\"widget\" data-widget_type=\"text-editor.default\">\n\t\t\t\t\t\t\t\t\t<p>Pr\u00e9sentation de cultures mondiales diverses et de leurs riches traditions artistiques !<\/p>\t\t\t\t\t\t\t\t<\/div>\n\t\t\t\t<\/div>\n\t\t\t\t\t<\/div>\n\t\t\t\t<\/div>\n\t\t\t\t<\/div>","protected":false},"excerpt":{"rendered":"<p>Home Learning Arts Artistic Education Artistic Education Cultivating Excellence: The dual objectives of artistic and cultural education At LFID, we embrace an inclusive approach to artistic and cultural education. Artistic and cultural education at LFID is designed to cultivate sensitivity, creativity, and critical thinking in each student. Artistic and cultural education at LFID aims to: [&hellip;]<\/p>\n","protected":false},"author":2,"featured_media":0,"parent":0,"menu_order":0,"comment_status":"closed","ping_status":"closed","template":"elementor_header_footer","meta":{"_seopress_robots_primary_cat":"","_seopress_titles_title":"","_seopress_titles_desc":"","_seopress_robots_index":"","footnotes":""},"class_list":["post-3115","page","type-page","status-publish","hentry"],"_links":{"self":[{"href":"https:\/\/lfidelhi.org\/fr\/wp-json\/wp\/v2\/pages\/3115","targetHints":{"allow":["GET"]}}],"collection":[{"href":"https:\/\/lfidelhi.org\/fr\/wp-json\/wp\/v2\/pages"}],"about":[{"href":"https:\/\/lfidelhi.org\/fr\/wp-json\/wp\/v2\/types\/page"}],"author":[{"embeddable":true,"href":"https:\/\/lfidelhi.org\/fr\/wp-json\/wp\/v2\/users\/2"}],"replies":[{"embeddable":true,"href":"https:\/\/lfidelhi.org\/fr\/wp-json\/wp\/v2\/comments?post=3115"}],"version-history":[{"count":40,"href":"https:\/\/lfidelhi.org\/fr\/wp-json\/wp\/v2\/pages\/3115\/revisions"}],"predecessor-version":[{"id":6738,"href":"https:\/\/lfidelhi.org\/fr\/wp-json\/wp\/v2\/pages\/3115\/revisions\/6738"}],"wp:attachment":[{"href":"https:\/\/lfidelhi.org\/fr\/wp-json\/wp\/v2\/media?parent=3115"}],"curies":[{"name":"wp","href":"https:\/\/api.w.org\/{rel}","templated":true}]}}