{"id":3155,"date":"2024-06-13T10:19:50","date_gmt":"2024-06-13T10:19:50","guid":{"rendered":"https:\/\/lfidelhi.org\/?page_id=3155"},"modified":"2025-08-25T15:38:47","modified_gmt":"2025-08-25T10:08:47","slug":"music-education","status":"publish","type":"page","link":"https:\/\/lfidelhi.org\/fr\/music-education\/","title":{"rendered":"Education musicale"},"content":{"rendered":"<div data-elementor-type=\"wp-page\" data-elementor-id=\"3155\" class=\"elementor elementor-3155\" data-elementor-post-type=\"page\">\n\t\t\t\t<div class=\"elementor-element elementor-element-7071cd8 overflow-hidden e-flex e-con-boxed e-con e-parent\" data-id=\"7071cd8\" data-element_type=\"container\" data-e-type=\"container\" data-settings=\"{&quot;background_background&quot;:&quot;classic&quot;}\">\n\t\t\t\t\t<div class=\"e-con-inner\">\n\t\t\t\t\t<\/div>\n\t\t\t\t<\/div>\n\t\t<div class=\"elementor-element elementor-element-77c8737 e-flex e-con-boxed e-con e-parent\" data-id=\"77c8737\" data-element_type=\"container\" data-e-type=\"container\">\n\t\t\t\t\t<div class=\"e-con-inner\">\n\t\t\t\t<div class=\"elementor-element elementor-element-2ccae1c elementor-widget elementor-widget-button\" data-id=\"2ccae1c\" data-element_type=\"widget\" data-e-type=\"widget\" data-widget_type=\"button.default\">\n\t\t\t\t\t\t\t\t\t\t<a class=\"elementor-button elementor-button-link elementor-size-sm\" href=\"https:\/\/lfidelhi.org\/fr\">\n\t\t\t\t\t\t<span class=\"elementor-button-content-wrapper\">\n\t\t\t\t\t\t\t\t\t<span class=\"elementor-button-text\">Accueil<\/span>\n\t\t\t\t\t<\/span>\n\t\t\t\t\t<\/a>\n\t\t\t\t\t\t\t\t<\/div>\n\t\t\t\t<div class=\"elementor-element elementor-element-6eb4006 elementor-widget__width-auto elementor-view-default elementor-widget elementor-widget-icon\" data-id=\"6eb4006\" data-element_type=\"widget\" data-e-type=\"widget\" data-widget_type=\"icon.default\">\n\t\t\t\t\t\t\t<div class=\"elementor-icon-wrapper\">\n\t\t\t<div class=\"elementor-icon\">\n\t\t\t<svg xmlns=\"http:\/\/www.w3.org\/2000\/svg\" width=\"6\" height=\"14\" viewbox=\"0 0 6 14\" fill=\"none\"><path d=\"M5.72337 7.00008L2.1626 0.27417L0.836914 0.976005L4.02612 7.00008L0.836914 13.0242L2.1626 13.726L5.72337 7.00008Z\" fill=\"#383838\"><\/path><\/svg>\t\t\t<\/div>\n\t\t<\/div>\n\t\t\t\t\t\t<\/div>\n\t\t\t\t<div class=\"elementor-element elementor-element-549d362 elementor-widget elementor-widget-button\" data-id=\"549d362\" data-element_type=\"widget\" data-e-type=\"widget\" data-widget_type=\"button.default\">\n\t\t\t\t\t\t\t\t\t\t<a class=\"elementor-button elementor-button-link elementor-size-sm\" href=\"#\">\n\t\t\t\t\t\t<span class=\"elementor-button-content-wrapper\">\n\t\t\t\t\t\t\t\t\t<span class=\"elementor-button-text\">Apprentissage<\/span>\n\t\t\t\t\t<\/span>\n\t\t\t\t\t<\/a>\n\t\t\t\t\t\t\t\t<\/div>\n\t\t\t\t<div class=\"elementor-element elementor-element-43e6500 elementor-widget__width-auto elementor-view-default elementor-widget elementor-widget-icon\" data-id=\"43e6500\" data-element_type=\"widget\" data-e-type=\"widget\" data-widget_type=\"icon.default\">\n\t\t\t\t\t\t\t<div class=\"elementor-icon-wrapper\">\n\t\t\t<div class=\"elementor-icon\">\n\t\t\t<svg xmlns=\"http:\/\/www.w3.org\/2000\/svg\" width=\"6\" height=\"14\" viewbox=\"0 0 6 14\" fill=\"none\"><path d=\"M5.72337 7.00008L2.1626 0.27417L0.836914 0.976005L4.02612 7.00008L0.836914 13.0242L2.1626 13.726L5.72337 7.00008Z\" fill=\"#383838\"><\/path><\/svg>\t\t\t<\/div>\n\t\t<\/div>\n\t\t\t\t\t\t<\/div>\n\t\t\t\t<div class=\"elementor-element elementor-element-24200bb elementor-widget elementor-widget-button\" data-id=\"24200bb\" data-element_type=\"widget\" data-e-type=\"widget\" data-widget_type=\"button.default\">\n\t\t\t\t\t\t\t\t\t\t<a class=\"elementor-button elementor-button-link elementor-size-sm\" href=\"#\">\n\t\t\t\t\t\t<span class=\"elementor-button-content-wrapper\">\n\t\t\t\t\t\t\t\t\t<span class=\"elementor-button-text\">Les arts<\/span>\n\t\t\t\t\t<\/span>\n\t\t\t\t\t<\/a>\n\t\t\t\t\t\t\t\t<\/div>\n\t\t\t\t<div class=\"elementor-element elementor-element-e77a55b elementor-widget__width-auto elementor-view-default elementor-widget elementor-widget-icon\" data-id=\"e77a55b\" data-element_type=\"widget\" data-e-type=\"widget\" data-widget_type=\"icon.default\">\n\t\t\t\t\t\t\t<div class=\"elementor-icon-wrapper\">\n\t\t\t<div class=\"elementor-icon\">\n\t\t\t<svg xmlns=\"http:\/\/www.w3.org\/2000\/svg\" width=\"6\" height=\"14\" viewbox=\"0 0 6 14\" fill=\"none\"><path d=\"M5.72337 7.00008L2.1626 0.27417L0.836914 0.976005L4.02612 7.00008L0.836914 13.0242L2.1626 13.726L5.72337 7.00008Z\" fill=\"#383838\"><\/path><\/svg>\t\t\t<\/div>\n\t\t<\/div>\n\t\t\t\t\t\t<\/div>\n\t\t\t\t<div class=\"elementor-element elementor-element-4f61aff elementor-widget elementor-widget-button\" data-id=\"4f61aff\" data-element_type=\"widget\" data-e-type=\"widget\" data-widget_type=\"button.default\">\n\t\t\t\t\t\t\t\t\t\t<a class=\"elementor-button elementor-button-link elementor-size-sm\" href=\"#\">\n\t\t\t\t\t\t<span class=\"elementor-button-content-wrapper\">\n\t\t\t\t\t\t\t\t\t<span class=\"elementor-button-text\">Education musicale<\/span>\n\t\t\t\t\t<\/span>\n\t\t\t\t\t<\/a>\n\t\t\t\t\t\t\t\t<\/div>\n\t\t\t\t\t<\/div>\n\t\t\t\t<\/div>\n\t\t<div class=\"elementor-element elementor-element-89e9ef4 e-flex e-con-boxed e-con e-parent\" data-id=\"89e9ef4\" data-element_type=\"container\" data-e-type=\"container\">\n\t\t\t\t\t<div class=\"e-con-inner\">\n\t\t<div class=\"elementor-element elementor-element-f43b9a3 e-con-full e-flex e-con e-child\" data-id=\"f43b9a3\" data-element_type=\"container\" data-e-type=\"container\">\n\t\t\t\t<div class=\"elementor-element elementor-element-03b606f elementor-widget elementor-widget-heading\" data-id=\"03b606f\" data-element_type=\"widget\" data-e-type=\"widget\" data-widget_type=\"heading.default\">\n\t\t\t\t\t<h1 class=\"elementor-heading-title elementor-size-default\">Education musicale<\/h1>\t\t\t\t<\/div>\n\t\t\t\t<div class=\"elementor-element elementor-element-d04d7ca elementor-widget elementor-widget-heading\" data-id=\"d04d7ca\" data-element_type=\"widget\" data-e-type=\"widget\" data-widget_type=\"heading.default\">\n\t\t\t\t\t<h5 class=\"elementor-heading-title elementor-size-default\">\u00c9veiller les sens et cultiver la critique \u00e0 travers le monde sonore<\/h5>\t\t\t\t<\/div>\n\t\t\t\t<div class=\"elementor-element elementor-element-79dff91 elementor-widget elementor-widget-text-editor\" data-id=\"79dff91\" data-element_type=\"widget\" data-e-type=\"widget\" data-widget_type=\"text-editor.default\">\n\t\t\t\t\t\t\t\t\t<p>L\u2019\u00e9ducation musicale conduit les \u00e9l\u00e8ves vers une approche autonome et critique du monde sonore et\nmusical contemporain. Elle veille parall\u00e8lement \u00e0 inscrire les musiques \u00e9tudi\u00e9es dans une histoire et\nune g\u00e9ographie jalonn\u00e9e de rep\u00e8res culturels. Prenant en compte la sensibilit\u00e9 et le plaisir de faire\nde la musique comme d\u2019en \u00e9couter, elle apporte aux \u00e9l\u00e8ves les savoirs culturels et techniques\nn\u00e9cessaires au d\u00e9veloppement de leurs capacit\u00e9s d\u2019\u00e9coute et d\u2019expression.<\/p><p>Par la mobilisation du\ncorps dans le geste musical, elle contribue \u00e0 l\u2019\u00e9quilibre physique et psychologique. \u00c9duquant la\nperception et l\u2019esprit critique sur les environnements sonores et musicaux, elle participe \u00e0 la\npr\u00e9vention des risques auditifs et au bon usage de l\u2019appareil vocal.<\/p>\t\t\t\t\t\t\t\t<\/div>\n\t\t\t\t<\/div>\n\t\t<div class=\"elementor-element elementor-element-80def63 e-con-full e-flex e-con e-child\" data-id=\"80def63\" data-element_type=\"container\" data-e-type=\"container\">\n\t\t\t\t<div class=\"elementor-element elementor-element-588dc8f elementor-widget elementor-widget-image\" data-id=\"588dc8f\" data-element_type=\"widget\" data-e-type=\"widget\" data-widget_type=\"image.default\">\n\t\t\t\t\t\t\t\t\t\t\t\t\t\t\t<img fetchpriority=\"high\" decoding=\"async\" width=\"800\" height=\"534\" src=\"https:\/\/lfidelhi.org\/wp-content\/uploads\/2025\/08\/RSL7121-1024x683.jpg\" class=\"attachment-large size-large wp-image-9659\" alt=\"\" srcset=\"https:\/\/lfidelhi.org\/wp-content\/uploads\/2025\/08\/RSL7121-1024x683.jpg 1024w, https:\/\/lfidelhi.org\/wp-content\/uploads\/2025\/08\/RSL7121-300x200.jpg 300w, https:\/\/lfidelhi.org\/wp-content\/uploads\/2025\/08\/RSL7121-768x512.jpg 768w, https:\/\/lfidelhi.org\/wp-content\/uploads\/2025\/08\/RSL7121-1536x1024.jpg 1536w, https:\/\/lfidelhi.org\/wp-content\/uploads\/2025\/08\/RSL7121-2048x1365.jpg 2048w, https:\/\/lfidelhi.org\/wp-content\/uploads\/2025\/08\/RSL7121-18x12.jpg 18w\" sizes=\"(max-width: 800px) 100vw, 800px\" \/>\t\t\t\t\t\t\t\t\t\t\t\t\t\t\t<\/div>\n\t\t\t\t<\/div>\n\t\t\t\t\t<\/div>\n\t\t\t\t<\/div>\n\t\t<div class=\"elementor-element elementor-element-2325cbf e-flex e-con-boxed e-con e-parent\" data-id=\"2325cbf\" data-element_type=\"container\" data-e-type=\"container\">\n\t\t\t\t\t<div class=\"e-con-inner\">\n\t\t<div class=\"elementor-element elementor-element-47e335e e-con-full e-flex e-con e-child\" data-id=\"47e335e\" data-element_type=\"container\" data-e-type=\"container\">\n\t\t\t\t<div class=\"elementor-element elementor-element-e544468 elementor-widget elementor-widget-heading\" data-id=\"e544468\" data-element_type=\"widget\" data-e-type=\"widget\" data-widget_type=\"heading.default\">\n\t\t\t\t\t<h5 class=\"elementor-heading-title elementor-size-default\">Exploration musicale<\/h5>\t\t\t\t<\/div>\n\t\t\t\t<div class=\"elementor-element elementor-element-14c2eeb elementor-icon-list--layout-traditional elementor-list-item-link-full_width elementor-widget elementor-widget-icon-list\" data-id=\"14c2eeb\" data-element_type=\"widget\" data-e-type=\"widget\" data-widget_type=\"icon-list.default\">\n\t\t\t\t\t\t\t<ul class=\"elementor-icon-list-items\">\n\t\t\t\t\t\t\t<li class=\"elementor-icon-list-item\">\n\t\t\t\t\t\t\t\t\t\t\t<span class=\"elementor-icon-list-icon\">\n\t\t\t\t\t\t\t<svg xmlns=\"http:\/\/www.w3.org\/2000\/svg\" width=\"14\" height=\"16\" viewbox=\"0 0 14 16\" fill=\"none\"><path d=\"M13.6062 7.92031L0.441406 0.320312L3.24941 7.92031L0.441406 15.5203L13.6062 7.92031Z\" fill=\"#7B7575\"><\/path><\/svg>\t\t\t\t\t\t<\/span>\n\t\t\t\t\t\t\t\t\t\t<span class=\"elementor-icon-list-text\">L'\u00e9tude d'\u0153uvres musicales. Il s'agit d'une partie th\u00e9orique dont l'objectif est d'enrichir la culture g\u00e9n\u00e9rale des \u00e9l\u00e8ves en leur faisant d\u00e9couvrir diff\u00e9rents types d'\u0153uvres, issues de diff\u00e9rentes \u00e9poques, diff\u00e9rents styles musicaux et diff\u00e9rentes origines g\u00e9ographiques<\/span>\n\t\t\t\t\t\t\t\t\t<\/li>\n\t\t\t\t\t\t\t\t<li class=\"elementor-icon-list-item\">\n\t\t\t\t\t\t\t\t\t\t\t<span class=\"elementor-icon-list-icon\">\n\t\t\t\t\t\t\t<svg xmlns=\"http:\/\/www.w3.org\/2000\/svg\" width=\"14\" height=\"16\" viewbox=\"0 0 14 16\" fill=\"none\"><path d=\"M13.6062 7.92031L0.441406 0.320312L3.24941 7.92031L0.441406 15.5203L13.6062 7.92031Z\" fill=\"#7B7575\"><\/path><\/svg>\t\t\t\t\t\t<\/span>\n\t\t\t\t\t\t\t\t\t\t<span class=\"elementor-icon-list-text\">L'interpr\u00e9tation de chansons issues de diff\u00e9rents r\u00e9pertoires, l'objectif \u00e9tant de permettre aux \u00e9l\u00e8ves de se familiariser avec la voix chant\u00e9e au maximum, et de se mettre en situation de repr\u00e9sentation<\/span>\n\t\t\t\t\t\t\t\t\t<\/li>\n\t\t\t\t\t\t\t\t<li class=\"elementor-icon-list-item\">\n\t\t\t\t\t\t\t\t\t\t\t<span class=\"elementor-icon-list-icon\">\n\t\t\t\t\t\t\t<svg xmlns=\"http:\/\/www.w3.org\/2000\/svg\" width=\"14\" height=\"16\" viewbox=\"0 0 14 16\" fill=\"none\"><path d=\"M13.6062 7.92031L0.441406 0.320312L3.24941 7.92031L0.441406 15.5203L13.6062 7.92031Z\" fill=\"#7B7575\"><\/path><\/svg>\t\t\t\t\t\t<\/span>\n\t\t\t\t\t\t\t\t\t\t<span class=\"elementor-icon-list-text\">La cr\u00e9ativit\u00e9 : en permettant aux \u00e9l\u00e8ves d'imaginer, de cr\u00e9er diff\u00e9rents projets autour de la musique, l'objectif est de les aider \u00e0 d\u00e9velopper leur cr\u00e9ativit\u00e9<\/span>\n\t\t\t\t\t\t\t\t\t<\/li>\n\t\t\t\t\t\t<\/ul>\n\t\t\t\t\t\t<\/div>\n\t\t\t\t<\/div>\n\t\t<div class=\"elementor-element elementor-element-3b6dd96 e-con-full e-flex e-con e-child\" data-id=\"3b6dd96\" data-element_type=\"container\" data-e-type=\"container\">\n\t\t\t\t<div class=\"elementor-element elementor-element-c2c108a elementor-widget elementor-widget-heading\" data-id=\"c2c108a\" data-element_type=\"widget\" data-e-type=\"widget\" data-widget_type=\"heading.default\">\n\t\t\t\t\t<h5 class=\"elementor-heading-title elementor-size-default\">\u00c9panouissement musical<\/h5>\t\t\t\t<\/div>\n\t\t\t\t<div class=\"elementor-element elementor-element-482dec7 elementor-icon-list--layout-traditional elementor-list-item-link-full_width elementor-widget elementor-widget-icon-list\" data-id=\"482dec7\" data-element_type=\"widget\" data-e-type=\"widget\" data-widget_type=\"icon-list.default\">\n\t\t\t\t\t\t\t<ul class=\"elementor-icon-list-items\">\n\t\t\t\t\t\t\t<li class=\"elementor-icon-list-item\">\n\t\t\t\t\t\t\t\t\t\t\t<span class=\"elementor-icon-list-icon\">\n\t\t\t\t\t\t\t<svg xmlns=\"http:\/\/www.w3.org\/2000\/svg\" width=\"14\" height=\"16\" viewbox=\"0 0 14 16\" fill=\"none\"><path d=\"M13.6062 7.92031L0.441406 0.320312L3.24941 7.92031L0.441406 15.5203L13.6062 7.92031Z\" fill=\"#7B7575\"><\/path><\/svg>\t\t\t\t\t\t<\/span>\n\t\t\t\t\t\t\t\t\t\t<span class=\"elementor-icon-list-text\">Possibilit\u00e9 de participer \u00e0 la chorale (ouverte \u00e0 tous les \u00e9l\u00e8ves de la 6\u00e8me \u00e0 la terminale)<\/span>\n\t\t\t\t\t\t\t\t\t<\/li>\n\t\t\t\t\t\t\t\t<li class=\"elementor-icon-list-item\">\n\t\t\t\t\t\t\t\t\t\t\t<span class=\"elementor-icon-list-icon\">\n\t\t\t\t\t\t\t<svg xmlns=\"http:\/\/www.w3.org\/2000\/svg\" width=\"14\" height=\"16\" viewbox=\"0 0 14 16\" fill=\"none\"><path d=\"M13.6062 7.92031L0.441406 0.320312L3.24941 7.92031L0.441406 15.5203L13.6062 7.92031Z\" fill=\"#7B7575\"><\/path><\/svg>\t\t\t\t\t\t<\/span>\n\t\t\t\t\t\t\t\t\t\t<span class=\"elementor-icon-list-text\">Possibilit\u00e9 \u00e9galement de rejoindre ou de cr\u00e9er un groupe entre \u00e9l\u00e8ves musiciens<\/span>\n\t\t\t\t\t\t\t\t\t<\/li>\n\t\t\t\t\t\t\t\t<li class=\"elementor-icon-list-item\">\n\t\t\t\t\t\t\t\t\t\t\t<span class=\"elementor-icon-list-icon\">\n\t\t\t\t\t\t\t<svg xmlns=\"http:\/\/www.w3.org\/2000\/svg\" width=\"14\" height=\"16\" viewbox=\"0 0 14 16\" fill=\"none\"><path d=\"M13.6062 7.92031L0.441406 0.320312L3.24941 7.92031L0.441406 15.5203L13.6062 7.92031Z\" fill=\"#7B7575\"><\/path><\/svg>\t\t\t\t\t\t<\/span>\n\t\t\t\t\t\t\t\t\t\t<span class=\"elementor-icon-list-text\">Possibilit\u00e9 de participer \u00e0 l'orchestre des Lyc\u00e9es Fran\u00e7ais du Monde, projet de l'AEFE (sur concours)<\/span>\n\t\t\t\t\t\t\t\t\t<\/li>\n\t\t\t\t\t\t<\/ul>\n\t\t\t\t\t\t<\/div>\n\t\t\t\t<\/div>\n\t\t<div class=\"elementor-element elementor-element-2028800 e-con-full e-flex e-con e-child\" data-id=\"2028800\" data-element_type=\"container\" data-e-type=\"container\">\n\t\t\t\t<div class=\"elementor-element elementor-element-d0c2792 elementor-widget elementor-widget-heading\" data-id=\"d0c2792\" data-element_type=\"widget\" data-e-type=\"widget\" data-widget_type=\"heading.default\">\n\t\t\t\t\t<h5 class=\"elementor-heading-title elementor-size-default\">Projets \u00e9l\u00e8ves<\/h5>\t\t\t\t<\/div>\n\t\t\t\t<div class=\"elementor-element elementor-element-9740e84 elementor-icon-list--layout-traditional elementor-list-item-link-full_width elementor-widget elementor-widget-icon-list\" data-id=\"9740e84\" data-element_type=\"widget\" data-e-type=\"widget\" data-widget_type=\"icon-list.default\">\n\t\t\t\t\t\t\t<ul class=\"elementor-icon-list-items\">\n\t\t\t\t\t\t\t<li class=\"elementor-icon-list-item\">\n\t\t\t\t\t\t\t\t\t\t\t<span class=\"elementor-icon-list-icon\">\n\t\t\t\t\t\t\t<svg xmlns=\"http:\/\/www.w3.org\/2000\/svg\" width=\"14\" height=\"16\" viewbox=\"0 0 14 16\" fill=\"none\"><path d=\"M13.6062 7.92031L0.441406 0.320312L3.24941 7.92031L0.441406 15.5203L13.6062 7.92031Z\" fill=\"#7B7575\"><\/path><\/svg>\t\t\t\t\t\t<\/span>\n\t\t\t\t\t\t\t\t\t\t<span class=\"elementor-icon-list-text\">L'id\u00e9e \u00e9tant d'encourager les \u00e9l\u00e8ves \u00e0 d\u00e9velopper leur part artistique, toute r\u00e9alisation, tout projet peut \u00eatre mis en avant lors de diff\u00e9rentes occasions: mela de Main Tendue organis\u00e9e au LFID chaque ann\u00e9e, spectacles organis\u00e9s au sein du LFID au cours de l'ann\u00e9e (f\u00eate de No\u00ebl, la Francophonie, f\u00eate de la musique...). Les \u00e9l\u00e8ves de la chorale et les \u00e9l\u00e8ves musiciens ou chanteurs sont alors invit\u00e9s \u00e0 pr\u00e9senter leurs productions<\/span>\n\t\t\t\t\t\t\t\t\t<\/li>\n\t\t\t\t\t\t<\/ul>\n\t\t\t\t\t\t<\/div>\n\t\t\t\t<\/div>\n\t\t<div class=\"elementor-element elementor-element-312f9d6 e-con-full e-flex e-con e-child\" data-id=\"312f9d6\" data-element_type=\"container\" data-e-type=\"container\">\n\t\t\t\t<div class=\"elementor-element elementor-element-b1a14d2 elementor-widget elementor-widget-heading\" data-id=\"b1a14d2\" data-element_type=\"widget\" data-e-type=\"widget\" data-widget_type=\"heading.default\">\n\t\t\t\t\t<h5 class=\"elementor-heading-title elementor-size-default\">Instruments \u00e0 disposition au LFID<\/h5>\t\t\t\t<\/div>\n\t\t\t\t<div class=\"elementor-element elementor-element-b6b7c66 elementor-icon-list--layout-traditional elementor-list-item-link-full_width elementor-widget elementor-widget-icon-list\" data-id=\"b6b7c66\" data-element_type=\"widget\" data-e-type=\"widget\" data-widget_type=\"icon-list.default\">\n\t\t\t\t\t\t\t<ul class=\"elementor-icon-list-items\">\n\t\t\t\t\t\t\t<li class=\"elementor-icon-list-item\">\n\t\t\t\t\t\t\t\t\t\t\t<span class=\"elementor-icon-list-icon\">\n\t\t\t\t\t\t\t<svg xmlns=\"http:\/\/www.w3.org\/2000\/svg\" width=\"14\" height=\"16\" viewbox=\"0 0 14 16\" fill=\"none\"><path d=\"M13.6062 7.92031L0.441406 0.320312L3.24941 7.92031L0.441406 15.5203L13.6062 7.92031Z\" fill=\"#7B7575\"><\/path><\/svg>\t\t\t\t\t\t<\/span>\n\t\t\t\t\t\t\t\t\t\t<span class=\"elementor-icon-list-text\">Nous disposons d'une grande vari\u00e9t\u00e9 d'instruments et d'\u00e9quipements. Entre autres, guitares (classique, \u00e9lectro-acoustique, \u00e9lectrique, basse), batterie, piano, synth\u00e9tiseurs, violons, didjeridoo, djumbe, tablas, cajons et autres multitudes de percussions et petits instruments).<\/span>\n\t\t\t\t\t\t\t\t\t<\/li>\n\t\t\t\t\t\t<\/ul>\n\t\t\t\t\t\t<\/div>\n\t\t\t\t<\/div>\n\t\t<div class=\"elementor-element elementor-element-f8eb630 e-con-full e-flex e-con e-child\" data-id=\"f8eb630\" data-element_type=\"container\" data-e-type=\"container\">\n\t\t\t\t<div class=\"elementor-element elementor-element-db3345d elementor-widget elementor-widget-heading\" data-id=\"db3345d\" data-element_type=\"widget\" data-e-type=\"widget\" data-widget_type=\"heading.default\">\n\t\t\t\t\t<h5 class=\"elementor-heading-title elementor-size-default\">Musique et technologie<\/h5>\t\t\t\t<\/div>\n\t\t\t\t<div class=\"elementor-element elementor-element-8e1dfb5 elementor-icon-list--layout-traditional elementor-list-item-link-full_width elementor-widget elementor-widget-icon-list\" data-id=\"8e1dfb5\" data-element_type=\"widget\" data-e-type=\"widget\" data-widget_type=\"icon-list.default\">\n\t\t\t\t\t\t\t<ul class=\"elementor-icon-list-items\">\n\t\t\t\t\t\t\t<li class=\"elementor-icon-list-item\">\n\t\t\t\t\t\t\t\t\t\t\t<span class=\"elementor-icon-list-icon\">\n\t\t\t\t\t\t\t<svg xmlns=\"http:\/\/www.w3.org\/2000\/svg\" width=\"14\" height=\"16\" viewbox=\"0 0 14 16\" fill=\"none\"><path d=\"M13.6062 7.92031L0.441406 0.320312L3.24941 7.92031L0.441406 15.5203L13.6062 7.92031Z\" fill=\"#7B7575\"><\/path><\/svg>\t\t\t\t\t\t<\/span>\n\t\t\t\t\t\t\t\t\t\t<span class=\"elementor-icon-list-text\">Des oeuvres cr\u00e9\u00e9es \u00e0 partir de la technologie sont pr\u00e9sent\u00e9es dans la partie th\u00e9orique, permettant aux \u00e9l\u00e8ves d'avoir conscience de l'\u00e9volution de la production musicale. \nIl peut \u00eatre envisag\u00e9 lors de la production d'oeuvres musicales par les \u00e9l\u00e8ves, d'utiliser des logiciels d'enregistrements de sons, des logiciels d'\u00e9dition.<\/span>\n\t\t\t\t\t\t\t\t\t<\/li>\n\t\t\t\t\t\t<\/ul>\n\t\t\t\t\t\t<\/div>\n\t\t\t\t<\/div>\n\t\t<div class=\"elementor-element elementor-element-91a1d6a e-con-full e-flex e-con e-child\" data-id=\"91a1d6a\" data-element_type=\"container\" data-e-type=\"container\">\n\t\t\t\t<div class=\"elementor-element elementor-element-be28c2c elementor-widget elementor-widget-heading\" data-id=\"be28c2c\" data-element_type=\"widget\" data-e-type=\"widget\" data-widget_type=\"heading.default\">\n\t\t\t\t\t<h5 class=\"elementor-heading-title elementor-size-default\">Projets musicaux annuels<\/h5>\t\t\t\t<\/div>\n\t\t\t\t<div class=\"elementor-element elementor-element-94cdcf7 elementor-icon-list--layout-traditional elementor-list-item-link-full_width elementor-widget elementor-widget-icon-list\" data-id=\"94cdcf7\" data-element_type=\"widget\" data-e-type=\"widget\" data-widget_type=\"icon-list.default\">\n\t\t\t\t\t\t\t<ul class=\"elementor-icon-list-items\">\n\t\t\t\t\t\t\t<li class=\"elementor-icon-list-item\">\n\t\t\t\t\t\t\t\t\t\t\t<span class=\"elementor-icon-list-icon\">\n\t\t\t\t\t\t\t<svg xmlns=\"http:\/\/www.w3.org\/2000\/svg\" width=\"14\" height=\"16\" viewbox=\"0 0 14 16\" fill=\"none\"><path d=\"M13.6062 7.92031L0.441406 0.320312L3.24941 7.92031L0.441406 15.5203L13.6062 7.92031Z\" fill=\"#7B7575\"><\/path><\/svg>\t\t\t\t\t\t<\/span>\n\t\t\t\t\t\t\t\t\t\t<span class=\"elementor-icon-list-text\">Sorties scolaires \u00e0 la d\u00e9couverte de diff\u00e9rents styles de musique et cultures (\u00e0 valider)<\/span>\n\t\t\t\t\t\t\t\t\t<\/li>\n\t\t\t\t\t\t\t\t<li class=\"elementor-icon-list-item\">\n\t\t\t\t\t\t\t\t\t\t\t<span class=\"elementor-icon-list-icon\">\n\t\t\t\t\t\t\t<svg xmlns=\"http:\/\/www.w3.org\/2000\/svg\" width=\"14\" height=\"16\" viewbox=\"0 0 14 16\" fill=\"none\"><path d=\"M13.6062 7.92031L0.441406 0.320312L3.24941 7.92031L0.441406 15.5203L13.6062 7.92031Z\" fill=\"#7B7575\"><\/path><\/svg>\t\t\t\t\t\t<\/span>\n\t\t\t\t\t\t\t\t\t\t<span class=\"elementor-icon-list-text\">Intervention d'un percussionniste pour transmettre les bases du djumbe et autres percussions \u00e0 certains groupes d'\u00e9l\u00e8ves (\u00e0 valider)<\/span>\n\t\t\t\t\t\t\t\t\t<\/li>\n\t\t\t\t\t\t<\/ul>\n\t\t\t\t\t\t<\/div>\n\t\t\t\t<\/div>\n\t\t\t\t\t<\/div>\n\t\t\t\t<\/div>\n\t\t\t\t<\/div>","protected":false},"excerpt":{"rendered":"<p>Home Learning Arts Music education Music education Awakening the Senses and Nurturing Critical Thinking Through the World of Sound Musical education guides students towards an autonomous and critical approach to the contemporary sound and musical world. Simultaneously, it endeavors to contextualize the studied music within a history and geography punctuated by cultural landmarks. Taking into [&hellip;]<\/p>\n","protected":false},"author":2,"featured_media":0,"parent":0,"menu_order":0,"comment_status":"closed","ping_status":"closed","template":"elementor_header_footer","meta":{"_seopress_robots_primary_cat":"","_seopress_titles_title":"","_seopress_titles_desc":"","_seopress_robots_index":"","footnotes":""},"class_list":["post-3155","page","type-page","status-publish","hentry"],"_links":{"self":[{"href":"https:\/\/lfidelhi.org\/fr\/wp-json\/wp\/v2\/pages\/3155","targetHints":{"allow":["GET"]}}],"collection":[{"href":"https:\/\/lfidelhi.org\/fr\/wp-json\/wp\/v2\/pages"}],"about":[{"href":"https:\/\/lfidelhi.org\/fr\/wp-json\/wp\/v2\/types\/page"}],"author":[{"embeddable":true,"href":"https:\/\/lfidelhi.org\/fr\/wp-json\/wp\/v2\/users\/2"}],"replies":[{"embeddable":true,"href":"https:\/\/lfidelhi.org\/fr\/wp-json\/wp\/v2\/comments?post=3155"}],"version-history":[{"count":34,"href":"https:\/\/lfidelhi.org\/fr\/wp-json\/wp\/v2\/pages\/3155\/revisions"}],"predecessor-version":[{"id":9662,"href":"https:\/\/lfidelhi.org\/fr\/wp-json\/wp\/v2\/pages\/3155\/revisions\/9662"}],"wp:attachment":[{"href":"https:\/\/lfidelhi.org\/fr\/wp-json\/wp\/v2\/media?parent=3155"}],"curies":[{"name":"wp","href":"https:\/\/api.w.org\/{rel}","templated":true}]}}