{"id":3233,"date":"2024-06-13T11:07:24","date_gmt":"2024-06-13T11:07:24","guid":{"rendered":"https:\/\/lfidelhi.org\/?page_id=3233"},"modified":"2025-08-25T17:31:05","modified_gmt":"2025-08-25T12:01:05","slug":"physical-education","status":"publish","type":"page","link":"https:\/\/lfidelhi.org\/fr\/physical-education\/","title":{"rendered":"EPS"},"content":{"rendered":"<div data-elementor-type=\"wp-page\" data-elementor-id=\"3233\" class=\"elementor elementor-3233\" data-elementor-post-type=\"page\">\n\t\t\t\t<div class=\"elementor-element elementor-element-2b4e3f9 overflow-hidden e-flex e-con-boxed e-con e-parent\" data-id=\"2b4e3f9\" data-element_type=\"container\" data-e-type=\"container\" data-settings=\"{&quot;background_background&quot;:&quot;classic&quot;}\">\n\t\t\t\t\t<div class=\"e-con-inner\">\n\t\t\t\t\t<\/div>\n\t\t\t\t<\/div>\n\t\t<div class=\"elementor-element elementor-element-0cc5e2a e-flex e-con-boxed e-con e-parent\" data-id=\"0cc5e2a\" data-element_type=\"container\" data-e-type=\"container\">\n\t\t\t\t\t<div class=\"e-con-inner\">\n\t\t\t\t<div class=\"elementor-element elementor-element-a06903b elementor-widget elementor-widget-button\" data-id=\"a06903b\" data-element_type=\"widget\" data-e-type=\"widget\" data-widget_type=\"button.default\">\n\t\t\t\t\t\t\t\t\t\t<a class=\"elementor-button elementor-button-link elementor-size-sm\" href=\"https:\/\/lfidelhi.org\/fr\">\n\t\t\t\t\t\t<span class=\"elementor-button-content-wrapper\">\n\t\t\t\t\t\t\t\t\t<span class=\"elementor-button-text\">Accueil<\/span>\n\t\t\t\t\t<\/span>\n\t\t\t\t\t<\/a>\n\t\t\t\t\t\t\t\t<\/div>\n\t\t\t\t<div class=\"elementor-element elementor-element-d8e562e elementor-widget__width-auto elementor-view-default elementor-widget elementor-widget-icon\" data-id=\"d8e562e\" data-element_type=\"widget\" data-e-type=\"widget\" data-widget_type=\"icon.default\">\n\t\t\t\t\t\t\t<div class=\"elementor-icon-wrapper\">\n\t\t\t<div class=\"elementor-icon\">\n\t\t\t<svg xmlns=\"http:\/\/www.w3.org\/2000\/svg\" width=\"6\" height=\"14\" viewbox=\"0 0 6 14\" fill=\"none\"><path d=\"M5.72337 7.00008L2.1626 0.27417L0.836914 0.976005L4.02612 7.00008L0.836914 13.0242L2.1626 13.726L5.72337 7.00008Z\" fill=\"#383838\"><\/path><\/svg>\t\t\t<\/div>\n\t\t<\/div>\n\t\t\t\t\t\t<\/div>\n\t\t\t\t<div class=\"elementor-element elementor-element-855a75f elementor-widget elementor-widget-button\" data-id=\"855a75f\" data-element_type=\"widget\" data-e-type=\"widget\" data-widget_type=\"button.default\">\n\t\t\t\t\t\t\t\t\t\t<a class=\"elementor-button elementor-button-link elementor-size-sm\" href=\"#\">\n\t\t\t\t\t\t<span class=\"elementor-button-content-wrapper\">\n\t\t\t\t\t\t\t\t\t<span class=\"elementor-button-text\">Apprentissage<\/span>\n\t\t\t\t\t<\/span>\n\t\t\t\t\t<\/a>\n\t\t\t\t\t\t\t\t<\/div>\n\t\t\t\t<div class=\"elementor-element elementor-element-e6ffb17 elementor-widget__width-auto elementor-view-default elementor-widget elementor-widget-icon\" data-id=\"e6ffb17\" data-element_type=\"widget\" data-e-type=\"widget\" data-widget_type=\"icon.default\">\n\t\t\t\t\t\t\t<div class=\"elementor-icon-wrapper\">\n\t\t\t<div class=\"elementor-icon\">\n\t\t\t<svg xmlns=\"http:\/\/www.w3.org\/2000\/svg\" width=\"6\" height=\"14\" viewbox=\"0 0 6 14\" fill=\"none\"><path d=\"M5.72337 7.00008L2.1626 0.27417L0.836914 0.976005L4.02612 7.00008L0.836914 13.0242L2.1626 13.726L5.72337 7.00008Z\" fill=\"#383838\"><\/path><\/svg>\t\t\t<\/div>\n\t\t<\/div>\n\t\t\t\t\t\t<\/div>\n\t\t\t\t<div class=\"elementor-element elementor-element-2bbcfa9 elementor-widget elementor-widget-button\" data-id=\"2bbcfa9\" data-element_type=\"widget\" data-e-type=\"widget\" data-widget_type=\"button.default\">\n\t\t\t\t\t\t\t\t\t\t<a class=\"elementor-button elementor-button-link elementor-size-sm\" href=\"#\">\n\t\t\t\t\t\t<span class=\"elementor-button-content-wrapper\">\n\t\t\t\t\t\t\t\t\t<span class=\"elementor-button-text\">EPS<\/span>\n\t\t\t\t\t<\/span>\n\t\t\t\t\t<\/a>\n\t\t\t\t\t\t\t\t<\/div>\n\t\t\t\t\t<\/div>\n\t\t\t\t<\/div>\n\t\t<div class=\"elementor-element elementor-element-9ef444f e-flex e-con-boxed e-con e-parent\" data-id=\"9ef444f\" data-element_type=\"container\" data-e-type=\"container\" id=\"kindergarten\">\n\t\t\t\t\t<div class=\"e-con-inner\">\n\t\t<div class=\"elementor-element elementor-element-17ee648 e-con-full e-flex e-con e-child\" data-id=\"17ee648\" data-element_type=\"container\" data-e-type=\"container\">\n\t\t\t\t<div class=\"elementor-element elementor-element-e00650d elementor-widget elementor-widget-heading\" data-id=\"e00650d\" data-element_type=\"widget\" data-e-type=\"widget\" data-widget_type=\"heading.default\">\n\t\t\t\t\t<h1 class=\"elementor-heading-title elementor-size-default\">EPS<\/h1>\t\t\t\t<\/div>\n\t\t\t\t<div class=\"elementor-element elementor-element-5b1115a elementor-widget elementor-widget-heading\" data-id=\"5b1115a\" data-element_type=\"widget\" data-e-type=\"widget\" data-widget_type=\"heading.default\">\n\t\t\t\t\t<h2 class=\"elementor-heading-title elementor-size-default\">Kindergarten &amp; Primary Classes<\/h2>\t\t\t\t<\/div>\n\t\t\t\t<div class=\"elementor-element elementor-element-37647b8 elementor-widget elementor-widget-text-editor\" data-id=\"37647b8\" data-element_type=\"widget\" data-e-type=\"widget\" data-widget_type=\"text-editor.default\">\n\t\t\t\t\t\t\t\t\t<p>L'\u00c9ducation Physique et Sportive (EPS) cherche \u00e0 d\u00e9velopper chez les \u00e9l\u00e8ves diff\u00e9rentes capacit\u00e9s motrices \u00e0 travers les activit\u00e9s physiques et artistiques, afin de leur permettre de s'exprimer avec leur corps. Elle contribue aussi \u00e0 l\u2019\u00e9ducation \u00e0 la sant\u00e9 en permettant aux \u00e9l\u00e8ves de mieux conna\u00eetre leur corps et ses possibilit\u00e9s. Enfin, cet enseignement \u00e9duque \u00e0 la responsabilit\u00e9 et \u00e0 l\u2019autonomie, en transmettant aux \u00e9l\u00e8ves des valeurs morales et sociales, telles que le respect des r\u00e8gles, le respect de soi-m\u00eame et d\u2019autrui.<\/p>\t\t\t\t\t\t\t\t<\/div>\n\t\t\t\t<\/div>\n\t\t<div class=\"elementor-element elementor-element-f961b45 e-con-full e-flex e-con e-child\" data-id=\"f961b45\" data-element_type=\"container\" data-e-type=\"container\">\n\t\t\t\t<div class=\"elementor-element elementor-element-9b6926a imgcar-dots elementor-arrows-position-inside elementor-pagination-position-outside elementor-widget elementor-widget-image-carousel\" data-id=\"9b6926a\" data-element_type=\"widget\" data-e-type=\"widget\" data-settings=\"{&quot;slides_to_show&quot;:&quot;1&quot;,&quot;autoplay_speed&quot;:3000,&quot;navigation&quot;:&quot;both&quot;,&quot;autoplay&quot;:&quot;yes&quot;,&quot;pause_on_interaction&quot;:&quot;yes&quot;,&quot;infinite&quot;:&quot;yes&quot;,&quot;effect&quot;:&quot;slide&quot;,&quot;speed&quot;:500}\" data-widget_type=\"image-carousel.default\">\n\t\t\t\t\t\t\t<div class=\"elementor-image-carousel-wrapper swiper\" role=\"region\" aria-roledescription=\"carousel\" aria-label=\"Image Carousel\" dir=\"ltr\">\n\t\t\t<div class=\"elementor-image-carousel swiper-wrapper\" aria-live=\"off\">\n\t\t\t\t\t\t\t\t<div class=\"swiper-slide\" role=\"group\" aria-roledescription=\"slide\" aria-label=\"1 sur 5\"><figure class=\"swiper-slide-inner\"><img decoding=\"async\" class=\"swiper-slide-image\" src=\"https:\/\/lfidelhi.org\/wp-content\/uploads\/2025\/08\/057A0365-scaled.jpg\" alt=\"057A0365\" \/><\/figure><\/div><div class=\"swiper-slide\" role=\"group\" aria-roledescription=\"slide\" aria-label=\"2 sur 5\"><figure class=\"swiper-slide-inner\"><img decoding=\"async\" class=\"swiper-slide-image\" src=\"https:\/\/lfidelhi.org\/wp-content\/uploads\/2024\/06\/IMG_8509-min.jpg\" alt=\"IMG_8509-min\" \/><\/figure><\/div><div class=\"swiper-slide\" role=\"group\" aria-roledescription=\"slide\" aria-label=\"3 sur 5\"><figure class=\"swiper-slide-inner\"><img decoding=\"async\" class=\"swiper-slide-image\" src=\"https:\/\/lfidelhi.org\/wp-content\/uploads\/2024\/06\/IMG_8715-min.jpg\" alt=\"IMG_8715-min\" \/><\/figure><\/div><div class=\"swiper-slide\" role=\"group\" aria-roledescription=\"slide\" aria-label=\"4 sur 5\"><figure class=\"swiper-slide-inner\"><img decoding=\"async\" class=\"swiper-slide-image\" src=\"https:\/\/lfidelhi.org\/wp-content\/uploads\/2024\/06\/IMG_8898-min.jpg\" alt=\"IMG_8898-min\" \/><\/figure><\/div><div class=\"swiper-slide\" role=\"group\" aria-roledescription=\"slide\" aria-label=\"5 sur 5\"><figure class=\"swiper-slide-inner\"><img decoding=\"async\" class=\"swiper-slide-image\" src=\"https:\/\/lfidelhi.org\/wp-content\/uploads\/2024\/06\/img455-min.jpg\" alt=\"img455-min\" \/><\/figure><\/div>\t\t\t<\/div>\n\t\t\t\t\t\t\t\t\t\t\t\t<div class=\"elementor-swiper-button elementor-swiper-button-prev\" role=\"button\" tabindex=\"0\">\n\t\t\t\t\t\t<svg xmlns=\"http:\/\/www.w3.org\/2000\/svg\" width=\"13\" height=\"34\" viewbox=\"0 0 13 34\" fill=\"none\"><path d=\"M0.34243 17L9.04655 0.558838L12.2871 2.27443L4.49126 17L12.2871 31.7255L9.04655 33.4411L0.34243 17Z\" fill=\"#EB611B\"><\/path><\/svg>\t\t\t\t\t<\/div>\n\t\t\t\t\t<div class=\"elementor-swiper-button elementor-swiper-button-next\" role=\"button\" tabindex=\"0\">\n\t\t\t\t\t\t<svg xmlns=\"http:\/\/www.w3.org\/2000\/svg\" width=\"13\" height=\"34\" viewbox=\"0 0 13 34\" fill=\"none\"><path d=\"M12.6576 17L3.95345 0.558838L0.712891 2.27443L8.50874 17L0.712891 31.7255L3.95345 33.4411L12.6576 17Z\" fill=\"#EB611B\"><\/path><\/svg>\t\t\t\t\t<\/div>\n\t\t\t\t\n\t\t\t\t\t\t\t\t\t<div class=\"swiper-pagination\"><\/div>\n\t\t\t\t\t\t\t\t\t<\/div>\n\t\t\t\t\t\t<\/div>\n\t\t\t\t<\/div>\n\t\t\t\t\t<\/div>\n\t\t\t\t<\/div>\n\t\t<div class=\"elementor-element elementor-element-f23987c e-flex e-con-boxed e-con e-parent\" data-id=\"f23987c\" data-element_type=\"container\" data-e-type=\"container\" id=\"secondary\">\n\t\t\t\t\t<div class=\"e-con-inner\">\n\t\t\t\t<div class=\"elementor-element elementor-element-86bba6c elementor-widget__width-inherit elementor-widget elementor-widget-heading\" data-id=\"86bba6c\" data-element_type=\"widget\" data-e-type=\"widget\" data-widget_type=\"heading.default\">\n\t\t\t\t\t<h2 class=\"elementor-heading-title elementor-size-default\">Classes secondaires<\/h2>\t\t\t\t<\/div>\n\t\t<div class=\"elementor-element elementor-element-4277601 e-con-full e-flex e-con e-child\" data-id=\"4277601\" data-element_type=\"container\" data-e-type=\"container\">\n\t\t\t\t<div class=\"elementor-element elementor-element-7813972 elementor-widget elementor-widget-text-editor\" data-id=\"7813972\" data-element_type=\"widget\" data-e-type=\"widget\" data-widget_type=\"text-editor.default\">\n\t\t\t\t\t\t\t\t\t<p>Par la pratique scolaire, adapt\u00e9e et diversifi\u00e9e d\u2019activit\u00e9s physiques, sportives et artistiques, l\u2019EPS concourt \u00e0 l\u2019\u00e9panouissement des \u00e9l\u00e8ves. Cet enseignement participe \u00e0 la condition physique et \u00e0 la bonne sant\u00e9 tout au long de la vie tout en d\u00e9veloppant des valeurs citoyennes. Il permet un engagement corporel, qui repr\u00e9sente pour beaucoup de jeunes la seule pratique d\u2019une activit\u00e9 physique. Il tend \u00e0 donner le go\u00fbt et le plaisir de pratiquer de fa\u00e7on r\u00e9guli\u00e8re et autonome.<\/p>\t\t\t\t\t\t\t\t<\/div>\n\t\t\t\t<\/div>\n\t\t<div class=\"elementor-element elementor-element-fb85ba7 e-con-full e-flex e-con e-child\" data-id=\"fb85ba7\" data-element_type=\"container\" data-e-type=\"container\">\n\t\t\t\t<div class=\"elementor-element elementor-element-14f7680 elementor-widget elementor-widget-text-editor\" data-id=\"14f7680\" data-element_type=\"widget\" data-e-type=\"widget\" data-widget_type=\"text-editor.default\">\n\t\t\t\t\t\t\t\t\t<p>Dans le cadre de l'\u00e9ducation physique et sportive, les filles et les gar\u00e7ons sont amen\u00e9s \u00e0 pratiquer les activit\u00e9s suivantes : gymnastique, musculation, acro-gym, tennis de table, basket-ball, handball, et ultimate frisbee.<br \/>Le LFID disposent de deux terrains de sport en ext\u00e9rieur, d'un gymnase et d'un mur d'escalade. Pour les activit\u00e9s de natation, les \u00e9l\u00e8ves se rendent dans une piscine non loin du LFID.\nLes \u00e9l\u00e8ves du LFID participent \u00e0 des rencontres sportives avec les autres \u00e9tablissements internationaux de Delhi et peuvent participer \u00e0 des rencontres avec les autres \u00e9tablissements fran\u00e7ais de la zone Asie Pacifique de l'Agence pour l'Enseignement Fran\u00e7ais \u00e0 l'Etranger.<\/p>\t\t\t\t\t\t\t\t<\/div>\n\t\t\t\t<\/div>\n\t\t\t\t\t<\/div>\n\t\t\t\t<\/div>\n\t\t<div class=\"elementor-element elementor-element-aad1f7c e-flex e-con-boxed e-con e-parent\" data-id=\"aad1f7c\" data-element_type=\"container\" data-e-type=\"container\">\n\t\t\t\t\t<div class=\"e-con-inner\">\n\t\t\t\t<div class=\"elementor-element elementor-element-76ac0a2 imgcar-dots classratio elementor-arrows-position-inside elementor-widget elementor-widget-image-carousel\" data-id=\"76ac0a2\" data-element_type=\"widget\" data-e-type=\"widget\" data-settings=\"{&quot;slides_to_show&quot;:&quot;3&quot;,&quot;navigation&quot;:&quot;arrows&quot;,&quot;autoplay&quot;:&quot;yes&quot;,&quot;pause_on_hover&quot;:&quot;yes&quot;,&quot;pause_on_interaction&quot;:&quot;yes&quot;,&quot;autoplay_speed&quot;:5000,&quot;infinite&quot;:&quot;yes&quot;,&quot;speed&quot;:500,&quot;image_spacing_custom&quot;:{&quot;unit&quot;:&quot;px&quot;,&quot;size&quot;:20,&quot;sizes&quot;:[]},&quot;image_spacing_custom_tablet&quot;:{&quot;unit&quot;:&quot;px&quot;,&quot;size&quot;:&quot;&quot;,&quot;sizes&quot;:[]},&quot;image_spacing_custom_mobile&quot;:{&quot;unit&quot;:&quot;px&quot;,&quot;size&quot;:&quot;&quot;,&quot;sizes&quot;:[]}}\" data-widget_type=\"image-carousel.default\">\n\t\t\t\t\t\t\t<div class=\"elementor-image-carousel-wrapper swiper\" role=\"region\" aria-roledescription=\"carousel\" aria-label=\"Image Carousel\" dir=\"ltr\">\n\t\t\t<div class=\"elementor-image-carousel swiper-wrapper\" aria-live=\"off\">\n\t\t\t\t\t\t\t\t<div class=\"swiper-slide\" role=\"group\" aria-roledescription=\"slide\" aria-label=\"1 sur 14\"><figure class=\"swiper-slide-inner\"><img decoding=\"async\" class=\"swiper-slide-image\" src=\"https:\/\/lfidelhi.org\/wp-content\/uploads\/2025\/08\/057A0552-1-scaled.jpg\" alt=\"057A0552\" \/><\/figure><\/div><div class=\"swiper-slide\" role=\"group\" aria-roledescription=\"slide\" aria-label=\"2 sur 14\"><figure class=\"swiper-slide-inner\"><img decoding=\"async\" class=\"swiper-slide-image\" src=\"https:\/\/lfidelhi.org\/wp-content\/uploads\/2025\/08\/057A0642-1-scaled.jpg\" alt=\"057A0642\" \/><\/figure><\/div><div class=\"swiper-slide\" role=\"group\" aria-roledescription=\"slide\" aria-label=\"3 sur 14\"><figure class=\"swiper-slide-inner\"><img decoding=\"async\" class=\"swiper-slide-image\" src=\"https:\/\/lfidelhi.org\/wp-content\/uploads\/2025\/08\/IMG_8418-1-scaled.jpg\" alt=\"IMG_8418\" \/><\/figure><\/div><div class=\"swiper-slide\" role=\"group\" aria-roledescription=\"slide\" aria-label=\"4 sur 14\"><figure class=\"swiper-slide-inner\"><img decoding=\"async\" class=\"swiper-slide-image\" src=\"https:\/\/lfidelhi.org\/wp-content\/uploads\/2024\/06\/WhatsApp-Image-2024-05-04-at-09.45.37-min.jpeg\" alt=\"WhatsApp Image 2024-05-04 at 09.45.37-min\" \/><\/figure><\/div><div class=\"swiper-slide\" role=\"group\" aria-roledescription=\"slide\" aria-label=\"5 sur 14\"><figure class=\"swiper-slide-inner\"><img decoding=\"async\" class=\"swiper-slide-image\" src=\"https:\/\/lfidelhi.org\/wp-content\/uploads\/2024\/06\/IMG_8439-min.jpg\" alt=\"IMG_8439-min\" \/><\/figure><\/div><div class=\"swiper-slide\" role=\"group\" aria-roledescription=\"slide\" aria-label=\"6 sur 14\"><figure class=\"swiper-slide-inner\"><img decoding=\"async\" class=\"swiper-slide-image\" src=\"https:\/\/lfidelhi.org\/wp-content\/uploads\/2024\/06\/IMG_8435-min.jpg\" alt=\"IMG_8435-min\" \/><\/figure><\/div><div class=\"swiper-slide\" role=\"group\" aria-roledescription=\"slide\" aria-label=\"7 sur 14\"><figure class=\"swiper-slide-inner\"><img decoding=\"async\" class=\"swiper-slide-image\" src=\"https:\/\/lfidelhi.org\/wp-content\/uploads\/2024\/06\/IMG_8425-min.jpg\" alt=\"IMG_8425-min\" \/><\/figure><\/div><div class=\"swiper-slide\" role=\"group\" aria-roledescription=\"slide\" aria-label=\"8 sur 14\"><figure class=\"swiper-slide-inner\"><img decoding=\"async\" class=\"swiper-slide-image\" src=\"https:\/\/lfidelhi.org\/wp-content\/uploads\/2024\/06\/DSC_3791-min.jpg\" alt=\"DSC_3791-min\" \/><\/figure><\/div><div class=\"swiper-slide\" role=\"group\" aria-roledescription=\"slide\" aria-label=\"9 sur 14\"><figure class=\"swiper-slide-inner\"><img decoding=\"async\" class=\"swiper-slide-image\" src=\"https:\/\/lfidelhi.org\/wp-content\/uploads\/2024\/06\/DSC_3532-min.jpg\" alt=\"DSC_3532-min\" \/><\/figure><\/div><div class=\"swiper-slide\" role=\"group\" aria-roledescription=\"slide\" aria-label=\"10 sur 14\"><figure class=\"swiper-slide-inner\"><img decoding=\"async\" class=\"swiper-slide-image\" src=\"https:\/\/lfidelhi.org\/wp-content\/uploads\/2024\/06\/DSC4733-min.jpg\" alt=\"_DSC4733-min\" \/><\/figure><\/div><div class=\"swiper-slide\" role=\"group\" aria-roledescription=\"slide\" aria-label=\"11 sur 14\"><figure class=\"swiper-slide-inner\"><img decoding=\"async\" class=\"swiper-slide-image\" src=\"https:\/\/lfidelhi.org\/wp-content\/uploads\/2025\/08\/DSC_2992-scaled.jpg\" alt=\"DSC_2992\" \/><\/figure><\/div><div class=\"swiper-slide\" role=\"group\" aria-roledescription=\"slide\" aria-label=\"12 sur 14\"><figure class=\"swiper-slide-inner\"><img decoding=\"async\" class=\"swiper-slide-image\" src=\"https:\/\/lfidelhi.org\/wp-content\/uploads\/2025\/08\/DSC_5389-scaled.jpg\" alt=\"DSC_5389\" \/><\/figure><\/div><div class=\"swiper-slide\" role=\"group\" aria-roledescription=\"slide\" aria-label=\"13 sur 14\"><figure class=\"swiper-slide-inner\"><img decoding=\"async\" class=\"swiper-slide-image\" src=\"https:\/\/lfidelhi.org\/wp-content\/uploads\/2025\/08\/British-School.jpeg\" alt=\"British School\" \/><\/figure><\/div><div class=\"swiper-slide\" role=\"group\" aria-roledescription=\"slide\" aria-label=\"14 sur 14\"><figure class=\"swiper-slide-inner\"><img decoding=\"async\" class=\"swiper-slide-image\" src=\"https:\/\/lfidelhi.org\/wp-content\/uploads\/2025\/08\/Sports-Meet-1.jpg\" alt=\"Sports Meet\" \/><\/figure><\/div>\t\t\t<\/div>\n\t\t\t\t\t\t\t\t\t\t\t\t<div class=\"elementor-swiper-button elementor-swiper-button-prev\" role=\"button\" tabindex=\"0\">\n\t\t\t\t\t\t<svg xmlns=\"http:\/\/www.w3.org\/2000\/svg\" width=\"13\" height=\"34\" viewbox=\"0 0 13 34\" fill=\"none\"><path d=\"M0.34243 17L9.04655 0.558838L12.2871 2.27443L4.49126 17L12.2871 31.7255L9.04655 33.4411L0.34243 17Z\" fill=\"#EB611B\"><\/path><\/svg>\t\t\t\t\t<\/div>\n\t\t\t\t\t<div class=\"elementor-swiper-button elementor-swiper-button-next\" role=\"button\" tabindex=\"0\">\n\t\t\t\t\t\t<svg xmlns=\"http:\/\/www.w3.org\/2000\/svg\" width=\"13\" height=\"34\" viewbox=\"0 0 13 34\" fill=\"none\"><path d=\"M12.6576 17L3.95345 0.558838L0.712891 2.27443L8.50874 17L0.712891 31.7255L3.95345 33.4411L12.6576 17Z\" fill=\"#EB611B\"><\/path><\/svg>\t\t\t\t\t<\/div>\n\t\t\t\t\n\t\t\t\t\t\t\t\t\t<\/div>\n\t\t\t\t\t\t<\/div>\n\t\t\t\t\t<\/div>\n\t\t\t\t<\/div>\n\t\t<div class=\"elementor-element elementor-element-8ea6b7f e-flex e-con-boxed e-con e-parent\" data-id=\"8ea6b7f\" data-element_type=\"container\" data-e-type=\"container\">\n\t\t\t\t\t<div class=\"e-con-inner\">\n\t\t\t\t\t<\/div>\n\t\t\t\t<\/div>\n\t\t\t\t<\/div>","protected":false},"excerpt":{"rendered":"<p>Home Learning Physical Education Physical Education Kindergarten &amp; Primary Classes Physical Education (PE) aims to develop a range of motor skills in students through physical and artistic activities, enabling them to express themselves through movement. It also plays a role in health education, enhancing students&#8217; understanding of their bodies and capabilities. Moreover, this discipline fosters [&hellip;]<\/p>\n","protected":false},"author":2,"featured_media":0,"parent":0,"menu_order":0,"comment_status":"closed","ping_status":"closed","template":"elementor_header_footer","meta":{"_seopress_robots_primary_cat":"","_seopress_titles_title":"","_seopress_titles_desc":"","_seopress_robots_index":"","footnotes":""},"class_list":["post-3233","page","type-page","status-publish","hentry"],"_links":{"self":[{"href":"https:\/\/lfidelhi.org\/fr\/wp-json\/wp\/v2\/pages\/3233","targetHints":{"allow":["GET"]}}],"collection":[{"href":"https:\/\/lfidelhi.org\/fr\/wp-json\/wp\/v2\/pages"}],"about":[{"href":"https:\/\/lfidelhi.org\/fr\/wp-json\/wp\/v2\/types\/page"}],"author":[{"embeddable":true,"href":"https:\/\/lfidelhi.org\/fr\/wp-json\/wp\/v2\/users\/2"}],"replies":[{"embeddable":true,"href":"https:\/\/lfidelhi.org\/fr\/wp-json\/wp\/v2\/comments?post=3233"}],"version-history":[{"count":70,"href":"https:\/\/lfidelhi.org\/fr\/wp-json\/wp\/v2\/pages\/3233\/revisions"}],"predecessor-version":[{"id":9712,"href":"https:\/\/lfidelhi.org\/fr\/wp-json\/wp\/v2\/pages\/3233\/revisions\/9712"}],"wp:attachment":[{"href":"https:\/\/lfidelhi.org\/fr\/wp-json\/wp\/v2\/media?parent=3233"}],"curies":[{"name":"wp","href":"https:\/\/api.w.org\/{rel}","templated":true}]}}