{"id":3447,"date":"2024-06-14T09:02:43","date_gmt":"2024-06-14T09:02:43","guid":{"rendered":"https:\/\/lfidelhi.org\/?page_id=3447"},"modified":"2025-08-25T11:08:09","modified_gmt":"2025-08-25T05:38:09","slug":"pre-school","status":"publish","type":"page","link":"https:\/\/lfidelhi.org\/fr\/pre-school\/","title":{"rendered":"Toute Petite Section"},"content":{"rendered":"<div data-elementor-type=\"wp-page\" data-elementor-id=\"3447\" class=\"elementor elementor-3447\" data-elementor-post-type=\"page\">\n\t\t\t\t<div class=\"elementor-element elementor-element-f9a5faf overflow-hidden e-flex e-con-boxed e-con e-parent\" data-id=\"f9a5faf\" data-element_type=\"container\" data-e-type=\"container\" data-settings=\"{&quot;background_background&quot;:&quot;classic&quot;}\">\n\t\t\t\t\t<div class=\"e-con-inner\">\n\t\t\t\t\t<\/div>\n\t\t\t\t<\/div>\n\t\t<div class=\"elementor-element elementor-element-2884bd9 e-flex e-con-boxed e-con e-parent\" data-id=\"2884bd9\" data-element_type=\"container\" data-e-type=\"container\">\n\t\t\t\t\t<div class=\"e-con-inner\">\n\t\t\t\t<div class=\"elementor-element elementor-element-a1391a0 elementor-widget elementor-widget-button\" data-id=\"a1391a0\" data-element_type=\"widget\" data-e-type=\"widget\" data-widget_type=\"button.default\">\n\t\t\t\t\t\t\t\t\t\t<a class=\"elementor-button elementor-button-link elementor-size-sm\" href=\"https:\/\/lfidelhi.org\/fr\">\n\t\t\t\t\t\t<span class=\"elementor-button-content-wrapper\">\n\t\t\t\t\t\t\t\t\t<span class=\"elementor-button-text\">Accueil<\/span>\n\t\t\t\t\t<\/span>\n\t\t\t\t\t<\/a>\n\t\t\t\t\t\t\t\t<\/div>\n\t\t\t\t<div class=\"elementor-element elementor-element-b2710e7 elementor-widget__width-auto elementor-view-default elementor-widget elementor-widget-icon\" data-id=\"b2710e7\" data-element_type=\"widget\" data-e-type=\"widget\" data-widget_type=\"icon.default\">\n\t\t\t\t\t\t\t<div class=\"elementor-icon-wrapper\">\n\t\t\t<div class=\"elementor-icon\">\n\t\t\t<svg xmlns=\"http:\/\/www.w3.org\/2000\/svg\" width=\"6\" height=\"14\" viewbox=\"0 0 6 14\" fill=\"none\"><path d=\"M5.72337 7.00008L2.1626 0.27417L0.836914 0.976005L4.02612 7.00008L0.836914 13.0242L2.1626 13.726L5.72337 7.00008Z\" fill=\"#383838\"><\/path><\/svg>\t\t\t<\/div>\n\t\t<\/div>\n\t\t\t\t\t\t<\/div>\n\t\t\t\t<div class=\"elementor-element elementor-element-1dc2301 elementor-widget elementor-widget-button\" data-id=\"1dc2301\" data-element_type=\"widget\" data-e-type=\"widget\" data-widget_type=\"button.default\">\n\t\t\t\t\t\t\t\t\t\t<a class=\"elementor-button elementor-button-link elementor-size-sm\" href=\"#\">\n\t\t\t\t\t\t<span class=\"elementor-button-content-wrapper\">\n\t\t\t\t\t\t\t\t\t<span class=\"elementor-button-text\">P\u00e9dagogie<\/span>\n\t\t\t\t\t<\/span>\n\t\t\t\t\t<\/a>\n\t\t\t\t\t\t\t\t<\/div>\n\t\t\t\t<div class=\"elementor-element elementor-element-824f825 elementor-widget__width-auto elementor-view-default elementor-widget elementor-widget-icon\" data-id=\"824f825\" data-element_type=\"widget\" data-e-type=\"widget\" data-widget_type=\"icon.default\">\n\t\t\t\t\t\t\t<div class=\"elementor-icon-wrapper\">\n\t\t\t<div class=\"elementor-icon\">\n\t\t\t<svg xmlns=\"http:\/\/www.w3.org\/2000\/svg\" width=\"6\" height=\"14\" viewbox=\"0 0 6 14\" fill=\"none\"><path d=\"M5.72337 7.00008L2.1626 0.27417L0.836914 0.976005L4.02612 7.00008L0.836914 13.0242L2.1626 13.726L5.72337 7.00008Z\" fill=\"#383838\"><\/path><\/svg>\t\t\t<\/div>\n\t\t<\/div>\n\t\t\t\t\t\t<\/div>\n\t\t\t\t<div class=\"elementor-element elementor-element-7b27e3c elementor-widget elementor-widget-button\" data-id=\"7b27e3c\" data-element_type=\"widget\" data-e-type=\"widget\" data-widget_type=\"button.default\">\n\t\t\t\t\t\t\t\t\t\t<a class=\"elementor-button elementor-button-link elementor-size-sm\" href=\"#\">\n\t\t\t\t\t\t<span class=\"elementor-button-content-wrapper\">\n\t\t\t\t\t\t\t\t\t<span class=\"elementor-button-text\">Cursus<\/span>\n\t\t\t\t\t<\/span>\n\t\t\t\t\t<\/a>\n\t\t\t\t\t\t\t\t<\/div>\n\t\t\t\t<div class=\"elementor-element elementor-element-97ab9ad elementor-widget__width-auto elementor-view-default elementor-widget elementor-widget-icon\" data-id=\"97ab9ad\" data-element_type=\"widget\" data-e-type=\"widget\" data-widget_type=\"icon.default\">\n\t\t\t\t\t\t\t<div class=\"elementor-icon-wrapper\">\n\t\t\t<div class=\"elementor-icon\">\n\t\t\t<svg xmlns=\"http:\/\/www.w3.org\/2000\/svg\" width=\"6\" height=\"14\" viewbox=\"0 0 6 14\" fill=\"none\"><path d=\"M5.72337 7.00008L2.1626 0.27417L0.836914 0.976005L4.02612 7.00008L0.836914 13.0242L2.1626 13.726L5.72337 7.00008Z\" fill=\"#383838\"><\/path><\/svg>\t\t\t<\/div>\n\t\t<\/div>\n\t\t\t\t\t\t<\/div>\n\t\t\t\t<div class=\"elementor-element elementor-element-db1a386 elementor-widget elementor-widget-button\" data-id=\"db1a386\" data-element_type=\"widget\" data-e-type=\"widget\" data-widget_type=\"button.default\">\n\t\t\t\t\t\t\t\t\t\t<a class=\"elementor-button elementor-button-link elementor-size-sm\" href=\"#\">\n\t\t\t\t\t\t<span class=\"elementor-button-content-wrapper\">\n\t\t\t\t\t\t\t\t\t<span class=\"elementor-button-text\">Toute petite section<\/span>\n\t\t\t\t\t<\/span>\n\t\t\t\t\t<\/a>\n\t\t\t\t\t\t\t\t<\/div>\n\t\t\t\t\t<\/div>\n\t\t\t\t<\/div>\n\t\t<div class=\"elementor-element elementor-element-c37b115 e-flex e-con-boxed e-con e-parent\" data-id=\"c37b115\" data-element_type=\"container\" data-e-type=\"container\">\n\t\t\t\t\t<div class=\"e-con-inner\">\n\t\t<div class=\"elementor-element elementor-element-da99e77 e-con-full e-flex e-con e-child\" data-id=\"da99e77\" data-element_type=\"container\" data-e-type=\"container\">\n\t\t\t\t<div class=\"elementor-element elementor-element-db03258 elementor-widget elementor-widget-heading\" data-id=\"db03258\" data-element_type=\"widget\" data-e-type=\"widget\" data-widget_type=\"heading.default\">\n\t\t\t\t\t<h1 class=\"elementor-heading-title elementor-size-default\">Toute petite section<\/h1>\t\t\t\t<\/div>\n\t\t\t\t<div class=\"elementor-element elementor-element-67ef3c5 elementor-widget elementor-widget-text-editor\" data-id=\"67ef3c5\" data-element_type=\"widget\" data-e-type=\"widget\" data-widget_type=\"text-editor.default\">\n\t\t\t\t\t\t\t\t\tLa classe de Toute Petite Section (TPS) tient compte des besoins sp\u00e9cifiques des enfants de moins de trois ans en les accueillant avec leurs parents dans des conditions s\u00e9curisantes, en am\u00e9nageant l\u2019espace et le temps pour favoriser les explorations, la d\u00e9couverte et la connaissance des autres et de faciliter leurs essais de communication en les aidant \u00e0 construire les comp\u00e9tences langagi\u00e8res indispensables \u00e0 un d\u00e9veloppement harmonieux.\t\t\t\t\t\t\t\t<\/div>\n\t\t\t\t<\/div>\n\t\t<div class=\"elementor-element elementor-element-e2edc2a e-con-full e-flex e-con e-child\" data-id=\"e2edc2a\" data-element_type=\"container\" data-e-type=\"container\">\n\t\t\t\t<div class=\"elementor-element elementor-element-ef87472 elementor-widget elementor-widget-image\" data-id=\"ef87472\" data-element_type=\"widget\" data-e-type=\"widget\" data-widget_type=\"image.default\">\n\t\t\t\t\t\t\t\t\t\t\t\t\t\t\t<img fetchpriority=\"high\" decoding=\"async\" width=\"800\" height=\"534\" src=\"https:\/\/lfidelhi.org\/wp-content\/uploads\/2025\/08\/057A0127-1024x683.jpg\" class=\"attachment-large size-large wp-image-9624\" alt=\"\" srcset=\"https:\/\/lfidelhi.org\/wp-content\/uploads\/2025\/08\/057A0127-1024x683.jpg 1024w, https:\/\/lfidelhi.org\/wp-content\/uploads\/2025\/08\/057A0127-300x200.jpg 300w, https:\/\/lfidelhi.org\/wp-content\/uploads\/2025\/08\/057A0127-768x512.jpg 768w, https:\/\/lfidelhi.org\/wp-content\/uploads\/2025\/08\/057A0127-1536x1024.jpg 1536w, https:\/\/lfidelhi.org\/wp-content\/uploads\/2025\/08\/057A0127-2048x1365.jpg 2048w, https:\/\/lfidelhi.org\/wp-content\/uploads\/2025\/08\/057A0127-18x12.jpg 18w\" sizes=\"(max-width: 800px) 100vw, 800px\" \/>\t\t\t\t\t\t\t\t\t\t\t\t\t\t\t<\/div>\n\t\t\t\t<\/div>\n\t\t\t\t\t<\/div>\n\t\t\t\t<\/div>\n\t\t\t\t<\/div>","protected":false},"excerpt":{"rendered":"<p>Home Academic Programs Curriculum Preschool Preschool The preschool, designed for children under three years old, considers their specific needs by welcoming them with their parents in secure conditions. It arranges space and time to encourage exploration, discovery, and understanding of others, while also facilitating their communication development by helping them build essential language skills for [&hellip;]<\/p>\n","protected":false},"author":4,"featured_media":0,"parent":0,"menu_order":0,"comment_status":"closed","ping_status":"closed","template":"elementor_header_footer","meta":{"_seopress_robots_primary_cat":"","_seopress_titles_title":"","_seopress_titles_desc":"","_seopress_robots_index":"","footnotes":""},"class_list":["post-3447","page","type-page","status-publish","hentry"],"_links":{"self":[{"href":"https:\/\/lfidelhi.org\/fr\/wp-json\/wp\/v2\/pages\/3447","targetHints":{"allow":["GET"]}}],"collection":[{"href":"https:\/\/lfidelhi.org\/fr\/wp-json\/wp\/v2\/pages"}],"about":[{"href":"https:\/\/lfidelhi.org\/fr\/wp-json\/wp\/v2\/types\/page"}],"author":[{"embeddable":true,"href":"https:\/\/lfidelhi.org\/fr\/wp-json\/wp\/v2\/users\/4"}],"replies":[{"embeddable":true,"href":"https:\/\/lfidelhi.org\/fr\/wp-json\/wp\/v2\/comments?post=3447"}],"version-history":[{"count":40,"href":"https:\/\/lfidelhi.org\/fr\/wp-json\/wp\/v2\/pages\/3447\/revisions"}],"predecessor-version":[{"id":9628,"href":"https:\/\/lfidelhi.org\/fr\/wp-json\/wp\/v2\/pages\/3447\/revisions\/9628"}],"wp:attachment":[{"href":"https:\/\/lfidelhi.org\/fr\/wp-json\/wp\/v2\/media?parent=3447"}],"curies":[{"name":"wp","href":"https:\/\/api.w.org\/{rel}","templated":true}]}}