{"id":3500,"date":"2024-06-14T09:21:00","date_gmt":"2024-06-14T09:21:00","guid":{"rendered":"https:\/\/lfidelhi.org\/?page_id=3500"},"modified":"2025-08-25T11:11:06","modified_gmt":"2025-08-25T05:41:06","slug":"kindergarten","status":"publish","type":"page","link":"https:\/\/lfidelhi.org\/fr\/kindergarten\/","title":{"rendered":"Maternelle"},"content":{"rendered":"<div data-elementor-type=\"wp-page\" data-elementor-id=\"3500\" class=\"elementor elementor-3500\" data-elementor-post-type=\"page\">\n\t\t\t\t<div class=\"elementor-element elementor-element-87a0dcf overflow-hidden e-flex e-con-boxed e-con e-parent\" data-id=\"87a0dcf\" data-element_type=\"container\" data-e-type=\"container\" data-settings=\"{&quot;background_background&quot;:&quot;classic&quot;}\">\n\t\t\t\t\t<div class=\"e-con-inner\">\n\t\t\t\t\t<\/div>\n\t\t\t\t<\/div>\n\t\t<div class=\"elementor-element elementor-element-a9f777f e-flex e-con-boxed e-con e-parent\" data-id=\"a9f777f\" data-element_type=\"container\" data-e-type=\"container\">\n\t\t\t\t\t<div class=\"e-con-inner\">\n\t\t\t\t<div class=\"elementor-element elementor-element-f1dae22 elementor-widget elementor-widget-button\" data-id=\"f1dae22\" data-element_type=\"widget\" data-e-type=\"widget\" data-widget_type=\"button.default\">\n\t\t\t\t\t\t\t\t\t\t<a class=\"elementor-button elementor-button-link elementor-size-sm\" href=\"https:\/\/lfidelhi.org\/fr\">\n\t\t\t\t\t\t<span class=\"elementor-button-content-wrapper\">\n\t\t\t\t\t\t\t\t\t<span class=\"elementor-button-text\">Accueil<\/span>\n\t\t\t\t\t<\/span>\n\t\t\t\t\t<\/a>\n\t\t\t\t\t\t\t\t<\/div>\n\t\t\t\t<div class=\"elementor-element elementor-element-2e3a46e elementor-widget__width-auto elementor-view-default elementor-widget elementor-widget-icon\" data-id=\"2e3a46e\" data-element_type=\"widget\" data-e-type=\"widget\" data-widget_type=\"icon.default\">\n\t\t\t\t\t\t\t<div class=\"elementor-icon-wrapper\">\n\t\t\t<div class=\"elementor-icon\">\n\t\t\t<svg xmlns=\"http:\/\/www.w3.org\/2000\/svg\" width=\"6\" height=\"14\" viewbox=\"0 0 6 14\" fill=\"none\"><path d=\"M5.72337 7.00008L2.1626 0.27417L0.836914 0.976005L4.02612 7.00008L0.836914 13.0242L2.1626 13.726L5.72337 7.00008Z\" fill=\"#383838\"><\/path><\/svg>\t\t\t<\/div>\n\t\t<\/div>\n\t\t\t\t\t\t<\/div>\n\t\t\t\t<div class=\"elementor-element elementor-element-19fe638 elementor-widget elementor-widget-button\" data-id=\"19fe638\" data-element_type=\"widget\" data-e-type=\"widget\" data-widget_type=\"button.default\">\n\t\t\t\t\t\t\t\t\t\t<a class=\"elementor-button elementor-button-link elementor-size-sm\" href=\"#\">\n\t\t\t\t\t\t<span class=\"elementor-button-content-wrapper\">\n\t\t\t\t\t\t\t\t\t<span class=\"elementor-button-text\">P\u00e9dagogie<\/span>\n\t\t\t\t\t<\/span>\n\t\t\t\t\t<\/a>\n\t\t\t\t\t\t\t\t<\/div>\n\t\t\t\t<div class=\"elementor-element elementor-element-1602844 elementor-widget__width-auto elementor-view-default elementor-widget elementor-widget-icon\" data-id=\"1602844\" data-element_type=\"widget\" data-e-type=\"widget\" data-widget_type=\"icon.default\">\n\t\t\t\t\t\t\t<div class=\"elementor-icon-wrapper\">\n\t\t\t<div class=\"elementor-icon\">\n\t\t\t<svg xmlns=\"http:\/\/www.w3.org\/2000\/svg\" width=\"6\" height=\"14\" viewbox=\"0 0 6 14\" fill=\"none\"><path d=\"M5.72337 7.00008L2.1626 0.27417L0.836914 0.976005L4.02612 7.00008L0.836914 13.0242L2.1626 13.726L5.72337 7.00008Z\" fill=\"#383838\"><\/path><\/svg>\t\t\t<\/div>\n\t\t<\/div>\n\t\t\t\t\t\t<\/div>\n\t\t\t\t<div class=\"elementor-element elementor-element-e3b1afd elementor-widget elementor-widget-button\" data-id=\"e3b1afd\" data-element_type=\"widget\" data-e-type=\"widget\" data-widget_type=\"button.default\">\n\t\t\t\t\t\t\t\t\t\t<a class=\"elementor-button elementor-button-link elementor-size-sm\" href=\"#\">\n\t\t\t\t\t\t<span class=\"elementor-button-content-wrapper\">\n\t\t\t\t\t\t\t\t\t<span class=\"elementor-button-text\">Cursus<\/span>\n\t\t\t\t\t<\/span>\n\t\t\t\t\t<\/a>\n\t\t\t\t\t\t\t\t<\/div>\n\t\t\t\t<div class=\"elementor-element elementor-element-6ae64f3 elementor-widget__width-auto elementor-view-default elementor-widget elementor-widget-icon\" data-id=\"6ae64f3\" data-element_type=\"widget\" data-e-type=\"widget\" data-widget_type=\"icon.default\">\n\t\t\t\t\t\t\t<div class=\"elementor-icon-wrapper\">\n\t\t\t<div class=\"elementor-icon\">\n\t\t\t<svg xmlns=\"http:\/\/www.w3.org\/2000\/svg\" width=\"6\" height=\"14\" viewbox=\"0 0 6 14\" fill=\"none\"><path d=\"M5.72337 7.00008L2.1626 0.27417L0.836914 0.976005L4.02612 7.00008L0.836914 13.0242L2.1626 13.726L5.72337 7.00008Z\" fill=\"#383838\"><\/path><\/svg>\t\t\t<\/div>\n\t\t<\/div>\n\t\t\t\t\t\t<\/div>\n\t\t\t\t<div class=\"elementor-element elementor-element-6e6269c elementor-widget elementor-widget-button\" data-id=\"6e6269c\" data-element_type=\"widget\" data-e-type=\"widget\" data-widget_type=\"button.default\">\n\t\t\t\t\t\t\t\t\t\t<a class=\"elementor-button elementor-button-link elementor-size-sm\" href=\"#\">\n\t\t\t\t\t\t<span class=\"elementor-button-content-wrapper\">\n\t\t\t\t\t\t\t\t\t<span class=\"elementor-button-text\">Maternelle<\/span>\n\t\t\t\t\t<\/span>\n\t\t\t\t\t<\/a>\n\t\t\t\t\t\t\t\t<\/div>\n\t\t\t\t\t<\/div>\n\t\t\t\t<\/div>\n\t\t<div class=\"elementor-element elementor-element-e27e83c e-flex e-con-boxed e-con e-parent\" data-id=\"e27e83c\" data-element_type=\"container\" data-e-type=\"container\">\n\t\t\t\t\t<div class=\"e-con-inner\">\n\t\t<div class=\"elementor-element elementor-element-bc94eb8 e-con-full e-flex e-con e-child\" data-id=\"bc94eb8\" data-element_type=\"container\" data-e-type=\"container\">\n\t\t\t\t<div class=\"elementor-element elementor-element-1464929 elementor-widget elementor-widget-heading\" data-id=\"1464929\" data-element_type=\"widget\" data-e-type=\"widget\" data-widget_type=\"heading.default\">\n\t\t\t\t\t<h1 class=\"elementor-heading-title elementor-size-default\">Maternelle<\/h1>\t\t\t\t<\/div>\n\t\t\t\t<div class=\"elementor-element elementor-element-6cddf38 elementor-widget elementor-widget-text-editor\" data-id=\"6cddf38\" data-element_type=\"widget\" data-e-type=\"widget\" data-widget_type=\"text-editor.default\">\n\t\t\t\t\t\t\t\t\tAdapt\u00e9e au jeune enfant et propice \u00e0 son d\u00e9veloppement, l\u2019\u00e9cole maternelle est aussi la premi\u00e8re \u00e9tape de l\u2019enseignement fran\u00e7ais. Elle est destin\u00e9e aux enfants des classes de toute petite section - tps (\u00e0 partir de deux ans), petite section - ps (3 ans), moyenne section - ms (4 ans) jusqu'\u00e0 la grande section - gs (5 ans). C'est le premier cycle de l'\u00e9cole Primaire. Jouant un r\u00f4le important pour pr\u00e9parer le devenir de l\u2019\u00e9l\u00e8ve, elle est souvent consid\u00e9r\u00e9e comme une sp\u00e9cificit\u00e9 fran\u00e7aise.\t\t\t\t\t\t\t\t<\/div>\n\t\t\t\t<\/div>\n\t\t<div class=\"elementor-element elementor-element-05dabef e-con-full e-flex e-con e-child\" data-id=\"05dabef\" data-element_type=\"container\" data-e-type=\"container\">\n\t\t\t\t<div class=\"elementor-element elementor-element-d43aef7 elementor-widget elementor-widget-image\" data-id=\"d43aef7\" data-element_type=\"widget\" data-e-type=\"widget\" data-widget_type=\"image.default\">\n\t\t\t\t\t\t\t\t\t\t\t\t\t\t\t<img fetchpriority=\"high\" decoding=\"async\" width=\"800\" height=\"534\" src=\"https:\/\/lfidelhi.org\/wp-content\/uploads\/2025\/08\/057A0238-1024x683.jpg\" class=\"attachment-large size-large wp-image-9597\" alt=\"\" srcset=\"https:\/\/lfidelhi.org\/wp-content\/uploads\/2025\/08\/057A0238-1024x683.jpg 1024w, https:\/\/lfidelhi.org\/wp-content\/uploads\/2025\/08\/057A0238-300x200.jpg 300w, https:\/\/lfidelhi.org\/wp-content\/uploads\/2025\/08\/057A0238-768x512.jpg 768w, https:\/\/lfidelhi.org\/wp-content\/uploads\/2025\/08\/057A0238-1536x1024.jpg 1536w, https:\/\/lfidelhi.org\/wp-content\/uploads\/2025\/08\/057A0238-2048x1365.jpg 2048w, https:\/\/lfidelhi.org\/wp-content\/uploads\/2025\/08\/057A0238-18x12.jpg 18w\" sizes=\"(max-width: 800px) 100vw, 800px\" \/>\t\t\t\t\t\t\t\t\t\t\t\t\t\t\t<\/div>\n\t\t\t\t<\/div>\n\t\t\t\t\t<\/div>\n\t\t\t\t<\/div>\n\t\t<div class=\"elementor-element elementor-element-42ee2f7 e-flex e-con-boxed e-con e-parent\" data-id=\"42ee2f7\" data-element_type=\"container\" data-e-type=\"container\">\n\t\t\t\t\t<div class=\"e-con-inner\">\n\t\t<div class=\"elementor-element elementor-element-8581a9c e-con-full e-flex e-con e-child\" data-id=\"8581a9c\" data-element_type=\"container\" data-e-type=\"container\">\n\t\t\t\t<div class=\"elementor-element elementor-element-f4cc388 elementor-widget elementor-widget-image\" data-id=\"f4cc388\" data-element_type=\"widget\" data-e-type=\"widget\" data-widget_type=\"image.default\">\n\t\t\t\t\t\t\t\t\t\t\t\t\t\t\t<img decoding=\"async\" width=\"800\" height=\"533\" src=\"https:\/\/lfidelhi.org\/wp-content\/uploads\/2024\/07\/IMG_9028-min-1024x682.jpg\" class=\"attachment-large size-large wp-image-6050\" alt=\"\" srcset=\"https:\/\/lfidelhi.org\/wp-content\/uploads\/2024\/07\/IMG_9028-min-1024x682.jpg 1024w, https:\/\/lfidelhi.org\/wp-content\/uploads\/2024\/07\/IMG_9028-min-300x200.jpg 300w, https:\/\/lfidelhi.org\/wp-content\/uploads\/2024\/07\/IMG_9028-min-768x512.jpg 768w, https:\/\/lfidelhi.org\/wp-content\/uploads\/2024\/07\/IMG_9028-min-1536x1023.jpg 1536w, https:\/\/lfidelhi.org\/wp-content\/uploads\/2024\/07\/IMG_9028-min-18x12.jpg 18w, https:\/\/lfidelhi.org\/wp-content\/uploads\/2024\/07\/IMG_9028-min.jpg 1900w\" sizes=\"(max-width: 800px) 100vw, 800px\" \/>\t\t\t\t\t\t\t\t\t\t\t\t\t\t\t<\/div>\n\t\t\t\t<\/div>\n\t\t<div class=\"elementor-element elementor-element-d99c834 e-con-full e-flex e-con e-child\" data-id=\"d99c834\" data-element_type=\"container\" data-e-type=\"container\">\n\t\t\t\t<div class=\"elementor-element elementor-element-307eb97 elementor-widget elementor-widget-text-editor\" data-id=\"307eb97\" data-element_type=\"widget\" data-e-type=\"widget\" data-widget_type=\"text-editor.default\">\n\t\t\t\t\t\t\t\t\t<p>L'\u00e9cole maternelle est une \u00e9tape essentielle du parcours des \u00e9l\u00e8ves pour garantir leur r\u00e9ussite scolaire. Sa mission principale est de donner envie aux enfants d'aller \u00e0 l'\u00e9cole pour apprendre, affirmer et \u00e9panouir leur personnalit\u00e9. C'est une \u00e9cole o\u00f9 les enfants vont apprendre ensemble et vivre ensemble.<\/p><p>L'objectif principal de la maternelle : c'est mettre l'\u00e9l\u00e8ve dans des situations de d\u00e9couvertes sp\u00e9cifiques qui vont l'amener \u00e0 construire de nouvelles mani\u00e8res d'agir sur son environnement, essentiellement par le jeu, la verbalisation, l'exp\u00e9rimentation de la vie en groupe, la recherche autonome, l'exp\u00e9rience sensorielle et motrice selon un cheminement qui lui est propre.<\/p>\t\t\t\t\t\t\t\t<\/div>\n\t\t\t\t<\/div>\n\t\t\t\t\t<\/div>\n\t\t\t\t<\/div>\n\t\t<div class=\"elementor-element elementor-element-beca70e e-flex e-con-boxed e-con e-parent\" data-id=\"beca70e\" data-element_type=\"container\" data-e-type=\"container\">\n\t\t\t\t\t<div class=\"e-con-inner\">\n\t\t<div class=\"elementor-element elementor-element-6eea8a2 e-con-full e-flex e-con e-child\" data-id=\"6eea8a2\" data-element_type=\"container\" data-e-type=\"container\">\n\t\t\t\t<div class=\"elementor-element elementor-element-c86870f elementor-widget elementor-widget-heading\" data-id=\"c86870f\" data-element_type=\"widget\" data-e-type=\"widget\" data-widget_type=\"heading.default\">\n\t\t\t\t\t<h4 class=\"elementor-heading-title elementor-size-default\">Cinq champs d'activit\u00e9s prioritaires :<\/h4>\t\t\t\t<\/div>\n\t\t\t\t<div class=\"elementor-element elementor-element-be7c95b list-text elementor-widget elementor-widget-text-editor\" data-id=\"be7c95b\" data-element_type=\"widget\" data-e-type=\"widget\" data-widget_type=\"text-editor.default\">\n\t\t\t\t\t\t\t\t\t<ul><li>Mobiliser le langage dans toutes ses dimensions<\/li><li>Agir, s\u2019exprimer, comprendre \u00e0 travers l\u2019activit\u00e9 physique<\/li><li>Agir, s\u2019exprimer, comprendre \u00e0 travers les activit\u00e9s artistiques<\/li><li>Construire les premiers outils pour structurer sa pens\u00e9e<\/li><li>Explorer le monde<\/li><\/ul><p>Note : Chaque enseignant est assist\u00e9 \u00e0 plein temps par une ASEM ma\u00eetrisant le fran\u00e7ais, l'anglais et l'hindi.<\/p>\t\t\t\t\t\t\t\t<\/div>\n\t\t\t\t<\/div>\n\t\t<div class=\"elementor-element elementor-element-761c053 e-con-full e-flex e-con e-child\" data-id=\"761c053\" data-element_type=\"container\" data-e-type=\"container\">\n\t\t\t\t<div class=\"elementor-element elementor-element-0c016f8 elementor-widget elementor-widget-image\" data-id=\"0c016f8\" data-element_type=\"widget\" data-e-type=\"widget\" data-widget_type=\"image.default\">\n\t\t\t\t\t\t\t\t\t\t\t\t\t\t\t<img decoding=\"async\" width=\"800\" height=\"534\" src=\"https:\/\/lfidelhi.org\/wp-content\/uploads\/2024\/06\/IMG_8716_result-1024x683.webp\" class=\"attachment-large size-large wp-image-3530\" alt=\"\" srcset=\"https:\/\/lfidelhi.org\/wp-content\/uploads\/2024\/06\/IMG_8716_result-1024x683.webp 1024w, https:\/\/lfidelhi.org\/wp-content\/uploads\/2024\/06\/IMG_8716_result-300x200.webp 300w, https:\/\/lfidelhi.org\/wp-content\/uploads\/2024\/06\/IMG_8716_result-768x512.webp 768w, https:\/\/lfidelhi.org\/wp-content\/uploads\/2024\/06\/IMG_8716_result-1536x1024.webp 1536w, https:\/\/lfidelhi.org\/wp-content\/uploads\/2024\/06\/IMG_8716_result-2048x1365.webp 2048w, https:\/\/lfidelhi.org\/wp-content\/uploads\/2024\/06\/IMG_8716_result-18x12.webp 18w\" sizes=\"(max-width: 800px) 100vw, 800px\" \/>\t\t\t\t\t\t\t\t\t\t\t\t\t\t\t<\/div>\n\t\t\t\t<\/div>\n\t\t\t\t\t<\/div>\n\t\t\t\t<\/div>\n\t\t<div class=\"elementor-element elementor-element-54c8bf8 elementor-hidden-desktop elementor-hidden-tablet elementor-hidden-mobile e-flex e-con-boxed e-con e-parent\" data-id=\"54c8bf8\" data-element_type=\"container\" data-e-type=\"container\">\n\t\t\t\t\t<div class=\"e-con-inner\">\n\t\t\t\t<div class=\"elementor-element elementor-element-8b12007 elementor-widget elementor-widget-gallery\" data-id=\"8b12007\" data-element_type=\"widget\" data-e-type=\"widget\" data-settings=\"{&quot;gallery_layout&quot;:&quot;masonry&quot;,&quot;columns&quot;:3,&quot;columns_tablet&quot;:2,&quot;columns_mobile&quot;:1,&quot;gap&quot;:{&quot;unit&quot;:&quot;px&quot;,&quot;size&quot;:10,&quot;sizes&quot;:[]},&quot;gap_tablet&quot;:{&quot;unit&quot;:&quot;px&quot;,&quot;size&quot;:10,&quot;sizes&quot;:[]},&quot;gap_mobile&quot;:{&quot;unit&quot;:&quot;px&quot;,&quot;size&quot;:10,&quot;sizes&quot;:[]},&quot;link_to&quot;:&quot;file&quot;,&quot;overlay_background&quot;:&quot;yes&quot;,&quot;content_hover_animation&quot;:&quot;fade-in&quot;}\" data-widget_type=\"gallery.default\">\n\t\t\t\t\t\t\t<div class=\"elementor-gallery__container\">\n\t\t\t\t\t\t\t<a class=\"e-gallery-item elementor-gallery-item elementor-animated-content\" href=\"https:\/\/lfidelhi.org\/wp-content\/uploads\/2024\/06\/IMG_9000_result-scaled.webp\" data-elementor-open-lightbox=\"yes\" data-elementor-lightbox-slideshow=\"8b12007\" data-elementor-lightbox-title=\"IMG_9000_result\" data-e-action-hash=\"#elementor-action%3Aaction%3Dlightbox%26settings%3DeyJpZCI6MzUzNSwidXJsIjoiaHR0cHM6XC9cL2xmaWRlbGhpLm9yZ1wvd3AtY29udGVudFwvdXBsb2Fkc1wvMjAyNFwvMDZcL0lNR185MDAwX3Jlc3VsdC1zY2FsZWQud2VicCIsInNsaWRlc2hvdyI6IjhiMTIwMDcifQ%3D%3D\">\n\t\t\t\t\t<div class=\"e-gallery-image elementor-gallery-item__image\" data-thumbnail=\"https:\/\/lfidelhi.org\/wp-content\/uploads\/2024\/06\/IMG_9000_result-scaled.webp\" data-width=\"1707\" data-height=\"2560\" aria-label=\"\" role=\"img\" ><\/div>\n\t\t\t\t\t\t\t\t\t\t\t<div class=\"elementor-gallery-item__overlay\"><\/div>\n\t\t\t\t\t\t\t\t\t\t\t\t\t\t<\/a>\n\t\t\t\t\t\t\t<a class=\"e-gallery-item elementor-gallery-item elementor-animated-content\" href=\"https:\/\/lfidelhi.org\/wp-content\/uploads\/2024\/06\/IMG_8955_result-scaled.webp\" data-elementor-open-lightbox=\"yes\" data-elementor-lightbox-slideshow=\"8b12007\" data-elementor-lightbox-title=\"IMG_8955_result\" data-e-action-hash=\"#elementor-action%3Aaction%3Dlightbox%26settings%3DeyJpZCI6MzUzMywidXJsIjoiaHR0cHM6XC9cL2xmaWRlbGhpLm9yZ1wvd3AtY29udGVudFwvdXBsb2Fkc1wvMjAyNFwvMDZcL0lNR184OTU1X3Jlc3VsdC1zY2FsZWQud2VicCIsInNsaWRlc2hvdyI6IjhiMTIwMDcifQ%3D%3D\">\n\t\t\t\t\t<div class=\"e-gallery-image elementor-gallery-item__image\" data-thumbnail=\"https:\/\/lfidelhi.org\/wp-content\/uploads\/2024\/06\/IMG_8955_result-scaled.webp\" data-width=\"2560\" data-height=\"2269\" aria-label=\"\" role=\"img\" ><\/div>\n\t\t\t\t\t\t\t\t\t\t\t<div class=\"elementor-gallery-item__overlay\"><\/div>\n\t\t\t\t\t\t\t\t\t\t\t\t\t\t<\/a>\n\t\t\t\t\t\t\t<a class=\"e-gallery-item elementor-gallery-item elementor-animated-content\" href=\"https:\/\/lfidelhi.org\/wp-content\/uploads\/2024\/06\/IMG_9028_result-scaled.webp\" data-elementor-open-lightbox=\"yes\" data-elementor-lightbox-slideshow=\"8b12007\" data-elementor-lightbox-title=\"IMG_9028_result\" data-e-action-hash=\"#elementor-action%3Aaction%3Dlightbox%26settings%3DeyJpZCI6MzUyOSwidXJsIjoiaHR0cHM6XC9cL2xmaWRlbGhpLm9yZ1wvd3AtY29udGVudFwvdXBsb2Fkc1wvMjAyNFwvMDZcL0lNR185MDI4X3Jlc3VsdC1zY2FsZWQud2VicCIsInNsaWRlc2hvdyI6IjhiMTIwMDcifQ%3D%3D\">\n\t\t\t\t\t<div class=\"e-gallery-image elementor-gallery-item__image\" data-thumbnail=\"https:\/\/lfidelhi.org\/wp-content\/uploads\/2024\/06\/IMG_9028_result-scaled.webp\" data-width=\"2560\" data-height=\"1707\" aria-label=\"\" role=\"img\" ><\/div>\n\t\t\t\t\t\t\t\t\t\t\t<div class=\"elementor-gallery-item__overlay\"><\/div>\n\t\t\t\t\t\t\t\t\t\t\t\t\t\t<\/a>\n\t\t\t\t\t\t\t<a class=\"e-gallery-item elementor-gallery-item elementor-animated-content\" href=\"https:\/\/lfidelhi.org\/wp-content\/uploads\/2024\/06\/IMG_8933_result-scaled.webp\" data-elementor-open-lightbox=\"yes\" data-elementor-lightbox-slideshow=\"8b12007\" data-elementor-lightbox-title=\"IMG_8933_result\" data-e-action-hash=\"#elementor-action%3Aaction%3Dlightbox%26settings%3DeyJpZCI6MzUyOCwidXJsIjoiaHR0cHM6XC9cL2xmaWRlbGhpLm9yZ1wvd3AtY29udGVudFwvdXBsb2Fkc1wvMjAyNFwvMDZcL0lNR184OTMzX3Jlc3VsdC1zY2FsZWQud2VicCIsInNsaWRlc2hvdyI6IjhiMTIwMDcifQ%3D%3D\">\n\t\t\t\t\t<div class=\"e-gallery-image elementor-gallery-item__image\" data-thumbnail=\"https:\/\/lfidelhi.org\/wp-content\/uploads\/2024\/06\/IMG_8933_result-scaled.webp\" data-width=\"2560\" data-height=\"1707\" aria-label=\"\" role=\"img\" ><\/div>\n\t\t\t\t\t\t\t\t\t\t\t<div class=\"elementor-gallery-item__overlay\"><\/div>\n\t\t\t\t\t\t\t\t\t\t\t\t\t\t<\/a>\n\t\t\t\t\t\t\t<a class=\"e-gallery-item elementor-gallery-item elementor-animated-content\" href=\"https:\/\/lfidelhi.org\/wp-content\/uploads\/2024\/06\/IMG_8313_result-scaled.webp\" data-elementor-open-lightbox=\"yes\" data-elementor-lightbox-slideshow=\"8b12007\" data-elementor-lightbox-title=\"IMG_8313_result\" data-e-action-hash=\"#elementor-action%3Aaction%3Dlightbox%26settings%3DeyJpZCI6MzUyNywidXJsIjoiaHR0cHM6XC9cL2xmaWRlbGhpLm9yZ1wvd3AtY29udGVudFwvdXBsb2Fkc1wvMjAyNFwvMDZcL0lNR184MzEzX3Jlc3VsdC1zY2FsZWQud2VicCIsInNsaWRlc2hvdyI6IjhiMTIwMDcifQ%3D%3D\">\n\t\t\t\t\t<div class=\"e-gallery-image elementor-gallery-item__image\" data-thumbnail=\"https:\/\/lfidelhi.org\/wp-content\/uploads\/2024\/06\/IMG_8313_result-scaled.webp\" data-width=\"2560\" data-height=\"1707\" aria-label=\"\" role=\"img\" ><\/div>\n\t\t\t\t\t\t\t\t\t\t\t<div class=\"elementor-gallery-item__overlay\"><\/div>\n\t\t\t\t\t\t\t\t\t\t\t\t\t\t<\/a>\n\t\t\t\t\t\t\t<a class=\"e-gallery-item elementor-gallery-item elementor-animated-content\" href=\"https:\/\/lfidelhi.org\/wp-content\/uploads\/2024\/06\/IMG_8378_result-scaled.webp\" data-elementor-open-lightbox=\"yes\" data-elementor-lightbox-slideshow=\"8b12007\" data-elementor-lightbox-title=\"IMG_8378_result\" data-e-action-hash=\"#elementor-action%3Aaction%3Dlightbox%26settings%3DeyJpZCI6MzUyNiwidXJsIjoiaHR0cHM6XC9cL2xmaWRlbGhpLm9yZ1wvd3AtY29udGVudFwvdXBsb2Fkc1wvMjAyNFwvMDZcL0lNR184Mzc4X3Jlc3VsdC1zY2FsZWQud2VicCIsInNsaWRlc2hvdyI6IjhiMTIwMDcifQ%3D%3D\">\n\t\t\t\t\t<div class=\"e-gallery-image elementor-gallery-item__image\" data-thumbnail=\"https:\/\/lfidelhi.org\/wp-content\/uploads\/2024\/06\/IMG_8378_result-scaled.webp\" data-width=\"2560\" data-height=\"1707\" aria-label=\"\" role=\"img\" ><\/div>\n\t\t\t\t\t\t\t\t\t\t\t<div class=\"elementor-gallery-item__overlay\"><\/div>\n\t\t\t\t\t\t\t\t\t\t\t\t\t\t<\/a>\n\t\t\t\t\t<\/div>\n\t\t\t\t\t<\/div>\n\t\t\t\t\t<\/div>\n\t\t\t\t<\/div>\n\t\t\t\t<\/div>","protected":false},"excerpt":{"rendered":"<p>Home Academic Programs Curriculum Kindergarten Kindergarten Preschool, tailored for young children and designed to foster their development, serves as the initial step in French education. It caters to children in Toute Petite Section TPS (starting from two years old), Petite Section PS (3 years old), Moyenne Section MS (4 years old) up to Grande Section [&hellip;]<\/p>\n","protected":false},"author":4,"featured_media":0,"parent":0,"menu_order":0,"comment_status":"closed","ping_status":"closed","template":"elementor_header_footer","meta":{"_seopress_robots_primary_cat":"","_seopress_titles_title":"","_seopress_titles_desc":"","_seopress_robots_index":"","footnotes":""},"class_list":["post-3500","page","type-page","status-publish","hentry"],"_links":{"self":[{"href":"https:\/\/lfidelhi.org\/fr\/wp-json\/wp\/v2\/pages\/3500","targetHints":{"allow":["GET"]}}],"collection":[{"href":"https:\/\/lfidelhi.org\/fr\/wp-json\/wp\/v2\/pages"}],"about":[{"href":"https:\/\/lfidelhi.org\/fr\/wp-json\/wp\/v2\/types\/page"}],"author":[{"embeddable":true,"href":"https:\/\/lfidelhi.org\/fr\/wp-json\/wp\/v2\/users\/4"}],"replies":[{"embeddable":true,"href":"https:\/\/lfidelhi.org\/fr\/wp-json\/wp\/v2\/comments?post=3500"}],"version-history":[{"count":46,"href":"https:\/\/lfidelhi.org\/fr\/wp-json\/wp\/v2\/pages\/3500\/revisions"}],"predecessor-version":[{"id":9631,"href":"https:\/\/lfidelhi.org\/fr\/wp-json\/wp\/v2\/pages\/3500\/revisions\/9631"}],"wp:attachment":[{"href":"https:\/\/lfidelhi.org\/fr\/wp-json\/wp\/v2\/media?parent=3500"}],"curies":[{"name":"wp","href":"https:\/\/api.w.org\/{rel}","templated":true}]}}