{"id":3514,"date":"2024-06-14T09:29:20","date_gmt":"2024-06-14T09:29:20","guid":{"rendered":"https:\/\/lfidelhi.org\/?page_id=3514"},"modified":"2024-10-21T16:25:15","modified_gmt":"2024-10-21T10:55:15","slug":"orientation","status":"publish","type":"page","link":"https:\/\/lfidelhi.org\/fr\/orientation\/","title":{"rendered":"Orientation"},"content":{"rendered":"<div data-elementor-type=\"wp-page\" data-elementor-id=\"3514\" class=\"elementor elementor-3514\" data-elementor-post-type=\"page\">\n\t\t\t\t<div class=\"elementor-element elementor-element-c26597d overflow-hidden e-flex e-con-boxed e-con e-parent\" data-id=\"c26597d\" data-element_type=\"container\" data-e-type=\"container\" data-settings=\"{&quot;background_background&quot;:&quot;classic&quot;}\">\n\t\t\t\t\t<div class=\"e-con-inner\">\n\t\t\t\t\t<\/div>\n\t\t\t\t<\/div>\n\t\t<div class=\"elementor-element elementor-element-9a08510 e-flex e-con-boxed e-con e-parent\" data-id=\"9a08510\" data-element_type=\"container\" data-e-type=\"container\">\n\t\t\t\t\t<div class=\"e-con-inner\">\n\t\t\t\t<div class=\"elementor-element elementor-element-e979115 elementor-widget elementor-widget-button\" data-id=\"e979115\" data-element_type=\"widget\" data-e-type=\"widget\" data-widget_type=\"button.default\">\n\t\t\t\t\t\t\t\t\t\t<a class=\"elementor-button elementor-button-link elementor-size-sm\" href=\"https:\/\/lfidelhi.org\/fr\">\n\t\t\t\t\t\t<span class=\"elementor-button-content-wrapper\">\n\t\t\t\t\t\t\t\t\t<span class=\"elementor-button-text\">Accueil<\/span>\n\t\t\t\t\t<\/span>\n\t\t\t\t\t<\/a>\n\t\t\t\t\t\t\t\t<\/div>\n\t\t\t\t<div class=\"elementor-element elementor-element-42f8c46 elementor-widget__width-auto elementor-view-default elementor-widget elementor-widget-icon\" data-id=\"42f8c46\" data-element_type=\"widget\" data-e-type=\"widget\" data-widget_type=\"icon.default\">\n\t\t\t\t\t\t\t<div class=\"elementor-icon-wrapper\">\n\t\t\t<div class=\"elementor-icon\">\n\t\t\t<svg xmlns=\"http:\/\/www.w3.org\/2000\/svg\" width=\"6\" height=\"14\" viewbox=\"0 0 6 14\" fill=\"none\"><path d=\"M5.72337 7.00008L2.1626 0.27417L0.836914 0.976005L4.02612 7.00008L0.836914 13.0242L2.1626 13.726L5.72337 7.00008Z\" fill=\"#383838\"><\/path><\/svg>\t\t\t<\/div>\n\t\t<\/div>\n\t\t\t\t\t\t<\/div>\n\t\t\t\t<div class=\"elementor-element elementor-element-0f1ab34 elementor-widget elementor-widget-button\" data-id=\"0f1ab34\" data-element_type=\"widget\" data-e-type=\"widget\" data-widget_type=\"button.default\">\n\t\t\t\t\t\t\t\t\t\t<a class=\"elementor-button elementor-button-link elementor-size-sm\" href=\"#\">\n\t\t\t\t\t\t<span class=\"elementor-button-content-wrapper\">\n\t\t\t\t\t\t\t\t\t<span class=\"elementor-button-text\">P\u00e9dagogie<\/span>\n\t\t\t\t\t<\/span>\n\t\t\t\t\t<\/a>\n\t\t\t\t\t\t\t\t<\/div>\n\t\t\t\t<div class=\"elementor-element elementor-element-85673f9 elementor-widget__width-auto elementor-view-default elementor-widget elementor-widget-icon\" data-id=\"85673f9\" data-element_type=\"widget\" data-e-type=\"widget\" data-widget_type=\"icon.default\">\n\t\t\t\t\t\t\t<div class=\"elementor-icon-wrapper\">\n\t\t\t<div class=\"elementor-icon\">\n\t\t\t<svg xmlns=\"http:\/\/www.w3.org\/2000\/svg\" width=\"6\" height=\"14\" viewbox=\"0 0 6 14\" fill=\"none\"><path d=\"M5.72337 7.00008L2.1626 0.27417L0.836914 0.976005L4.02612 7.00008L0.836914 13.0242L2.1626 13.726L5.72337 7.00008Z\" fill=\"#383838\"><\/path><\/svg>\t\t\t<\/div>\n\t\t<\/div>\n\t\t\t\t\t\t<\/div>\n\t\t\t\t<div class=\"elementor-element elementor-element-9683c23 elementor-widget elementor-widget-button\" data-id=\"9683c23\" data-element_type=\"widget\" data-e-type=\"widget\" data-widget_type=\"button.default\">\n\t\t\t\t\t\t\t\t\t\t<a class=\"elementor-button elementor-button-link elementor-size-sm\" href=\"#\">\n\t\t\t\t\t\t<span class=\"elementor-button-content-wrapper\">\n\t\t\t\t\t\t\t\t\t<span class=\"elementor-button-text\">Orientation<\/span>\n\t\t\t\t\t<\/span>\n\t\t\t\t\t<\/a>\n\t\t\t\t\t\t\t\t<\/div>\n\t\t\t\t\t<\/div>\n\t\t\t\t<\/div>\n\t\t<div class=\"elementor-element elementor-element-31b3b64 e-flex e-con-boxed e-con e-parent\" data-id=\"31b3b64\" data-element_type=\"container\" data-e-type=\"container\" id=\"middleschool\">\n\t\t\t\t\t<div class=\"e-con-inner\">\n\t\t\t\t<div class=\"elementor-element elementor-element-f8cff32 elementor-widget__width-inherit elementor-widget elementor-widget-heading\" data-id=\"f8cff32\" data-element_type=\"widget\" data-e-type=\"widget\" data-widget_type=\"heading.default\">\n\t\t\t\t\t<h1 class=\"elementor-heading-title elementor-size-default\">Orientation<\/h1>\t\t\t\t<\/div>\n\t\t\t\t<div class=\"elementor-element elementor-element-9616d2c elementor-widget__width-inherit elementor-widget elementor-widget-heading\" data-id=\"9616d2c\" data-element_type=\"widget\" data-e-type=\"widget\" data-widget_type=\"heading.default\">\n\t\t\t\t\t<h2 class=\"elementor-heading-title elementor-size-default\">Au coll\u00e8ge : d\u00e9couverte des m\u00e9tiers de la 5e \u00e0 la 3e<\/h2>\t\t\t\t<\/div>\n\t\t\t\t<div class=\"elementor-element elementor-element-1a19b8c elementor-widget__width-inherit elementor-widget elementor-widget-heading\" data-id=\"1a19b8c\" data-element_type=\"widget\" data-e-type=\"widget\" data-widget_type=\"heading.default\">\n\t\t\t\t\t<h5 class=\"elementor-heading-title elementor-size-default\">Rencontres professionnelles et orientation<\/h5>\t\t\t\t<\/div>\n\t\t\t\t<div class=\"elementor-element elementor-element-3ee6465 elementor-widget__width-initial elementor-widget-mobile__width-inherit elementor-widget elementor-widget-text-editor\" data-id=\"3ee6465\" data-element_type=\"widget\" data-e-type=\"widget\" data-widget_type=\"text-editor.default\">\n\t\t\t\t\t\t\t\t\t<p>Au coll\u00e8ge : les activit\u00e9s de d\u00e9couverte des m\u00e9tiers de la 5e \u00e0 la 3e s\u2019appuient prioritairement sur des rencontres avec les professionnels au coll\u00e8ge ou dans leur environnement de travail. Apprendre \u00e0 se conna\u00eetre, d\u00e9couvrir de nouveaux centres d\u2019int\u00e9r\u00eat et se projeter dans le monde \u00e9conomique et professionnel rel\u00e8vent pleinement des missions de l\u2019\u00e9cole et de ses partenaires.<\/p>\t\t\t\t\t\t\t\t<\/div>\n\t\t\t\t<div class=\"elementor-element elementor-element-d67dd49 elementor-widget__width-initial elementor-widget-mobile__width-inherit elementor-widget elementor-widget-text-editor\" data-id=\"d67dd49\" data-element_type=\"widget\" data-e-type=\"widget\" data-widget_type=\"text-editor.default\">\n\t\t\t\t\t\t\t\t\t<p>Il s\u2019agit de donner aux \u00e9l\u00e8ves le m\u00eame niveau de connaissances sur les m\u00e9tiers, leurs \u00e9volutions et les formations qui y pr\u00e9parent. La connaissance des m\u00e9tiers, la capacit\u00e9 \u00e0 s\u2019orienter et \u00e0 se former tout au long de la vie sont des comp\u00e9tences fondamentales pour \u00eatre un acteur pleinement autonome dans un monde professionnel en mutation constante. L\u2019ensemble de cette d\u00e9marche permet aux \u00e9l\u00e8ves de d\u00e9velopper leurs comp\u00e9tences en mati\u00e8re d\u2019orientation, d\u2019ouvrir leurs horizons et d\u2019\u00e9lever leurs ambitions scolaire et professionnelle, afin de favoriser des choix plus vari\u00e9s et \u00e9clair\u00e9s.<\/p>\t\t\t\t\t\t\t\t<\/div>\n\t\t\t\t\t<\/div>\n\t\t\t\t<\/div>\n\t\t<div class=\"elementor-element elementor-element-2e86704 e-flex e-con-boxed e-con e-parent\" data-id=\"2e86704\" data-element_type=\"container\" data-e-type=\"container\" id=\"highschool\">\n\t\t\t\t\t<div class=\"e-con-inner\">\n\t\t\t\t<div class=\"elementor-element elementor-element-f3c2e93 elementor-widget__width-inherit elementor-widget elementor-widget-heading\" data-id=\"f3c2e93\" data-element_type=\"widget\" data-e-type=\"widget\" data-widget_type=\"heading.default\">\n\t\t\t\t\t<h2 class=\"elementor-heading-title elementor-size-default\">Au lyc\u00e9e : projet d'orientation et accompagnement personnalis\u00e9<\/h2>\t\t\t\t<\/div>\n\t\t<div class=\"elementor-element elementor-element-b013689 e-con-full e-flex e-con e-child\" data-id=\"b013689\" data-element_type=\"container\" data-e-type=\"container\">\n\t\t\t\t<div class=\"elementor-element elementor-element-1f9df92 elementor-widget__width-inherit elementor-widget elementor-widget-heading\" data-id=\"1f9df92\" data-element_type=\"widget\" data-e-type=\"widget\" data-widget_type=\"heading.default\">\n\t\t\t\t\t<h5 class=\"elementor-heading-title elementor-size-default\">Conception du projet d'orientation<\/h5>\t\t\t\t<\/div>\n\t\t\t\t<div class=\"elementor-element elementor-element-dfd6d9d elementor-widget__width-inherit elementor-widget elementor-widget-text-editor\" data-id=\"dfd6d9d\" data-element_type=\"widget\" data-e-type=\"widget\" data-widget_type=\"text-editor.default\">\n\t\t\t\t\t\t\t\t\t<p>Au lyc\u00e9e : concevoir son projet d\u2019orientation, c\u2019est travailler, tout au long de sa scolarit\u00e9 du secondaire, avec ses enseignants et avec la psychologue conseill\u00e8re d\u2019orientation sur les trois axes suivants : connaissance de soi, d\u00e9couverte du monde du travail et connaissance des formations.<\/p>\t\t\t\t\t\t\t\t<\/div>\n\t\t\t\t<\/div>\n\t\t<div class=\"elementor-element elementor-element-548a603 e-con-full e-flex e-con e-child\" data-id=\"548a603\" data-element_type=\"container\" data-e-type=\"container\">\n\t\t\t\t<div class=\"elementor-element elementor-element-c4879e0 elementor-widget__width-inherit elementor-widget elementor-widget-heading\" data-id=\"c4879e0\" data-element_type=\"widget\" data-e-type=\"widget\" data-widget_type=\"heading.default\">\n\t\t\t\t\t<h5 class=\"elementor-heading-title elementor-size-default\">Connaissance de soi<\/h5>\t\t\t\t<\/div>\n\t\t\t\t<div class=\"elementor-element elementor-element-79e587d elementor-widget__width-inherit elementor-widget elementor-widget-text-editor\" data-id=\"79e587d\" data-element_type=\"widget\" data-e-type=\"widget\" data-widget_type=\"text-editor.default\">\n\t\t\t\t\t\t\t\t\t<p>Les \u00e9l\u00e8ves b\u00e9n\u00e9ficient, en classes de premi\u00e8re et de terminale, d\u2019entretiens d\u2019orientation individuels obligatoires avec leur professeur principal dans le cadre de l'accompagnement personnalis\u00e9.<\/p>\t\t\t\t\t\t\t\t<\/div>\n\t\t\t\t<\/div>\n\t\t<div class=\"elementor-element elementor-element-ac126d0 e-con-full e-flex e-con e-child\" data-id=\"ac126d0\" data-element_type=\"container\" data-e-type=\"container\">\n\t\t\t\t<div class=\"elementor-element elementor-element-95e428d elementor-widget__width-inherit elementor-widget elementor-widget-heading\" data-id=\"95e428d\" data-element_type=\"widget\" data-e-type=\"widget\" data-widget_type=\"heading.default\">\n\t\t\t\t\t<h5 class=\"elementor-heading-title elementor-size-default\">D\u00e9couverte du monde du travail forum des m\u00e9tiers<\/h5>\t\t\t\t<\/div>\n\t\t\t\t<div class=\"elementor-element elementor-element-1a8fd84 elementor-widget__width-inherit elementor-widget elementor-widget-text-editor\" data-id=\"1a8fd84\" data-element_type=\"widget\" data-e-type=\"widget\" data-widget_type=\"text-editor.default\">\n\t\t\t\t\t\t\t\t\t<p>Forum organis\u00e9 tous les deux ans par le LFID, qui r\u00e9unit de nombreux professionnels qui pr\u00e9sentent leur travail.<\/p>\t\t\t\t\t\t\t\t<\/div>\n\t\t\t\t<\/div>\n\t\t<div class=\"elementor-element elementor-element-c324307 e-con-full e-flex e-con e-child\" data-id=\"c324307\" data-element_type=\"container\" data-e-type=\"container\">\n\t\t\t\t<div class=\"elementor-element elementor-element-581b6cf elementor-widget__width-inherit elementor-widget elementor-widget-heading\" data-id=\"581b6cf\" data-element_type=\"widget\" data-e-type=\"widget\" data-widget_type=\"heading.default\">\n\t\t\t\t\t<h5 class=\"elementor-heading-title elementor-size-default\">Connaissance des formations<\/h5>\t\t\t\t<\/div>\n\t\t\t\t<div class=\"elementor-element elementor-element-74d7e7d elementor-widget__width-inherit txtunderline-link elementor-widget elementor-widget-text-editor\" data-id=\"74d7e7d\" data-element_type=\"widget\" data-e-type=\"widget\" data-widget_type=\"text-editor.default\">\n\t\t\t\t\t\t\t\t\t<p>Le LFID peut s'appuyer sur l'expertise des conseillers d'orientation du r\u00e9seau AEFE mais aussi sur les alumnii de l'AEFE accessibles via la plateforme Agora Monde. AGORA Monde est un r\u00e9seau social mondial qui permet d'entrer en contact avec les lyc\u00e9ens et les jeunes anciens des lyc\u00e9es de l'AEFE afin d'\u00e9changer sur les projets d'orientation post-bac.<br \/><a href=\"https:\/\/agora-aefe.fr\/?raccourci=%2Ftableau-de-bord\">Link to AGORA Monde<\/a><\/p>\t\t\t\t\t\t\t\t<\/div>\n\t\t\t\t<\/div>\n\t\t\t\t\t<\/div>\n\t\t\t\t<\/div>\n\t\t\t\t<\/div>","protected":false},"excerpt":{"rendered":"<p>Home Academic Programs Orientation Orientation At Middle School: Career Exploration from 7th to 9th Grade Professional Meetings and Orientation In middle school, career exploration activities from 7th to 9th grade primarily involve interactions with professionals at the school or in their workplaces. The school&#8217;s mission and partnerships emphasize learning about oneself, discovering new interests, and [&hellip;]<\/p>\n","protected":false},"author":2,"featured_media":0,"parent":0,"menu_order":0,"comment_status":"closed","ping_status":"closed","template":"elementor_header_footer","meta":{"_seopress_robots_primary_cat":"","_seopress_titles_title":"","_seopress_titles_desc":"","_seopress_robots_index":"","footnotes":""},"class_list":["post-3514","page","type-page","status-publish","hentry"],"_links":{"self":[{"href":"https:\/\/lfidelhi.org\/fr\/wp-json\/wp\/v2\/pages\/3514","targetHints":{"allow":["GET"]}}],"collection":[{"href":"https:\/\/lfidelhi.org\/fr\/wp-json\/wp\/v2\/pages"}],"about":[{"href":"https:\/\/lfidelhi.org\/fr\/wp-json\/wp\/v2\/types\/page"}],"author":[{"embeddable":true,"href":"https:\/\/lfidelhi.org\/fr\/wp-json\/wp\/v2\/users\/2"}],"replies":[{"embeddable":true,"href":"https:\/\/lfidelhi.org\/fr\/wp-json\/wp\/v2\/comments?post=3514"}],"version-history":[{"count":43,"href":"https:\/\/lfidelhi.org\/fr\/wp-json\/wp\/v2\/pages\/3514\/revisions"}],"predecessor-version":[{"id":7441,"href":"https:\/\/lfidelhi.org\/fr\/wp-json\/wp\/v2\/pages\/3514\/revisions\/7441"}],"wp:attachment":[{"href":"https:\/\/lfidelhi.org\/fr\/wp-json\/wp\/v2\/media?parent=3514"}],"curies":[{"name":"wp","href":"https:\/\/api.w.org\/{rel}","templated":true}]}}