{"id":3543,"date":"2024-06-14T09:52:39","date_gmt":"2024-06-14T09:52:39","guid":{"rendered":"https:\/\/lfidelhi.org\/?page_id=3543"},"modified":"2025-08-25T11:13:34","modified_gmt":"2025-08-25T05:43:34","slug":"primary-school","status":"publish","type":"page","link":"https:\/\/lfidelhi.org\/fr\/primary-school\/","title":{"rendered":"\u00c9l\u00e9mentaire"},"content":{"rendered":"<div data-elementor-type=\"wp-page\" data-elementor-id=\"3543\" class=\"elementor elementor-3543\" data-elementor-post-type=\"page\">\n\t\t\t\t<div class=\"elementor-element elementor-element-7ad2b822 overflow-hidden e-flex e-con-boxed e-con e-parent\" data-id=\"7ad2b822\" data-element_type=\"container\" data-e-type=\"container\" data-settings=\"{&quot;background_background&quot;:&quot;classic&quot;}\">\n\t\t\t\t\t<div class=\"e-con-inner\">\n\t\t\t\t\t<\/div>\n\t\t\t\t<\/div>\n\t\t<div class=\"elementor-element elementor-element-9ed7767 e-flex e-con-boxed e-con e-parent\" data-id=\"9ed7767\" data-element_type=\"container\" data-e-type=\"container\">\n\t\t\t\t\t<div class=\"e-con-inner\">\n\t\t\t\t<div class=\"elementor-element elementor-element-dd91286 elementor-widget elementor-widget-button\" data-id=\"dd91286\" data-element_type=\"widget\" data-e-type=\"widget\" data-widget_type=\"button.default\">\n\t\t\t\t\t\t\t\t\t\t<a class=\"elementor-button elementor-button-link elementor-size-sm\" href=\"https:\/\/lfidelhi.org\/fr\">\n\t\t\t\t\t\t<span class=\"elementor-button-content-wrapper\">\n\t\t\t\t\t\t\t\t\t<span class=\"elementor-button-text\">Accueil<\/span>\n\t\t\t\t\t<\/span>\n\t\t\t\t\t<\/a>\n\t\t\t\t\t\t\t\t<\/div>\n\t\t\t\t<div class=\"elementor-element elementor-element-c151d70 elementor-widget__width-auto elementor-view-default elementor-widget elementor-widget-icon\" data-id=\"c151d70\" data-element_type=\"widget\" data-e-type=\"widget\" data-widget_type=\"icon.default\">\n\t\t\t\t\t\t\t<div class=\"elementor-icon-wrapper\">\n\t\t\t<div class=\"elementor-icon\">\n\t\t\t<svg xmlns=\"http:\/\/www.w3.org\/2000\/svg\" width=\"6\" height=\"14\" viewbox=\"0 0 6 14\" fill=\"none\"><path d=\"M5.72337 7.00008L2.1626 0.27417L0.836914 0.976005L4.02612 7.00008L0.836914 13.0242L2.1626 13.726L5.72337 7.00008Z\" fill=\"#383838\"><\/path><\/svg>\t\t\t<\/div>\n\t\t<\/div>\n\t\t\t\t\t\t<\/div>\n\t\t\t\t<div class=\"elementor-element elementor-element-711cc2d elementor-widget elementor-widget-button\" data-id=\"711cc2d\" data-element_type=\"widget\" data-e-type=\"widget\" data-widget_type=\"button.default\">\n\t\t\t\t\t\t\t\t\t\t<a class=\"elementor-button elementor-button-link elementor-size-sm\" href=\"#\">\n\t\t\t\t\t\t<span class=\"elementor-button-content-wrapper\">\n\t\t\t\t\t\t\t\t\t<span class=\"elementor-button-text\">P\u00e9dagogie<\/span>\n\t\t\t\t\t<\/span>\n\t\t\t\t\t<\/a>\n\t\t\t\t\t\t\t\t<\/div>\n\t\t\t\t<div class=\"elementor-element elementor-element-7265b78 elementor-widget__width-auto elementor-view-default elementor-widget elementor-widget-icon\" data-id=\"7265b78\" data-element_type=\"widget\" data-e-type=\"widget\" data-widget_type=\"icon.default\">\n\t\t\t\t\t\t\t<div class=\"elementor-icon-wrapper\">\n\t\t\t<div class=\"elementor-icon\">\n\t\t\t<svg xmlns=\"http:\/\/www.w3.org\/2000\/svg\" width=\"6\" height=\"14\" viewbox=\"0 0 6 14\" fill=\"none\"><path d=\"M5.72337 7.00008L2.1626 0.27417L0.836914 0.976005L4.02612 7.00008L0.836914 13.0242L2.1626 13.726L5.72337 7.00008Z\" fill=\"#383838\"><\/path><\/svg>\t\t\t<\/div>\n\t\t<\/div>\n\t\t\t\t\t\t<\/div>\n\t\t\t\t<div class=\"elementor-element elementor-element-38d7747 elementor-widget elementor-widget-button\" data-id=\"38d7747\" data-element_type=\"widget\" data-e-type=\"widget\" data-widget_type=\"button.default\">\n\t\t\t\t\t\t\t\t\t\t<a class=\"elementor-button elementor-button-link elementor-size-sm\" href=\"#\">\n\t\t\t\t\t\t<span class=\"elementor-button-content-wrapper\">\n\t\t\t\t\t\t\t\t\t<span class=\"elementor-button-text\">Cursus<\/span>\n\t\t\t\t\t<\/span>\n\t\t\t\t\t<\/a>\n\t\t\t\t\t\t\t\t<\/div>\n\t\t\t\t<div class=\"elementor-element elementor-element-a2551bd elementor-widget__width-auto elementor-view-default elementor-widget elementor-widget-icon\" data-id=\"a2551bd\" data-element_type=\"widget\" data-e-type=\"widget\" data-widget_type=\"icon.default\">\n\t\t\t\t\t\t\t<div class=\"elementor-icon-wrapper\">\n\t\t\t<div class=\"elementor-icon\">\n\t\t\t<svg xmlns=\"http:\/\/www.w3.org\/2000\/svg\" width=\"6\" height=\"14\" viewbox=\"0 0 6 14\" fill=\"none\"><path d=\"M5.72337 7.00008L2.1626 0.27417L0.836914 0.976005L4.02612 7.00008L0.836914 13.0242L2.1626 13.726L5.72337 7.00008Z\" fill=\"#383838\"><\/path><\/svg>\t\t\t<\/div>\n\t\t<\/div>\n\t\t\t\t\t\t<\/div>\n\t\t\t\t<div class=\"elementor-element elementor-element-5c674f8 elementor-widget elementor-widget-button\" data-id=\"5c674f8\" data-element_type=\"widget\" data-e-type=\"widget\" data-widget_type=\"button.default\">\n\t\t\t\t\t\t\t\t\t\t<a class=\"elementor-button elementor-button-link elementor-size-sm\" href=\"#\">\n\t\t\t\t\t\t<span class=\"elementor-button-content-wrapper\">\n\t\t\t\t\t\t\t\t\t<span class=\"elementor-button-text\">\u00c9l\u00e9mentaire<\/span>\n\t\t\t\t\t<\/span>\n\t\t\t\t\t<\/a>\n\t\t\t\t\t\t\t\t<\/div>\n\t\t\t\t\t<\/div>\n\t\t\t\t<\/div>\n\t\t<div class=\"elementor-element elementor-element-34aae18 e-flex e-con-boxed e-con e-parent\" data-id=\"34aae18\" data-element_type=\"container\" data-e-type=\"container\">\n\t\t\t\t\t<div class=\"e-con-inner\">\n\t\t<div class=\"elementor-element elementor-element-b5da1f7 e-con-full e-flex e-con e-child\" data-id=\"b5da1f7\" data-element_type=\"container\" data-e-type=\"container\">\n\t\t\t\t<div class=\"elementor-element elementor-element-6b379b98 elementor-widget elementor-widget-heading\" data-id=\"6b379b98\" data-element_type=\"widget\" data-e-type=\"widget\" data-widget_type=\"heading.default\">\n\t\t\t\t\t<h1 class=\"elementor-heading-title elementor-size-default\">\u00c9l\u00e9mentaire<\/h1>\t\t\t\t<\/div>\n\t\t\t\t<div class=\"elementor-element elementor-element-7b531934 elementor-widget elementor-widget-text-editor\" data-id=\"7b531934\" data-element_type=\"widget\" data-e-type=\"widget\" data-widget_type=\"text-editor.default\">\n\t\t\t\t\t\t\t\t\t<p>L'\u00e9cole \u00e9l\u00e9mentaire accueille les \u00e9l\u00e8ves de 6 \u00e0 11 ans sur deux cycles (Cycle 2 et d\u00e9but du Cycle 3) et cinq niveaux de classes : le Cours Pr\u00e9paratoire (CP), le Cours \u00c9l\u00e9mentaire 1re ann\u00e9e (CE1), le Cours \u00c9l\u00e9mentaire 2e ann\u00e9e (CE2), le Cours Moyen 1re ann\u00e9e (CM1) et le Cours Moyen 2e ann\u00e9e (CM2). Elle comprend le cycle des apprentissages fondamentaux (du CP au CE2) et le cycle de consolidation (CM1 et CM2), qui s'ach\u00e8ve au coll\u00e8ge en 6e.<\/p>\t\t\t\t\t\t\t\t<\/div>\n\t\t\t\t<\/div>\n\t\t<div class=\"elementor-element elementor-element-7f671390 e-con-full e-flex e-con e-child\" data-id=\"7f671390\" data-element_type=\"container\" data-e-type=\"container\">\n\t\t\t\t<div class=\"elementor-element elementor-element-9d22780 elementor-widget elementor-widget-image\" data-id=\"9d22780\" data-element_type=\"widget\" data-e-type=\"widget\" data-widget_type=\"image.default\">\n\t\t\t\t\t\t\t\t\t\t\t\t\t\t\t<img fetchpriority=\"high\" decoding=\"async\" width=\"800\" height=\"534\" src=\"https:\/\/lfidelhi.org\/wp-content\/uploads\/2024\/06\/IMG_8446_result-1024x683.webp\" class=\"attachment-large size-large wp-image-3558\" alt=\"\" srcset=\"https:\/\/lfidelhi.org\/wp-content\/uploads\/2024\/06\/IMG_8446_result-1024x683.webp 1024w, https:\/\/lfidelhi.org\/wp-content\/uploads\/2024\/06\/IMG_8446_result-300x200.webp 300w, https:\/\/lfidelhi.org\/wp-content\/uploads\/2024\/06\/IMG_8446_result-768x512.webp 768w, https:\/\/lfidelhi.org\/wp-content\/uploads\/2024\/06\/IMG_8446_result-1536x1024.webp 1536w, https:\/\/lfidelhi.org\/wp-content\/uploads\/2024\/06\/IMG_8446_result-2048x1365.webp 2048w, https:\/\/lfidelhi.org\/wp-content\/uploads\/2024\/06\/IMG_8446_result-18x12.webp 18w\" sizes=\"(max-width: 800px) 100vw, 800px\" \/>\t\t\t\t\t\t\t\t\t\t\t\t\t\t\t<\/div>\n\t\t\t\t<\/div>\n\t\t\t\t\t<\/div>\n\t\t\t\t<\/div>\n\t\t<div class=\"elementor-element elementor-element-23cb3fb e-flex e-con-boxed e-con e-parent\" data-id=\"23cb3fb\" data-element_type=\"container\" data-e-type=\"container\">\n\t\t\t\t\t<div class=\"e-con-inner\">\n\t\t<div class=\"elementor-element elementor-element-8e19e5e e-con-full e-flex e-con e-child\" data-id=\"8e19e5e\" data-element_type=\"container\" data-e-type=\"container\">\n\t\t\t\t<div class=\"elementor-element elementor-element-0173626 elementor-widget elementor-widget-image\" data-id=\"0173626\" data-element_type=\"widget\" data-e-type=\"widget\" data-widget_type=\"image.default\">\n\t\t\t\t\t\t\t\t\t\t\t\t\t\t\t<img decoding=\"async\" width=\"800\" height=\"533\" src=\"https:\/\/lfidelhi.org\/wp-content\/uploads\/2024\/07\/IMG_8966-min-1024x682.jpg\" class=\"attachment-large size-large wp-image-6062\" alt=\"\" srcset=\"https:\/\/lfidelhi.org\/wp-content\/uploads\/2024\/07\/IMG_8966-min-1024x682.jpg 1024w, https:\/\/lfidelhi.org\/wp-content\/uploads\/2024\/07\/IMG_8966-min-300x200.jpg 300w, https:\/\/lfidelhi.org\/wp-content\/uploads\/2024\/07\/IMG_8966-min-768x512.jpg 768w, https:\/\/lfidelhi.org\/wp-content\/uploads\/2024\/07\/IMG_8966-min-1536x1023.jpg 1536w, https:\/\/lfidelhi.org\/wp-content\/uploads\/2024\/07\/IMG_8966-min-18x12.jpg 18w, https:\/\/lfidelhi.org\/wp-content\/uploads\/2024\/07\/IMG_8966-min.jpg 1600w\" sizes=\"(max-width: 800px) 100vw, 800px\" \/>\t\t\t\t\t\t\t\t\t\t\t\t\t\t\t<\/div>\n\t\t\t\t<\/div>\n\t\t<div class=\"elementor-element elementor-element-87c0462 e-con-full e-flex e-con e-child\" data-id=\"87c0462\" data-element_type=\"container\" data-e-type=\"container\">\n\t\t\t\t<div class=\"elementor-element elementor-element-bf9721f elementor-widget elementor-widget-text-editor\" data-id=\"bf9721f\" data-element_type=\"widget\" data-e-type=\"widget\" data-widget_type=\"text-editor.default\">\n\t\t\t\t\t\t\t\t\t<div dir=\"ltr\"><div class=\"input-box\" spellcheck=\"false\"><div id=\"waffle-rich-text-editor\" class=\"cell-input editable disabled-input\" dir=\"ltr\" tabindex=\"0\" role=\"combobox\" contenteditable=\"false\" aria-autocomplete=\"list\" aria-label=\"B1\">La formation dispens\u00e9e assure l'acquisition des fondamentaux : lire, \u00e9crire, compter, respecter autrui. Elle suscite le d\u00e9veloppement de l'intelligence, de la sensibilit\u00e9 artistique, des aptitudes manuelles, physiques et sportives ; elle dispense les \u00e9l\u00e9ments d'une culture historique, g\u00e9ographique, scientifique et technique ; elle offre une \u00e9ducation aux arts visuels et aux arts musicaux ; elle assure l'enseignement \u00e0 la diversit\u00e9 linguistique.<\/div><\/div><\/div>\t\t\t\t\t\t\t\t<\/div>\n\t\t\t\t<\/div>\n\t\t\t\t\t<\/div>\n\t\t\t\t<\/div>\n\t\t\t\t<\/div>","protected":false},"excerpt":{"rendered":"<p>Home Academic Programs Curriculum Primary School Primary School Elementary school welcomes students aged 6 to 11 through two cycles (cycle 2 and the beginning of cycle 3) and five levels of classes: grade 1 (CP), grade 2 (CE1), grade 3 (CE2), grade 4 (CM1), and grade 5 (CM2). It encompasses the cycle of fundamental learning [&hellip;]<\/p>\n","protected":false},"author":4,"featured_media":0,"parent":0,"menu_order":0,"comment_status":"closed","ping_status":"closed","template":"elementor_header_footer","meta":{"_seopress_robots_primary_cat":"","_seopress_titles_title":"","_seopress_titles_desc":"","_seopress_robots_index":"","footnotes":""},"class_list":["post-3543","page","type-page","status-publish","hentry"],"_links":{"self":[{"href":"https:\/\/lfidelhi.org\/fr\/wp-json\/wp\/v2\/pages\/3543","targetHints":{"allow":["GET"]}}],"collection":[{"href":"https:\/\/lfidelhi.org\/fr\/wp-json\/wp\/v2\/pages"}],"about":[{"href":"https:\/\/lfidelhi.org\/fr\/wp-json\/wp\/v2\/types\/page"}],"author":[{"embeddable":true,"href":"https:\/\/lfidelhi.org\/fr\/wp-json\/wp\/v2\/users\/4"}],"replies":[{"embeddable":true,"href":"https:\/\/lfidelhi.org\/fr\/wp-json\/wp\/v2\/comments?post=3543"}],"version-history":[{"count":37,"href":"https:\/\/lfidelhi.org\/fr\/wp-json\/wp\/v2\/pages\/3543\/revisions"}],"predecessor-version":[{"id":9635,"href":"https:\/\/lfidelhi.org\/fr\/wp-json\/wp\/v2\/pages\/3543\/revisions\/9635"}],"wp:attachment":[{"href":"https:\/\/lfidelhi.org\/fr\/wp-json\/wp\/v2\/media?parent=3543"}],"curies":[{"name":"wp","href":"https:\/\/api.w.org\/{rel}","templated":true}]}}