{"id":3668,"date":"2024-06-14T10:31:11","date_gmt":"2024-06-14T10:31:11","guid":{"rendered":"https:\/\/lfidelhi.org\/?page_id=3668"},"modified":"2025-12-03T09:21:26","modified_gmt":"2025-12-03T03:51:26","slug":"english-language-offers-at-lfid","status":"publish","type":"page","link":"https:\/\/lfidelhi.org\/fr\/english-language-offers-at-lfid\/","title":{"rendered":"Offres d'enseignement en anglais au LFID"},"content":{"rendered":"<div data-elementor-type=\"wp-page\" data-elementor-id=\"3668\" class=\"elementor elementor-3668\" data-elementor-post-type=\"page\">\n\t\t\t\t<div class=\"elementor-element elementor-element-e0ec88a overflow-hidden e-flex e-con-boxed e-con e-parent\" data-id=\"e0ec88a\" data-element_type=\"container\" data-e-type=\"container\" data-settings=\"{&quot;background_background&quot;:&quot;classic&quot;}\">\n\t\t\t\t\t<div class=\"e-con-inner\">\n\t\t\t\t\t<\/div>\n\t\t\t\t<\/div>\n\t\t<div class=\"elementor-element elementor-element-d860340 e-flex e-con-boxed e-con e-parent\" data-id=\"d860340\" data-element_type=\"container\" data-e-type=\"container\">\n\t\t\t\t\t<div class=\"e-con-inner\">\n\t\t\t\t<div class=\"elementor-element elementor-element-103f8fe elementor-widget elementor-widget-button\" data-id=\"103f8fe\" data-element_type=\"widget\" data-e-type=\"widget\" data-widget_type=\"button.default\">\n\t\t\t\t\t\t\t\t\t\t<a class=\"elementor-button elementor-button-link elementor-size-sm\" href=\"https:\/\/lfidelhi.org\/fr\">\n\t\t\t\t\t\t<span class=\"elementor-button-content-wrapper\">\n\t\t\t\t\t\t\t\t\t<span class=\"elementor-button-text\">Accueil<\/span>\n\t\t\t\t\t<\/span>\n\t\t\t\t\t<\/a>\n\t\t\t\t\t\t\t\t<\/div>\n\t\t\t\t<div class=\"elementor-element elementor-element-009a079 elementor-widget__width-auto elementor-view-default elementor-widget elementor-widget-icon\" data-id=\"009a079\" data-element_type=\"widget\" data-e-type=\"widget\" data-widget_type=\"icon.default\">\n\t\t\t\t\t\t\t<div class=\"elementor-icon-wrapper\">\n\t\t\t<div class=\"elementor-icon\">\n\t\t\t<svg xmlns=\"http:\/\/www.w3.org\/2000\/svg\" width=\"6\" height=\"14\" viewbox=\"0 0 6 14\" fill=\"none\"><path d=\"M5.72337 7.00008L2.1626 0.27417L0.836914 0.976005L4.02612 7.00008L0.836914 13.0242L2.1626 13.726L5.72337 7.00008Z\" fill=\"#383838\"><\/path><\/svg>\t\t\t<\/div>\n\t\t<\/div>\n\t\t\t\t\t\t<\/div>\n\t\t\t\t<div class=\"elementor-element elementor-element-cf9061b elementor-widget elementor-widget-button\" data-id=\"cf9061b\" data-element_type=\"widget\" data-e-type=\"widget\" data-widget_type=\"button.default\">\n\t\t\t\t\t\t\t\t\t\t<a class=\"elementor-button elementor-button-link elementor-size-sm\" href=\"#\">\n\t\t\t\t\t\t<span class=\"elementor-button-content-wrapper\">\n\t\t\t\t\t\t\t\t\t<span class=\"elementor-button-text\">P\u00e9dagogie<\/span>\n\t\t\t\t\t<\/span>\n\t\t\t\t\t<\/a>\n\t\t\t\t\t\t\t\t<\/div>\n\t\t\t\t<div class=\"elementor-element elementor-element-dc72d22 elementor-widget__width-auto elementor-view-default elementor-widget elementor-widget-icon\" data-id=\"dc72d22\" data-element_type=\"widget\" data-e-type=\"widget\" data-widget_type=\"icon.default\">\n\t\t\t\t\t\t\t<div class=\"elementor-icon-wrapper\">\n\t\t\t<div class=\"elementor-icon\">\n\t\t\t<svg xmlns=\"http:\/\/www.w3.org\/2000\/svg\" width=\"6\" height=\"14\" viewbox=\"0 0 6 14\" fill=\"none\"><path d=\"M5.72337 7.00008L2.1626 0.27417L0.836914 0.976005L4.02612 7.00008L0.836914 13.0242L2.1626 13.726L5.72337 7.00008Z\" fill=\"#383838\"><\/path><\/svg>\t\t\t<\/div>\n\t\t<\/div>\n\t\t\t\t\t\t<\/div>\n\t\t\t\t<div class=\"elementor-element elementor-element-d30b058 elementor-widget elementor-widget-button\" data-id=\"d30b058\" data-element_type=\"widget\" data-e-type=\"widget\" data-widget_type=\"button.default\">\n\t\t\t\t\t\t\t\t\t\t<a class=\"elementor-button elementor-button-link elementor-size-sm\" href=\"#\">\n\t\t\t\t\t\t<span class=\"elementor-button-content-wrapper\">\n\t\t\t\t\t\t\t\t\t<span class=\"elementor-button-text\">Section Internationale Britannique<\/span>\n\t\t\t\t\t<\/span>\n\t\t\t\t\t<\/a>\n\t\t\t\t\t\t\t\t<\/div>\n\t\t\t\t\t<\/div>\n\t\t\t\t<\/div>\n\t\t<div class=\"elementor-element elementor-element-ca10983 e-flex e-con-boxed e-con e-parent\" data-id=\"ca10983\" data-element_type=\"container\" data-e-type=\"container\">\n\t\t\t\t\t<div class=\"e-con-inner\">\n\t\t\t\t<div class=\"elementor-element elementor-element-79a6741 elementor-widget elementor-widget-heading\" data-id=\"79a6741\" data-element_type=\"widget\" data-e-type=\"widget\" data-widget_type=\"heading.default\">\n\t\t\t\t\t<h1 class=\"elementor-heading-title elementor-size-default\">Section Internationale Britannique<\/h1>\t\t\t\t<\/div>\n\t\t\t\t<div class=\"elementor-element elementor-element-4fd399f elementor-widget elementor-widget-heading\" data-id=\"4fd399f\" data-element_type=\"widget\" data-e-type=\"widget\" data-widget_type=\"heading.default\">\n\t\t\t\t\t<h5 class=\"elementor-heading-title elementor-size-default\">Le LFID propose la section internationale anglaise du CP \u00e0 la 2de, et le Baccalaur\u00e9at Fran\u00e7ais International (BFI) \u00e0 partir de la 1re. <\/h5>\t\t\t\t<\/div>\n\t\t\t\t\t<\/div>\n\t\t\t\t<\/div>\n\t\t<div class=\"elementor-element elementor-element-39278e1 e-flex e-con-boxed e-con e-parent\" data-id=\"39278e1\" data-element_type=\"container\" data-e-type=\"container\">\n\t\t\t\t\t<div class=\"e-con-inner\">\n\t\t\t\t<div class=\"elementor-element elementor-element-7762a1a elementor-widget__width-initial elementor-widget-mobile__width-inherit elementor-widget elementor-widget-heading\" data-id=\"7762a1a\" data-element_type=\"widget\" data-e-type=\"widget\" data-widget_type=\"heading.default\">\n\t\t\t\t\t<h3 class=\"elementor-heading-title elementor-size-default\">\u00c9cole primaire (CP\u2013CM2)<\/h3>\t\t\t\t<\/div>\n\t\t\t\t<div class=\"elementor-element elementor-element-031425c elementor-widget__width-initial elementor-widget-mobile__width-inherit elementor-widget elementor-widget-text-editor\" data-id=\"031425c\" data-element_type=\"widget\" data-e-type=\"widget\" data-widget_type=\"text-editor.default\">\n\t\t\t\t\t\t\t\t\t<p>Les \u00e9l\u00e8ves en Section Internationale Britannique (SIB) re\u00e7oivent un minimum de 3 heures d'enseignement dans la langue cible. Il s'agit d'un enseignement en langue anglaise et non un enseignement de la langue anglaise.<\/p>\t\t\t\t\t\t\t\t<\/div>\n\t\t\t\t<div class=\"elementor-element elementor-element-26b5f01 elementor-widget__width-initial elementor-widget-mobile__width-inherit elementor-widget elementor-widget-heading\" data-id=\"26b5f01\" data-element_type=\"widget\" data-e-type=\"widget\" data-widget_type=\"heading.default\">\n\t\t\t\t\t<h3 class=\"elementor-heading-title elementor-size-default\">Coll\u00e8ge (6e - 3e)<\/h3>\t\t\t\t<\/div>\n\t\t\t\t<div class=\"elementor-element elementor-element-26c1e8c elementor-widget__width-initial elementor-widget-mobile__width-inherit txtunderline-link elementor-widget elementor-widget-text-editor\" data-id=\"26c1e8c\" data-element_type=\"widget\" data-e-type=\"widget\" data-widget_type=\"text-editor.default\">\n\t\t\t\t\t\t\t\t\t<p>Au coll\u00e8ge, jusqu\u2019en classe de 2de, les \u00e9l\u00e8ves de la section internationale b\u00e9n\u00e9ficient de 4 heures d\u2019enseignement de litt\u00e9rature et de 2 heures d\u2019histoire-g\u00e9ographie-\u00e9ducation civique en anglais. Les programmes sont \u00e9labor\u00e9s en concertation avec les autorit\u00e9s \u00e9ducatives fran\u00e7aises et celles du pays partenaire, et les cours sont assur\u00e9s par un enseignant anglophone natif.\nLes \u00e9l\u00e8ves indiens sont consid\u00e9r\u00e9s comme anglophones par le minist\u00e8re fran\u00e7ais de l\u2019\u00c9ducation nationale.\n\u00c0 la fin de la 3e, les \u00e9l\u00e8ves de la section internationale passent le brevet des coll\u00e8ges \u2013 DNBi.\u00a0<\/p><p>Le dipl\u00f4me comprend les mati\u00e8res fondamentales ainsi que deux \u00e9preuves sp\u00e9cifiques : l\u2019histoire-g\u00e9ographie en anglais et la litt\u00e9rature en anglais. L\u2019objectif est de viser le bilinguisme fran\u00e7ais\/anglais. \u00c0 l\u2019issue de leur parcours, les \u00e9l\u00e8ves ma\u00eetrisent \u00e0 un niveau tr\u00e8s \u00e9lev\u00e9 aussi bien le fran\u00e7ais que l\u2019anglais.\nPour plus d\u2019informations, vous pouvez consulter la page suivante de l' <a class=\"docs-creator\" href=\"https:\/\/eduscol.education.fr\/3043\/baccalaureat-francais-international-bfi\">Eduscol.<\/a><\/p>\t\t\t\t\t\t\t\t<\/div>\n\t\t\t\t<div class=\"elementor-element elementor-element-8698067 elementor-widget__width-initial elementor-widget-mobile__width-inherit elementor-widget elementor-widget-heading\" data-id=\"8698067\" data-element_type=\"widget\" data-e-type=\"widget\" data-widget_type=\"heading.default\">\n\t\t\t\t\t<h3 class=\"elementor-heading-title elementor-size-default\">Lyc\u00e9e (Premi\u00e8re\u2013Terminale)<\/h3>\t\t\t\t<\/div>\n\t\t\t\t<div class=\"elementor-element elementor-element-9afa91a elementor-widget__width-initial elementor-widget-mobile__width-inherit txtunderline-link elementor-widget elementor-widget-text-editor\" data-id=\"9afa91a\" data-element_type=\"widget\" data-e-type=\"widget\" data-widget_type=\"text-editor.default\">\n\t\t\t\t\t\t\t\t\t<p>Le Baccalaur\u00e9at Fran\u00e7ais International <a href=\"https:\/\/www.education.gouv.fr\/reussir-au-lycee\/le-baccalaureat-francais-international-bfi-5960\">(BFI)<\/a> est un programme avanc\u00e9 pour les \u00e9l\u00e8ves de 11e et 12e ann\u00e9e, qui s'appuie sur leur \u00e9ducation des classes de 1 \u00e0 10. Il offre un programme similaire au baccalaur\u00e9at g\u00e9n\u00e9ral, comprenant des mati\u00e8res principales, un enseignement sp\u00e9cialis\u00e9 et des cours optionnels comme une troisi\u00e8me langue.<\/p><p>Les \u00e9l\u00e8ves re\u00e7oivent \u00e9galement un enseignement suppl\u00e9mentaire sur des sujets culturels et linguistiques, ainsi qu'une discipline non linguistique comme l'histoire-g\u00e9ographie ou les sciences. Ce programme pr\u00e9pare les \u00e9tudiants \u00e0 l'enseignement sup\u00e9rieur et leur offre une exp\u00e9rience acad\u00e9mique compl\u00e8te.<\/p>\t\t\t\t\t\t\t\t<\/div>\n\t\t\t\t\t<\/div>\n\t\t\t\t<\/div>\n\t\t\t\t<\/div>","protected":false},"excerpt":{"rendered":"<p>Home Academic Programs English International Section English International Section LFID offers the English International Section from Grade 1 to 10, and the International French Baccalaureate (BFI) from Grade 11 onwards. Primary School (Grades 1 to 5) In the primary school, students in the British International Section receive a minimum of 3 hours of instruction in [&hellip;]<\/p>\n","protected":false},"author":2,"featured_media":0,"parent":0,"menu_order":0,"comment_status":"closed","ping_status":"closed","template":"elementor_header_footer","meta":{"_seopress_robots_primary_cat":"","_seopress_titles_title":"","_seopress_titles_desc":"","_seopress_robots_index":"","footnotes":""},"class_list":["post-3668","page","type-page","status-publish","hentry"],"_links":{"self":[{"href":"https:\/\/lfidelhi.org\/fr\/wp-json\/wp\/v2\/pages\/3668","targetHints":{"allow":["GET"]}}],"collection":[{"href":"https:\/\/lfidelhi.org\/fr\/wp-json\/wp\/v2\/pages"}],"about":[{"href":"https:\/\/lfidelhi.org\/fr\/wp-json\/wp\/v2\/types\/page"}],"author":[{"embeddable":true,"href":"https:\/\/lfidelhi.org\/fr\/wp-json\/wp\/v2\/users\/2"}],"replies":[{"embeddable":true,"href":"https:\/\/lfidelhi.org\/fr\/wp-json\/wp\/v2\/comments?post=3668"}],"version-history":[{"count":59,"href":"https:\/\/lfidelhi.org\/fr\/wp-json\/wp\/v2\/pages\/3668\/revisions"}],"predecessor-version":[{"id":12152,"href":"https:\/\/lfidelhi.org\/fr\/wp-json\/wp\/v2\/pages\/3668\/revisions\/12152"}],"wp:attachment":[{"href":"https:\/\/lfidelhi.org\/fr\/wp-json\/wp\/v2\/media?parent=3668"}],"curies":[{"name":"wp","href":"https:\/\/api.w.org\/{rel}","templated":true}]}}