{"id":3711,"date":"2024-06-14T11:19:59","date_gmt":"2024-06-14T11:19:59","guid":{"rendered":"https:\/\/lfidelhi.org\/?page_id=3711"},"modified":"2025-08-25T11:06:14","modified_gmt":"2025-08-25T05:36:14","slug":"french-baccalaureate-program","status":"publish","type":"page","link":"https:\/\/lfidelhi.org\/fr\/french-baccalaureate-program\/","title":{"rendered":"Baccalaur\u00e9at Fran\u00e7ais"},"content":{"rendered":"<div data-elementor-type=\"wp-page\" data-elementor-id=\"3711\" class=\"elementor elementor-3711\" data-elementor-post-type=\"page\">\n\t\t\t\t<div class=\"elementor-element elementor-element-d046f61 overflow-hidden e-flex e-con-boxed e-con e-parent\" data-id=\"d046f61\" data-element_type=\"container\" data-e-type=\"container\" data-settings=\"{&quot;background_background&quot;:&quot;classic&quot;}\">\n\t\t\t\t\t<div class=\"e-con-inner\">\n\t\t\t\t\t<\/div>\n\t\t\t\t<\/div>\n\t\t<div class=\"elementor-element elementor-element-6f6edda e-flex e-con-boxed e-con e-parent\" data-id=\"6f6edda\" data-element_type=\"container\" data-e-type=\"container\">\n\t\t\t\t\t<div class=\"e-con-inner\">\n\t\t\t\t<div class=\"elementor-element elementor-element-0f4af81 elementor-widget elementor-widget-button\" data-id=\"0f4af81\" data-element_type=\"widget\" data-e-type=\"widget\" data-widget_type=\"button.default\">\n\t\t\t\t\t\t\t\t\t\t<a class=\"elementor-button elementor-button-link elementor-size-sm\" href=\"https:\/\/lfidelhi.org\/fr\">\n\t\t\t\t\t\t<span class=\"elementor-button-content-wrapper\">\n\t\t\t\t\t\t\t\t\t<span class=\"elementor-button-text\">Accueil<\/span>\n\t\t\t\t\t<\/span>\n\t\t\t\t\t<\/a>\n\t\t\t\t\t\t\t\t<\/div>\n\t\t\t\t<div class=\"elementor-element elementor-element-023530c elementor-widget__width-auto elementor-view-default elementor-widget elementor-widget-icon\" data-id=\"023530c\" data-element_type=\"widget\" data-e-type=\"widget\" data-widget_type=\"icon.default\">\n\t\t\t\t\t\t\t<div class=\"elementor-icon-wrapper\">\n\t\t\t<div class=\"elementor-icon\">\n\t\t\t<svg xmlns=\"http:\/\/www.w3.org\/2000\/svg\" width=\"6\" height=\"14\" viewbox=\"0 0 6 14\" fill=\"none\"><path d=\"M5.72337 7.00008L2.1626 0.27417L0.836914 0.976005L4.02612 7.00008L0.836914 13.0242L2.1626 13.726L5.72337 7.00008Z\" fill=\"#383838\"><\/path><\/svg>\t\t\t<\/div>\n\t\t<\/div>\n\t\t\t\t\t\t<\/div>\n\t\t\t\t<div class=\"elementor-element elementor-element-ebef03c elementor-widget elementor-widget-button\" data-id=\"ebef03c\" data-element_type=\"widget\" data-e-type=\"widget\" data-widget_type=\"button.default\">\n\t\t\t\t\t\t\t\t\t\t<a class=\"elementor-button elementor-button-link elementor-size-sm\" href=\"#\">\n\t\t\t\t\t\t<span class=\"elementor-button-content-wrapper\">\n\t\t\t\t\t\t\t\t\t<span class=\"elementor-button-text\">P\u00e9dagogie<\/span>\n\t\t\t\t\t<\/span>\n\t\t\t\t\t<\/a>\n\t\t\t\t\t\t\t\t<\/div>\n\t\t\t\t<div class=\"elementor-element elementor-element-851638d elementor-widget__width-auto elementor-view-default elementor-widget elementor-widget-icon\" data-id=\"851638d\" data-element_type=\"widget\" data-e-type=\"widget\" data-widget_type=\"icon.default\">\n\t\t\t\t\t\t\t<div class=\"elementor-icon-wrapper\">\n\t\t\t<div class=\"elementor-icon\">\n\t\t\t<svg xmlns=\"http:\/\/www.w3.org\/2000\/svg\" width=\"6\" height=\"14\" viewbox=\"0 0 6 14\" fill=\"none\"><path d=\"M5.72337 7.00008L2.1626 0.27417L0.836914 0.976005L4.02612 7.00008L0.836914 13.0242L2.1626 13.726L5.72337 7.00008Z\" fill=\"#383838\"><\/path><\/svg>\t\t\t<\/div>\n\t\t<\/div>\n\t\t\t\t\t\t<\/div>\n\t\t\t\t<div class=\"elementor-element elementor-element-bad8aba elementor-widget elementor-widget-button\" data-id=\"bad8aba\" data-element_type=\"widget\" data-e-type=\"widget\" data-widget_type=\"button.default\">\n\t\t\t\t\t\t\t\t\t\t<a class=\"elementor-button elementor-button-link elementor-size-sm\" href=\"#\">\n\t\t\t\t\t\t<span class=\"elementor-button-content-wrapper\">\n\t\t\t\t\t\t\t\t\t<span class=\"elementor-button-text\">Baccalaur\u00e9at Fran\u00e7ais<\/span>\n\t\t\t\t\t<\/span>\n\t\t\t\t\t<\/a>\n\t\t\t\t\t\t\t\t<\/div>\n\t\t\t\t\t<\/div>\n\t\t\t\t<\/div>\n\t\t<div class=\"elementor-element elementor-element-68f81c0 e-flex e-con-boxed e-con e-parent\" data-id=\"68f81c0\" data-element_type=\"container\" data-e-type=\"container\">\n\t\t\t\t\t<div class=\"e-con-inner\">\n\t\t<div class=\"elementor-element elementor-element-f272d6d e-con-full e-flex e-con e-child\" data-id=\"f272d6d\" data-element_type=\"container\" data-e-type=\"container\">\n\t\t\t\t<div class=\"elementor-element elementor-element-4d3c5fa elementor-widget elementor-widget-heading\" data-id=\"4d3c5fa\" data-element_type=\"widget\" data-e-type=\"widget\" data-widget_type=\"heading.default\">\n\t\t\t\t\t<h1 class=\"elementor-heading-title elementor-size-default\">Baccalaur\u00e9at Fran\u00e7ais<\/h1>\t\t\t\t<\/div>\n\t\t\t\t<div class=\"elementor-element elementor-element-424bc22 elementor-widget elementor-widget-text-editor\" data-id=\"424bc22\" data-element_type=\"widget\" data-e-type=\"widget\" data-widget_type=\"text-editor.default\">\n\t\t\t\t\t\t\t\t\t<p>L\u2019excellence \u00e9ducative fran\u00e7aise s'appuie sur des valeurs humanistes fortes. C\u2019est l\u2019objectif fondamental du socle commun de connaissances, de comp\u00e9tences et de culture que doit ma\u00eetriser tout \u00e9l\u00e8ve du syst\u00e8me \u00e9ducatif fran\u00e7ais \u00e0 16 ans. Ce socle rassemble connaissances, comp\u00e9tences, valeurs et attitudes n\u00e9cessaires pour r\u00e9ussir sa scolarit\u00e9 et sa vie de futur citoyen ou future citoyenne du XXIe si\u00e8cle, pour permettre \u00e9panouissement personnel et professionnel.<\/p><p>Cette ambition est poursuivie et approfondie au lyc\u00e9e avec l'objectif de favoriser l'autonomie de l'\u00e9l\u00e8ve et l\u2019\u00e9laboration et l\u2019accompagnement de son projet personnel, en lui permettant de se pr\u00e9parer \u00e0 l'exercice de la citoyennet\u00e9 et de se projeter vers l'enseignement sup\u00e9rieur.<\/p>\t\t\t\t\t\t\t\t<\/div>\n\t\t\t\t<\/div>\n\t\t<div class=\"elementor-element elementor-element-3904b3c e-con-full e-flex e-con e-child\" data-id=\"3904b3c\" data-element_type=\"container\" data-e-type=\"container\">\n\t\t\t\t<div class=\"elementor-element elementor-element-c2ddb27 elementor-widget elementor-widget-image\" data-id=\"c2ddb27\" data-element_type=\"widget\" data-e-type=\"widget\" data-widget_type=\"image.default\">\n\t\t\t\t\t\t\t\t\t\t\t\t\t\t\t<img fetchpriority=\"high\" decoding=\"async\" width=\"800\" height=\"534\" src=\"https:\/\/lfidelhi.org\/wp-content\/uploads\/2025\/08\/057A0462-1024x683.jpg\" class=\"attachment-large size-large wp-image-9620\" alt=\"\" srcset=\"https:\/\/lfidelhi.org\/wp-content\/uploads\/2025\/08\/057A0462-1024x683.jpg 1024w, https:\/\/lfidelhi.org\/wp-content\/uploads\/2025\/08\/057A0462-300x200.jpg 300w, https:\/\/lfidelhi.org\/wp-content\/uploads\/2025\/08\/057A0462-768x512.jpg 768w, https:\/\/lfidelhi.org\/wp-content\/uploads\/2025\/08\/057A0462-1536x1024.jpg 1536w, https:\/\/lfidelhi.org\/wp-content\/uploads\/2025\/08\/057A0462-2048x1365.jpg 2048w, https:\/\/lfidelhi.org\/wp-content\/uploads\/2025\/08\/057A0462-18x12.jpg 18w\" sizes=\"(max-width: 800px) 100vw, 800px\" \/>\t\t\t\t\t\t\t\t\t\t\t\t\t\t\t<\/div>\n\t\t\t\t<\/div>\n\t\t\t\t\t<\/div>\n\t\t\t\t<\/div>\n\t\t<div class=\"elementor-element elementor-element-bee35ee e-flex e-con-boxed e-con e-parent\" data-id=\"bee35ee\" data-element_type=\"container\" data-e-type=\"container\">\n\t\t\t\t\t<div class=\"e-con-inner\">\n\t\t\t\t<div class=\"elementor-element elementor-element-f8be3ad elementor-widget__width-inherit elementor-widget elementor-widget-heading\" data-id=\"f8be3ad\" data-element_type=\"widget\" data-e-type=\"widget\" data-widget_type=\"heading.default\">\n\t\t\t\t\t<h4 class=\"elementor-heading-title elementor-size-default\">Les d\u00e9marches innovantes et inclusive et les approches pluridisciplinaires sont encourag\u00e9es dans l'objectif d'assurer :<\/h4>\t\t\t\t<\/div>\n\t\t\t\t<div class=\"elementor-element elementor-element-cfd5434 elementor-widget__width-initial elementor-widget-mobile__width-inherit elementor-icon-list--layout-traditional elementor-list-item-link-full_width elementor-widget elementor-widget-icon-list\" data-id=\"cfd5434\" data-element_type=\"widget\" data-e-type=\"widget\" data-widget_type=\"icon-list.default\">\n\t\t\t\t\t\t\t<ul class=\"elementor-icon-list-items\">\n\t\t\t\t\t\t\t<li class=\"elementor-icon-list-item\">\n\t\t\t\t\t\t\t\t\t\t\t<span class=\"elementor-icon-list-icon\">\n\t\t\t\t\t\t\t<svg xmlns=\"http:\/\/www.w3.org\/2000\/svg\" width=\"14\" height=\"16\" viewbox=\"0 0 14 16\" fill=\"none\"><path d=\"M13.6062 7.92031L0.441406 0.320312L3.24941 7.92031L0.441406 15.5203L13.6062 7.92031Z\" fill=\"#7B7575\"><\/path><\/svg>\t\t\t\t\t\t<\/span>\n\t\t\t\t\t\t\t\t\t\t<span class=\"elementor-icon-list-text\">une qualit\u00e9 d\u2019enseignement optimis\u00e9e dans chaque discipline<\/span>\n\t\t\t\t\t\t\t\t\t<\/li>\n\t\t\t\t\t\t\t\t<li class=\"elementor-icon-list-item\">\n\t\t\t\t\t\t\t\t\t\t\t<span class=\"elementor-icon-list-icon\">\n\t\t\t\t\t\t\t<svg xmlns=\"http:\/\/www.w3.org\/2000\/svg\" width=\"14\" height=\"16\" viewbox=\"0 0 14 16\" fill=\"none\"><path d=\"M13.6062 7.92031L0.441406 0.320312L3.24941 7.92031L0.441406 15.5203L13.6062 7.92031Z\" fill=\"#7B7575\"><\/path><\/svg>\t\t\t\t\t\t<\/span>\n\t\t\t\t\t\t\t\t\t\t<span class=\"elementor-icon-list-text\">une \u00e9volution harmonis\u00e9e des pratiques d\u2019\u00e9valuation, inscrites dans une culture de l'\u00e9valuation positive<\/span>\n\t\t\t\t\t\t\t\t\t<\/li>\n\t\t\t\t\t\t\t\t<li class=\"elementor-icon-list-item\">\n\t\t\t\t\t\t\t\t\t\t\t<span class=\"elementor-icon-list-icon\">\n\t\t\t\t\t\t\t<svg xmlns=\"http:\/\/www.w3.org\/2000\/svg\" width=\"14\" height=\"16\" viewbox=\"0 0 14 16\" fill=\"none\"><path d=\"M13.6062 7.92031L0.441406 0.320312L3.24941 7.92031L0.441406 15.5203L13.6062 7.92031Z\" fill=\"#7B7575\"><\/path><\/svg>\t\t\t\t\t\t<\/span>\n\t\t\t\t\t\t\t\t\t\t<span class=\"elementor-icon-list-text\">une mise en \u0153uvre efficace des modalit\u00e9s de l\u2019accompagnement personnalis\u00e9 dans un continuum \u00e9cole\/coll\u00e8ge\/lyc\u00e9e afin d\u2019assurer \u00e0 chaque \u00e9l\u00e8ve la r\u00e9alisation de son propre parcours d\u2019excellence<\/span>\n\t\t\t\t\t\t\t\t\t<\/li>\n\t\t\t\t\t\t\t\t<li class=\"elementor-icon-list-item\">\n\t\t\t\t\t\t\t\t\t\t\t<span class=\"elementor-icon-list-icon\">\n\t\t\t\t\t\t\t<svg xmlns=\"http:\/\/www.w3.org\/2000\/svg\" width=\"14\" height=\"16\" viewbox=\"0 0 14 16\" fill=\"none\"><path d=\"M13.6062 7.92031L0.441406 0.320312L3.24941 7.92031L0.441406 15.5203L13.6062 7.92031Z\" fill=\"#7B7575\"><\/path><\/svg>\t\t\t\t\t\t<\/span>\n\t\t\t\t\t\t\t\t\t\t<span class=\"elementor-icon-list-text\">une mise en \u0153uvre efficace et coh\u00e9rente des projets d'\u00e9cole et projets d'\u00e9tablissement<\/span>\n\t\t\t\t\t\t\t\t\t<\/li>\n\t\t\t\t\t\t<\/ul>\n\t\t\t\t\t\t<\/div>\n\t\t\t\t<div class=\"elementor-element elementor-element-1e0d78f elementor-widget__width-initial elementor-widget-mobile__width-inherit elementor-icon-list--layout-traditional elementor-list-item-link-full_width elementor-widget elementor-widget-icon-list\" data-id=\"1e0d78f\" data-element_type=\"widget\" data-e-type=\"widget\" data-widget_type=\"icon-list.default\">\n\t\t\t\t\t\t\t<ul class=\"elementor-icon-list-items\">\n\t\t\t\t\t\t\t<li class=\"elementor-icon-list-item\">\n\t\t\t\t\t\t\t\t\t\t\t<span class=\"elementor-icon-list-icon\">\n\t\t\t\t\t\t\t<svg xmlns=\"http:\/\/www.w3.org\/2000\/svg\" width=\"14\" height=\"16\" viewbox=\"0 0 14 16\" fill=\"none\"><path d=\"M13.6062 7.92031L0.441406 0.320312L3.24941 7.92031L0.441406 15.5203L13.6062 7.92031Z\" fill=\"#7B7575\"><\/path><\/svg>\t\t\t\t\t\t<\/span>\n\t\t\t\t\t\t\t\t\t\t<span class=\"elementor-icon-list-text\">une vie scolaire et citoyenne dynamique<\/span>\n\t\t\t\t\t\t\t\t\t<\/li>\n\t\t\t\t\t\t\t\t<li class=\"elementor-icon-list-item\">\n\t\t\t\t\t\t\t\t\t\t\t<span class=\"elementor-icon-list-icon\">\n\t\t\t\t\t\t\t<svg xmlns=\"http:\/\/www.w3.org\/2000\/svg\" width=\"14\" height=\"16\" viewbox=\"0 0 14 16\" fill=\"none\"><path d=\"M13.6062 7.92031L0.441406 0.320312L3.24941 7.92031L0.441406 15.5203L13.6062 7.92031Z\" fill=\"#7B7575\"><\/path><\/svg>\t\t\t\t\t\t<\/span>\n\t\t\t\t\t\t\t\t\t\t<span class=\"elementor-icon-list-text\">une coop\u00e9ration fructueuse avec le pays d\u2019accueil, notamment dans le domaine du sport et de la culture.<\/span>\n\t\t\t\t\t\t\t\t\t<\/li>\n\t\t\t\t\t\t\t\t<li class=\"elementor-icon-list-item\">\n\t\t\t\t\t\t\t\t\t\t\t<span class=\"elementor-icon-list-icon\">\n\t\t\t\t\t\t\t<svg xmlns=\"http:\/\/www.w3.org\/2000\/svg\" width=\"14\" height=\"16\" viewbox=\"0 0 14 16\" fill=\"none\"><path d=\"M13.6062 7.92031L0.441406 0.320312L3.24941 7.92031L0.441406 15.5203L13.6062 7.92031Z\" fill=\"#7B7575\"><\/path><\/svg>\t\t\t\t\t\t<\/span>\n\t\t\t\t\t\t\t\t\t\t<span class=\"elementor-icon-list-text\">Les valeurs humanistes du vivre-ensemble et les principes de la\u00efcit\u00e9, d'inclusion et d'\u00e9galit\u00e9 (\u00e9galit\u00e9 fille-gar\u00e7on et femme-homme, \u00e9gale dignit\u00e9 de tous et toutes...), port\u00e9s par l'\u00e9cole fran\u00e7aise, sont transmis et mobilis\u00e9s \u00e0 travers les enseignements, la vie scolaire, les projets \u00e9ducatifs pour les faire vivre au sein des \u00e9tablissements...<\/span>\n\t\t\t\t\t\t\t\t\t<\/li>\n\t\t\t\t\t\t<\/ul>\n\t\t\t\t\t\t<\/div>\n\t\t\t\t\t<\/div>\n\t\t\t\t<\/div>\n\t\t<div class=\"elementor-element elementor-element-1cb8318 e-flex e-con-boxed e-con e-parent\" data-id=\"1cb8318\" data-element_type=\"container\" data-e-type=\"container\">\n\t\t\t\t\t<div class=\"e-con-inner\">\n\t\t\t\t<div class=\"elementor-element elementor-element-4de29a8 elementor-widget elementor-widget-heading\" data-id=\"4de29a8\" data-element_type=\"widget\" data-e-type=\"widget\" data-widget_type=\"heading.default\">\n\t\t\t\t\t<h2 class=\"elementor-heading-title elementor-size-default\">Pr\u00e9sentation du syst\u00e8me \u00e9ducatif fran\u00e7ais<\/h2>\t\t\t\t<\/div>\n\t\t\t\t<div class=\"elementor-element elementor-element-1683e02 elementor-widget elementor-widget-image\" data-id=\"1683e02\" data-element_type=\"widget\" data-e-type=\"widget\" data-widget_type=\"image.default\">\n\t\t\t\t\t\t\t\t\t\t\t\t\t\t\t<img decoding=\"async\" width=\"1400\" height=\"980\" src=\"https:\/\/lfidelhi.org\/wp-content\/uploads\/2024\/06\/French-Info.jpg\" class=\"attachment-full size-full wp-image-3731\" alt=\"\" srcset=\"https:\/\/lfidelhi.org\/wp-content\/uploads\/2024\/06\/French-Info.jpg 1700w, https:\/\/lfidelhi.org\/wp-content\/uploads\/2024\/06\/French-Info-300x240.jpg 300w, https:\/\/lfidelhi.org\/wp-content\/uploads\/2024\/06\/French-Info-1024x819.jpg 1024w, https:\/\/lfidelhi.org\/wp-content\/uploads\/2024\/06\/French-Info-768x614.jpg 768w, https:\/\/lfidelhi.org\/wp-content\/uploads\/2024\/06\/French-Info-1536x1229.jpg 1536w, https:\/\/lfidelhi.org\/wp-content\/uploads\/2024\/06\/French-Info-15x12.jpg 15w\" sizes=\"(max-width: 1400px) 100vw, 1400px\" \/>\t\t\t\t\t\t\t\t\t\t\t\t\t\t\t<\/div>\n\t\t\t\t\t<\/div>\n\t\t\t\t<\/div>\n\t\t\t\t<\/div>","protected":false},"excerpt":{"rendered":"<p>Home Academic Programs French Baccalaureate Program French Baccalaureate Program French educational excellence is is grounded in robust humanistic values. It constitutes the core objective of the comprehensive foundation of knowledge, skills, and culture that each student in the French education system is expected to master by the age of 16. This foundation encompasses the essential [&hellip;]<\/p>\n","protected":false},"author":2,"featured_media":0,"parent":0,"menu_order":0,"comment_status":"closed","ping_status":"closed","template":"elementor_header_footer","meta":{"_seopress_robots_primary_cat":"","_seopress_titles_title":"French Baccalaureate Program | French Education System","_seopress_titles_desc":"French Baccalaureate Program at Lyc\u00e9e Fran\u00e7ais International de Delhi, offering a rigorous curriculum for global learners in a multicultural environment.","_seopress_robots_index":"","footnotes":""},"class_list":["post-3711","page","type-page","status-publish","hentry"],"_links":{"self":[{"href":"https:\/\/lfidelhi.org\/fr\/wp-json\/wp\/v2\/pages\/3711","targetHints":{"allow":["GET"]}}],"collection":[{"href":"https:\/\/lfidelhi.org\/fr\/wp-json\/wp\/v2\/pages"}],"about":[{"href":"https:\/\/lfidelhi.org\/fr\/wp-json\/wp\/v2\/types\/page"}],"author":[{"embeddable":true,"href":"https:\/\/lfidelhi.org\/fr\/wp-json\/wp\/v2\/users\/2"}],"replies":[{"embeddable":true,"href":"https:\/\/lfidelhi.org\/fr\/wp-json\/wp\/v2\/comments?post=3711"}],"version-history":[{"count":38,"href":"https:\/\/lfidelhi.org\/fr\/wp-json\/wp\/v2\/pages\/3711\/revisions"}],"predecessor-version":[{"id":9623,"href":"https:\/\/lfidelhi.org\/fr\/wp-json\/wp\/v2\/pages\/3711\/revisions\/9623"}],"wp:attachment":[{"href":"https:\/\/lfidelhi.org\/fr\/wp-json\/wp\/v2\/media?parent=3711"}],"curies":[{"name":"wp","href":"https:\/\/api.w.org\/{rel}","templated":true}]}}