{"id":3746,"date":"2024-06-15T04:22:53","date_gmt":"2024-06-15T04:22:53","guid":{"rendered":"https:\/\/lfidelhi.org\/?page_id=3746"},"modified":"2026-01-05T17:29:24","modified_gmt":"2026-01-05T11:59:24","slug":"advantages-of-bilingual-education","status":"publish","type":"page","link":"https:\/\/lfidelhi.org\/fr\/advantages-of-bilingual-education\/","title":{"rendered":"Les avantages du bilinguisme"},"content":{"rendered":"<div data-elementor-type=\"wp-page\" data-elementor-id=\"3746\" class=\"elementor elementor-3746\" data-elementor-post-type=\"page\">\n\t\t\t\t<div class=\"elementor-element elementor-element-3a27001 overflow-hidden e-flex e-con-boxed e-con e-parent\" data-id=\"3a27001\" data-element_type=\"container\" data-e-type=\"container\" data-settings=\"{&quot;background_background&quot;:&quot;classic&quot;}\">\n\t\t\t\t\t<div class=\"e-con-inner\">\n\t\t\t\t\t<\/div>\n\t\t\t\t<\/div>\n\t\t<div class=\"elementor-element elementor-element-7e4ae52 e-flex e-con-boxed e-con e-parent\" data-id=\"7e4ae52\" data-element_type=\"container\" data-e-type=\"container\">\n\t\t\t\t\t<div class=\"e-con-inner\">\n\t\t\t\t<div class=\"elementor-element elementor-element-f51d90b elementor-widget elementor-widget-button\" data-id=\"f51d90b\" data-element_type=\"widget\" data-e-type=\"widget\" data-widget_type=\"button.default\">\n\t\t\t\t\t\t\t\t\t\t<a class=\"elementor-button elementor-button-link elementor-size-sm\" href=\"https:\/\/lfidelhi.org\/fr\">\n\t\t\t\t\t\t<span class=\"elementor-button-content-wrapper\">\n\t\t\t\t\t\t\t\t\t<span class=\"elementor-button-text\">Accueil<\/span>\n\t\t\t\t\t<\/span>\n\t\t\t\t\t<\/a>\n\t\t\t\t\t\t\t\t<\/div>\n\t\t\t\t<div class=\"elementor-element elementor-element-cad1328 elementor-widget__width-auto elementor-view-default elementor-widget elementor-widget-icon\" data-id=\"cad1328\" data-element_type=\"widget\" data-e-type=\"widget\" data-widget_type=\"icon.default\">\n\t\t\t\t\t\t\t<div class=\"elementor-icon-wrapper\">\n\t\t\t<div class=\"elementor-icon\">\n\t\t\t<svg xmlns=\"http:\/\/www.w3.org\/2000\/svg\" width=\"6\" height=\"14\" viewbox=\"0 0 6 14\" fill=\"none\"><path d=\"M5.72337 7.00008L2.1626 0.27417L0.836914 0.976005L4.02612 7.00008L0.836914 13.0242L2.1626 13.726L5.72337 7.00008Z\" fill=\"#383838\"><\/path><\/svg>\t\t\t<\/div>\n\t\t<\/div>\n\t\t\t\t\t\t<\/div>\n\t\t\t\t<div class=\"elementor-element elementor-element-c66a77f elementor-widget elementor-widget-button\" data-id=\"c66a77f\" data-element_type=\"widget\" data-e-type=\"widget\" data-widget_type=\"button.default\">\n\t\t\t\t\t\t\t\t\t\t<a class=\"elementor-button elementor-button-link elementor-size-sm\" href=\"#\">\n\t\t\t\t\t\t<span class=\"elementor-button-content-wrapper\">\n\t\t\t\t\t\t\t\t\t<span class=\"elementor-button-text\">P\u00e9dagogie<\/span>\n\t\t\t\t\t<\/span>\n\t\t\t\t\t<\/a>\n\t\t\t\t\t\t\t\t<\/div>\n\t\t\t\t<div class=\"elementor-element elementor-element-3be0426 elementor-widget__width-auto elementor-view-default elementor-widget elementor-widget-icon\" data-id=\"3be0426\" data-element_type=\"widget\" data-e-type=\"widget\" data-widget_type=\"icon.default\">\n\t\t\t\t\t\t\t<div class=\"elementor-icon-wrapper\">\n\t\t\t<div class=\"elementor-icon\">\n\t\t\t<svg xmlns=\"http:\/\/www.w3.org\/2000\/svg\" width=\"6\" height=\"14\" viewbox=\"0 0 6 14\" fill=\"none\"><path d=\"M5.72337 7.00008L2.1626 0.27417L0.836914 0.976005L4.02612 7.00008L0.836914 13.0242L2.1626 13.726L5.72337 7.00008Z\" fill=\"#383838\"><\/path><\/svg>\t\t\t<\/div>\n\t\t<\/div>\n\t\t\t\t\t\t<\/div>\n\t\t\t\t<div class=\"elementor-element elementor-element-01001df elementor-widget elementor-widget-button\" data-id=\"01001df\" data-element_type=\"widget\" data-e-type=\"widget\" data-widget_type=\"button.default\">\n\t\t\t\t\t\t\t\t\t\t<a class=\"elementor-button elementor-button-link elementor-size-sm\" href=\"#\">\n\t\t\t\t\t\t<span class=\"elementor-button-content-wrapper\">\n\t\t\t\t\t\t\t\t\t<span class=\"elementor-button-text\">Les avantages du bilinguisme<\/span>\n\t\t\t\t\t<\/span>\n\t\t\t\t\t<\/a>\n\t\t\t\t\t\t\t\t<\/div>\n\t\t\t\t\t<\/div>\n\t\t\t\t<\/div>\n\t\t<div class=\"elementor-element elementor-element-2baf555 e-flex e-con-boxed e-con e-parent\" data-id=\"2baf555\" data-element_type=\"container\" data-e-type=\"container\">\n\t\t\t\t\t<div class=\"e-con-inner\">\n\t\t\t\t<div class=\"elementor-element elementor-element-8184f25 elementor-widget elementor-widget-heading\" data-id=\"8184f25\" data-element_type=\"widget\" data-e-type=\"widget\" data-widget_type=\"heading.default\">\n\t\t\t\t\t<h1 class=\"elementor-heading-title elementor-size-default\">The Advantages of Bilingualism<\/h1>\t\t\t\t<\/div>\n\t\t\t\t\t<\/div>\n\t\t\t\t<\/div>\n\t\t<div class=\"elementor-element elementor-element-ea199fe e-flex e-con-boxed e-con e-parent\" data-id=\"ea199fe\" data-element_type=\"container\" data-e-type=\"container\">\n\t\t\t\t\t<div class=\"e-con-inner\">\n\t\t<div class=\"elementor-element elementor-element-4879cba e-con-full e-flex e-con e-child\" data-id=\"4879cba\" data-element_type=\"container\" data-e-type=\"container\">\n\t\t\t\t<div class=\"elementor-element elementor-element-b06f122 elementor-widget elementor-widget-text-editor\" data-id=\"b06f122\" data-element_type=\"widget\" data-e-type=\"widget\" data-widget_type=\"text-editor.default\">\n\t\t\t\t\t\t\t\t\t<p>Bilinguisme, pluriculturalisme et apprentissage sont au centre du programme de notre \u00e9cole. L'environnement international dans lequel \u00e9voluent nos \u00e9l\u00e8ves de la Petite Section de maternelle \u00e0 la terminale, leur permet d'acqu\u00e9rir des comp\u00e9tences linguistiques et cognitives pr\u00e9cieuses pour leur d\u00e9veloppement personnel. \n\n\u00c0 travers l\u2019\u00e9coute, la parole, la lecture et l\u2019\u00e9criture, les enfants s'\u00e9panouissent dans un cadre bienveillant et stimulant. Quelle que soit leur langue maternelle, \u00e9l\u00e8ves et familles sont les bienvenus, nos \u00e9tablissements offrant une p\u00e9dagogie adapt\u00e9e \u00e0 chacun, afin de faciliter l'immersion bilingue.<\/p>\t\t\t\t\t\t\t\t<\/div>\n\t\t\t\t<\/div>\n\t\t<div class=\"elementor-element elementor-element-83b8f8f e-con-full e-flex e-con e-child\" data-id=\"83b8f8f\" data-element_type=\"container\" data-e-type=\"container\">\n\t\t\t\t<div class=\"elementor-element elementor-element-37c6600 elementor-widget elementor-widget-image\" data-id=\"37c6600\" data-element_type=\"widget\" data-e-type=\"widget\" data-widget_type=\"image.default\">\n\t\t\t\t\t\t\t\t\t\t\t\t\t\t\t<img fetchpriority=\"high\" decoding=\"async\" width=\"768\" height=\"526\" src=\"https:\/\/lfidelhi.org\/wp-content\/uploads\/2026\/01\/Untitled-design-768x526.jpg\" class=\"attachment-medium_large size-medium_large wp-image-12091\" alt=\"\" srcset=\"https:\/\/lfidelhi.org\/wp-content\/uploads\/2026\/01\/Untitled-design-768x526.jpg 768w, https:\/\/lfidelhi.org\/wp-content\/uploads\/2026\/01\/Untitled-design-300x205.jpg 300w, https:\/\/lfidelhi.org\/wp-content\/uploads\/2026\/01\/Untitled-design-1024x701.jpg 1024w, https:\/\/lfidelhi.org\/wp-content\/uploads\/2026\/01\/Untitled-design-1536x1052.jpg 1536w, https:\/\/lfidelhi.org\/wp-content\/uploads\/2026\/01\/Untitled-design-2048x1403.jpg 2048w, https:\/\/lfidelhi.org\/wp-content\/uploads\/2026\/01\/Untitled-design-18x12.jpg 18w\" sizes=\"(max-width: 768px) 100vw, 768px\" \/>\t\t\t\t\t\t\t\t\t\t\t\t\t\t\t<\/div>\n\t\t\t\t<\/div>\n\t\t\t\t\t<\/div>\n\t\t\t\t<\/div>\n\t\t<div class=\"elementor-element elementor-element-8127663 e-flex e-con-boxed e-con e-parent\" data-id=\"8127663\" data-element_type=\"container\" data-e-type=\"container\">\n\t\t\t\t\t<div class=\"e-con-inner\">\n\t\t\t\t<div class=\"elementor-element elementor-element-89b6560 elementor-widget elementor-widget-heading\" data-id=\"89b6560\" data-element_type=\"widget\" data-e-type=\"widget\" data-widget_type=\"heading.default\">\n\t\t\t\t\t<h3 class=\"elementor-heading-title elementor-size-default\">Le parcours langue<\/h3>\t\t\t\t<\/div>\n\t\t\t\t<div class=\"elementor-element elementor-element-b85a93a elementor-widget elementor-widget-text-editor\" data-id=\"b85a93a\" data-element_type=\"widget\" data-e-type=\"widget\" data-widget_type=\"text-editor.default\">\n\t\t\t\t\t\t\t\t\t<p class=\"translation-block\">Nous proposons diff\u00e9rents parcours en anglais, adapt\u00e9s au niveau et aux objectifs d\u2019apprentissage de chaque \u00e9l\u00e8ve : du programme PARLE d\u00e8s le primaire aux dispositifs bilingues \u00c9MILIE, SIB, BFI et au module d\u2019enrichissement ACL au secondaire, chaque \u00e9tape renforce la ma\u00eetrise linguistique, la confiance et l\u2019ouverture interculturelle. <a href=\"https:\/\/lfidelhi.org\/fr\/the-french-international-baccalaureate-bfi-at-lfid\/\" target=\"_self\" class=\"docs-creator\">Cliquez ici<\/a> pour plus d\u2019informations.<\/p>\t\t\t\t\t\t\t\t<\/div>\n\t\t\t\t<div class=\"elementor-element elementor-element-4744355 elementor-widget elementor-widget-image\" data-id=\"4744355\" data-element_type=\"widget\" data-e-type=\"widget\" data-widget_type=\"image.default\">\n\t\t\t\t\t\t\t\t\t\t\t\t\t\t\t<img decoding=\"async\" width=\"2560\" height=\"1440\" src=\"https:\/\/lfidelhi.org\/wp-content\/uploads\/2026\/01\/French.png\" class=\"attachment-full size-full wp-image-12096\" alt=\"\" srcset=\"https:\/\/lfidelhi.org\/wp-content\/uploads\/2026\/01\/French.png 2560w, https:\/\/lfidelhi.org\/wp-content\/uploads\/2026\/01\/French-300x169.png 300w, https:\/\/lfidelhi.org\/wp-content\/uploads\/2026\/01\/French-1024x576.png 1024w, https:\/\/lfidelhi.org\/wp-content\/uploads\/2026\/01\/French-768x432.png 768w, https:\/\/lfidelhi.org\/wp-content\/uploads\/2026\/01\/French-1536x864.png 1536w, https:\/\/lfidelhi.org\/wp-content\/uploads\/2026\/01\/French-2048x1152.png 2048w, https:\/\/lfidelhi.org\/wp-content\/uploads\/2026\/01\/French-18x10.png 18w\" sizes=\"(max-width: 2560px) 100vw, 2560px\" \/>\t\t\t\t\t\t\t\t\t\t\t\t\t\t\t<\/div>\n\t\t\t\t\t<\/div>\n\t\t\t\t<\/div>\n\t\t\t\t<\/div>","protected":false},"excerpt":{"rendered":"<p>Home Academic Programs Advantages Of Bilingual Education The Advantages of Bilingualism Bilingualism, multiculturalism, and learning are at the heart of our school\u2019s curriculum. From preschool to high school, our students benefit from an international environment that helps them develop essential linguistic and cognitive skills, supporting their personal growth. Through listening, speaking, reading, and writing, children [&hellip;]<\/p>\n","protected":false},"author":2,"featured_media":0,"parent":0,"menu_order":0,"comment_status":"closed","ping_status":"closed","template":"elementor_header_footer","meta":{"_seopress_robots_primary_cat":"","_seopress_titles_title":"","_seopress_titles_desc":"","_seopress_robots_index":"","footnotes":""},"class_list":["post-3746","page","type-page","status-publish","hentry"],"_links":{"self":[{"href":"https:\/\/lfidelhi.org\/fr\/wp-json\/wp\/v2\/pages\/3746","targetHints":{"allow":["GET"]}}],"collection":[{"href":"https:\/\/lfidelhi.org\/fr\/wp-json\/wp\/v2\/pages"}],"about":[{"href":"https:\/\/lfidelhi.org\/fr\/wp-json\/wp\/v2\/types\/page"}],"author":[{"embeddable":true,"href":"https:\/\/lfidelhi.org\/fr\/wp-json\/wp\/v2\/users\/2"}],"replies":[{"embeddable":true,"href":"https:\/\/lfidelhi.org\/fr\/wp-json\/wp\/v2\/comments?post=3746"}],"version-history":[{"count":73,"href":"https:\/\/lfidelhi.org\/fr\/wp-json\/wp\/v2\/pages\/3746\/revisions"}],"predecessor-version":[{"id":12151,"href":"https:\/\/lfidelhi.org\/fr\/wp-json\/wp\/v2\/pages\/3746\/revisions\/12151"}],"wp:attachment":[{"href":"https:\/\/lfidelhi.org\/fr\/wp-json\/wp\/v2\/media?parent=3746"}],"curies":[{"name":"wp","href":"https:\/\/api.w.org\/{rel}","templated":true}]}}