{"id":3766,"date":"2024-06-15T05:12:40","date_gmt":"2024-06-15T05:12:40","guid":{"rendered":"https:\/\/lfidelhi.org\/?page_id=3766"},"modified":"2024-09-23T16:27:59","modified_gmt":"2024-09-23T10:57:59","slug":"academic-support-and-counseling","status":"publish","type":"page","link":"https:\/\/lfidelhi.org\/fr\/academic-support-and-counseling\/","title":{"rendered":"Soutien acad\u00e9mique et conseil"},"content":{"rendered":"<div data-elementor-type=\"wp-page\" data-elementor-id=\"3766\" class=\"elementor elementor-3766\" data-elementor-post-type=\"page\">\n\t\t\t\t<div class=\"elementor-element elementor-element-ca2e2ea overflow-hidden e-flex e-con-boxed e-con e-parent\" data-id=\"ca2e2ea\" data-element_type=\"container\" data-e-type=\"container\" data-settings=\"{&quot;background_background&quot;:&quot;classic&quot;}\">\n\t\t\t\t\t<div class=\"e-con-inner\">\n\t\t\t\t\t<\/div>\n\t\t\t\t<\/div>\n\t\t<div class=\"elementor-element elementor-element-45f8a76 e-flex e-con-boxed e-con e-parent\" data-id=\"45f8a76\" data-element_type=\"container\" data-e-type=\"container\">\n\t\t\t\t\t<div class=\"e-con-inner\">\n\t\t\t\t<div class=\"elementor-element elementor-element-24c0c49 elementor-widget elementor-widget-button\" data-id=\"24c0c49\" data-element_type=\"widget\" data-e-type=\"widget\" data-widget_type=\"button.default\">\n\t\t\t\t\t\t\t\t\t\t<a class=\"elementor-button elementor-button-link elementor-size-sm\" href=\"https:\/\/lfidelhi.org\/fr\">\n\t\t\t\t\t\t<span class=\"elementor-button-content-wrapper\">\n\t\t\t\t\t\t\t\t\t<span class=\"elementor-button-text\">Accueil<\/span>\n\t\t\t\t\t<\/span>\n\t\t\t\t\t<\/a>\n\t\t\t\t\t\t\t\t<\/div>\n\t\t\t\t<div class=\"elementor-element elementor-element-5f20127 elementor-widget__width-auto elementor-view-default elementor-widget elementor-widget-icon\" data-id=\"5f20127\" data-element_type=\"widget\" data-e-type=\"widget\" data-widget_type=\"icon.default\">\n\t\t\t\t\t\t\t<div class=\"elementor-icon-wrapper\">\n\t\t\t<div class=\"elementor-icon\">\n\t\t\t<svg xmlns=\"http:\/\/www.w3.org\/2000\/svg\" width=\"6\" height=\"14\" viewbox=\"0 0 6 14\" fill=\"none\"><path d=\"M5.72337 7.00008L2.1626 0.27417L0.836914 0.976005L4.02612 7.00008L0.836914 13.0242L2.1626 13.726L5.72337 7.00008Z\" fill=\"#383838\"><\/path><\/svg>\t\t\t<\/div>\n\t\t<\/div>\n\t\t\t\t\t\t<\/div>\n\t\t\t\t<div class=\"elementor-element elementor-element-6836002 elementor-widget elementor-widget-button\" data-id=\"6836002\" data-element_type=\"widget\" data-e-type=\"widget\" data-widget_type=\"button.default\">\n\t\t\t\t\t\t\t\t\t\t<a class=\"elementor-button elementor-button-link elementor-size-sm\" href=\"#\">\n\t\t\t\t\t\t<span class=\"elementor-button-content-wrapper\">\n\t\t\t\t\t\t\t\t\t<span class=\"elementor-button-text\">P\u00e9dagogie<\/span>\n\t\t\t\t\t<\/span>\n\t\t\t\t\t<\/a>\n\t\t\t\t\t\t\t\t<\/div>\n\t\t\t\t<div class=\"elementor-element elementor-element-9a7f915 elementor-widget__width-auto elementor-view-default elementor-widget elementor-widget-icon\" data-id=\"9a7f915\" data-element_type=\"widget\" data-e-type=\"widget\" data-widget_type=\"icon.default\">\n\t\t\t\t\t\t\t<div class=\"elementor-icon-wrapper\">\n\t\t\t<div class=\"elementor-icon\">\n\t\t\t<svg xmlns=\"http:\/\/www.w3.org\/2000\/svg\" width=\"6\" height=\"14\" viewbox=\"0 0 6 14\" fill=\"none\"><path d=\"M5.72337 7.00008L2.1626 0.27417L0.836914 0.976005L4.02612 7.00008L0.836914 13.0242L2.1626 13.726L5.72337 7.00008Z\" fill=\"#383838\"><\/path><\/svg>\t\t\t<\/div>\n\t\t<\/div>\n\t\t\t\t\t\t<\/div>\n\t\t\t\t<div class=\"elementor-element elementor-element-e645f62 elementor-widget elementor-widget-button\" data-id=\"e645f62\" data-element_type=\"widget\" data-e-type=\"widget\" data-widget_type=\"button.default\">\n\t\t\t\t\t\t\t\t\t\t<a class=\"elementor-button elementor-button-link elementor-size-sm\" href=\"#\">\n\t\t\t\t\t\t<span class=\"elementor-button-content-wrapper\">\n\t\t\t\t\t\t\t\t\t<span class=\"elementor-button-text\">Soutien acad\u00e9mique et conseil<\/span>\n\t\t\t\t\t<\/span>\n\t\t\t\t\t<\/a>\n\t\t\t\t\t\t\t\t<\/div>\n\t\t\t\t\t<\/div>\n\t\t\t\t<\/div>\n\t\t<div class=\"elementor-element elementor-element-c9527e6 e-flex e-con-boxed e-con e-parent\" data-id=\"c9527e6\" data-element_type=\"container\" data-e-type=\"container\">\n\t\t\t\t\t<div class=\"e-con-inner\">\n\t\t\t\t<div class=\"elementor-element elementor-element-7cac135 elementor-widget elementor-widget-heading\" data-id=\"7cac135\" data-element_type=\"widget\" data-e-type=\"widget\" data-widget_type=\"heading.default\">\n\t\t\t\t\t<h1 class=\"elementor-heading-title elementor-size-default\">Soutien acad\u00e9mique et conseil<\/h1>\t\t\t\t<\/div>\n\t\t\t\t<div class=\"elementor-element elementor-element-b010720 elementor-widget elementor-widget-text-editor\" data-id=\"b010720\" data-element_type=\"widget\" data-e-type=\"widget\" data-widget_type=\"text-editor.default\">\n\t\t\t\t\t\t\t\t\t<p>Nous accompagnons chaque \u00e9l\u00e8ve au plus pr\u00e8s de ses besoins. Pour cela nous nous engageons en faveur de la r\u00e9ussite de tous les \u00e9l\u00e8ves en proposant une palette de solutions pour s\u2019adapter au mieux \u00e0 toutes les situations et individualiser les parcours des \u00e9l\u00e8ves.<\/p>\t\t\t\t\t\t\t\t<\/div>\n\t\t\t\t\t<\/div>\n\t\t\t\t<\/div>\n\t\t<div class=\"elementor-element elementor-element-8dc634b e-flex e-con-boxed e-con e-parent\" data-id=\"8dc634b\" data-element_type=\"container\" data-e-type=\"container\" id=\"asem\">\n\t\t\t\t\t<div class=\"e-con-inner\">\n\t\t<div class=\"elementor-element elementor-element-a108a29 e-con-full e-flex e-con e-child\" data-id=\"a108a29\" data-element_type=\"container\" data-e-type=\"container\">\n\t\t\t\t<div class=\"elementor-element elementor-element-b120c13 elementor-widget elementor-widget-heading\" data-id=\"b120c13\" data-element_type=\"widget\" data-e-type=\"widget\" data-widget_type=\"heading.default\">\n\t\t\t\t\t<h3 class=\"elementor-heading-title elementor-size-default\">ASEM (Agents Sp\u00e9cialis\u00e9s des \u00c9coles Maternelles)<\/h3>\t\t\t\t<\/div>\n\t\t\t\t<div class=\"elementor-element elementor-element-ffe781d elementor-widget elementor-widget-text-editor\" data-id=\"ffe781d\" data-element_type=\"widget\" data-e-type=\"widget\" data-widget_type=\"text-editor.default\">\n\t\t\t\t\t\t\t\t\t<p>Au Lyc\u00e9e Fran\u00e7ais International de Delhi, les ASEM jouent un r\u00f4le important dans la construction des comp\u00e9tences communicatives, langagi\u00e8res et linguistiques : leur proximit\u00e9 avec chaque enfant, en classe et hors les murs, renforce l\u2019insertion de celui-ci, dans un tout nouveau monde : un monde scolaire aux codes sociaux, culturels et linguistiques, tr\u00e8s sp\u00e9cifiques.<\/p><p>Au Lyc\u00e9e Fran\u00e7ais International de Delhi, toutes les ASEM sont bilingues.<\/p><p>Les ASEM sont charg\u00e9es de l\u2019assistance au personnel enseignant pour la r\u00e9ception, l\u2019animation et l\u2019hygi\u00e8ne des tr\u00e8s jeunes enfants ainsi que de la pr\u00e9paration et la mise en \u00e9tat de propret\u00e9 des locaux et du mat\u00e9riel servant directement \u00e0 ces enfants. Elles participent \u00e0 la communaut\u00e9 \u00e9ducative et sont \u00e9galement charg\u00e9es de la surveillance des tr\u00e8s jeunes enfants \u00e0 la cantine.<\/p>\t\t\t\t\t\t\t\t<\/div>\n\t\t\t\t<\/div>\n\t\t<div class=\"elementor-element elementor-element-0221129 e-con-full e-flex e-con e-child\" data-id=\"0221129\" data-element_type=\"container\" data-e-type=\"container\">\n\t\t\t\t<div class=\"elementor-element elementor-element-049af9f elementor-widget elementor-widget-image\" data-id=\"049af9f\" data-element_type=\"widget\" data-e-type=\"widget\" data-widget_type=\"image.default\">\n\t\t\t\t\t\t\t\t\t\t\t\t\t\t\t<img fetchpriority=\"high\" decoding=\"async\" width=\"800\" height=\"532\" src=\"https:\/\/lfidelhi.org\/wp-content\/uploads\/2024\/06\/ATSEM-min-1024x681.jpg\" class=\"attachment-large size-large wp-image-3783\" alt=\"\" srcset=\"https:\/\/lfidelhi.org\/wp-content\/uploads\/2024\/06\/ATSEM-min-1024x681.jpg 1024w, https:\/\/lfidelhi.org\/wp-content\/uploads\/2024\/06\/ATSEM-min-300x200.jpg 300w, https:\/\/lfidelhi.org\/wp-content\/uploads\/2024\/06\/ATSEM-min-768x511.jpg 768w, https:\/\/lfidelhi.org\/wp-content\/uploads\/2024\/06\/ATSEM-min-18x12.jpg 18w, https:\/\/lfidelhi.org\/wp-content\/uploads\/2024\/06\/ATSEM-min.jpg 1200w\" sizes=\"(max-width: 800px) 100vw, 800px\" \/>\t\t\t\t\t\t\t\t\t\t\t\t\t\t\t<\/div>\n\t\t\t\t<\/div>\n\t\t\t\t\t<\/div>\n\t\t\t\t<\/div>\n\t\t<div class=\"elementor-element elementor-element-b013da3 e-flex e-con-boxed e-con e-parent\" data-id=\"b013da3\" data-element_type=\"container\" data-e-type=\"container\">\n\t\t\t\t\t<div class=\"e-con-inner\">\n\t\t<div class=\"elementor-element elementor-element-d95c1ef e-con-full e-flex e-con e-child\" data-id=\"d95c1ef\" data-element_type=\"container\" data-e-type=\"container\" id=\"efl\">\n\t\t\t\t<div class=\"elementor-element elementor-element-8ed38f1 elementor-widget elementor-widget-heading\" data-id=\"8ed38f1\" data-element_type=\"widget\" data-e-type=\"widget\" data-widget_type=\"heading.default\">\n\t\t\t\t\t<h3 class=\"elementor-heading-title elementor-size-default\">Diff\u00e9renciation p\u00e9dagogique<\/h3>\t\t\t\t<\/div>\n\t\t\t\t<div class=\"elementor-element elementor-element-5350f6a elementor-widget elementor-widget-text-editor\" data-id=\"5350f6a\" data-element_type=\"widget\" data-e-type=\"widget\" data-widget_type=\"text-editor.default\">\n\t\t\t\t\t\t\t\t\t<p>C\u2019est un dispositif ou on s\u2019adapte \u00e0 l\u2019enfant, pour un m\u00eame objectif, on mettra en place diff\u00e9rents supports, par exemple 3 techniques possibles suivant le profil de l\u2019enfant pour l\u2019acquisition de la lecture, par contre cela ne r\u00e9ussit pas \u00e0 tous les coups, changement de dispositif \u00e0 ce moment-l\u00e0.<\/p>\t\t\t\t\t\t\t\t<\/div>\n\t\t\t\t<\/div>\n\t\t<div class=\"elementor-element elementor-element-15272aa e-con-full e-flex e-con e-child\" data-id=\"15272aa\" data-element_type=\"container\" data-e-type=\"container\" id=\"flsco\">\n\t\t\t\t<div class=\"elementor-element elementor-element-2b10995 elementor-widget elementor-widget-heading\" data-id=\"2b10995\" data-element_type=\"widget\" data-e-type=\"widget\" data-widget_type=\"heading.default\">\n\t\t\t\t\t<h3 class=\"elementor-heading-title elementor-size-default\">FLSco (Fran\u00e7ais Langue de Scolarisation)<\/h3>\t\t\t\t<\/div>\n\t\t\t\t<div class=\"elementor-element elementor-element-c8db34f elementor-widget elementor-widget-text-editor\" data-id=\"c8db34f\" data-element_type=\"widget\" data-e-type=\"widget\" data-widget_type=\"text-editor.default\">\n\t\t\t\t\t\t\t\t\t<p>Les cours de FLSco s\u2019adressent en priorit\u00e9 aux \u00e9l\u00e8ves nouvellement arriv\u00e9s au LFID qui n\u2019ont jamais \u00e9t\u00e9 scolaris\u00e9s dans un syst\u00e8me fran\u00e7ais. Ce dispositif pour les \u00e9l\u00e8ves non-francophones fonctionne en collaboration avec l'enseignant de la PS au CM2. Prise en charge en petit groupe en dehors de la classe, avec un accompagnement linguistique avec comme objectif de fournir des outils linguistiques n\u00e9cessaires pour s\u2019adapter au parcours de chacun.<\/p>\t\t\t\t\t\t\t\t<\/div>\n\t\t\t\t<\/div>\n\t\t\t\t\t<\/div>\n\t\t\t\t<\/div>\n\t\t<div class=\"elementor-element elementor-element-b25fbfa e-flex e-con-boxed e-con e-parent\" data-id=\"b25fbfa\" data-element_type=\"container\" data-e-type=\"container\" id=\"specialized-teacher\">\n\t\t\t\t\t<div class=\"e-con-inner\">\n\t\t<div class=\"elementor-element elementor-element-e253da7 e-con-full e-flex e-con e-child\" data-id=\"e253da7\" data-element_type=\"container\" data-e-type=\"container\">\n\t\t\t\t<div class=\"elementor-element elementor-element-3d64c91 elementor-widget elementor-widget-image\" data-id=\"3d64c91\" data-element_type=\"widget\" data-e-type=\"widget\" data-widget_type=\"image.default\">\n\t\t\t\t\t\t\t\t\t\t\t\t\t\t\t<img decoding=\"async\" width=\"800\" height=\"534\" src=\"https:\/\/lfidelhi.org\/wp-content\/uploads\/2024\/06\/Specilised-teacher-min-1024x683.jpg\" class=\"attachment-large size-large wp-image-3782\" alt=\"\" srcset=\"https:\/\/lfidelhi.org\/wp-content\/uploads\/2024\/06\/Specilised-teacher-min-1024x683.jpg 1024w, https:\/\/lfidelhi.org\/wp-content\/uploads\/2024\/06\/Specilised-teacher-min-300x200.jpg 300w, https:\/\/lfidelhi.org\/wp-content\/uploads\/2024\/06\/Specilised-teacher-min-768x512.jpg 768w, https:\/\/lfidelhi.org\/wp-content\/uploads\/2024\/06\/Specilised-teacher-min-18x12.jpg 18w, https:\/\/lfidelhi.org\/wp-content\/uploads\/2024\/06\/Specilised-teacher-min.jpg 1200w\" sizes=\"(max-width: 800px) 100vw, 800px\" \/>\t\t\t\t\t\t\t\t\t\t\t\t\t\t\t<\/div>\n\t\t\t\t<\/div>\n\t\t<div class=\"elementor-element elementor-element-00f7a1b e-con-full e-flex e-con e-child\" data-id=\"00f7a1b\" data-element_type=\"container\" data-e-type=\"container\">\n\t\t\t\t<div class=\"elementor-element elementor-element-6bc1b27 elementor-widget elementor-widget-heading\" data-id=\"6bc1b27\" data-element_type=\"widget\" data-e-type=\"widget\" data-widget_type=\"heading.default\">\n\t\t\t\t\t<h3 class=\"elementor-heading-title elementor-size-default\">Professeur sp\u00e9cialis\u00e9<\/h3>\t\t\t\t<\/div>\n\t\t\t\t<div class=\"elementor-element elementor-element-b7ff067 elementor-widget elementor-widget-text-editor\" data-id=\"b7ff067\" data-element_type=\"widget\" data-e-type=\"widget\" data-widget_type=\"text-editor.default\">\n\t\t\t\t\t\t\t\t\t<p>L'enseignant sp\u00e9cialis\u00e9 prend en charge des \u00e9l\u00e8ves aux difficult\u00e9s diverses : inadaptation scolaire, troubles de la sant\u00e9, du comportement, psychologiques. L'enseignant aide \u00e9galement les enfants en grande difficult\u00e9 ou souffrant de handicap, pour trouver les\nr\u00e9ponses adapt\u00e9es, permettant une \u00e9cole inclusive, cette enseignante permet l\u2019adaptation de l\u2019enfant dans la classe, elle collabore avec le m\u00e9decin scolaire. La prise en charge est individualis\u00e9e et hors de la classe.<\/p>\t\t\t\t\t\t\t\t<\/div>\n\t\t\t\t<div class=\"elementor-element elementor-element-c076b7a elementor-widget elementor-widget-heading\" data-id=\"c076b7a\" data-element_type=\"widget\" data-e-type=\"widget\" data-widget_type=\"heading.default\">\n\t\t\t\t\t<h3 class=\"elementor-heading-title elementor-size-default\">AESH (Accompagnant d'\u00c9l\u00e8ve en Situation de Handicap)<\/h3>\t\t\t\t<\/div>\n\t\t\t\t<div class=\"elementor-element elementor-element-007a473 elementor-widget elementor-widget-text-editor\" data-id=\"007a473\" data-element_type=\"widget\" data-e-type=\"widget\" data-widget_type=\"text-editor.default\">\n\t\t\t\t\t\t\t\t\t<p>Une personne qui aide dans la classe des enfants \u00e0 besoins \u00e9ducatifs particuliers.<\/p>\t\t\t\t\t\t\t\t<\/div>\n\t\t\t\t<\/div>\n\t\t\t\t\t<\/div>\n\t\t\t\t<\/div>\n\t\t<div class=\"elementor-element elementor-element-09b1954 e-flex e-con-boxed e-con e-parent\" data-id=\"09b1954\" data-element_type=\"container\" data-e-type=\"container\" id=\"othersupport\">\n\t\t\t\t\t<div class=\"e-con-inner\">\n\t\t<div class=\"elementor-element elementor-element-c5a0584 e-con-full e-flex e-con e-child\" data-id=\"c5a0584\" data-element_type=\"container\" data-e-type=\"container\" id=\"aesh\">\n\t\t\t\t<div class=\"elementor-element elementor-element-139f791 elementor-widget elementor-widget-heading\" data-id=\"139f791\" data-element_type=\"widget\" data-e-type=\"widget\" data-widget_type=\"heading.default\">\n\t\t\t\t\t<h3 class=\"elementor-heading-title elementor-size-default\">Aide Devoir<\/h3>\t\t\t\t<\/div>\n\t\t\t\t<div class=\"elementor-element elementor-element-2357663 elementor-widget elementor-widget-text-editor\" data-id=\"2357663\" data-element_type=\"widget\" data-e-type=\"widget\" data-widget_type=\"text-editor.default\">\n\t\t\t\t\t\t\t\t\t<p>Pour les enfants de parents non-francophones, dispositif apr\u00e8s les cours pour les aider \u00e0 faire\nleurs devoirs.<\/p><p>\u00a0<\/p>\t\t\t\t\t\t\t\t<\/div>\n\t\t\t\t<div class=\"elementor-element elementor-element-490a400 elementor-widget elementor-widget-heading\" data-id=\"490a400\" data-element_type=\"widget\" data-e-type=\"widget\" data-widget_type=\"heading.default\">\n\t\t\t\t\t<h3 class=\"elementor-heading-title elementor-size-default\">APC (Activit\u00e9s P\u00e9dagogiques Compl\u00e9mentaires)<\/h3>\t\t\t\t<\/div>\n\t\t\t\t<div class=\"elementor-element elementor-element-6d9cb74 elementor-widget elementor-widget-text-editor\" data-id=\"6d9cb74\" data-element_type=\"widget\" data-e-type=\"widget\" data-widget_type=\"text-editor.default\">\n\t\t\t\t\t\t\t\t\t<p>Pour prendre en charge des difficult\u00e9s ponctuelles, par petits groupes, par p\u00e9riode, sur une comp\u00e9tence pr\u00e9cise avec un projet pr\u00e9sent\u00e9 dans la classe pour montrer les\nprogr\u00e8s.<\/p>\t\t\t\t\t\t\t\t<\/div>\n\t\t\t\t<\/div>\n\t\t<div class=\"elementor-element elementor-element-5c861ba e-con-full e-flex e-con e-child\" data-id=\"5c861ba\" data-element_type=\"container\" data-e-type=\"container\">\n\t\t\t\t<div class=\"elementor-element elementor-element-5020172 elementor-widget elementor-widget-heading\" data-id=\"5020172\" data-element_type=\"widget\" data-e-type=\"widget\" data-widget_type=\"heading.default\">\n\t\t\t\t\t<h3 class=\"elementor-heading-title elementor-size-default\">PPRE (Programme Personnalis\u00e9 de R\u00e9ussite \u00c9ducative)<\/h3>\t\t\t\t<\/div>\n\t\t\t\t<div class=\"elementor-element elementor-element-b9cfcc0 elementor-widget elementor-widget-text-editor\" data-id=\"b9cfcc0\" data-element_type=\"widget\" data-e-type=\"widget\" data-widget_type=\"text-editor.default\">\n\t\t\t\t\t\t\t\t\t<p>Cette aide est un contrat entre l\u2019enfant, ses parents et l\u2019enseignant sur une p\u00e9riode donn\u00e9e, c\u2019est une aide personnalis\u00e9e qui se fait en classe, et avec les parents \u00e0 la maison en support.<\/p>\t\t\t\t\t\t\t\t<\/div>\n\t\t\t\t<\/div>\n\t\t\t\t\t<\/div>\n\t\t\t\t<\/div>\n\t\t\t\t<\/div>","protected":false},"excerpt":{"rendered":"<p>Home Academic Programs Academic support and counseling Academic support and counseling We provide close support tailored to the individual needs of each student. In doing so, we are dedicated to the success of all students by offering a variety of solutions to effectively adapt to different situations and personalize each student&#8217;s educational journey. ASEM (Specialized [&hellip;]<\/p>\n","protected":false},"author":2,"featured_media":0,"parent":0,"menu_order":0,"comment_status":"closed","ping_status":"closed","template":"elementor_header_footer","meta":{"_seopress_robots_primary_cat":"","_seopress_titles_title":"","_seopress_titles_desc":"","_seopress_robots_index":"","footnotes":""},"class_list":["post-3766","page","type-page","status-publish","hentry"],"_links":{"self":[{"href":"https:\/\/lfidelhi.org\/fr\/wp-json\/wp\/v2\/pages\/3766","targetHints":{"allow":["GET"]}}],"collection":[{"href":"https:\/\/lfidelhi.org\/fr\/wp-json\/wp\/v2\/pages"}],"about":[{"href":"https:\/\/lfidelhi.org\/fr\/wp-json\/wp\/v2\/types\/page"}],"author":[{"embeddable":true,"href":"https:\/\/lfidelhi.org\/fr\/wp-json\/wp\/v2\/users\/2"}],"replies":[{"embeddable":true,"href":"https:\/\/lfidelhi.org\/fr\/wp-json\/wp\/v2\/comments?post=3766"}],"version-history":[{"count":82,"href":"https:\/\/lfidelhi.org\/fr\/wp-json\/wp\/v2\/pages\/3766\/revisions"}],"predecessor-version":[{"id":6824,"href":"https:\/\/lfidelhi.org\/fr\/wp-json\/wp\/v2\/pages\/3766\/revisions\/6824"}],"wp:attachment":[{"href":"https:\/\/lfidelhi.org\/fr\/wp-json\/wp\/v2\/media?parent=3766"}],"curies":[{"name":"wp","href":"https:\/\/api.w.org\/{rel}","templated":true}]}}