{"id":4036,"date":"2024-06-15T11:59:21","date_gmt":"2024-06-15T11:59:21","guid":{"rendered":"https:\/\/lfidelhi.org\/?page_id=4036"},"modified":"2024-06-24T08:33:37","modified_gmt":"2024-06-24T08:33:37","slug":"merchandise","status":"publish","type":"page","link":"https:\/\/lfidelhi.org\/fr\/merchandise\/","title":{"rendered":"merchandise"},"content":{"rendered":"\t\t<div data-elementor-type=\"wp-page\" data-elementor-id=\"4036\" class=\"elementor elementor-4036\" data-elementor-post-type=\"page\">\n\t\t\t\t<div class=\"elementor-element elementor-element-d327334 overflow-hidden e-flex e-con-boxed e-con e-parent\" data-id=\"d327334\" data-element_type=\"container\" data-e-type=\"container\" data-settings=\"{&quot;background_background&quot;:&quot;classic&quot;}\">\n\t\t\t\t\t<div class=\"e-con-inner\">\n\t\t\t\t\t<\/div>\n\t\t\t\t<\/div>\n\t\t<div class=\"elementor-element elementor-element-b4d4729 e-flex e-con-boxed e-con e-parent\" data-id=\"b4d4729\" data-element_type=\"container\" data-e-type=\"container\">\n\t\t\t\t\t<div class=\"e-con-inner\">\n\t\t\t\t<div class=\"elementor-element elementor-element-bb99534 elementor-widget elementor-widget-button\" data-id=\"bb99534\" data-element_type=\"widget\" data-e-type=\"widget\" data-widget_type=\"button.default\">\n\t\t\t\t\t\t\t\t\t\t<a class=\"elementor-button elementor-button-link elementor-size-sm\" href=\"https:\/\/lfidelhi.org\/fr\">\n\t\t\t\t\t\t<span class=\"elementor-button-content-wrapper\">\n\t\t\t\t\t\t\t\t\t<span class=\"elementor-button-text\">Home<\/span>\n\t\t\t\t\t<\/span>\n\t\t\t\t\t<\/a>\n\t\t\t\t\t\t\t\t<\/div>\n\t\t\t\t<div class=\"elementor-element elementor-element-fb536be elementor-widget__width-auto elementor-view-default elementor-widget elementor-widget-icon\" data-id=\"fb536be\" data-element_type=\"widget\" data-e-type=\"widget\" data-widget_type=\"icon.default\">\n\t\t\t\t\t\t\t<div class=\"elementor-icon-wrapper\">\n\t\t\t<div class=\"elementor-icon\">\n\t\t\t<svg xmlns=\"http:\/\/www.w3.org\/2000\/svg\" width=\"6\" height=\"14\" viewBox=\"0 0 6 14\" fill=\"none\"><path d=\"M5.72337 7.00008L2.1626 0.27417L0.836914 0.976005L4.02612 7.00008L0.836914 13.0242L2.1626 13.726L5.72337 7.00008Z\" fill=\"#383838\"><\/path><\/svg>\t\t\t<\/div>\n\t\t<\/div>\n\t\t\t\t\t\t<\/div>\n\t\t\t\t<div class=\"elementor-element elementor-element-b53159e elementor-widget elementor-widget-button\" data-id=\"b53159e\" data-element_type=\"widget\" data-e-type=\"widget\" data-widget_type=\"button.default\">\n\t\t\t\t\t\t\t\t\t\t<a class=\"elementor-button elementor-button-link elementor-size-sm\" href=\"\/admissions\/\">\n\t\t\t\t\t\t<span class=\"elementor-button-content-wrapper\">\n\t\t\t\t\t\t\t\t\t<span class=\"elementor-button-text\">Admissions<\/span>\n\t\t\t\t\t<\/span>\n\t\t\t\t\t<\/a>\n\t\t\t\t\t\t\t\t<\/div>\n\t\t\t\t<div class=\"elementor-element elementor-element-fc5a356 elementor-widget__width-auto elementor-view-default elementor-widget elementor-widget-icon\" data-id=\"fc5a356\" data-element_type=\"widget\" data-e-type=\"widget\" data-widget_type=\"icon.default\">\n\t\t\t\t\t\t\t<div class=\"elementor-icon-wrapper\">\n\t\t\t<div class=\"elementor-icon\">\n\t\t\t<svg xmlns=\"http:\/\/www.w3.org\/2000\/svg\" width=\"6\" height=\"14\" viewBox=\"0 0 6 14\" fill=\"none\"><path d=\"M5.72337 7.00008L2.1626 0.27417L0.836914 0.976005L4.02612 7.00008L0.836914 13.0242L2.1626 13.726L5.72337 7.00008Z\" fill=\"#383838\"><\/path><\/svg>\t\t\t<\/div>\n\t\t<\/div>\n\t\t\t\t\t\t<\/div>\n\t\t\t\t<div class=\"elementor-element elementor-element-094eae8 elementor-widget elementor-widget-button\" data-id=\"094eae8\" data-element_type=\"widget\" data-e-type=\"widget\" data-widget_type=\"button.default\">\n\t\t\t\t\t\t\t\t\t\t<a class=\"elementor-button elementor-button-link elementor-size-sm\" href=\"#\">\n\t\t\t\t\t\t<span class=\"elementor-button-content-wrapper\">\n\t\t\t\t\t\t\t\t\t<span class=\"elementor-button-text\">Merchandise<\/span>\n\t\t\t\t\t<\/span>\n\t\t\t\t\t<\/a>\n\t\t\t\t\t\t\t\t<\/div>\n\t\t\t\t\t<\/div>\n\t\t\t\t<\/div>\n\t\t<div class=\"elementor-element elementor-element-4001c47 e-flex e-con-boxed e-con e-parent\" data-id=\"4001c47\" data-element_type=\"container\" data-e-type=\"container\">\n\t\t\t\t\t<div class=\"e-con-inner\">\n\t\t\t\t<div class=\"elementor-element elementor-element-06d9689 elementor-widget elementor-widget-heading\" data-id=\"06d9689\" data-element_type=\"widget\" data-e-type=\"widget\" data-widget_type=\"heading.default\">\n\t\t\t\t\t<h1 class=\"elementor-heading-title elementor-size-default\">Merchandise<\/h1>\t\t\t\t<\/div>\n\t\t\t\t\t<\/div>\n\t\t\t\t<\/div>\n\t\t<div class=\"elementor-element elementor-element-9d271db e-flex e-con-boxed e-con e-parent\" data-id=\"9d271db\" data-element_type=\"container\" data-e-type=\"container\">\n\t\t\t\t\t<div class=\"e-con-inner\">\n\t\t<div class=\"elementor-element elementor-element-0ef34b0 e-con-full e-flex e-con e-child\" data-id=\"0ef34b0\" data-element_type=\"container\" data-e-type=\"container\">\n\t\t<div class=\"elementor-element elementor-element-65d0db2 e-con-full e-flex e-con e-child\" data-id=\"65d0db2\" data-element_type=\"container\" data-e-type=\"container\">\n\t\t\t\t<div class=\"elementor-element elementor-element-fe26453 elementor-button-align-start elementor-widget elementor-widget-form\" data-id=\"fe26453\" data-element_type=\"widget\" data-e-type=\"widget\" data-settings=\"{&quot;step_next_label&quot;:&quot;Next&quot;,&quot;step_previous_label&quot;:&quot;Previous&quot;,&quot;button_width&quot;:&quot;100&quot;,&quot;step_type&quot;:&quot;number_text&quot;,&quot;step_icon_shape&quot;:&quot;circle&quot;}\" data-widget_type=\"form.default\">\n\t\t\t\t\t\t\t<form class=\"elementor-form\" method=\"post\" name=\"New Form\" aria-label=\"New Form\">\n\t\t\t<input type=\"hidden\" name=\"post_id\" value=\"4036\"\/>\n\t\t\t<input type=\"hidden\" name=\"form_id\" value=\"fe26453\"\/>\n\t\t\t<input type=\"hidden\" name=\"referer_title\" value=\"\" \/>\n\n\t\t\t\n\t\t\t<div class=\"elementor-form-fields-wrapper elementor-labels-above\">\n\t\t\t\t\t\t\t\t<div class=\"elementor-field-type-text elementor-field-group elementor-column elementor-field-group-name elementor-col-100 elementor-field-required\">\n\t\t\t\t\t\t\t\t\t\t\t\t<label for=\"form-field-name\" class=\"elementor-field-label\">\n\t\t\t\t\t\t\t\tFull Name\t\t\t\t\t\t\t<\/label>\n\t\t\t\t\t\t\t\t\t\t\t\t\t\t<input size=\"1\" type=\"text\" name=\"form_fields[name]\" id=\"form-field-name\" class=\"elementor-field elementor-size-sm  elementor-field-textual\" placeholder=\"Full Name*\" required=\"required\">\n\t\t\t\t\t\t\t\t\t\t\t<\/div>\n\t\t\t\t\t\t\t\t<div class=\"elementor-field-type-email elementor-field-group elementor-column elementor-field-group-email elementor-col-100 elementor-field-required\">\n\t\t\t\t\t\t\t\t\t\t\t\t<label for=\"form-field-email\" class=\"elementor-field-label\">\n\t\t\t\t\t\t\t\tEmail\t\t\t\t\t\t\t<\/label>\n\t\t\t\t\t\t\t\t\t\t\t\t\t\t<input size=\"1\" type=\"email\" name=\"form_fields[email]\" id=\"form-field-email\" class=\"elementor-field elementor-size-sm  elementor-field-textual\" placeholder=\"Email*\" required=\"required\">\n\t\t\t\t\t\t\t\t\t\t\t<\/div>\n\t\t\t\t\t\t\t\t<div class=\"elementor-field-type-tel elementor-field-group elementor-column elementor-field-group-field_7216c85 elementor-col-100\">\n\t\t\t\t\t\t\t\t\t\t\t\t<label for=\"form-field-field_7216c85\" class=\"elementor-field-label\">\n\t\t\t\t\t\t\t\tPhone Number\t\t\t\t\t\t\t<\/label>\n\t\t\t\t\t\t\t\t<input size=\"1\" type=\"tel\" name=\"form_fields[field_7216c85]\" id=\"form-field-field_7216c85\" class=\"elementor-field elementor-size-sm  elementor-field-textual\" placeholder=\"Phone Number*\" pattern=\"[0-9()#&amp;+*-=.]+\" title=\"Seuls les caract\u00e8res de num\u00e9ros de t\u00e9l\u00e9phone (#, -, *, etc.) sont accept\u00e9s.\">\n\n\t\t\t\t\t\t<\/div>\n\t\t\t\t\t\t\t\t<div class=\"elementor-field-type-checkbox elementor-field-group elementor-column elementor-field-group-field_94a8780 elementor-col-100\">\n\t\t\t\t\t\t\t\t\t\t\t\t<label for=\"form-field-field_94a8780\" class=\"elementor-field-label\">\n\t\t\t\t\t\t\t\tIndividual Merchandise (Produits individuels): \t\t\t\t\t\t\t<\/label>\n\t\t\t\t\t\t<div class=\"elementor-field-subgroup  \"><span class=\"elementor-field-option\"><input type=\"checkbox\" value=\"Polo Shirts\/Chemises polo    \u20b9 750\" id=\"form-field-field_94a8780-0\" name=\"form_fields[field_94a8780][]\"> <label for=\"form-field-field_94a8780-0\">Polo Shirts\/Chemises polo    \u20b9 750<\/label><\/span><span class=\"elementor-field-option\"><input type=\"checkbox\" value=\"Hoodies\/Sweats \u00e0 capuche   \u20b9 1000\" id=\"form-field-field_94a8780-1\" name=\"form_fields[field_94a8780][]\"> <label for=\"form-field-field_94a8780-1\">Hoodies\/Sweats \u00e0 capuche   \u20b9 1000<\/label><\/span><span class=\"elementor-field-option\"><input type=\"checkbox\" value=\"Recycled Pads &amp; Pens\/Blocs-notes et stylos recycl\u00e9s     \u20b9 100\" id=\"form-field-field_94a8780-2\" name=\"form_fields[field_94a8780][]\"> <label for=\"form-field-field_94a8780-2\">Recycled Pads & Pens\/Blocs-notes et stylos recycl\u00e9s     \u20b9 100<\/label><\/span><span class=\"elementor-field-option\"><input type=\"checkbox\" value=\"White Mugs\/Tasses blanches     \u20b9 200\" id=\"form-field-field_94a8780-3\" name=\"form_fields[field_94a8780][]\"> <label for=\"form-field-field_94a8780-3\">White Mugs\/Tasses blanches     \u20b9 200<\/label><\/span><span class=\"elementor-field-option\"><input type=\"checkbox\" value=\"Shade Tote Bags\/Sacs Fourre-Tout \u00e0 L&#039;ombre     \u20b9 250\" id=\"form-field-field_94a8780-4\" name=\"form_fields[field_94a8780][]\"> <label for=\"form-field-field_94a8780-4\">Shade Tote Bags\/Sacs Fourre-Tout \u00e0 L'ombre     \u20b9 250<\/label><\/span><span class=\"elementor-field-option\"><input type=\"checkbox\" value=\"Caps\/Casquettes     \u20b9 150\" id=\"form-field-field_94a8780-5\" name=\"form_fields[field_94a8780][]\"> <label for=\"form-field-field_94a8780-5\">Caps\/Casquettes     \u20b9 150<\/label><\/span><\/div>\t\t\t\t<\/div>\n\t\t\t\t\t\t\t\t<div class=\"elementor-field-type-checkbox elementor-field-group elementor-column elementor-field-group-field_4a38806 elementor-col-100\">\n\t\t\t\t\t\t\t\t\t\t\t\t<label for=\"form-field-field_4a38806\" class=\"elementor-field-label\">\n\t\t\t\t\t\t\t\tCombo Merchandises (Produits combin\u00e9s):\t\t\t\t\t\t\t<\/label>\n\t\t\t\t\t\t<div class=\"elementor-field-subgroup  \"><span class=\"elementor-field-option\"><input type=\"checkbox\" value=\"Mini Combo: Pad, Pen, &amp; Tote Bag\/Mini Combo : Bloc-notes, stylo et fourre-tout           \u20b9 300\" id=\"form-field-field_4a38806-0\" name=\"form_fields[field_4a38806][]\"> <label for=\"form-field-field_4a38806-0\">Mini Combo: Pad, Pen, & Tote Bag\/Mini Combo : Bloc-notes, stylo et fourre-tout           \u20b9 300<\/label><\/span><span class=\"elementor-field-option\"><input type=\"checkbox\" value=\"Super Combos: Pad, Pen, Tote Bag &amp; Mug\/Super Combos : Bloc-notes, stylo, fourre-tout et tasse  \u20b9 500\" id=\"form-field-field_4a38806-1\" name=\"form_fields[field_4a38806][]\"> <label for=\"form-field-field_4a38806-1\">Super Combos: Pad, Pen, Tote Bag & Mug\/Super Combos : Bloc-notes, stylo, fourre-tout et tasse  \u20b9 500<\/label><\/span><span class=\"elementor-field-option\"><input type=\"checkbox\" value=\"Duo Delight:  Hoodie + Polo Shirt\/D\u00e9lice en duo : Sweat \u00e0 capuche + polo     \u20b9 1400\" id=\"form-field-field_4a38806-2\" name=\"form_fields[field_4a38806][]\"> <label for=\"form-field-field_4a38806-2\">Duo Delight:  Hoodie + Polo Shirt\/D\u00e9lice en duo : Sweat \u00e0 capuche + polo     \u20b9 1400<\/label><\/span><span class=\"elementor-field-option\"><input type=\"checkbox\" value=\"Classic Delight:  2 Polo Shirts\/D\u00e9lices classiques : 2 Chemises polo     \u20b9 1300\" id=\"form-field-field_4a38806-3\" name=\"form_fields[field_4a38806][]\"> <label for=\"form-field-field_4a38806-3\">Classic Delight:  2 Polo Shirts\/D\u00e9lices classiques : 2 Chemises polo     \u20b9 1300<\/label><\/span><span class=\"elementor-field-option\"><input type=\"checkbox\" value=\"Signature Delight:  2 Hoodies\/D\u00e9lice de la signature : 2 Sweats \u00e0 capuche     \u20b9 1700\" id=\"form-field-field_4a38806-4\" name=\"form_fields[field_4a38806][]\"> <label for=\"form-field-field_4a38806-4\">Signature Delight:  2 Hoodies\/D\u00e9lice de la signature : 2 Sweats \u00e0 capuche     \u20b9 1700<\/label><\/span><\/div>\t\t\t\t<\/div>\n\t\t\t\t\t\t\t\t<div class=\"elementor-field-type-radio elementor-field-group elementor-column elementor-field-group-field_7deabb9 elementor-col-100\">\n\t\t\t\t\t\t\t\t\t\t\t\t<label for=\"form-field-field_7deabb9\" class=\"elementor-field-label\">\n\t\t\t\t\t\t\t\tIf you are purchasing a Polo Shirt, please select the size\/Si vous achetez une chemise polo, veuillez s\u00e9lectionner la taille.\t\t\t\t\t\t\t<\/label>\n\t\t\t\t\t\t<div class=\"elementor-field-subgroup  \"><span class=\"elementor-field-option\"><input type=\"radio\" value=\"24 inches\" id=\"form-field-field_7deabb9-0\" name=\"form_fields[field_7deabb9]\"> <label for=\"form-field-field_7deabb9-0\">24 inches<\/label><\/span><span class=\"elementor-field-option\"><input type=\"radio\" value=\"26 inches\" id=\"form-field-field_7deabb9-1\" name=\"form_fields[field_7deabb9]\"> <label for=\"form-field-field_7deabb9-1\">26 inches<\/label><\/span><span class=\"elementor-field-option\"><input type=\"radio\" value=\"30 inches  (XXXS)\" id=\"form-field-field_7deabb9-2\" name=\"form_fields[field_7deabb9]\"> <label for=\"form-field-field_7deabb9-2\">30 inches  (XXXS)<\/label><\/span><span class=\"elementor-field-option\"><input type=\"radio\" value=\"32 inches (XXS)\" id=\"form-field-field_7deabb9-3\" name=\"form_fields[field_7deabb9]\"> <label for=\"form-field-field_7deabb9-3\">32 inches (XXS)<\/label><\/span><span class=\"elementor-field-option\"><input type=\"radio\" value=\"34 inches (XS)\" id=\"form-field-field_7deabb9-4\" name=\"form_fields[field_7deabb9]\"> <label for=\"form-field-field_7deabb9-4\">34 inches (XS)<\/label><\/span><span class=\"elementor-field-option\"><input type=\"radio\" value=\"36 inches (S)\" id=\"form-field-field_7deabb9-5\" name=\"form_fields[field_7deabb9]\"> <label for=\"form-field-field_7deabb9-5\">36 inches (S)<\/label><\/span><span class=\"elementor-field-option\"><input type=\"radio\" value=\"38 inches (M)\" id=\"form-field-field_7deabb9-6\" name=\"form_fields[field_7deabb9]\"> <label for=\"form-field-field_7deabb9-6\">38 inches (M)<\/label><\/span><span class=\"elementor-field-option\"><input type=\"radio\" value=\"40 (L)\" id=\"form-field-field_7deabb9-7\" name=\"form_fields[field_7deabb9]\"> <label for=\"form-field-field_7deabb9-7\">40 (L)<\/label><\/span><span class=\"elementor-field-option\"><input type=\"radio\" value=\"42 (XL)\" id=\"form-field-field_7deabb9-8\" name=\"form_fields[field_7deabb9]\"> <label for=\"form-field-field_7deabb9-8\">42 (XL)<\/label><\/span><\/div>\t\t\t\t<\/div>\n\t\t\t\t\t\t\t\t<div class=\"elementor-field-group elementor-column elementor-field-type-submit elementor-col-100 e-form__buttons\">\n\t\t\t\t\t<button class=\"elementor-button elementor-size-sm\" type=\"submit\">\n\t\t\t\t\t\t<span class=\"elementor-button-content-wrapper\">\n\t\t\t\t\t\t\t\t\t\t\t\t\t\t\t\t\t\t\t\t\t\t<span class=\"elementor-button-text\">SUBMIT<\/span>\n\t\t\t\t\t\t\t\t\t\t\t\t\t<\/span>\n\t\t\t\t\t<\/button>\n\t\t\t\t<\/div>\n\t\t\t<\/div>\n\t\t<input\n                    class=\"apbct_special_field apbct_email_id__elementor_form\"\n                    name=\"apbct__email_id__elementor_form\"\n                    aria-label=\"apbct__label_id__elementor_form\"\n                    type=\"text\" size=\"30\" maxlength=\"200\" autocomplete=\"off\"\n                    value=\"\"\n                \/><\/form>\n\t\t\t\t\t\t<\/div>\n\t\t\t\t<\/div>\n\t\t<div class=\"elementor-element elementor-element-cf9ccd0 e-con-full e-flex e-con e-child\" data-id=\"cf9ccd0\" data-element_type=\"container\" data-e-type=\"container\">\n\t\t\t\t<div class=\"elementor-element elementor-element-225599b elementor-widget elementor-widget-heading\" data-id=\"225599b\" data-element_type=\"widget\" data-e-type=\"widget\" data-widget_type=\"heading.default\">\n\t\t\t\t\t<h3 class=\"elementor-heading-title elementor-size-default\">Bank Details :<\/h3>\t\t\t\t<\/div>\n\t\t\t\t<div class=\"elementor-element elementor-element-104f088 elementor-widget elementor-widget-heading\" data-id=\"104f088\" data-element_type=\"widget\" data-e-type=\"widget\" data-widget_type=\"heading.default\">\n\t\t\t\t\t<h5 class=\"elementor-heading-title elementor-size-default\">LYCEE FRANCAIS INTERNATIONAL SCHOOL<\/h5>\t\t\t\t<\/div>\n\t\t\t\t<div class=\"elementor-element elementor-element-ba63cc4 elementor-widget elementor-widget-heading\" data-id=\"ba63cc4\" data-element_type=\"widget\" data-e-type=\"widget\" data-widget_type=\"heading.default\">\n\t\t\t\t\t<h5 class=\"elementor-heading-title elementor-size-default\">Current Account<\/h5>\t\t\t\t<\/div>\n\t\t\t\t<div class=\"elementor-element elementor-element-69cf8ff elementor-widget elementor-widget-heading\" data-id=\"69cf8ff\" data-element_type=\"widget\" data-e-type=\"widget\" data-widget_type=\"heading.default\">\n\t\t\t\t\t<h5 class=\"elementor-heading-title elementor-size-default\">Account No : 924020005610124<\/h5>\t\t\t\t<\/div>\n\t\t\t\t<div class=\"elementor-element elementor-element-4a139e2 elementor-widget elementor-widget-heading\" data-id=\"4a139e2\" data-element_type=\"widget\" data-e-type=\"widget\" data-widget_type=\"heading.default\">\n\t\t\t\t\t<h5 class=\"elementor-heading-title elementor-size-default\">IFSC Code : UTIB0002912<\/h5>\t\t\t\t<\/div>\n\t\t\t\t<div class=\"elementor-element elementor-element-51291b6 elementor-widget elementor-widget-heading\" data-id=\"51291b6\" data-element_type=\"widget\" data-e-type=\"widget\" data-widget_type=\"heading.default\">\n\t\t\t\t\t<h5 class=\"elementor-heading-title elementor-size-default\">Swift Code : AXISINBB015<\/h5>\t\t\t\t<\/div>\n\t\t\t\t<div class=\"elementor-element elementor-element-ab00d46 elementor-widget elementor-widget-image\" data-id=\"ab00d46\" data-element_type=\"widget\" data-e-type=\"widget\" data-widget_type=\"image.default\">\n\t\t\t\t\t\t\t\t\t\t\t\t\t\t\t<img fetchpriority=\"high\" decoding=\"async\" width=\"800\" height=\"422\" src=\"https:\/\/lfidelhi.org\/wp-content\/uploads\/2024\/06\/DSC_5443-1-min-1024x540.jpg\" class=\"attachment-large size-large wp-image-4096\" alt=\"\" srcset=\"https:\/\/lfidelhi.org\/wp-content\/uploads\/2024\/06\/DSC_5443-1-min-1024x540.jpg 1024w, https:\/\/lfidelhi.org\/wp-content\/uploads\/2024\/06\/DSC_5443-1-min-300x158.jpg 300w, https:\/\/lfidelhi.org\/wp-content\/uploads\/2024\/06\/DSC_5443-1-min-768x405.jpg 768w, https:\/\/lfidelhi.org\/wp-content\/uploads\/2024\/06\/DSC_5443-1-min-1536x810.jpg 1536w, https:\/\/lfidelhi.org\/wp-content\/uploads\/2024\/06\/DSC_5443-1-min-18x9.jpg 18w, https:\/\/lfidelhi.org\/wp-content\/uploads\/2024\/06\/DSC_5443-1-min.jpg 1700w\" sizes=\"(max-width: 800px) 100vw, 800px\" \/>\t\t\t\t\t\t\t\t\t\t\t\t\t\t\t<\/div>\n\t\t\t\t<\/div>\n\t\t\t\t<\/div>\n\t\t\t\t\t<\/div>\n\t\t\t\t<\/div>\n\t\t\t\t<\/div>\n\t\t","protected":false},"excerpt":{"rendered":"<p>Home Admissions Merchandise Merchandise Bank Details : LYCEE FRANCAIS INTERNATIONAL SCHOOL Current Account Account No : 924020005610124 IFSC Code : UTIB0002912 Swift Code : AXISINBB015<\/p>","protected":false},"author":2,"featured_media":0,"parent":0,"menu_order":0,"comment_status":"closed","ping_status":"closed","template":"elementor_header_footer","meta":{"_seopress_robots_primary_cat":"","_seopress_titles_title":"","_seopress_titles_desc":"","_seopress_robots_index":"","footnotes":""},"class_list":["post-4036","page","type-page","status-publish","hentry"],"_links":{"self":[{"href":"https:\/\/lfidelhi.org\/fr\/wp-json\/wp\/v2\/pages\/4036","targetHints":{"allow":["GET"]}}],"collection":[{"href":"https:\/\/lfidelhi.org\/fr\/wp-json\/wp\/v2\/pages"}],"about":[{"href":"https:\/\/lfidelhi.org\/fr\/wp-json\/wp\/v2\/types\/page"}],"author":[{"embeddable":true,"href":"https:\/\/lfidelhi.org\/fr\/wp-json\/wp\/v2\/users\/2"}],"replies":[{"embeddable":true,"href":"https:\/\/lfidelhi.org\/fr\/wp-json\/wp\/v2\/comments?post=4036"}],"version-history":[{"count":38,"href":"https:\/\/lfidelhi.org\/fr\/wp-json\/wp\/v2\/pages\/4036\/revisions"}],"predecessor-version":[{"id":5544,"href":"https:\/\/lfidelhi.org\/fr\/wp-json\/wp\/v2\/pages\/4036\/revisions\/5544"}],"wp:attachment":[{"href":"https:\/\/lfidelhi.org\/fr\/wp-json\/wp\/v2\/media?parent=4036"}],"curies":[{"name":"wp","href":"https:\/\/api.w.org\/{rel}","templated":true}]}}